{"id":1552,"date":"2024-02-22T16:16:01","date_gmt":"2024-02-22T16:16:01","guid":{"rendered":"http:\/\/academiemixte.com\/?page_id=1552"},"modified":"2024-02-22T16:22:31","modified_gmt":"2024-02-22T16:22:31","slug":"proxima-centauri","status":"publish","type":"page","link":"http:\/\/academiemixte.com\/en\/proxima-centauri\/","title":{"rendered":"Proxima Centauri 003(0)5 57 95 71 52"},"content":{"rendered":"<div data-elementor-type=\"wp-page\" data-elementor-id=\"1552\" class=\"elementor elementor-1552\">\n\t\t\t\t\t\t<section class=\"elementor-section elementor-top-section elementor-element elementor-element-4865695 elementor-section-boxed elementor-section-height-default elementor-section-height-default\" data-id=\"4865695\" data-element_type=\"section\" data-e-type=\"section\">\n\t\t\t\t\t\t<div class=\"elementor-container elementor-column-gap-default\">\n\t\t\t\t\t<div class=\"elementor-column elementor-col-100 elementor-top-column elementor-element elementor-element-c312014\" data-id=\"c312014\" data-element_type=\"column\" data-e-type=\"column\">\n\t\t\t<div class=\"elementor-widget-wrap elementor-element-populated\">\n\t\t\t\t\t\t<div class=\"elementor-element elementor-element-c5406d0 elementor-widget elementor-widget-image\" data-id=\"c5406d0\" data-element_type=\"widget\" data-e-type=\"widget\" data-widget_type=\"image.default\">\n\t\t\t\t<div class=\"elementor-widget-container\">\n\t\t\t\t\t\t\t\t\t\t\t\t\t\t\t<img fetchpriority=\"high\" decoding=\"async\" width=\"1024\" height=\"681\" src=\"http:\/\/academiemixte.com\/wp-content\/uploads\/2023\/03\/Opus-19.-2-concert-croise-77-1024x681.jpg\" class=\"attachment-large size-large wp-image-1053\" alt=\"\" srcset=\"http:\/\/academiemixte.com\/wp-content\/uploads\/2023\/03\/Opus-19.-2-concert-croise-77-1024x681.jpg 1024w, http:\/\/academiemixte.com\/wp-content\/uploads\/2023\/03\/Opus-19.-2-concert-croise-77-300x200.jpg 300w, http:\/\/academiemixte.com\/wp-content\/uploads\/2023\/03\/Opus-19.-2-concert-croise-77-768x511.jpg 768w, http:\/\/academiemixte.com\/wp-content\/uploads\/2023\/03\/Opus-19.-2-concert-croise-77-1536x1022.jpg 1536w, http:\/\/academiemixte.com\/wp-content\/uploads\/2023\/03\/Opus-19.-2-concert-croise-77-2048x1363.jpg 2048w, http:\/\/academiemixte.com\/wp-content\/uploads\/2023\/03\/Opus-19.-2-concert-croise-77-18x12.jpg 18w, http:\/\/academiemixte.com\/wp-content\/uploads\/2023\/03\/Opus-19.-2-concert-croise-77-451x300.jpg 451w\" sizes=\"(max-width: 1024px) 100vw, 1024px\" \/>\t\t\t\t\t\t\t\t\t\t\t\t\t\t\t<\/div>\n\t\t\t\t<\/div>\n\t\t\t\t\t<\/div>\n\t\t<\/div>\n\t\t\t\t\t<\/div>\n\t\t<\/section>\n\t\t\t\t<section class=\"elementor-section elementor-top-section elementor-element elementor-element-d612b38 elementor-section-boxed elementor-section-height-default elementor-section-height-default\" data-id=\"d612b38\" data-element_type=\"section\" data-e-type=\"section\">\n\t\t\t\t\t\t<div class=\"elementor-container elementor-column-gap-default\">\n\t\t\t\t\t<div class=\"elementor-column elementor-col-100 elementor-top-column elementor-element elementor-element-5f65664\" data-id=\"5f65664\" data-element_type=\"column\" data-e-type=\"column\">\n\t\t\t<div class=\"elementor-widget-wrap elementor-element-populated\">\n\t\t\t\t\t\t<div class=\"elementor-element elementor-element-f8c43cc elementor-widget elementor-widget-text-editor\" data-id=\"f8c43cc\" data-element_type=\"widget\" data-e-type=\"widget\" data-widget_type=\"text-editor.default\">\n\t\t\t\t<div class=\"elementor-widget-container\">\n\t\t\t\t\t\t\t\t\t<p>Proxima Centauri is a musical ensemble that has been involved in contemporary music for over thirty years. With a singular palette of sounds (piano, flute, percussion, saxophone, electronics), it shakes up chamber music by integrating electroacoustics as a full-fledged member of the group, and by giving a major place to the saxophone, for which it contributes to creating a contemporary repertoire.<\/p><p>Since its creation, Proxima Centauri has collaborated with a number of musicians, performers and improvisers, as well as artists from the fields of dance, visual arts and theatre. In this way, the ensemble promotes a multi-disciplinary artistic approach at the crossroads of the arts, combining musical creation, visual arts and, occasionally, audience participation.<\/p><p>Under the artistic direction of Marie-Bernadette Charrier, the ensemble aims to be a driving force in contemporary music by pursuing an active commissioning policy, premiering numerous works by contemporary composers, bringing to life the great figures of the 20th century and contributing to research into contemporary lute-making. Passing on knowledge to young performers has been a major focus of its activity from the outset.<\/p><p>Proxima Centauri also collaborates extensively in its home territory, both in its concerts and artistic education program, regularly reaching out to new audiences. With an international reputation, the ensemble has been invited to many festivals and made numerous tours in Europe, America, Asia and Oceania.<\/p><p>More informations: <a href=\"https:\/\/proximacentauri.fr\">https:\/\/proximacentauri.fr<\/a><\/p>\t\t\t\t\t\t\t\t<\/div>\n\t\t\t\t<\/div>\n\t\t\t\t\t<\/div>\n\t\t<\/div>\n\t\t\t\t\t<\/div>\n\t\t<\/section>\n\t\t\t\t<\/div>","protected":false},"excerpt":{"rendered":"<p>Proxima Centauri est un ensemble musical engag\u00e9 depuis plus de trentre ans dans le secteur de la musique contemporaine. Dot\u00e9 d&rsquo;une palette sonore singuli\u00e8re (piano, &hellip;<\/p>","protected":false},"author":1,"featured_media":0,"parent":0,"menu_order":0,"comment_status":"closed","ping_status":"closed","template":"","meta":{"footnotes":""},"class_list":["post-1552","page","type-page","status-publish","hentry"],"yoast_head":"<!-- This site is optimized with the Yoast SEO plugin v27.3 - https:\/\/yoast.com\/product\/yoast-seo-wordpress\/ -->\n<title>Proxima Centauri &#8226; Acad\u00e9mie MIXTE<\/title>\n<meta name=\"robots\" content=\"index, follow, max-snippet:-1, max-image-preview:large, max-video-preview:-1\" \/>\n<link rel=\"canonical\" href=\"http:\/\/academiemixte.com\/en\/proxima-centauri\/\" \/>\n<meta property=\"og:locale\" content=\"en_US\" \/>\n<meta property=\"og:type\" content=\"article\" \/>\n<meta property=\"og:title\" content=\"Proxima Centauri &#8226; Acad\u00e9mie MIXTE\" \/>\n<meta property=\"og:description\" content=\"Proxima Centauri est un ensemble musical engag\u00e9 depuis plus de trentre ans dans le secteur de la musique contemporaine. Dot\u00e9 d&rsquo;une palette sonore singuli\u00e8re (piano, &hellip;\" \/>\n<meta property=\"og:url\" content=\"http:\/\/academiemixte.com\/en\/proxima-centauri\/\" \/>\n<meta property=\"og:site_name\" content=\"Acad\u00e9mie MIXTE\" \/>\n<meta property=\"article:publisher\" content=\"https:\/\/www.facebook.com\/MIXTEacademie\" \/>\n<meta property=\"article:modified_time\" content=\"2024-02-22T16:22:31+00:00\" \/>\n<meta property=\"og:image\" content=\"http:\/\/academiemixte.com\/wp-content\/uploads\/2023\/03\/Opus-19.-2-concert-croise-77-1024x681.jpg\" \/>\n<meta name=\"twitter:card\" content=\"summary_large_image\" \/>\n<meta name=\"twitter:site\" content=\"@PcProxima\" \/>\n<meta name=\"twitter:label1\" content=\"Est. reading time\" \/>\n\t<meta name=\"twitter:data1\" content=\"2 minutes\" \/>\n<script type=\"application\/ld+json\" class=\"yoast-schema-graph\">{\"@context\":\"https:\\\/\\\/schema.org\",\"@graph\":[{\"@type\":\"WebPage\",\"@id\":\"http:\\\/\\\/academiemixte.com\\\/proxima-centauri\\\/\",\"url\":\"http:\\\/\\\/academiemixte.com\\\/proxima-centauri\\\/\",\"name\":\"Proxima Centauri &#8226; Acad\u00e9mie MIXTE\",\"isPartOf\":{\"@id\":\"http:\\\/\\\/academiemixte.com\\\/#website\"},\"primaryImageOfPage\":{\"@id\":\"http:\\\/\\\/academiemixte.com\\\/proxima-centauri\\\/#primaryimage\"},\"image\":{\"@id\":\"http:\\\/\\\/academiemixte.com\\\/proxima-centauri\\\/#primaryimage\"},\"thumbnailUrl\":\"http:\\\/\\\/academiemixte.com\\\/wp-content\\\/uploads\\\/2023\\\/03\\\/Opus-19.-2-concert-croise-77-1024x681.jpg\",\"datePublished\":\"2024-02-22T16:16:01+00:00\",\"dateModified\":\"2024-02-22T16:22:31+00:00\",\"breadcrumb\":{\"@id\":\"http:\\\/\\\/academiemixte.com\\\/proxima-centauri\\\/#breadcrumb\"},\"inLanguage\":\"en-US\",\"potentialAction\":[{\"@type\":\"ReadAction\",\"target\":[\"http:\\\/\\\/academiemixte.com\\\/proxima-centauri\\\/\"]}]},{\"@type\":\"ImageObject\",\"inLanguage\":\"en-US\",\"@id\":\"http:\\\/\\\/academiemixte.com\\\/proxima-centauri\\\/#primaryimage\",\"url\":\"http:\\\/\\\/academiemixte.com\\\/wp-content\\\/uploads\\\/2023\\\/03\\\/Opus-19.-2-concert-croise-77-1024x681.jpg\",\"contentUrl\":\"http:\\\/\\\/academiemixte.com\\\/wp-content\\\/uploads\\\/2023\\\/03\\\/Opus-19.-2-concert-croise-77-1024x681.jpg\"},{\"@type\":\"BreadcrumbList\",\"@id\":\"http:\\\/\\\/academiemixte.com\\\/proxima-centauri\\\/#breadcrumb\",\"itemListElement\":[{\"@type\":\"ListItem\",\"position\":1,\"name\":\"Accueil\",\"item\":\"http:\\\/\\\/academiemixte.com\\\/\"},{\"@type\":\"ListItem\",\"position\":2,\"name\":\"Proxima Centauri\"}]},{\"@type\":\"WebSite\",\"@id\":\"http:\\\/\\\/academiemixte.com\\\/#website\",\"url\":\"http:\\\/\\\/academiemixte.com\\\/\",\"name\":\"Acad\u00e9mie MIXTE\",\"description\":\"Acad\u00e9mie internationale de cr\u00e9ation musicale\",\"publisher\":{\"@id\":\"http:\\\/\\\/academiemixte.com\\\/#organization\"},\"potentialAction\":[{\"@type\":\"SearchAction\",\"target\":{\"@type\":\"EntryPoint\",\"urlTemplate\":\"http:\\\/\\\/academiemixte.com\\\/?s={search_term_string}\"},\"query-input\":{\"@type\":\"PropertyValueSpecification\",\"valueRequired\":true,\"valueName\":\"search_term_string\"}}],\"inLanguage\":\"en-US\"},{\"@type\":\"Organization\",\"@id\":\"http:\\\/\\\/academiemixte.com\\\/#organization\",\"name\":\"Acad\u00e9mie MIXTE\",\"url\":\"http:\\\/\\\/academiemixte.com\\\/\",\"logo\":{\"@type\":\"ImageObject\",\"inLanguage\":\"en-US\",\"@id\":\"http:\\\/\\\/academiemixte.com\\\/#\\\/schema\\\/logo\\\/image\\\/\",\"url\":\"http:\\\/\\\/academiemixte.com\\\/wp-content\\\/uploads\\\/2022\\\/01\\\/LOGO-test1.jpg\",\"contentUrl\":\"http:\\\/\\\/academiemixte.com\\\/wp-content\\\/uploads\\\/2022\\\/01\\\/LOGO-test1.jpg\",\"width\":270,\"height\":341,\"caption\":\"Acad\u00e9mie MIXTE\"},\"image\":{\"@id\":\"http:\\\/\\\/academiemixte.com\\\/#\\\/schema\\\/logo\\\/image\\\/\"},\"sameAs\":[\"https:\\\/\\\/www.facebook.com\\\/MIXTEacademie\",\"https:\\\/\\\/x.com\\\/PcProxima\",\"https:\\\/\\\/www.instagram.com\\\/proximacentauribdx\\\/\",\"https:\\\/\\\/www.linkedin.com\\\/in\\\/proximacentauri\\\/\",\"https:\\\/\\\/www.youtube.com\\\/c\\\/proximacentaurimusique\"]}]}<\/script>\n<!-- \/ Yoast SEO plugin. -->","yoast_head_json":{"title":"Proxima Centauri &#8226; Acad\u00e9mie MIXTE","robots":{"index":"index","follow":"follow","max-snippet":"max-snippet:-1","max-image-preview":"max-image-preview:large","max-video-preview":"max-video-preview:-1"},"canonical":"http:\/\/academiemixte.com\/en\/proxima-centauri\/","og_locale":"en_US","og_type":"article","og_title":"Proxima Centauri &#8226; Acad\u00e9mie MIXTE","og_description":"Proxima Centauri est un ensemble musical engag\u00e9 depuis plus de trentre ans dans le secteur de la musique contemporaine. Dot\u00e9 d&rsquo;une palette sonore singuli\u00e8re (piano, &hellip;","og_url":"http:\/\/academiemixte.com\/en\/proxima-centauri\/","og_site_name":"Acad\u00e9mie MIXTE","article_publisher":"https:\/\/www.facebook.com\/MIXTEacademie","article_modified_time":"2024-02-22T16:22:31+00:00","og_image":[{"url":"http:\/\/academiemixte.com\/wp-content\/uploads\/2023\/03\/Opus-19.-2-concert-croise-77-1024x681.jpg","type":"","width":"","height":""}],"twitter_card":"summary_large_image","twitter_site":"@PcProxima","twitter_misc":{"Est. reading time":"2 minutes"},"schema":{"@context":"https:\/\/schema.org","@graph":[{"@type":"WebPage","@id":"http:\/\/academiemixte.com\/proxima-centauri\/","url":"http:\/\/academiemixte.com\/proxima-centauri\/","name":"Proxima Centauri &#8226; Acad\u00e9mie MIXTE","isPartOf":{"@id":"http:\/\/academiemixte.com\/#website"},"primaryImageOfPage":{"@id":"http:\/\/academiemixte.com\/proxima-centauri\/#primaryimage"},"image":{"@id":"http:\/\/academiemixte.com\/proxima-centauri\/#primaryimage"},"thumbnailUrl":"http:\/\/academiemixte.com\/wp-content\/uploads\/2023\/03\/Opus-19.-2-concert-croise-77-1024x681.jpg","datePublished":"2024-02-22T16:16:01+00:00","dateModified":"2024-02-22T16:22:31+00:00","breadcrumb":{"@id":"http:\/\/academiemixte.com\/proxima-centauri\/#breadcrumb"},"inLanguage":"en-US","potentialAction":[{"@type":"ReadAction","target":["http:\/\/academiemixte.com\/proxima-centauri\/"]}]},{"@type":"ImageObject","inLanguage":"en-US","@id":"http:\/\/academiemixte.com\/proxima-centauri\/#primaryimage","url":"http:\/\/academiemixte.com\/wp-content\/uploads\/2023\/03\/Opus-19.-2-concert-croise-77-1024x681.jpg","contentUrl":"http:\/\/academiemixte.com\/wp-content\/uploads\/2023\/03\/Opus-19.-2-concert-croise-77-1024x681.jpg"},{"@type":"BreadcrumbList","@id":"http:\/\/academiemixte.com\/proxima-centauri\/#breadcrumb","itemListElement":[{"@type":"ListItem","position":1,"name":"Accueil","item":"http:\/\/academiemixte.com\/"},{"@type":"ListItem","position":2,"name":"Proxima Centauri"}]},{"@type":"WebSite","@id":"http:\/\/academiemixte.com\/#website","url":"http:\/\/academiemixte.com\/","name":"MIXTE Academy","description":"International academy of musical creation","publisher":{"@id":"http:\/\/academiemixte.com\/#organization"},"potentialAction":[{"@type":"SearchAction","target":{"@type":"EntryPoint","urlTemplate":"http:\/\/academiemixte.com\/?s={search_term_string}"},"query-input":{"@type":"PropertyValueSpecification","valueRequired":true,"valueName":"search_term_string"}}],"inLanguage":"en-US"},{"@type":"Organization","@id":"http:\/\/academiemixte.com\/#organization","name":"MIXTE Academy","url":"http:\/\/academiemixte.com\/","logo":{"@type":"ImageObject","inLanguage":"en-US","@id":"http:\/\/academiemixte.com\/#\/schema\/logo\/image\/","url":"http:\/\/academiemixte.com\/wp-content\/uploads\/2022\/01\/LOGO-test1.jpg","contentUrl":"http:\/\/academiemixte.com\/wp-content\/uploads\/2022\/01\/LOGO-test1.jpg","width":270,"height":341,"caption":"Acad\u00e9mie MIXTE"},"image":{"@id":"http:\/\/academiemixte.com\/#\/schema\/logo\/image\/"},"sameAs":["https:\/\/www.facebook.com\/MIXTEacademie","https:\/\/x.com\/PcProxima","https:\/\/www.instagram.com\/proximacentauribdx\/","https:\/\/www.linkedin.com\/in\/proximacentauri\/","https:\/\/www.youtube.com\/c\/proximacentaurimusique"]}]}},"_links":{"self":[{"href":"http:\/\/academiemixte.com\/en\/wp-json\/wp\/v2\/pages\/1552","targetHints":{"allow":["GET"]}}],"collection":[{"href":"http:\/\/academiemixte.com\/en\/wp-json\/wp\/v2\/pages"}],"about":[{"href":"http:\/\/academiemixte.com\/en\/wp-json\/wp\/v2\/types\/page"}],"author":[{"embeddable":true,"href":"http:\/\/academiemixte.com\/en\/wp-json\/wp\/v2\/users\/1"}],"replies":[{"embeddable":true,"href":"http:\/\/academiemixte.com\/en\/wp-json\/wp\/v2\/comments?post=1552"}],"version-history":[{"count":10,"href":"http:\/\/academiemixte.com\/en\/wp-json\/wp\/v2\/pages\/1552\/revisions"}],"predecessor-version":[{"id":1565,"href":"http:\/\/academiemixte.com\/en\/wp-json\/wp\/v2\/pages\/1552\/revisions\/1565"}],"wp:attachment":[{"href":"http:\/\/academiemixte.com\/en\/wp-json\/wp\/v2\/media?parent=1552"}],"curies":[{"name":"wp","href":"https:\/\/api.w.org\/{rel}","templated":true}]}}