{"id":1865,"date":"2024-06-17T16:38:47","date_gmt":"2024-06-17T16:38:47","guid":{"rendered":"http:\/\/academiemixte.com\/?page_id=1865"},"modified":"2024-06-17T17:11:50","modified_gmt":"2024-06-17T17:11:50","slug":"conference-le-cine-concert","status":"publish","type":"page","link":"http:\/\/academiemixte.com\/en\/conference-le-cine-concert\/","title":{"rendered":"Conf\u00e9rence : le cin\u00e9-concert"},"content":{"rendered":"<div data-elementor-type=\"wp-page\" data-elementor-id=\"1865\" class=\"elementor elementor-1865\">\n\t\t\t\t\t\t<section class=\"elementor-section elementor-top-section elementor-element elementor-element-3239874 elementor-section-boxed elementor-section-height-default elementor-section-height-default\" data-id=\"3239874\" data-element_type=\"section\" data-e-type=\"section\">\n\t\t\t\t\t\t<div class=\"elementor-container elementor-column-gap-default\">\n\t\t\t\t\t<div class=\"elementor-column elementor-col-100 elementor-top-column elementor-element elementor-element-09eb819\" data-id=\"09eb819\" data-element_type=\"column\" data-e-type=\"column\">\n\t\t\t<div class=\"elementor-widget-wrap elementor-element-populated\">\n\t\t\t\t\t\t<div class=\"elementor-element elementor-element-0d645a5 elementor-widget elementor-widget-text-editor\" data-id=\"0d645a5\" data-element_type=\"widget\" data-e-type=\"widget\" data-widget_type=\"text-editor.default\">\n\t\t\t\t<div class=\"elementor-widget-container\">\n\t\t\t\t\t\t\t\t\t<h1>Conf\u00e9rence<\/h1>\t\t\t\t\t\t\t\t<\/div>\n\t\t\t\t<\/div>\n\t\t\t\t<div class=\"elementor-element elementor-element-f2471c9 elementor-widget elementor-widget-text-editor\" data-id=\"f2471c9\" data-element_type=\"widget\" data-e-type=\"widget\" data-widget_type=\"text-editor.default\">\n\t\t\t\t<div class=\"elementor-widget-container\">\n\t\t\t\t\t\t\t\t\t<h5>\u00ab\u00a0Le cin\u00e9-concert : musique et cin\u00e9ma\u00a0\u00bb<\/h5>\t\t\t\t\t\t\t\t<\/div>\n\t\t\t\t<\/div>\n\t\t\t\t<div class=\"elementor-element elementor-element-c02d918 elementor-widget elementor-widget-text-editor\" data-id=\"c02d918\" data-element_type=\"widget\" data-e-type=\"widget\" data-widget_type=\"text-editor.default\">\n\t\t\t\t<div class=\"elementor-widget-container\">\n\t\t\t\t\t\t\t\t\t<p><span style=\"color: #000000;\"><strong>par Martin Matalon, compositeur<\/strong><\/span><\/p>\t\t\t\t\t\t\t\t<\/div>\n\t\t\t\t<\/div>\n\t\t\t\t<div class=\"elementor-element elementor-element-ad4e611 elementor-widget elementor-widget-text-editor\" data-id=\"ad4e611\" data-element_type=\"widget\" data-e-type=\"widget\" data-widget_type=\"text-editor.default\">\n\t\t\t\t<div class=\"elementor-widget-container\">\n\t\t\t\t\t\t\t\t\t<p class=\"MsoNormal\" style=\"margin: 0cm; text-align: left;\" align=\"left\"><strong><span style=\"color: #000000;\">Samedi 6 juillet \u00e0 11h, acc\u00e8s libre<br \/>M\u00e9diath\u00e8que Intercommunale Andr\u00e9-Labarr\u00e8re<\/span><\/strong><\/p>\t\t\t\t\t\t\t\t<\/div>\n\t\t\t\t<\/div>\n\t\t\t\t\t<\/div>\n\t\t<\/div>\n\t\t\t\t\t<\/div>\n\t\t<\/section>\n\t\t\t\t<section class=\"elementor-section elementor-top-section elementor-element elementor-element-e0360c5 elementor-section-boxed elementor-section-height-default elementor-section-height-default\" data-id=\"e0360c5\" data-element_type=\"section\" data-e-type=\"section\">\n\t\t\t\t\t\t<div class=\"elementor-container elementor-column-gap-default\">\n\t\t\t\t\t<div class=\"elementor-column elementor-col-50 elementor-top-column elementor-element elementor-element-a3727ee\" data-id=\"a3727ee\" data-element_type=\"column\" data-e-type=\"column\">\n\t\t\t<div class=\"elementor-widget-wrap elementor-element-populated\">\n\t\t\t\t\t\t<div class=\"elementor-element elementor-element-c04bf76 elementor-widget elementor-widget-image\" data-id=\"c04bf76\" data-element_type=\"widget\" data-e-type=\"widget\" data-widget_type=\"image.default\">\n\t\t\t\t<div class=\"elementor-widget-container\">\n\t\t\t\t\t\t\t\t\t\t\t\t\t\t\t<img fetchpriority=\"high\" decoding=\"async\" width=\"589\" height=\"242\" src=\"http:\/\/academiemixte.com\/wp-content\/uploads\/2024\/06\/film-metropolis.jpg\" class=\"attachment-1536x1536 size-1536x1536 wp-image-1877\" alt=\"\" srcset=\"http:\/\/academiemixte.com\/wp-content\/uploads\/2024\/06\/film-metropolis.jpg 589w, http:\/\/academiemixte.com\/wp-content\/uploads\/2024\/06\/film-metropolis-300x123.jpg 300w, http:\/\/academiemixte.com\/wp-content\/uploads\/2024\/06\/film-metropolis-18x7.jpg 18w\" sizes=\"(max-width: 589px) 100vw, 589px\" \/>\t\t\t\t\t\t\t\t\t\t\t\t\t\t\t<\/div>\n\t\t\t\t<\/div>\n\t\t\t\t\t<\/div>\n\t\t<\/div>\n\t\t\t\t<div class=\"elementor-column elementor-col-50 elementor-top-column elementor-element elementor-element-9a7aad4\" data-id=\"9a7aad4\" data-element_type=\"column\" data-e-type=\"column\">\n\t\t\t<div class=\"elementor-widget-wrap elementor-element-populated\">\n\t\t\t\t\t\t\t<\/div>\n\t\t<\/div>\n\t\t\t\t\t<\/div>\n\t\t<\/section>\n\t\t\t\t<section class=\"elementor-section elementor-top-section elementor-element elementor-element-4248115 elementor-section-boxed elementor-section-height-default elementor-section-height-default\" data-id=\"4248115\" data-element_type=\"section\" data-e-type=\"section\">\n\t\t\t\t\t\t<div class=\"elementor-container elementor-column-gap-default\">\n\t\t\t\t\t<div class=\"elementor-column elementor-col-100 elementor-top-column elementor-element elementor-element-61e5529\" data-id=\"61e5529\" data-element_type=\"column\" data-e-type=\"column\">\n\t\t\t<div class=\"elementor-widget-wrap elementor-element-populated\">\n\t\t\t\t\t\t<div class=\"elementor-element elementor-element-cf9a4f2 elementor-widget elementor-widget-text-editor\" data-id=\"cf9a4f2\" data-element_type=\"widget\" data-e-type=\"widget\" data-widget_type=\"text-editor.default\">\n\t\t\t\t<div class=\"elementor-widget-container\">\n\t\t\t\t\t\t\t\t\t<p><em>Les chemins que le compositeur peut suivre pour r\u00e9pondre \u00e0 un film sont riches et vari\u00e9es. Vaut-il mieux prendre le contre-pied du r\u00e9alisateur pour mieux faire passer telle ou telle id\u00e9e ? N&rsquo;est-il pas redondant et par cons\u00e9quent inefficace, \u00e0 tel ou tel endroit, d\u2019\u00e9crire une musique \u00ab\u00a0parall\u00e8le\u00a0\u00bb aux images ? Pourquoi cela peut-il bien fonctionner \u00e0 certains endroits et pas \u00e0 d&rsquo;autres ?<\/em><\/p><p><em>En prenant en compte tout cela, peut-on au final garder sa libert\u00e9 et \u00e9crire une musique qui ne soit pas purement fonctionnelle mais r\u00e9ponde \u00e0 nos plus intimes besoins de compositeur, tout en gardant une relation amicale avec le film ?<\/em><\/p><p>A travers son travail de cr\u00e9ation musicale pour le cin\u00e9ma muet (Metropolis de Fritz Lang, Un chien andalou et l\u2019Age d\u2019or de Luis Bu\u00f1uel, mais aussi Ernst Lubitsch, Charlie Chaplin et Buster Keaton), le compositeur Matin Matalon abordera les relations entre musique et cin\u00e9ma en se demandant quelle peut \u00eatre la marge de libert\u00e9 du cr\u00e9ateur sonore face aux images.<\/p>\t\t\t\t\t\t\t\t<\/div>\n\t\t\t\t<\/div>\n\t\t\t\t\t<\/div>\n\t\t<\/div>\n\t\t\t\t\t<\/div>\n\t\t<\/section>\n\t\t\t\t<section class=\"elementor-section elementor-top-section elementor-element elementor-element-849cf19 elementor-section-boxed elementor-section-height-default elementor-section-height-default\" data-id=\"849cf19\" data-element_type=\"section\" data-e-type=\"section\">\n\t\t\t\t\t\t<div class=\"elementor-container elementor-column-gap-default\">\n\t\t\t\t\t<div class=\"elementor-column elementor-col-100 elementor-top-column elementor-element elementor-element-c87257b\" data-id=\"c87257b\" data-element_type=\"column\" data-e-type=\"column\">\n\t\t\t<div class=\"elementor-widget-wrap elementor-element-populated\">\n\t\t\t\t\t\t<div class=\"elementor-element elementor-element-27c0bd5 elementor-widget elementor-widget-image\" data-id=\"27c0bd5\" data-element_type=\"widget\" data-e-type=\"widget\" data-widget_type=\"image.default\">\n\t\t\t\t<div class=\"elementor-widget-container\">\n\t\t\t\t\t\t\t\t\t\t\t\t\t\t\t<img decoding=\"async\" width=\"300\" height=\"199\" src=\"http:\/\/academiemixte.com\/wp-content\/uploads\/2022\/01\/martin_MATALON-300x199.gif\" class=\"attachment-medium size-medium wp-image-631\" alt=\"\" srcset=\"http:\/\/academiemixte.com\/wp-content\/uploads\/2022\/01\/martin_MATALON-300x199.gif 300w, http:\/\/academiemixte.com\/wp-content\/uploads\/2022\/01\/martin_MATALON-18x12.gif 18w, http:\/\/academiemixte.com\/wp-content\/uploads\/2022\/01\/martin_MATALON-452x300.gif 452w\" sizes=\"(max-width: 300px) 100vw, 300px\" \/>\t\t\t\t\t\t\t\t\t\t\t\t\t\t\t<\/div>\n\t\t\t\t<\/div>\n\t\t\t\t<div class=\"elementor-element elementor-element-9c811fa elementor-widget elementor-widget-text-editor\" data-id=\"9c811fa\" data-element_type=\"widget\" data-e-type=\"widget\" data-widget_type=\"text-editor.default\">\n\t\t\t\t<div class=\"elementor-widget-container\">\n\t\t\t\t\t\t\t\t\t<p><strong><span style=\"color: #000000;\">Le compositeur Martin Matalon<\/span><\/strong><\/p>\t\t\t\t\t\t\t\t<\/div>\n\t\t\t\t<\/div>\n\t\t\t\t<div class=\"elementor-element elementor-element-d1489f2 elementor-widget elementor-widget-text-editor\" data-id=\"d1489f2\" data-element_type=\"widget\" data-e-type=\"widget\" data-widget_type=\"text-editor.default\">\n\t\t\t\t<div class=\"elementor-widget-container\">\n\t\t\t\t\t\t\t\t\t<p>N\u00e9 \u00e0 Buenos Aires en 1958, Martin Matalon \u00e9tudie et compose \u00e0 New York avant de s&rsquo;installer en France en 1993. Une commande de l&rsquo;IRCAM pour le film M\u00e9tropolis le lance sur le terrain de la \u00ab\u00a0musique \u00e0 l&rsquo;image\u00a0\u00bb et sera suivi de compositions pour des films de Luis Bu\u00f1uel : <em>Un Chien andalou<\/em>, <em>L\u2019\u00c2ge d\u2019or<\/em> ou <em>Las Hurdes \u2013 Terre sans pain<\/em>, puis Ernst Lubitsch (2019), Buster Keaton (2021) ou Charlie Chaplin (2024).<\/p><p>Son catalogue comprend un nombre important d\u2019\u0153uvres et couvre un large spectre de genres diff\u00e9rents : th\u00e9\u00e2tre musical, musique mixte, contes musicaux, cin\u00e9-concerts, musique vocale, installations, musique et po\u00e9sie, \u0153uvres chor\u00e9graphiques, op\u00e9ra, jou\u00e9s partout dans le monde.<\/p><p>Il m\u00e8ne en parall\u00e8le une activit\u00e9 de chef d&rsquo;orchestre et d&rsquo;enseignant et est r\u00e9guli\u00e8rement invit\u00e9 en tant qu&rsquo;intervenant sur de nombreuses acad\u00e9mies de musique.<\/p>\t\t\t\t\t\t\t\t<\/div>\n\t\t\t\t<\/div>\n\t\t\t\t\t<\/div>\n\t\t<\/div>\n\t\t\t\t\t<\/div>\n\t\t<\/section>\n\t\t\t\t<\/div>","protected":false},"excerpt":{"rendered":"<p>Conf\u00e9rence \u00ab\u00a0Le cin\u00e9-concert : musique et cin\u00e9ma\u00a0\u00bb par Martin Matalon, compositeur Samedi 6 juillet \u00e0 11h, acc\u00e8s libreM\u00e9diath\u00e8que Intercommunale Andr\u00e9-Labarr\u00e8re Les chemins que le compositeur &hellip;<\/p>","protected":false},"author":1,"featured_media":0,"parent":0,"menu_order":0,"comment_status":"closed","ping_status":"closed","template":"","meta":{"footnotes":""},"class_list":["post-1865","page","type-page","status-publish","hentry"],"yoast_head":"<!-- This site is optimized with the Yoast SEO plugin v27.3 - https:\/\/yoast.com\/product\/yoast-seo-wordpress\/ -->\n<title>Conf\u00e9rence : le cin\u00e9-concert &#8226; Acad\u00e9mie MIXTE<\/title>\n<meta name=\"robots\" content=\"index, follow, max-snippet:-1, max-image-preview:large, max-video-preview:-1\" \/>\n<link rel=\"canonical\" href=\"http:\/\/academiemixte.com\/en\/conference-le-cine-concert\/\" \/>\n<meta property=\"og:locale\" content=\"en_US\" \/>\n<meta property=\"og:type\" content=\"article\" \/>\n<meta property=\"og:title\" content=\"Conf\u00e9rence : le cin\u00e9-concert &#8226; Acad\u00e9mie MIXTE\" \/>\n<meta property=\"og:description\" content=\"Conf\u00e9rence \u00ab\u00a0Le cin\u00e9-concert : musique et cin\u00e9ma\u00a0\u00bb par Martin Matalon, compositeur Samedi 6 juillet \u00e0 11h, acc\u00e8s libreM\u00e9diath\u00e8que Intercommunale Andr\u00e9-Labarr\u00e8re Les chemins que le compositeur &hellip;\" \/>\n<meta property=\"og:url\" content=\"http:\/\/academiemixte.com\/en\/conference-le-cine-concert\/\" \/>\n<meta property=\"og:site_name\" content=\"Acad\u00e9mie MIXTE\" \/>\n<meta property=\"article:publisher\" content=\"https:\/\/www.facebook.com\/MIXTEacademie\" \/>\n<meta property=\"article:modified_time\" content=\"2024-06-17T17:11:50+00:00\" \/>\n<meta property=\"og:image\" content=\"http:\/\/academiemixte.com\/wp-content\/uploads\/2024\/06\/film-metropolis.jpg\" \/>\n<meta name=\"twitter:card\" content=\"summary_large_image\" \/>\n<meta name=\"twitter:site\" content=\"@PcProxima\" \/>\n<meta name=\"twitter:label1\" content=\"Est. reading time\" \/>\n\t<meta name=\"twitter:data1\" content=\"3 minutes\" \/>\n<script type=\"application\/ld+json\" class=\"yoast-schema-graph\">{\"@context\":\"https:\\\/\\\/schema.org\",\"@graph\":[{\"@type\":\"WebPage\",\"@id\":\"http:\\\/\\\/academiemixte.com\\\/conference-le-cine-concert\\\/\",\"url\":\"http:\\\/\\\/academiemixte.com\\\/conference-le-cine-concert\\\/\",\"name\":\"Conf\u00e9rence : le cin\u00e9-concert &#8226; Acad\u00e9mie MIXTE\",\"isPartOf\":{\"@id\":\"http:\\\/\\\/academiemixte.com\\\/#website\"},\"primaryImageOfPage\":{\"@id\":\"http:\\\/\\\/academiemixte.com\\\/conference-le-cine-concert\\\/#primaryimage\"},\"image\":{\"@id\":\"http:\\\/\\\/academiemixte.com\\\/conference-le-cine-concert\\\/#primaryimage\"},\"thumbnailUrl\":\"http:\\\/\\\/academiemixte.com\\\/wp-content\\\/uploads\\\/2024\\\/06\\\/film-metropolis.jpg\",\"datePublished\":\"2024-06-17T16:38:47+00:00\",\"dateModified\":\"2024-06-17T17:11:50+00:00\",\"breadcrumb\":{\"@id\":\"http:\\\/\\\/academiemixte.com\\\/conference-le-cine-concert\\\/#breadcrumb\"},\"inLanguage\":\"en-US\",\"potentialAction\":[{\"@type\":\"ReadAction\",\"target\":[\"http:\\\/\\\/academiemixte.com\\\/conference-le-cine-concert\\\/\"]}]},{\"@type\":\"ImageObject\",\"inLanguage\":\"en-US\",\"@id\":\"http:\\\/\\\/academiemixte.com\\\/conference-le-cine-concert\\\/#primaryimage\",\"url\":\"http:\\\/\\\/academiemixte.com\\\/wp-content\\\/uploads\\\/2024\\\/06\\\/film-metropolis.jpg\",\"contentUrl\":\"http:\\\/\\\/academiemixte.com\\\/wp-content\\\/uploads\\\/2024\\\/06\\\/film-metropolis.jpg\"},{\"@type\":\"BreadcrumbList\",\"@id\":\"http:\\\/\\\/academiemixte.com\\\/conference-le-cine-concert\\\/#breadcrumb\",\"itemListElement\":[{\"@type\":\"ListItem\",\"position\":1,\"name\":\"Accueil\",\"item\":\"http:\\\/\\\/academiemixte.com\\\/\"},{\"@type\":\"ListItem\",\"position\":2,\"name\":\"Conf\u00e9rence : le cin\u00e9-concert\"}]},{\"@type\":\"WebSite\",\"@id\":\"http:\\\/\\\/academiemixte.com\\\/#website\",\"url\":\"http:\\\/\\\/academiemixte.com\\\/\",\"name\":\"Acad\u00e9mie MIXTE\",\"description\":\"Acad\u00e9mie internationale de cr\u00e9ation musicale\",\"publisher\":{\"@id\":\"http:\\\/\\\/academiemixte.com\\\/#organization\"},\"potentialAction\":[{\"@type\":\"SearchAction\",\"target\":{\"@type\":\"EntryPoint\",\"urlTemplate\":\"http:\\\/\\\/academiemixte.com\\\/?s={search_term_string}\"},\"query-input\":{\"@type\":\"PropertyValueSpecification\",\"valueRequired\":true,\"valueName\":\"search_term_string\"}}],\"inLanguage\":\"en-US\"},{\"@type\":\"Organization\",\"@id\":\"http:\\\/\\\/academiemixte.com\\\/#organization\",\"name\":\"Acad\u00e9mie MIXTE\",\"url\":\"http:\\\/\\\/academiemixte.com\\\/\",\"logo\":{\"@type\":\"ImageObject\",\"inLanguage\":\"en-US\",\"@id\":\"http:\\\/\\\/academiemixte.com\\\/#\\\/schema\\\/logo\\\/image\\\/\",\"url\":\"http:\\\/\\\/academiemixte.com\\\/wp-content\\\/uploads\\\/2022\\\/01\\\/LOGO-test1.jpg\",\"contentUrl\":\"http:\\\/\\\/academiemixte.com\\\/wp-content\\\/uploads\\\/2022\\\/01\\\/LOGO-test1.jpg\",\"width\":270,\"height\":341,\"caption\":\"Acad\u00e9mie MIXTE\"},\"image\":{\"@id\":\"http:\\\/\\\/academiemixte.com\\\/#\\\/schema\\\/logo\\\/image\\\/\"},\"sameAs\":[\"https:\\\/\\\/www.facebook.com\\\/MIXTEacademie\",\"https:\\\/\\\/x.com\\\/PcProxima\",\"https:\\\/\\\/www.instagram.com\\\/proximacentauribdx\\\/\",\"https:\\\/\\\/www.linkedin.com\\\/in\\\/proximacentauri\\\/\",\"https:\\\/\\\/www.youtube.com\\\/c\\\/proximacentaurimusique\"]}]}<\/script>\n<!-- \/ Yoast SEO plugin. -->","yoast_head_json":{"title":"Conf\u00e9rence : le cin\u00e9-concert &#8226; Acad\u00e9mie MIXTE","robots":{"index":"index","follow":"follow","max-snippet":"max-snippet:-1","max-image-preview":"max-image-preview:large","max-video-preview":"max-video-preview:-1"},"canonical":"http:\/\/academiemixte.com\/en\/conference-le-cine-concert\/","og_locale":"en_US","og_type":"article","og_title":"Conf\u00e9rence : le cin\u00e9-concert &#8226; Acad\u00e9mie MIXTE","og_description":"Conf\u00e9rence \u00ab\u00a0Le cin\u00e9-concert : musique et cin\u00e9ma\u00a0\u00bb par Martin Matalon, compositeur Samedi 6 juillet \u00e0 11h, acc\u00e8s libreM\u00e9diath\u00e8que Intercommunale Andr\u00e9-Labarr\u00e8re Les chemins que le compositeur &hellip;","og_url":"http:\/\/academiemixte.com\/en\/conference-le-cine-concert\/","og_site_name":"Acad\u00e9mie MIXTE","article_publisher":"https:\/\/www.facebook.com\/MIXTEacademie","article_modified_time":"2024-06-17T17:11:50+00:00","og_image":[{"url":"http:\/\/academiemixte.com\/wp-content\/uploads\/2024\/06\/film-metropolis.jpg","type":"","width":"","height":""}],"twitter_card":"summary_large_image","twitter_site":"@PcProxima","twitter_misc":{"Est. reading time":"3 minutes"},"schema":{"@context":"https:\/\/schema.org","@graph":[{"@type":"WebPage","@id":"http:\/\/academiemixte.com\/conference-le-cine-concert\/","url":"http:\/\/academiemixte.com\/conference-le-cine-concert\/","name":"Conf\u00e9rence : le cin\u00e9-concert &#8226; Acad\u00e9mie MIXTE","isPartOf":{"@id":"http:\/\/academiemixte.com\/#website"},"primaryImageOfPage":{"@id":"http:\/\/academiemixte.com\/conference-le-cine-concert\/#primaryimage"},"image":{"@id":"http:\/\/academiemixte.com\/conference-le-cine-concert\/#primaryimage"},"thumbnailUrl":"http:\/\/academiemixte.com\/wp-content\/uploads\/2024\/06\/film-metropolis.jpg","datePublished":"2024-06-17T16:38:47+00:00","dateModified":"2024-06-17T17:11:50+00:00","breadcrumb":{"@id":"http:\/\/academiemixte.com\/conference-le-cine-concert\/#breadcrumb"},"inLanguage":"en-US","potentialAction":[{"@type":"ReadAction","target":["http:\/\/academiemixte.com\/conference-le-cine-concert\/"]}]},{"@type":"ImageObject","inLanguage":"en-US","@id":"http:\/\/academiemixte.com\/conference-le-cine-concert\/#primaryimage","url":"http:\/\/academiemixte.com\/wp-content\/uploads\/2024\/06\/film-metropolis.jpg","contentUrl":"http:\/\/academiemixte.com\/wp-content\/uploads\/2024\/06\/film-metropolis.jpg"},{"@type":"BreadcrumbList","@id":"http:\/\/academiemixte.com\/conference-le-cine-concert\/#breadcrumb","itemListElement":[{"@type":"ListItem","position":1,"name":"Accueil","item":"http:\/\/academiemixte.com\/"},{"@type":"ListItem","position":2,"name":"Conf\u00e9rence : le cin\u00e9-concert"}]},{"@type":"WebSite","@id":"http:\/\/academiemixte.com\/#website","url":"http:\/\/academiemixte.com\/","name":"MIXTE Academy","description":"International academy of musical creation","publisher":{"@id":"http:\/\/academiemixte.com\/#organization"},"potentialAction":[{"@type":"SearchAction","target":{"@type":"EntryPoint","urlTemplate":"http:\/\/academiemixte.com\/?s={search_term_string}"},"query-input":{"@type":"PropertyValueSpecification","valueRequired":true,"valueName":"search_term_string"}}],"inLanguage":"en-US"},{"@type":"Organization","@id":"http:\/\/academiemixte.com\/#organization","name":"MIXTE Academy","url":"http:\/\/academiemixte.com\/","logo":{"@type":"ImageObject","inLanguage":"en-US","@id":"http:\/\/academiemixte.com\/#\/schema\/logo\/image\/","url":"http:\/\/academiemixte.com\/wp-content\/uploads\/2022\/01\/LOGO-test1.jpg","contentUrl":"http:\/\/academiemixte.com\/wp-content\/uploads\/2022\/01\/LOGO-test1.jpg","width":270,"height":341,"caption":"Acad\u00e9mie MIXTE"},"image":{"@id":"http:\/\/academiemixte.com\/#\/schema\/logo\/image\/"},"sameAs":["https:\/\/www.facebook.com\/MIXTEacademie","https:\/\/x.com\/PcProxima","https:\/\/www.instagram.com\/proximacentauribdx\/","https:\/\/www.linkedin.com\/in\/proximacentauri\/","https:\/\/www.youtube.com\/c\/proximacentaurimusique"]}]}},"_links":{"self":[{"href":"http:\/\/academiemixte.com\/en\/wp-json\/wp\/v2\/pages\/1865","targetHints":{"allow":["GET"]}}],"collection":[{"href":"http:\/\/academiemixte.com\/en\/wp-json\/wp\/v2\/pages"}],"about":[{"href":"http:\/\/academiemixte.com\/en\/wp-json\/wp\/v2\/types\/page"}],"author":[{"embeddable":true,"href":"http:\/\/academiemixte.com\/en\/wp-json\/wp\/v2\/users\/1"}],"replies":[{"embeddable":true,"href":"http:\/\/academiemixte.com\/en\/wp-json\/wp\/v2\/comments?post=1865"}],"version-history":[{"count":19,"href":"http:\/\/academiemixte.com\/en\/wp-json\/wp\/v2\/pages\/1865\/revisions"}],"predecessor-version":[{"id":1887,"href":"http:\/\/academiemixte.com\/en\/wp-json\/wp\/v2\/pages\/1865\/revisions\/1887"}],"wp:attachment":[{"href":"http:\/\/academiemixte.com\/en\/wp-json\/wp\/v2\/media?parent=1865"}],"curies":[{"name":"wp","href":"https:\/\/api.w.org\/{rel}","templated":true}]}}