{"id":1963,"date":"2024-06-18T13:14:33","date_gmt":"2024-06-18T13:14:33","guid":{"rendered":"http:\/\/academiemixte.com\/?page_id=1963"},"modified":"2024-07-08T14:37:57","modified_gmt":"2024-07-08T14:37:57","slug":"ven-12-07-concert-final-de-proxima-centauri","status":"publish","type":"page","link":"http:\/\/academiemixte.com\/en\/ven-12-07-concert-final-de-proxima-centauri\/","title":{"rendered":"Ven. 12\/07 : concert final de Proxima Centauri"},"content":{"rendered":"<div data-elementor-type=\"wp-page\" data-elementor-id=\"1963\" class=\"elementor elementor-1963\">\n\t\t\t\t\t\t<section class=\"elementor-section elementor-top-section elementor-element elementor-element-118ca24 elementor-section-boxed elementor-section-height-default elementor-section-height-default\" data-id=\"118ca24\" data-element_type=\"section\" data-e-type=\"section\">\n\t\t\t\t\t\t<div class=\"elementor-container elementor-column-gap-default\">\n\t\t\t\t\t<div class=\"elementor-column elementor-col-100 elementor-top-column elementor-element elementor-element-b41ec28\" data-id=\"b41ec28\" data-element_type=\"column\" data-e-type=\"column\">\n\t\t\t<div class=\"elementor-widget-wrap elementor-element-populated\">\n\t\t\t\t\t\t<div class=\"elementor-element elementor-element-fd17664 elementor-widget elementor-widget-text-editor\" data-id=\"fd17664\" data-element_type=\"widget\" data-e-type=\"widget\" data-widget_type=\"text-editor.default\">\n\t\t\t\t<div class=\"elementor-widget-container\">\n\t\t\t\t\t\t\t\t\t<h1>Le concert des compositrices et compositeurs \u00ab\u00a0MIXTE\u00a0\u00bb<\/h1>\t\t\t\t\t\t\t\t<\/div>\n\t\t\t\t<\/div>\n\t\t\t\t<div class=\"elementor-element elementor-element-dd5b623 elementor-widget elementor-widget-text-editor\" data-id=\"dd5b623\" data-element_type=\"widget\" data-e-type=\"widget\" data-widget_type=\"text-editor.default\">\n\t\t\t\t<div class=\"elementor-widget-container\">\n\t\t\t\t\t\t\t\t\t<h5>Cinq jeunes compositrices et compositeurs \u00e0 l&rsquo;honneur !<\/h5>\t\t\t\t\t\t\t\t<\/div>\n\t\t\t\t<\/div>\n\t\t\t\t<div class=\"elementor-element elementor-element-746367c elementor-widget elementor-widget-text-editor\" data-id=\"746367c\" data-element_type=\"widget\" data-e-type=\"widget\" data-widget_type=\"text-editor.default\">\n\t\t\t\t<div class=\"elementor-widget-container\">\n\t\t\t\t\t\t\t\t\t<p><strong><span style=\"color: #000000;\">La semaine d&rsquo;Acad\u00e9mie se conclue par la d\u00e9couverte en avant-premi\u00e8re des cr\u00e9ations des cinq laur\u00e9at\u00b7es de l&rsquo;appel \u00e0 projet de composition<\/span><\/strong><\/p>\t\t\t\t\t\t\t\t<\/div>\n\t\t\t\t<\/div>\n\t\t\t\t<div class=\"elementor-element elementor-element-3f58c00 elementor-widget elementor-widget-text-editor\" data-id=\"3f58c00\" data-element_type=\"widget\" data-e-type=\"widget\" data-widget_type=\"text-editor.default\">\n\t\t\t\t<div class=\"elementor-widget-container\">\n\t\t\t\t\t\t\t\t\t<p><span style=\"color: #000000;\"><strong>Vendredi 12 juillet \u00e0 11h30<br \/>Chapelle des R\u00e9paratrices, Pau<\/strong><\/span><\/p>\t\t\t\t\t\t\t\t<\/div>\n\t\t\t\t<\/div>\n\t\t\t\t\t<\/div>\n\t\t<\/div>\n\t\t\t\t\t<\/div>\n\t\t<\/section>\n\t\t\t\t<section class=\"elementor-section elementor-top-section elementor-element elementor-element-f90b45e elementor-section-boxed elementor-section-height-default elementor-section-height-default\" data-id=\"f90b45e\" data-element_type=\"section\" data-e-type=\"section\">\n\t\t\t\t\t\t<div class=\"elementor-container elementor-column-gap-default\">\n\t\t\t\t\t<div class=\"elementor-column elementor-col-100 elementor-top-column elementor-element elementor-element-24fc57a\" data-id=\"24fc57a\" data-element_type=\"column\" data-e-type=\"column\">\n\t\t\t<div class=\"elementor-widget-wrap elementor-element-populated\">\n\t\t\t\t\t\t<div class=\"elementor-element elementor-element-f213ba4 elementor-widget elementor-widget-image\" data-id=\"f213ba4\" data-element_type=\"widget\" data-e-type=\"widget\" data-widget_type=\"image.default\">\n\t\t\t\t<div class=\"elementor-widget-container\">\n\t\t\t\t\t\t\t\t\t\t\t\t<figure class=\"wp-caption\">\n\t\t\t\t\t\t\t\t\t\t<img fetchpriority=\"high\" decoding=\"async\" width=\"1024\" height=\"574\" src=\"http:\/\/academiemixte.com\/wp-content\/uploads\/2024\/07\/5-VENDREDI-12-Concert-de-Proxima-Centauri-2-1024x574.png\" class=\"attachment-large size-large wp-image-2005\" alt=\"\" srcset=\"http:\/\/academiemixte.com\/wp-content\/uploads\/2024\/07\/5-VENDREDI-12-Concert-de-Proxima-Centauri-2-1024x574.png 1024w, http:\/\/academiemixte.com\/wp-content\/uploads\/2024\/07\/5-VENDREDI-12-Concert-de-Proxima-Centauri-2-300x168.png 300w, http:\/\/academiemixte.com\/wp-content\/uploads\/2024\/07\/5-VENDREDI-12-Concert-de-Proxima-Centauri-2-768x431.png 768w, http:\/\/academiemixte.com\/wp-content\/uploads\/2024\/07\/5-VENDREDI-12-Concert-de-Proxima-Centauri-2-1536x861.png 1536w, http:\/\/academiemixte.com\/wp-content\/uploads\/2024\/07\/5-VENDREDI-12-Concert-de-Proxima-Centauri-2-2048x1149.png 2048w, http:\/\/academiemixte.com\/wp-content\/uploads\/2024\/07\/5-VENDREDI-12-Concert-de-Proxima-Centauri-2-18x10.png 18w, http:\/\/academiemixte.com\/wp-content\/uploads\/2024\/07\/5-VENDREDI-12-Concert-de-Proxima-Centauri-2-535x300.png 535w\" sizes=\"(max-width: 1024px) 100vw, 1024px\" \/>\t\t\t\t\t\t\t\t\t\t\t<figcaption class=\"widget-image-caption wp-caption-text\">L'ensemble Proxima Centauri et Pascal Rousseau<\/figcaption>\n\t\t\t\t\t\t\t\t\t\t<\/figure>\n\t\t\t\t\t\t\t\t\t<\/div>\n\t\t\t\t<\/div>\n\t\t\t\t\t<\/div>\n\t\t<\/div>\n\t\t\t\t\t<\/div>\n\t\t<\/section>\n\t\t\t\t<section class=\"elementor-section elementor-top-section elementor-element elementor-element-ccfb9ca elementor-section-boxed elementor-section-height-default elementor-section-height-default\" data-id=\"ccfb9ca\" data-element_type=\"section\" data-e-type=\"section\">\n\t\t\t\t\t\t<div class=\"elementor-container elementor-column-gap-default\">\n\t\t\t\t\t<div class=\"elementor-column elementor-col-100 elementor-top-column elementor-element elementor-element-f0c4f88\" data-id=\"f0c4f88\" data-element_type=\"column\" data-e-type=\"column\">\n\t\t\t<div class=\"elementor-widget-wrap elementor-element-populated\">\n\t\t\t\t\t\t<div class=\"elementor-element elementor-element-76a13a5 elementor-widget elementor-widget-text-editor\" data-id=\"76a13a5\" data-element_type=\"widget\" data-e-type=\"widget\" data-widget_type=\"text-editor.default\">\n\t\t\t\t<div class=\"elementor-widget-container\">\n\t\t\t\t\t\t\t\t\t<p>Suite \u00e0 un appel \u00e0 projet de composition en 2023, elles et ils ont \u00e9t\u00e9 s\u00e9lectionn\u00e9\u00b7es pour la qualit\u00e9 de leur projet.<\/p><p>Une contrainte : \u00e9crire une composition pour la palette sonore de l&rsquo;ensemble Proxima Centauri (saxophone, flute, piano, percussion, \u00e9lectronique), m\u00ealant donc instruments \u00ab\u00a0classiques\u00a0\u00bb et sonorit\u00e9s \u00e9lectroniques, augment\u00e9e du tuba du musicien Pascal Rousseau.<\/p><p><span style=\"color: #000000;\">Henri Colombat<\/span>, <span style=\"color: #000000;\">Ehwa Hong<\/span>, <span style=\"color: #000000;\">Luciana Perc<\/span>, <span style=\"color: #000000;\">Guilherme Ribeiro<\/span> et <span style=\"color: #000000;\">Fernando Strasnoy<\/span>, les cinq compositeurs et compositrices laur\u00e9at\u00b7es, passeront la semaine d&rsquo;acad\u00e9mie \u00e0 affiner les contours de leur pi\u00e8ce avec les compositeurs encadrants et les musiciennes et musiciens qui en assureront l&rsquo;interpr\u00e9tation lors du concert final.<\/p><p>Ce <strong><span style=\"color: #000000;\">vendredi 12 juillet \u00e0 11h30 la Chapelle des R\u00e9paratrices de Pau<\/span><\/strong> les \u0153uvres seront jou\u00e9es en <span style=\"color: #ff00ff;\">avant-premi\u00e8res<\/span>, et disposeront d&rsquo;encore un peu de temps d&rsquo;aff\u00fbtage avant leur cr\u00e9ation mondiale\u00a0<strong><span style=\"color: #000000;\">dimanche 24 novembre 2024 au Th\u00e9\u00e2tre des Quatre Saisons de Gradignan, dans le cadre du Festival M\u00c0D<\/span><\/strong> qu\u2019organise chaque ann\u00e9e Proxima Centauri \u00e0 Bordeaux et dans sa m\u00e9tropole.<\/p><p>Ce concert final de fin d&rsquo;acad\u00e9mie est donc un temps privil\u00e9gi\u00e9 de d\u00e9couverte et d&rsquo;\u00e9change avec la jeune cr\u00e9ation.<\/p><p><span style=\"text-decoration: underline;\">Les 5 \u0153uvres pr\u00e9sent\u00e9es :<\/span><\/p><p><strong><span style=\"color: #000000;\">Henri COLOMBAT<\/span><\/strong> \u00b7 <span style=\"color: #000000;\"><em>\u00c9tude sur le flou<\/em><\/span> <br \/><span style=\"color: #ff00ff;\">pour fl\u00fbte, saxophone, percussion, piano et \u00e9lectronique<\/span> <br \/>Cette pi\u00e8ce fait partie d\u2019une s\u00e9rie d\u2019\u00e9tudes mettant l\u2019acte photographique en sc\u00e8ne pour puiser dans sa th\u00e9\u00e2tralit\u00e9 gestuelle et dans sa relation particuli\u00e8re au souvenir et au son. L\u2019appareil photo analogique sert \u00e0 orienter l\u2019\u0153uvre \u00e0 l\u2019int\u00e9rieur de mes propres souvenirs. A travers l\u2019\u00e9lectronique, un pass\u00e9 flou, avec ses lieux et ses sons particuliers, est non seulement \u00e9voqu\u00e9 mais bri\u00e8vement habit\u00e9 par la musique.<\/p><p><span style=\"color: #000000;\"><strong>Ehwa HONG<\/strong> \u00b7 <em>Le Labyrinthe de Thanatos<\/em><\/span><br \/><span style=\"color: #ff00ff;\">pour fl\u00fbte, saxophone, percussion, piano et \u00e9lectronique<\/span> <br \/>Nom de la pulsion de mort dans la th\u00e9orie freudienne, oppos\u00e9e \u00e0 Eros la pulsion de vie, Thanatos symbolise la destruction et le d\u00e9sir de retourner \u00e0 un \u00e9tat de paix originel. A travers divers contrastes composant constamment de nouvelles figures et images sonores, la pi\u00e8ce est une exploration artistique des instincts sombres, invitant \u00e0 l\u2019introspection sur soi-m\u00eame.<\/p><p><strong><span style=\"color: #000000;\">Luciana PERC<\/span><\/strong> \u00b7 <span style=\"color: #000000;\"><em>Virtual Galaxy Simulation<\/em><\/span><br \/><span style=\"color: #ff00ff;\">pour fl\u00fbte, saxophone, tuba, percussion, piano, \u00e9lectronique et vid\u00e9o<\/span><br \/>Cette pi\u00e8ce de chambre avec vid\u00e9o et \u00e9lectronique explore la sonification des donn\u00e9es cosmologiques, \u00e0 partir de la simulation graphique de formation des galaxies ASURA par Takayuki Saitoh et Takaaki Takeda. Travaillant \u00e0 partir des coordonn\u00e9es spatiales, et tra\u00e7ant des correspondances entre lumi\u00e8re, couleur et son, cette pi\u00e8ce propose de nouvelles fa\u00e7ons d\u2019imaginer et mat\u00e9rialiser les sons de l\u2019univers.<\/p><p><span style=\"color: #000000;\"><strong>Guilherme RIBEIRO<\/strong><\/span> \u00b7 <em><span style=\"color: #000000;\">Gir\u00e0<\/span><\/em><br \/><span style=\"color: #ff00ff;\">pour fl\u00fbte, saxophone, tuba, percussion, piano et \u00e9lectronique<\/span> <br \/>\u00ab Nous sommes le d\u00e9but, le milieu et le d\u00e9but. \u00bb (Nego Bispo). Con\u00e7ue \u00e0 partir de gestes sonores circulaires, \u00ab Gir\u00e1 \u00bb est une pi\u00e8ce qui \u00e9voque la circularit\u00e9 des cultures afro-br\u00e9siliennes manifest\u00e9e dans leur mode d\u2019organisation sociale, dans leur philosophie, leur spiritualit\u00e9 et leur art. Du cercle de capoeira et du cercle de samba au cercle d\u2019umbanda, le \u2018tourner\u2019 r\u00e8gne.<\/p><p><span style=\"color: #000000;\"><strong>Fernando STRASNOY<\/strong> \u00b7 <\/span><em><span style=\"color: #000000;\">elaborate fingers possibly touch<\/span><\/em><br \/><span style=\"color: #ff00ff;\">pour fl\u00fbte, saxophone, tuba, percussion, piano et \u00e9lectronique<\/span> <br \/>Cette \u0153uvre fait partie d\u2019un trin\u00f4me inspir\u00e9 par le po\u00e8me \u201cbut the other\u201d \u00e9crit par e.e. Cummings. Elle met en place un syst\u00e8me de dualit\u00e9s dans plusieurs param\u00e8tres du son, notamment dans le contraste et la porosit\u00e9 entre les champs acoustique et \u00e9lectronique. Le r\u00e9cit se base sur les \u00e9chos de la construction, de la d\u00e9construction et de la reconstruction des mat\u00e9riaux.<\/p>\t\t\t\t\t\t\t\t<\/div>\n\t\t\t\t<\/div>\n\t\t\t\t\t<\/div>\n\t\t<\/div>\n\t\t\t\t\t<\/div>\n\t\t<\/section>\n\t\t\t\t<section class=\"elementor-section elementor-top-section elementor-element elementor-element-b085273 elementor-section-boxed elementor-section-height-default elementor-section-height-default\" data-id=\"b085273\" data-element_type=\"section\" data-e-type=\"section\">\n\t\t\t\t\t\t<div class=\"elementor-container elementor-column-gap-default\">\n\t\t\t\t\t<div class=\"elementor-column elementor-col-100 elementor-top-column elementor-element elementor-element-6a4b35e\" data-id=\"6a4b35e\" data-element_type=\"column\" data-e-type=\"column\">\n\t\t\t<div class=\"elementor-widget-wrap elementor-element-populated\">\n\t\t\t\t\t\t<div class=\"elementor-element elementor-element-92366fc elementor-widget-divider--view-line elementor-widget elementor-widget-divider\" data-id=\"92366fc\" data-element_type=\"widget\" data-e-type=\"widget\" data-widget_type=\"divider.default\">\n\t\t\t\t<div class=\"elementor-widget-container\">\n\t\t\t\t\t\t\t<div class=\"elementor-divider\">\n\t\t\t<span class=\"elementor-divider-separator\">\n\t\t\t\t\t\t<\/span>\n\t\t<\/div>\n\t\t\t\t\t\t<\/div>\n\t\t\t\t<\/div>\n\t\t\t\t\t<\/div>\n\t\t<\/div>\n\t\t\t\t\t<\/div>\n\t\t<\/section>\n\t\t\t\t<section class=\"elementor-section elementor-top-section elementor-element elementor-element-3f4dd73 elementor-section-boxed elementor-section-height-default elementor-section-height-default\" data-id=\"3f4dd73\" data-element_type=\"section\" data-e-type=\"section\">\n\t\t\t\t\t\t<div class=\"elementor-container elementor-column-gap-default\">\n\t\t\t\t\t<div class=\"elementor-column elementor-col-100 elementor-top-column elementor-element elementor-element-f475028\" data-id=\"f475028\" data-element_type=\"column\" data-e-type=\"column\">\n\t\t\t<div class=\"elementor-widget-wrap elementor-element-populated\">\n\t\t\t\t\t\t<div class=\"elementor-element elementor-element-1b817ce elementor-widget elementor-widget-text-editor\" data-id=\"1b817ce\" data-element_type=\"widget\" data-e-type=\"widget\" data-widget_type=\"text-editor.default\">\n\t\t\t\t<div class=\"elementor-widget-container\">\n\t\t\t\t\t\t\t\t\t<div class=\"elementor-element elementor-element-b02c823 elementor-widget elementor-widget-text-editor\" data-id=\"b02c823\" data-element_type=\"widget\" data-widget_type=\"text-editor.default\"><div class=\"elementor-widget-container\"><div class=\"elementor-element elementor-element-471e20e elementor-widget elementor-widget-text-editor\" data-id=\"471e20e\" data-element_type=\"widget\" data-widget_type=\"text-editor.default\"><div class=\"elementor-widget-container\"><p>INFORMATIONS PRATIQUES<\/p><\/div><\/div><div class=\"elementor-element elementor-element-f702b2d elementor-widget elementor-widget-text-editor\" data-id=\"f702b2d\" data-element_type=\"widget\" data-widget_type=\"text-editor.default\"><div class=\"elementor-widget-container\"><p><strong>Adresses :<br \/><\/strong>\u2022 Chapelle des R\u00e9paratrices, 3 Rue des R\u00e9paratrices 64000 Pau<\/p><p><strong>Informations &amp; billetterie :<\/strong><br \/>Proxima Centauri \u2022 05 57 95 71 52 \u2013 06 98 16 05 67 \u2022 proximacentauri@proximacentauri.fr<\/p><\/div><\/div><\/div><\/div>\t\t\t\t\t\t\t\t<\/div>\n\t\t\t\t<\/div>\n\t\t\t\t\t<\/div>\n\t\t<\/div>\n\t\t\t\t\t<\/div>\n\t\t<\/section>\n\t\t\t\t<\/div>","protected":false},"excerpt":{"rendered":"<p>Le concert des compositrices et compositeurs \u00ab\u00a0MIXTE\u00a0\u00bb Cinq jeunes compositrices et compositeurs \u00e0 l&rsquo;honneur ! La semaine d&rsquo;Acad\u00e9mie se conclue par la d\u00e9couverte en avant-premi\u00e8re &hellip;<\/p>","protected":false},"author":1,"featured_media":0,"parent":0,"menu_order":0,"comment_status":"closed","ping_status":"closed","template":"","meta":{"footnotes":""},"class_list":["post-1963","page","type-page","status-publish","hentry"],"yoast_head":"<!-- This site is optimized with the Yoast SEO plugin v27.3 - https:\/\/yoast.com\/product\/yoast-seo-wordpress\/ -->\n<title>Ven. 12\/07 : concert final de Proxima Centauri &#8226; Acad\u00e9mie MIXTE<\/title>\n<meta name=\"robots\" content=\"index, follow, max-snippet:-1, max-image-preview:large, max-video-preview:-1\" \/>\n<link rel=\"canonical\" href=\"http:\/\/academiemixte.com\/en\/ven-12-07-concert-final-de-proxima-centauri\/\" \/>\n<meta property=\"og:locale\" content=\"en_US\" \/>\n<meta property=\"og:type\" content=\"article\" \/>\n<meta property=\"og:title\" content=\"Ven. 12\/07 : concert final de Proxima Centauri &#8226; Acad\u00e9mie MIXTE\" \/>\n<meta property=\"og:description\" content=\"Le concert des compositrices et compositeurs \u00ab\u00a0MIXTE\u00a0\u00bb Cinq jeunes compositrices et compositeurs \u00e0 l&rsquo;honneur ! La semaine d&rsquo;Acad\u00e9mie se conclue par la d\u00e9couverte en avant-premi\u00e8re &hellip;\" \/>\n<meta property=\"og:url\" content=\"http:\/\/academiemixte.com\/en\/ven-12-07-concert-final-de-proxima-centauri\/\" \/>\n<meta property=\"og:site_name\" content=\"Acad\u00e9mie MIXTE\" \/>\n<meta property=\"article:publisher\" content=\"https:\/\/www.facebook.com\/MIXTEacademie\" \/>\n<meta property=\"article:modified_time\" content=\"2024-07-08T14:37:57+00:00\" \/>\n<meta property=\"og:image\" content=\"http:\/\/academiemixte.com\/wp-content\/uploads\/2024\/07\/5-VENDREDI-12-Concert-de-Proxima-Centauri-2-1024x574.png\" \/>\n<meta name=\"twitter:card\" content=\"summary_large_image\" \/>\n<meta name=\"twitter:site\" content=\"@PcProxima\" \/>\n<meta name=\"twitter:label1\" content=\"Est. reading time\" \/>\n\t<meta name=\"twitter:data1\" content=\"4 minutes\" \/>\n<script type=\"application\/ld+json\" class=\"yoast-schema-graph\">{\"@context\":\"https:\\\/\\\/schema.org\",\"@graph\":[{\"@type\":\"WebPage\",\"@id\":\"http:\\\/\\\/academiemixte.com\\\/ven-12-07-concert-final-de-proxima-centauri\\\/\",\"url\":\"http:\\\/\\\/academiemixte.com\\\/ven-12-07-concert-final-de-proxima-centauri\\\/\",\"name\":\"Ven. 12\\\/07 : concert final de Proxima Centauri &#8226; Acad\u00e9mie MIXTE\",\"isPartOf\":{\"@id\":\"http:\\\/\\\/academiemixte.com\\\/#website\"},\"primaryImageOfPage\":{\"@id\":\"http:\\\/\\\/academiemixte.com\\\/ven-12-07-concert-final-de-proxima-centauri\\\/#primaryimage\"},\"image\":{\"@id\":\"http:\\\/\\\/academiemixte.com\\\/ven-12-07-concert-final-de-proxima-centauri\\\/#primaryimage\"},\"thumbnailUrl\":\"http:\\\/\\\/academiemixte.com\\\/wp-content\\\/uploads\\\/2024\\\/07\\\/5-VENDREDI-12-Concert-de-Proxima-Centauri-2-1024x574.png\",\"datePublished\":\"2024-06-18T13:14:33+00:00\",\"dateModified\":\"2024-07-08T14:37:57+00:00\",\"breadcrumb\":{\"@id\":\"http:\\\/\\\/academiemixte.com\\\/ven-12-07-concert-final-de-proxima-centauri\\\/#breadcrumb\"},\"inLanguage\":\"en-US\",\"potentialAction\":[{\"@type\":\"ReadAction\",\"target\":[\"http:\\\/\\\/academiemixte.com\\\/ven-12-07-concert-final-de-proxima-centauri\\\/\"]}]},{\"@type\":\"ImageObject\",\"inLanguage\":\"en-US\",\"@id\":\"http:\\\/\\\/academiemixte.com\\\/ven-12-07-concert-final-de-proxima-centauri\\\/#primaryimage\",\"url\":\"http:\\\/\\\/academiemixte.com\\\/wp-content\\\/uploads\\\/2024\\\/07\\\/5-VENDREDI-12-Concert-de-Proxima-Centauri-2-1024x574.png\",\"contentUrl\":\"http:\\\/\\\/academiemixte.com\\\/wp-content\\\/uploads\\\/2024\\\/07\\\/5-VENDREDI-12-Concert-de-Proxima-Centauri-2-1024x574.png\"},{\"@type\":\"BreadcrumbList\",\"@id\":\"http:\\\/\\\/academiemixte.com\\\/ven-12-07-concert-final-de-proxima-centauri\\\/#breadcrumb\",\"itemListElement\":[{\"@type\":\"ListItem\",\"position\":1,\"name\":\"Accueil\",\"item\":\"http:\\\/\\\/academiemixte.com\\\/\"},{\"@type\":\"ListItem\",\"position\":2,\"name\":\"Ven. 12\\\/07 : concert final de Proxima Centauri\"}]},{\"@type\":\"WebSite\",\"@id\":\"http:\\\/\\\/academiemixte.com\\\/#website\",\"url\":\"http:\\\/\\\/academiemixte.com\\\/\",\"name\":\"Acad\u00e9mie MIXTE\",\"description\":\"Acad\u00e9mie internationale de cr\u00e9ation musicale\",\"publisher\":{\"@id\":\"http:\\\/\\\/academiemixte.com\\\/#organization\"},\"potentialAction\":[{\"@type\":\"SearchAction\",\"target\":{\"@type\":\"EntryPoint\",\"urlTemplate\":\"http:\\\/\\\/academiemixte.com\\\/?s={search_term_string}\"},\"query-input\":{\"@type\":\"PropertyValueSpecification\",\"valueRequired\":true,\"valueName\":\"search_term_string\"}}],\"inLanguage\":\"en-US\"},{\"@type\":\"Organization\",\"@id\":\"http:\\\/\\\/academiemixte.com\\\/#organization\",\"name\":\"Acad\u00e9mie MIXTE\",\"url\":\"http:\\\/\\\/academiemixte.com\\\/\",\"logo\":{\"@type\":\"ImageObject\",\"inLanguage\":\"en-US\",\"@id\":\"http:\\\/\\\/academiemixte.com\\\/#\\\/schema\\\/logo\\\/image\\\/\",\"url\":\"http:\\\/\\\/academiemixte.com\\\/wp-content\\\/uploads\\\/2022\\\/01\\\/LOGO-test1.jpg\",\"contentUrl\":\"http:\\\/\\\/academiemixte.com\\\/wp-content\\\/uploads\\\/2022\\\/01\\\/LOGO-test1.jpg\",\"width\":270,\"height\":341,\"caption\":\"Acad\u00e9mie MIXTE\"},\"image\":{\"@id\":\"http:\\\/\\\/academiemixte.com\\\/#\\\/schema\\\/logo\\\/image\\\/\"},\"sameAs\":[\"https:\\\/\\\/www.facebook.com\\\/MIXTEacademie\",\"https:\\\/\\\/x.com\\\/PcProxima\",\"https:\\\/\\\/www.instagram.com\\\/proximacentauribdx\\\/\",\"https:\\\/\\\/www.linkedin.com\\\/in\\\/proximacentauri\\\/\",\"https:\\\/\\\/www.youtube.com\\\/c\\\/proximacentaurimusique\"]}]}<\/script>\n<!-- \/ Yoast SEO plugin. -->","yoast_head_json":{"title":"Ven. 12\/07 : concert final de Proxima Centauri &#8226; Acad\u00e9mie MIXTE","robots":{"index":"index","follow":"follow","max-snippet":"max-snippet:-1","max-image-preview":"max-image-preview:large","max-video-preview":"max-video-preview:-1"},"canonical":"http:\/\/academiemixte.com\/en\/ven-12-07-concert-final-de-proxima-centauri\/","og_locale":"en_US","og_type":"article","og_title":"Ven. 12\/07 : concert final de Proxima Centauri &#8226; Acad\u00e9mie MIXTE","og_description":"Le concert des compositrices et compositeurs \u00ab\u00a0MIXTE\u00a0\u00bb Cinq jeunes compositrices et compositeurs \u00e0 l&rsquo;honneur ! La semaine d&rsquo;Acad\u00e9mie se conclue par la d\u00e9couverte en avant-premi\u00e8re &hellip;","og_url":"http:\/\/academiemixte.com\/en\/ven-12-07-concert-final-de-proxima-centauri\/","og_site_name":"Acad\u00e9mie MIXTE","article_publisher":"https:\/\/www.facebook.com\/MIXTEacademie","article_modified_time":"2024-07-08T14:37:57+00:00","og_image":[{"url":"http:\/\/academiemixte.com\/wp-content\/uploads\/2024\/07\/5-VENDREDI-12-Concert-de-Proxima-Centauri-2-1024x574.png","type":"","width":"","height":""}],"twitter_card":"summary_large_image","twitter_site":"@PcProxima","twitter_misc":{"Est. reading time":"4 minutes"},"schema":{"@context":"https:\/\/schema.org","@graph":[{"@type":"WebPage","@id":"http:\/\/academiemixte.com\/ven-12-07-concert-final-de-proxima-centauri\/","url":"http:\/\/academiemixte.com\/ven-12-07-concert-final-de-proxima-centauri\/","name":"Ven. 12\/07 : concert final de Proxima Centauri &#8226; Acad\u00e9mie MIXTE","isPartOf":{"@id":"http:\/\/academiemixte.com\/#website"},"primaryImageOfPage":{"@id":"http:\/\/academiemixte.com\/ven-12-07-concert-final-de-proxima-centauri\/#primaryimage"},"image":{"@id":"http:\/\/academiemixte.com\/ven-12-07-concert-final-de-proxima-centauri\/#primaryimage"},"thumbnailUrl":"http:\/\/academiemixte.com\/wp-content\/uploads\/2024\/07\/5-VENDREDI-12-Concert-de-Proxima-Centauri-2-1024x574.png","datePublished":"2024-06-18T13:14:33+00:00","dateModified":"2024-07-08T14:37:57+00:00","breadcrumb":{"@id":"http:\/\/academiemixte.com\/ven-12-07-concert-final-de-proxima-centauri\/#breadcrumb"},"inLanguage":"en-US","potentialAction":[{"@type":"ReadAction","target":["http:\/\/academiemixte.com\/ven-12-07-concert-final-de-proxima-centauri\/"]}]},{"@type":"ImageObject","inLanguage":"en-US","@id":"http:\/\/academiemixte.com\/ven-12-07-concert-final-de-proxima-centauri\/#primaryimage","url":"http:\/\/academiemixte.com\/wp-content\/uploads\/2024\/07\/5-VENDREDI-12-Concert-de-Proxima-Centauri-2-1024x574.png","contentUrl":"http:\/\/academiemixte.com\/wp-content\/uploads\/2024\/07\/5-VENDREDI-12-Concert-de-Proxima-Centauri-2-1024x574.png"},{"@type":"BreadcrumbList","@id":"http:\/\/academiemixte.com\/ven-12-07-concert-final-de-proxima-centauri\/#breadcrumb","itemListElement":[{"@type":"ListItem","position":1,"name":"Accueil","item":"http:\/\/academiemixte.com\/"},{"@type":"ListItem","position":2,"name":"Ven. 12\/07 : concert final de Proxima Centauri"}]},{"@type":"WebSite","@id":"http:\/\/academiemixte.com\/#website","url":"http:\/\/academiemixte.com\/","name":"MIXTE Academy","description":"International academy of musical creation","publisher":{"@id":"http:\/\/academiemixte.com\/#organization"},"potentialAction":[{"@type":"SearchAction","target":{"@type":"EntryPoint","urlTemplate":"http:\/\/academiemixte.com\/?s={search_term_string}"},"query-input":{"@type":"PropertyValueSpecification","valueRequired":true,"valueName":"search_term_string"}}],"inLanguage":"en-US"},{"@type":"Organization","@id":"http:\/\/academiemixte.com\/#organization","name":"MIXTE Academy","url":"http:\/\/academiemixte.com\/","logo":{"@type":"ImageObject","inLanguage":"en-US","@id":"http:\/\/academiemixte.com\/#\/schema\/logo\/image\/","url":"http:\/\/academiemixte.com\/wp-content\/uploads\/2022\/01\/LOGO-test1.jpg","contentUrl":"http:\/\/academiemixte.com\/wp-content\/uploads\/2022\/01\/LOGO-test1.jpg","width":270,"height":341,"caption":"Acad\u00e9mie MIXTE"},"image":{"@id":"http:\/\/academiemixte.com\/#\/schema\/logo\/image\/"},"sameAs":["https:\/\/www.facebook.com\/MIXTEacademie","https:\/\/x.com\/PcProxima","https:\/\/www.instagram.com\/proximacentauribdx\/","https:\/\/www.linkedin.com\/in\/proximacentauri\/","https:\/\/www.youtube.com\/c\/proximacentaurimusique"]}]}},"_links":{"self":[{"href":"http:\/\/academiemixte.com\/en\/wp-json\/wp\/v2\/pages\/1963","targetHints":{"allow":["GET"]}}],"collection":[{"href":"http:\/\/academiemixte.com\/en\/wp-json\/wp\/v2\/pages"}],"about":[{"href":"http:\/\/academiemixte.com\/en\/wp-json\/wp\/v2\/types\/page"}],"author":[{"embeddable":true,"href":"http:\/\/academiemixte.com\/en\/wp-json\/wp\/v2\/users\/1"}],"replies":[{"embeddable":true,"href":"http:\/\/academiemixte.com\/en\/wp-json\/wp\/v2\/comments?post=1963"}],"version-history":[{"count":25,"href":"http:\/\/academiemixte.com\/en\/wp-json\/wp\/v2\/pages\/1963\/revisions"}],"predecessor-version":[{"id":2020,"href":"http:\/\/academiemixte.com\/en\/wp-json\/wp\/v2\/pages\/1963\/revisions\/2020"}],"wp:attachment":[{"href":"http:\/\/academiemixte.com\/en\/wp-json\/wp\/v2\/media?parent=1963"}],"curies":[{"name":"wp","href":"https:\/\/api.w.org\/{rel}","templated":true}]}}