{"id":2161,"date":"2025-01-30T15:34:57","date_gmt":"2025-01-30T15:34:57","guid":{"rendered":"http:\/\/academiemixte.com\/?page_id=2161"},"modified":"2025-03-03T16:19:19","modified_gmt":"2025-03-03T16:19:19","slug":"editions-precedentes","status":"publish","type":"page","link":"http:\/\/academiemixte.com\/en\/editions-precedentes\/","title":{"rendered":"Previous editions"},"content":{"rendered":"<div data-elementor-type=\"wp-page\" data-elementor-id=\"2161\" class=\"elementor elementor-2161\">\n\t\t\t\t\t\t<section class=\"elementor-section elementor-top-section elementor-element elementor-element-cda53c6 elementor-section-boxed elementor-section-height-default elementor-section-height-default\" data-id=\"cda53c6\" data-element_type=\"section\" data-e-type=\"section\">\n\t\t\t\t\t\t<div class=\"elementor-container elementor-column-gap-default\">\n\t\t\t\t\t<div class=\"elementor-column elementor-col-100 elementor-top-column elementor-element elementor-element-d9b0b0a\" data-id=\"d9b0b0a\" data-element_type=\"column\" data-e-type=\"column\">\n\t\t\t<div class=\"elementor-widget-wrap elementor-element-populated\">\n\t\t\t\t\t\t<div class=\"elementor-element elementor-element-4752c91 elementor-widget elementor-widget-text-editor\" data-id=\"4752c91\" data-element_type=\"widget\" data-e-type=\"widget\" data-widget_type=\"text-editor.default\">\n\t\t\t\t<div class=\"elementor-widget-container\">\n\t\t\t\t\t\t\t\t\t<h3 style=\"text-align: left;\" data-elementor-setting-key=\"title\" data-pen-placeholder=\"\u00c9crivez ici...\"><span style=\"color: #000000;\">MIXTE Academy<\/span><span style=\"color: #000000;\">#1 &#8211; <\/span><span style=\"color: #000000;\">2021-2022<\/span><\/h3>\t\t\t\t\t\t\t\t<\/div>\n\t\t\t\t<\/div>\n\t\t\t\t<div class=\"elementor-element elementor-element-78059d9 elementor-widget__width-initial elementor-widget elementor-widget-image\" data-id=\"78059d9\" data-element_type=\"widget\" data-e-type=\"widget\" data-widget_type=\"image.default\">\n\t\t\t\t<div class=\"elementor-widget-container\">\n\t\t\t\t\t\t\t\t\t\t\t\t\t\t\t\t<a href=\"http:\/\/academiemixte.com\/en\/lacademie-mixte\/archives\/\">\n\t\t\t\t\t\t\t<img fetchpriority=\"high\" decoding=\"async\" width=\"400\" height=\"300\" src=\"http:\/\/academiemixte.com\/wp-content\/uploads\/2023\/03\/IMG_0003-400x300.jpg\" class=\"attachment-post-thumbnail size-post-thumbnail wp-image-1144\" alt=\"formation mixte\" srcset=\"http:\/\/academiemixte.com\/wp-content\/uploads\/2023\/03\/IMG_0003-400x300.jpg 400w, http:\/\/academiemixte.com\/wp-content\/uploads\/2023\/03\/IMG_0003-300x225.jpg 300w, http:\/\/academiemixte.com\/wp-content\/uploads\/2023\/03\/IMG_0003-1024x768.jpg 1024w, http:\/\/academiemixte.com\/wp-content\/uploads\/2023\/03\/IMG_0003-768x576.jpg 768w, http:\/\/academiemixte.com\/wp-content\/uploads\/2023\/03\/IMG_0003-1536x1152.jpg 1536w, http:\/\/academiemixte.com\/wp-content\/uploads\/2023\/03\/IMG_0003-2048x1536.jpg 2048w, http:\/\/academiemixte.com\/wp-content\/uploads\/2023\/03\/IMG_0003-16x12.jpg 16w\" sizes=\"(max-width: 400px) 100vw, 400px\" \/>\t\t\t\t\t\t\t\t<\/a>\n\t\t\t\t\t\t\t\t\t\t\t\t\t\t\t<\/div>\n\t\t\t\t<\/div>\n\t\t\t\t\t<\/div>\n\t\t<\/div>\n\t\t\t\t\t<\/div>\n\t\t<\/section>\n\t\t\t\t<section class=\"elementor-section elementor-top-section elementor-element elementor-element-05541c4 elementor-section-boxed elementor-section-height-default elementor-section-height-default\" data-id=\"05541c4\" data-element_type=\"section\" data-e-type=\"section\">\n\t\t\t\t\t\t<div class=\"elementor-container elementor-column-gap-default\">\n\t\t\t\t\t<div class=\"elementor-column elementor-col-100 elementor-top-column elementor-element elementor-element-6cf33e8\" data-id=\"6cf33e8\" data-element_type=\"column\" data-e-type=\"column\">\n\t\t\t<div class=\"elementor-widget-wrap elementor-element-populated\">\n\t\t\t\t\t\t<div class=\"elementor-element elementor-element-5c4211b elementor-widget elementor-widget-text-editor\" data-id=\"5c4211b\" data-element_type=\"widget\" data-e-type=\"widget\" data-widget_type=\"text-editor.default\">\n\t\t\t\t<div class=\"elementor-widget-container\">\n\t\t\t\t\t\t\t\t\t<h3 style=\"text-align: left;\" data-elementor-setting-key=\"title\" data-pen-placeholder=\"\u00c9crivez ici...\"><span style=\"color: #000000;\">MIXTE Academy<\/span><span style=\"color: #000000;\">#2 &#8211; <\/span><span style=\"color: #000000;\">2023-2024<\/span><\/h3>\t\t\t\t\t\t\t\t<\/div>\n\t\t\t\t<\/div>\n\t\t\t\t<div class=\"elementor-element elementor-element-a8aff64 elementor-widget__width-initial elementor-widget elementor-widget-image\" data-id=\"a8aff64\" data-element_type=\"widget\" data-e-type=\"widget\" data-widget_type=\"image.default\">\n\t\t\t\t<div class=\"elementor-widget-container\">\n\t\t\t\t\t\t\t\t\t\t\t\t\t\t\t\t<a href=\"http:\/\/academiemixte.com\/en\/?page_id=2169&#038;preview=true\">\n\t\t\t\t\t\t\t<img decoding=\"async\" width=\"424\" height=\"300\" src=\"http:\/\/academiemixte.com\/wp-content\/uploads\/2024\/12\/21-424x300.jpg\" class=\"attachment-post-thumbnail size-post-thumbnail wp-image-2116\" alt=\"\" srcset=\"http:\/\/academiemixte.com\/wp-content\/uploads\/2024\/12\/21-424x300.jpg 424w, http:\/\/academiemixte.com\/wp-content\/uploads\/2024\/12\/21-300x212.jpg 300w, http:\/\/academiemixte.com\/wp-content\/uploads\/2024\/12\/21-1024x724.jpg 1024w, http:\/\/academiemixte.com\/wp-content\/uploads\/2024\/12\/21-768x543.jpg 768w, http:\/\/academiemixte.com\/wp-content\/uploads\/2024\/12\/21-1536x1086.jpg 1536w, http:\/\/academiemixte.com\/wp-content\/uploads\/2024\/12\/21-2048x1448.jpg 2048w, http:\/\/academiemixte.com\/wp-content\/uploads\/2024\/12\/21-18x12.jpg 18w\" sizes=\"(max-width: 424px) 100vw, 424px\" \/>\t\t\t\t\t\t\t\t<\/a>\n\t\t\t\t\t\t\t\t\t\t\t\t\t\t\t<\/div>\n\t\t\t\t<\/div>\n\t\t\t\t\t<\/div>\n\t\t<\/div>\n\t\t\t\t\t<\/div>\n\t\t<\/section>\n\t\t\t\t<\/div>","protected":false},"excerpt":{"rendered":"<p>Acad\u00e9mie MIXTE#1 &#8211; 2021-2022 Acad\u00e9mie MIXTE#2 &#8211; 2023-2024<\/p>","protected":false},"author":1,"featured_media":0,"parent":0,"menu_order":0,"comment_status":"closed","ping_status":"closed","template":"","meta":{"footnotes":""},"class_list":["post-2161","page","type-page","status-publish","hentry"],"yoast_head":"<!-- This site is optimized with the Yoast SEO plugin v27.3 - https:\/\/yoast.com\/product\/yoast-seo-wordpress\/ -->\n<title>\u00c9ditions pr\u00e9c\u00e9dentes &#8226; Acad\u00e9mie MIXTE<\/title>\n<meta name=\"robots\" content=\"index, follow, max-snippet:-1, max-image-preview:large, max-video-preview:-1\" \/>\n<link rel=\"canonical\" href=\"http:\/\/academiemixte.com\/en\/editions-precedentes\/\" \/>\n<meta property=\"og:locale\" content=\"en_US\" \/>\n<meta property=\"og:type\" content=\"article\" \/>\n<meta property=\"og:title\" content=\"\u00c9ditions pr\u00e9c\u00e9dentes &#8226; Acad\u00e9mie MIXTE\" \/>\n<meta property=\"og:description\" content=\"Acad\u00e9mie MIXTE#1 &#8211; 2021-2022 Acad\u00e9mie MIXTE#2 &#8211; 2023-2024\" \/>\n<meta property=\"og:url\" content=\"http:\/\/academiemixte.com\/en\/editions-precedentes\/\" \/>\n<meta property=\"og:site_name\" content=\"Acad\u00e9mie MIXTE\" \/>\n<meta property=\"article:publisher\" content=\"https:\/\/www.facebook.com\/MIXTEacademie\" \/>\n<meta property=\"article:modified_time\" content=\"2025-03-03T16:19:19+00:00\" \/>\n<meta property=\"og:image\" content=\"http:\/\/academiemixte.com\/wp-content\/uploads\/2023\/03\/IMG_0003-scaled.jpg\" \/>\n\t<meta property=\"og:image:width\" content=\"2560\" \/>\n\t<meta property=\"og:image:height\" content=\"1920\" \/>\n\t<meta property=\"og:image:type\" content=\"image\/jpeg\" \/>\n<meta name=\"twitter:card\" content=\"summary_large_image\" \/>\n<meta name=\"twitter:site\" content=\"@PcProxima\" \/>\n<meta name=\"twitter:label1\" content=\"Est. reading time\" \/>\n\t<meta name=\"twitter:data1\" content=\"1 minute\" \/>\n<script type=\"application\/ld+json\" class=\"yoast-schema-graph\">{\"@context\":\"https:\\\/\\\/schema.org\",\"@graph\":[{\"@type\":\"WebPage\",\"@id\":\"http:\\\/\\\/academiemixte.com\\\/editions-precedentes\\\/\",\"url\":\"http:\\\/\\\/academiemixte.com\\\/editions-precedentes\\\/\",\"name\":\"\u00c9ditions pr\u00e9c\u00e9dentes &#8226; Acad\u00e9mie MIXTE\",\"isPartOf\":{\"@id\":\"http:\\\/\\\/academiemixte.com\\\/#website\"},\"primaryImageOfPage\":{\"@id\":\"http:\\\/\\\/academiemixte.com\\\/editions-precedentes\\\/#primaryimage\"},\"image\":{\"@id\":\"http:\\\/\\\/academiemixte.com\\\/editions-precedentes\\\/#primaryimage\"},\"thumbnailUrl\":\"http:\\\/\\\/academiemixte.com\\\/wp-content\\\/uploads\\\/2023\\\/03\\\/IMG_0003-400x300.jpg\",\"datePublished\":\"2025-01-30T15:34:57+00:00\",\"dateModified\":\"2025-03-03T16:19:19+00:00\",\"breadcrumb\":{\"@id\":\"http:\\\/\\\/academiemixte.com\\\/editions-precedentes\\\/#breadcrumb\"},\"inLanguage\":\"en-US\",\"potentialAction\":[{\"@type\":\"ReadAction\",\"target\":[\"http:\\\/\\\/academiemixte.com\\\/editions-precedentes\\\/\"]}]},{\"@type\":\"ImageObject\",\"inLanguage\":\"en-US\",\"@id\":\"http:\\\/\\\/academiemixte.com\\\/editions-precedentes\\\/#primaryimage\",\"url\":\"http:\\\/\\\/academiemixte.com\\\/wp-content\\\/uploads\\\/2023\\\/03\\\/IMG_0003-400x300.jpg\",\"contentUrl\":\"http:\\\/\\\/academiemixte.com\\\/wp-content\\\/uploads\\\/2023\\\/03\\\/IMG_0003-400x300.jpg\"},{\"@type\":\"BreadcrumbList\",\"@id\":\"http:\\\/\\\/academiemixte.com\\\/editions-precedentes\\\/#breadcrumb\",\"itemListElement\":[{\"@type\":\"ListItem\",\"position\":1,\"name\":\"Accueil\",\"item\":\"http:\\\/\\\/academiemixte.com\\\/\"},{\"@type\":\"ListItem\",\"position\":2,\"name\":\"\u00c9ditions pr\u00e9c\u00e9dentes\"}]},{\"@type\":\"WebSite\",\"@id\":\"http:\\\/\\\/academiemixte.com\\\/#website\",\"url\":\"http:\\\/\\\/academiemixte.com\\\/\",\"name\":\"Acad\u00e9mie MIXTE\",\"description\":\"Acad\u00e9mie internationale de cr\u00e9ation musicale\",\"publisher\":{\"@id\":\"http:\\\/\\\/academiemixte.com\\\/#organization\"},\"potentialAction\":[{\"@type\":\"SearchAction\",\"target\":{\"@type\":\"EntryPoint\",\"urlTemplate\":\"http:\\\/\\\/academiemixte.com\\\/?s={search_term_string}\"},\"query-input\":{\"@type\":\"PropertyValueSpecification\",\"valueRequired\":true,\"valueName\":\"search_term_string\"}}],\"inLanguage\":\"en-US\"},{\"@type\":\"Organization\",\"@id\":\"http:\\\/\\\/academiemixte.com\\\/#organization\",\"name\":\"Acad\u00e9mie MIXTE\",\"url\":\"http:\\\/\\\/academiemixte.com\\\/\",\"logo\":{\"@type\":\"ImageObject\",\"inLanguage\":\"en-US\",\"@id\":\"http:\\\/\\\/academiemixte.com\\\/#\\\/schema\\\/logo\\\/image\\\/\",\"url\":\"http:\\\/\\\/academiemixte.com\\\/wp-content\\\/uploads\\\/2022\\\/01\\\/LOGO-test1.jpg\",\"contentUrl\":\"http:\\\/\\\/academiemixte.com\\\/wp-content\\\/uploads\\\/2022\\\/01\\\/LOGO-test1.jpg\",\"width\":270,\"height\":341,\"caption\":\"Acad\u00e9mie MIXTE\"},\"image\":{\"@id\":\"http:\\\/\\\/academiemixte.com\\\/#\\\/schema\\\/logo\\\/image\\\/\"},\"sameAs\":[\"https:\\\/\\\/www.facebook.com\\\/MIXTEacademie\",\"https:\\\/\\\/x.com\\\/PcProxima\",\"https:\\\/\\\/www.instagram.com\\\/proximacentauribdx\\\/\",\"https:\\\/\\\/www.linkedin.com\\\/in\\\/proximacentauri\\\/\",\"https:\\\/\\\/www.youtube.com\\\/c\\\/proximacentaurimusique\"]}]}<\/script>\n<!-- \/ Yoast SEO plugin. -->","yoast_head_json":{"title":"\u00c9ditions pr\u00e9c\u00e9dentes &#8226; Acad\u00e9mie MIXTE","robots":{"index":"index","follow":"follow","max-snippet":"max-snippet:-1","max-image-preview":"max-image-preview:large","max-video-preview":"max-video-preview:-1"},"canonical":"http:\/\/academiemixte.com\/en\/editions-precedentes\/","og_locale":"en_US","og_type":"article","og_title":"\u00c9ditions pr\u00e9c\u00e9dentes &#8226; Acad\u00e9mie MIXTE","og_description":"Acad\u00e9mie MIXTE#1 &#8211; 2021-2022 Acad\u00e9mie MIXTE#2 &#8211; 2023-2024","og_url":"http:\/\/academiemixte.com\/en\/editions-precedentes\/","og_site_name":"Acad\u00e9mie MIXTE","article_publisher":"https:\/\/www.facebook.com\/MIXTEacademie","article_modified_time":"2025-03-03T16:19:19+00:00","og_image":[{"width":2560,"height":1920,"url":"http:\/\/academiemixte.com\/wp-content\/uploads\/2023\/03\/IMG_0003-scaled.jpg","type":"image\/jpeg"}],"twitter_card":"summary_large_image","twitter_site":"@PcProxima","twitter_misc":{"Est. reading time":"1 minute"},"schema":{"@context":"https:\/\/schema.org","@graph":[{"@type":"WebPage","@id":"http:\/\/academiemixte.com\/editions-precedentes\/","url":"http:\/\/academiemixte.com\/editions-precedentes\/","name":"\u00c9ditions pr\u00e9c\u00e9dentes &#8226; Acad\u00e9mie MIXTE","isPartOf":{"@id":"http:\/\/academiemixte.com\/#website"},"primaryImageOfPage":{"@id":"http:\/\/academiemixte.com\/editions-precedentes\/#primaryimage"},"image":{"@id":"http:\/\/academiemixte.com\/editions-precedentes\/#primaryimage"},"thumbnailUrl":"http:\/\/academiemixte.com\/wp-content\/uploads\/2023\/03\/IMG_0003-400x300.jpg","datePublished":"2025-01-30T15:34:57+00:00","dateModified":"2025-03-03T16:19:19+00:00","breadcrumb":{"@id":"http:\/\/academiemixte.com\/editions-precedentes\/#breadcrumb"},"inLanguage":"en-US","potentialAction":[{"@type":"ReadAction","target":["http:\/\/academiemixte.com\/editions-precedentes\/"]}]},{"@type":"ImageObject","inLanguage":"en-US","@id":"http:\/\/academiemixte.com\/editions-precedentes\/#primaryimage","url":"http:\/\/academiemixte.com\/wp-content\/uploads\/2023\/03\/IMG_0003-400x300.jpg","contentUrl":"http:\/\/academiemixte.com\/wp-content\/uploads\/2023\/03\/IMG_0003-400x300.jpg"},{"@type":"BreadcrumbList","@id":"http:\/\/academiemixte.com\/editions-precedentes\/#breadcrumb","itemListElement":[{"@type":"ListItem","position":1,"name":"Accueil","item":"http:\/\/academiemixte.com\/"},{"@type":"ListItem","position":2,"name":"\u00c9ditions pr\u00e9c\u00e9dentes"}]},{"@type":"WebSite","@id":"http:\/\/academiemixte.com\/#website","url":"http:\/\/academiemixte.com\/","name":"MIXTE Academy","description":"International academy of musical creation","publisher":{"@id":"http:\/\/academiemixte.com\/#organization"},"potentialAction":[{"@type":"SearchAction","target":{"@type":"EntryPoint","urlTemplate":"http:\/\/academiemixte.com\/?s={search_term_string}"},"query-input":{"@type":"PropertyValueSpecification","valueRequired":true,"valueName":"search_term_string"}}],"inLanguage":"en-US"},{"@type":"Organization","@id":"http:\/\/academiemixte.com\/#organization","name":"MIXTE Academy","url":"http:\/\/academiemixte.com\/","logo":{"@type":"ImageObject","inLanguage":"en-US","@id":"http:\/\/academiemixte.com\/#\/schema\/logo\/image\/","url":"http:\/\/academiemixte.com\/wp-content\/uploads\/2022\/01\/LOGO-test1.jpg","contentUrl":"http:\/\/academiemixte.com\/wp-content\/uploads\/2022\/01\/LOGO-test1.jpg","width":270,"height":341,"caption":"Acad\u00e9mie MIXTE"},"image":{"@id":"http:\/\/academiemixte.com\/#\/schema\/logo\/image\/"},"sameAs":["https:\/\/www.facebook.com\/MIXTEacademie","https:\/\/x.com\/PcProxima","https:\/\/www.instagram.com\/proximacentauribdx\/","https:\/\/www.linkedin.com\/in\/proximacentauri\/","https:\/\/www.youtube.com\/c\/proximacentaurimusique"]}]}},"_links":{"self":[{"href":"http:\/\/academiemixte.com\/en\/wp-json\/wp\/v2\/pages\/2161","targetHints":{"allow":["GET"]}}],"collection":[{"href":"http:\/\/academiemixte.com\/en\/wp-json\/wp\/v2\/pages"}],"about":[{"href":"http:\/\/academiemixte.com\/en\/wp-json\/wp\/v2\/types\/page"}],"author":[{"embeddable":true,"href":"http:\/\/academiemixte.com\/en\/wp-json\/wp\/v2\/users\/1"}],"replies":[{"embeddable":true,"href":"http:\/\/academiemixte.com\/en\/wp-json\/wp\/v2\/comments?post=2161"}],"version-history":[{"count":28,"href":"http:\/\/academiemixte.com\/en\/wp-json\/wp\/v2\/pages\/2161\/revisions"}],"predecessor-version":[{"id":2648,"href":"http:\/\/academiemixte.com\/en\/wp-json\/wp\/v2\/pages\/2161\/revisions\/2648"}],"wp:attachment":[{"href":"http:\/\/academiemixte.com\/en\/wp-json\/wp\/v2\/media?parent=2161"}],"curies":[{"name":"wp","href":"https:\/\/api.w.org\/{rel}","templated":true}]}}