{"id":2420,"date":"2025-03-03T10:51:28","date_gmt":"2025-03-03T10:51:28","guid":{"rendered":"http:\/\/academiemixte.com\/?page_id=2420"},"modified":"2025-03-18T17:22:54","modified_gmt":"2025-03-18T17:22:54","slug":"proxima-centauri-2","status":"publish","type":"page","link":"http:\/\/academiemixte.com\/en\/proxima-centauri-2\/","title":{"rendered":"Proxima Centauri 003(0)5 57 95 71 52"},"content":{"rendered":"<div data-elementor-type=\"wp-page\" data-elementor-id=\"2420\" class=\"elementor elementor-2420\">\n\t\t\t\t\t\t<section class=\"elementor-section elementor-top-section elementor-element elementor-element-f27e648 elementor-section-boxed elementor-section-height-default elementor-section-height-default\" data-id=\"f27e648\" data-element_type=\"section\" data-e-type=\"section\">\n\t\t\t\t\t\t<div class=\"elementor-container elementor-column-gap-default\">\n\t\t\t\t\t<div class=\"elementor-column elementor-col-100 elementor-top-column elementor-element elementor-element-05d6c29\" data-id=\"05d6c29\" data-element_type=\"column\" data-e-type=\"column\">\n\t\t\t<div class=\"elementor-widget-wrap elementor-element-populated\">\n\t\t\t\t\t\t<div class=\"elementor-element elementor-element-b74ffb6 elementor-widget__width-initial elementor-widget elementor-widget-image\" data-id=\"b74ffb6\" data-element_type=\"widget\" data-e-type=\"widget\" data-widget_type=\"image.default\">\n\t\t\t\t<div class=\"elementor-widget-container\">\n\t\t\t\t\t\t\t\t\t\t\t\t<figure class=\"wp-caption\">\n\t\t\t\t\t\t\t\t\t\t<img fetchpriority=\"high\" decoding=\"async\" width=\"2560\" height=\"1703\" src=\"http:\/\/academiemixte.com\/wp-content\/uploads\/2025\/02\/Proxima_Centauri-80\u00a9Frederic-Desmesure-scaled.jpg\" class=\"attachment-full size-full wp-image-2392\" alt=\"\" srcset=\"http:\/\/academiemixte.com\/wp-content\/uploads\/2025\/02\/Proxima_Centauri-80\u00a9Frederic-Desmesure-scaled.jpg 2560w, http:\/\/academiemixte.com\/wp-content\/uploads\/2025\/02\/Proxima_Centauri-80\u00a9Frederic-Desmesure-300x200.jpg 300w, http:\/\/academiemixte.com\/wp-content\/uploads\/2025\/02\/Proxima_Centauri-80\u00a9Frederic-Desmesure-1024x681.jpg 1024w, http:\/\/academiemixte.com\/wp-content\/uploads\/2025\/02\/Proxima_Centauri-80\u00a9Frederic-Desmesure-768x511.jpg 768w, http:\/\/academiemixte.com\/wp-content\/uploads\/2025\/02\/Proxima_Centauri-80\u00a9Frederic-Desmesure-1536x1022.jpg 1536w, http:\/\/academiemixte.com\/wp-content\/uploads\/2025\/02\/Proxima_Centauri-80\u00a9Frederic-Desmesure-2048x1363.jpg 2048w, http:\/\/academiemixte.com\/wp-content\/uploads\/2025\/02\/Proxima_Centauri-80\u00a9Frederic-Desmesure-18x12.jpg 18w, http:\/\/academiemixte.com\/wp-content\/uploads\/2025\/02\/Proxima_Centauri-80\u00a9Frederic-Desmesure-451x300.jpg 451w\" sizes=\"(max-width: 2560px) 100vw, 2560px\" \/>\t\t\t\t\t\t\t\t\t\t\t<figcaption class=\"widget-image-caption wp-caption-text\">\u00a9Fr\u00e9d\u00e9ric Desmesure<\/figcaption>\n\t\t\t\t\t\t\t\t\t\t<\/figure>\n\t\t\t\t\t\t\t\t\t<\/div>\n\t\t\t\t<\/div>\n\t\t\t\t\t<\/div>\n\t\t<\/div>\n\t\t\t\t\t<\/div>\n\t\t<\/section>\n\t\t\t\t<section class=\"elementor-section elementor-top-section elementor-element elementor-element-8f88be7 elementor-section-boxed elementor-section-height-default elementor-section-height-default\" data-id=\"8f88be7\" data-element_type=\"section\" data-e-type=\"section\">\n\t\t\t\t\t\t<div class=\"elementor-container elementor-column-gap-default\">\n\t\t\t\t\t<div class=\"elementor-column elementor-col-100 elementor-top-column elementor-element elementor-element-5df5afd\" data-id=\"5df5afd\" data-element_type=\"column\" data-e-type=\"column\">\n\t\t\t<div class=\"elementor-widget-wrap elementor-element-populated\">\n\t\t\t\t\t\t<div class=\"elementor-element elementor-element-d9d8488 elementor-widget elementor-widget-text-editor\" data-id=\"d9d8488\" data-element_type=\"widget\" data-e-type=\"widget\" data-widget_type=\"text-editor.default\">\n\t\t\t\t<div class=\"elementor-widget-container\">\n\t\t\t\t\t\t\t\t\t<section class=\"elementor-section elementor-top-section elementor-element elementor-element-d612b38 elementor-section-boxed elementor-section-height-default elementor-section-height-default\" data-id=\"d612b38\" data-element_type=\"section\"><div class=\"elementor-container elementor-column-gap-default\"><div class=\"elementor-column elementor-col-100 elementor-top-column elementor-element elementor-element-5f65664\" data-id=\"5f65664\" data-element_type=\"column\"><div class=\"elementor-widget-wrap elementor-element-populated\"><div class=\"elementor-element elementor-element-f8c43cc elementor-widget elementor-widget-text-editor\" data-id=\"f8c43cc\" data-element_type=\"widget\" data-widget_type=\"text-editor.default\"><div class=\"elementor-widget-container\"><p>Proxima Centauri is a musical ensemble that has been involved in contemporary music for over thirty years. With its singular palette of sounds (piano, flute, percussion, saxophone, electronics), it renews chamber music by integrating electroacoustics as a full-fledged member of the ensemble.<\/p><p>Since its creation, Proxima Centauri has collaborated with a number of musicians, performers and improvisers, as well as artists from the fields of dance, visual arts and theatre. In this way, the ensemble promotes a multi-disciplinary artistic approach at the crossroads of the arts, combining musical creation, visual arts and, occasionally, audience participation.<\/p><p>Under the artistic direction of Marie-Bernadette Charrier, the ensemble follows an active commissioning policy and creates many works by composers of this century, alternating with the interpretation of the great masters of the 20th century. Proxima Centauri invests also research in contemporary instrument-making.<\/p><p>Internationally renowned, the ensemble is invited to numerous festivals and tours in Europe, America, Asia and Oceania.<\/p><p>Formed as an association and based in Bordeaux since 1991, the ensemble develops a strong cultural season through a series of events that regularly reach out to all audiences - OPUS, SPOT, Festival M\u00c0D, Acad\u00e9mie MIXTE - in partnership with cultural institutions and associations. Transmission is at the heart of the ensemble's activities, with its programme of artistic and cultural education for primary and secondary schools; its educational programme for students at the Bordeaux Jacques Thibaud Conservatoire and the PESMD - P\u00f4le d'Enseignement Sup\u00e9rieur de Musique et de Danse Bordeaux Nouvelle-Aquitaine; and through the Acad\u00e9mie MIXTE, an international academy of musical creation for young composers and performers that it is now developing throughout the Nouvelle Aquitaine region.<\/p><p>Plus d\u2019informations : <a href=\"https:\/\/proximacentauri.fr\">https:\/\/proximacentauri.fr<\/a><\/p><\/div><\/div><\/div><\/div><\/div><\/section>\t\t\t\t\t\t\t\t<\/div>\n\t\t\t\t<\/div>\n\t\t\t\t\t<\/div>\n\t\t<\/div>\n\t\t\t\t\t<\/div>\n\t\t<\/section>\n\t\t\t\t<\/div>","protected":false},"excerpt":{"rendered":"<p>\u00a9Fr\u00e9d\u00e9ric Desmesure Proxima Centauri est un ensemble musical engag\u00e9 depuis plus de trentre ans dans le secteur de la musique contemporaine. Dot\u00e9 d\u2019une palette sonore &hellip;<\/p>","protected":false},"author":1,"featured_media":0,"parent":0,"menu_order":0,"comment_status":"closed","ping_status":"closed","template":"","meta":{"footnotes":""},"class_list":["post-2420","page","type-page","status-publish","hentry"],"yoast_head":"<!-- This site is optimized with the Yoast SEO plugin v27.3 - https:\/\/yoast.com\/product\/yoast-seo-wordpress\/ -->\n<title>Proxima Centauri &#8226; Acad\u00e9mie MIXTE<\/title>\n<meta name=\"robots\" content=\"index, follow, max-snippet:-1, max-image-preview:large, max-video-preview:-1\" \/>\n<link rel=\"canonical\" href=\"http:\/\/academiemixte.com\/en\/proxima-centauri-2\/\" \/>\n<meta property=\"og:locale\" content=\"en_US\" \/>\n<meta property=\"og:type\" content=\"article\" \/>\n<meta property=\"og:title\" content=\"Proxima Centauri &#8226; Acad\u00e9mie MIXTE\" \/>\n<meta property=\"og:description\" content=\"\u00a9Fr\u00e9d\u00e9ric Desmesure Proxima Centauri est un ensemble musical engag\u00e9 depuis plus de trentre ans dans le secteur de la musique contemporaine. Dot\u00e9 d\u2019une palette sonore &hellip;\" \/>\n<meta property=\"og:url\" content=\"http:\/\/academiemixte.com\/en\/proxima-centauri-2\/\" \/>\n<meta property=\"og:site_name\" content=\"Acad\u00e9mie MIXTE\" \/>\n<meta property=\"article:publisher\" content=\"https:\/\/www.facebook.com\/MIXTEacademie\" \/>\n<meta property=\"article:modified_time\" content=\"2025-03-18T17:22:54+00:00\" \/>\n<meta name=\"twitter:card\" content=\"summary_large_image\" \/>\n<meta name=\"twitter:site\" content=\"@PcProxima\" \/>\n<meta name=\"twitter:label1\" content=\"Est. reading time\" \/>\n\t<meta name=\"twitter:data1\" content=\"4 minutes\" \/>\n<script type=\"application\/ld+json\" class=\"yoast-schema-graph\">{\"@context\":\"https:\\\/\\\/schema.org\",\"@graph\":[{\"@type\":\"WebPage\",\"@id\":\"http:\\\/\\\/academiemixte.com\\\/proxima-centauri-2\\\/\",\"url\":\"http:\\\/\\\/academiemixte.com\\\/proxima-centauri-2\\\/\",\"name\":\"Proxima Centauri &#8226; Acad\u00e9mie MIXTE\",\"isPartOf\":{\"@id\":\"http:\\\/\\\/academiemixte.com\\\/#website\"},\"datePublished\":\"2025-03-03T10:51:28+00:00\",\"dateModified\":\"2025-03-18T17:22:54+00:00\",\"breadcrumb\":{\"@id\":\"http:\\\/\\\/academiemixte.com\\\/proxima-centauri-2\\\/#breadcrumb\"},\"inLanguage\":\"en-US\",\"potentialAction\":[{\"@type\":\"ReadAction\",\"target\":[\"http:\\\/\\\/academiemixte.com\\\/proxima-centauri-2\\\/\"]}]},{\"@type\":\"BreadcrumbList\",\"@id\":\"http:\\\/\\\/academiemixte.com\\\/proxima-centauri-2\\\/#breadcrumb\",\"itemListElement\":[{\"@type\":\"ListItem\",\"position\":1,\"name\":\"Accueil\",\"item\":\"http:\\\/\\\/academiemixte.com\\\/\"},{\"@type\":\"ListItem\",\"position\":2,\"name\":\"Proxima Centauri\"}]},{\"@type\":\"WebSite\",\"@id\":\"http:\\\/\\\/academiemixte.com\\\/#website\",\"url\":\"http:\\\/\\\/academiemixte.com\\\/\",\"name\":\"Acad\u00e9mie MIXTE\",\"description\":\"Acad\u00e9mie internationale de cr\u00e9ation musicale\",\"publisher\":{\"@id\":\"http:\\\/\\\/academiemixte.com\\\/#organization\"},\"potentialAction\":[{\"@type\":\"SearchAction\",\"target\":{\"@type\":\"EntryPoint\",\"urlTemplate\":\"http:\\\/\\\/academiemixte.com\\\/?s={search_term_string}\"},\"query-input\":{\"@type\":\"PropertyValueSpecification\",\"valueRequired\":true,\"valueName\":\"search_term_string\"}}],\"inLanguage\":\"en-US\"},{\"@type\":\"Organization\",\"@id\":\"http:\\\/\\\/academiemixte.com\\\/#organization\",\"name\":\"Acad\u00e9mie MIXTE\",\"url\":\"http:\\\/\\\/academiemixte.com\\\/\",\"logo\":{\"@type\":\"ImageObject\",\"inLanguage\":\"en-US\",\"@id\":\"http:\\\/\\\/academiemixte.com\\\/#\\\/schema\\\/logo\\\/image\\\/\",\"url\":\"http:\\\/\\\/academiemixte.com\\\/wp-content\\\/uploads\\\/2022\\\/01\\\/LOGO-test1.jpg\",\"contentUrl\":\"http:\\\/\\\/academiemixte.com\\\/wp-content\\\/uploads\\\/2022\\\/01\\\/LOGO-test1.jpg\",\"width\":270,\"height\":341,\"caption\":\"Acad\u00e9mie MIXTE\"},\"image\":{\"@id\":\"http:\\\/\\\/academiemixte.com\\\/#\\\/schema\\\/logo\\\/image\\\/\"},\"sameAs\":[\"https:\\\/\\\/www.facebook.com\\\/MIXTEacademie\",\"https:\\\/\\\/x.com\\\/PcProxima\",\"https:\\\/\\\/www.instagram.com\\\/proximacentauribdx\\\/\",\"https:\\\/\\\/www.linkedin.com\\\/in\\\/proximacentauri\\\/\",\"https:\\\/\\\/www.youtube.com\\\/c\\\/proximacentaurimusique\"]}]}<\/script>\n<!-- \/ Yoast SEO plugin. -->","yoast_head_json":{"title":"Proxima Centauri &#8226; Acad\u00e9mie MIXTE","robots":{"index":"index","follow":"follow","max-snippet":"max-snippet:-1","max-image-preview":"max-image-preview:large","max-video-preview":"max-video-preview:-1"},"canonical":"http:\/\/academiemixte.com\/en\/proxima-centauri-2\/","og_locale":"en_US","og_type":"article","og_title":"Proxima Centauri &#8226; Acad\u00e9mie MIXTE","og_description":"\u00a9Fr\u00e9d\u00e9ric Desmesure Proxima Centauri est un ensemble musical engag\u00e9 depuis plus de trentre ans dans le secteur de la musique contemporaine. Dot\u00e9 d\u2019une palette sonore &hellip;","og_url":"http:\/\/academiemixte.com\/en\/proxima-centauri-2\/","og_site_name":"Acad\u00e9mie MIXTE","article_publisher":"https:\/\/www.facebook.com\/MIXTEacademie","article_modified_time":"2025-03-18T17:22:54+00:00","twitter_card":"summary_large_image","twitter_site":"@PcProxima","twitter_misc":{"Est. reading time":"4 minutes"},"schema":{"@context":"https:\/\/schema.org","@graph":[{"@type":"WebPage","@id":"http:\/\/academiemixte.com\/proxima-centauri-2\/","url":"http:\/\/academiemixte.com\/proxima-centauri-2\/","name":"Proxima Centauri &#8226; Acad\u00e9mie MIXTE","isPartOf":{"@id":"http:\/\/academiemixte.com\/#website"},"datePublished":"2025-03-03T10:51:28+00:00","dateModified":"2025-03-18T17:22:54+00:00","breadcrumb":{"@id":"http:\/\/academiemixte.com\/proxima-centauri-2\/#breadcrumb"},"inLanguage":"en-US","potentialAction":[{"@type":"ReadAction","target":["http:\/\/academiemixte.com\/proxima-centauri-2\/"]}]},{"@type":"BreadcrumbList","@id":"http:\/\/academiemixte.com\/proxima-centauri-2\/#breadcrumb","itemListElement":[{"@type":"ListItem","position":1,"name":"Accueil","item":"http:\/\/academiemixte.com\/"},{"@type":"ListItem","position":2,"name":"Proxima Centauri"}]},{"@type":"WebSite","@id":"http:\/\/academiemixte.com\/#website","url":"http:\/\/academiemixte.com\/","name":"MIXTE Academy","description":"International academy of musical creation","publisher":{"@id":"http:\/\/academiemixte.com\/#organization"},"potentialAction":[{"@type":"SearchAction","target":{"@type":"EntryPoint","urlTemplate":"http:\/\/academiemixte.com\/?s={search_term_string}"},"query-input":{"@type":"PropertyValueSpecification","valueRequired":true,"valueName":"search_term_string"}}],"inLanguage":"en-US"},{"@type":"Organization","@id":"http:\/\/academiemixte.com\/#organization","name":"MIXTE Academy","url":"http:\/\/academiemixte.com\/","logo":{"@type":"ImageObject","inLanguage":"en-US","@id":"http:\/\/academiemixte.com\/#\/schema\/logo\/image\/","url":"http:\/\/academiemixte.com\/wp-content\/uploads\/2022\/01\/LOGO-test1.jpg","contentUrl":"http:\/\/academiemixte.com\/wp-content\/uploads\/2022\/01\/LOGO-test1.jpg","width":270,"height":341,"caption":"Acad\u00e9mie MIXTE"},"image":{"@id":"http:\/\/academiemixte.com\/#\/schema\/logo\/image\/"},"sameAs":["https:\/\/www.facebook.com\/MIXTEacademie","https:\/\/x.com\/PcProxima","https:\/\/www.instagram.com\/proximacentauribdx\/","https:\/\/www.linkedin.com\/in\/proximacentauri\/","https:\/\/www.youtube.com\/c\/proximacentaurimusique"]}]}},"_links":{"self":[{"href":"http:\/\/academiemixte.com\/en\/wp-json\/wp\/v2\/pages\/2420","targetHints":{"allow":["GET"]}}],"collection":[{"href":"http:\/\/academiemixte.com\/en\/wp-json\/wp\/v2\/pages"}],"about":[{"href":"http:\/\/academiemixte.com\/en\/wp-json\/wp\/v2\/types\/page"}],"author":[{"embeddable":true,"href":"http:\/\/academiemixte.com\/en\/wp-json\/wp\/v2\/users\/1"}],"replies":[{"embeddable":true,"href":"http:\/\/academiemixte.com\/en\/wp-json\/wp\/v2\/comments?post=2420"}],"version-history":[{"count":19,"href":"http:\/\/academiemixte.com\/en\/wp-json\/wp\/v2\/pages\/2420\/revisions"}],"predecessor-version":[{"id":2805,"href":"http:\/\/academiemixte.com\/en\/wp-json\/wp\/v2\/pages\/2420\/revisions\/2805"}],"wp:attachment":[{"href":"http:\/\/academiemixte.com\/en\/wp-json\/wp\/v2\/media?parent=2420"}],"curies":[{"name":"wp","href":"https:\/\/api.w.org\/{rel}","templated":true}]}}