{"id":2480,"date":"2025-03-03T11:39:47","date_gmt":"2025-03-03T11:39:47","guid":{"rendered":"http:\/\/academiemixte.com\/?page_id=2480"},"modified":"2025-07-30T12:39:43","modified_gmt":"2025-07-30T12:39:43","slug":"marie-bernadettte-charrier-saxophones","status":"publish","type":"page","link":"http:\/\/academiemixte.com\/en\/marie-bernadettte-charrier-saxophones\/","title":{"rendered":"Marie-Bernadettte Charrier, saxophones"},"content":{"rendered":"<div data-elementor-type=\"wp-page\" data-elementor-id=\"2480\" class=\"elementor elementor-2480\">\n\t\t\t\t\t\t<section class=\"elementor-section elementor-top-section elementor-element elementor-element-dfc6f19 elementor-section-boxed elementor-section-height-default elementor-section-height-default\" data-id=\"dfc6f19\" data-element_type=\"section\" data-e-type=\"section\">\n\t\t\t\t\t\t<div class=\"elementor-container elementor-column-gap-default\">\n\t\t\t\t\t<div class=\"elementor-column elementor-col-100 elementor-top-column elementor-element elementor-element-aa7586a\" data-id=\"aa7586a\" data-element_type=\"column\" data-e-type=\"column\">\n\t\t\t<div class=\"elementor-widget-wrap elementor-element-populated\">\n\t\t\t\t\t\t<div class=\"elementor-element elementor-element-7e5f0c7 elementor-widget elementor-widget-image\" data-id=\"7e5f0c7\" data-element_type=\"widget\" data-e-type=\"widget\" data-widget_type=\"image.default\">\n\t\t\t\t<div class=\"elementor-widget-container\">\n\t\t\t\t\t\t\t\t\t\t\t\t\t\t\t<img decoding=\"async\" src=\"http:\/\/academiemixte.com\/wp-content\/uploads\/elementor\/thumbs\/MAD-2024-009-scaled-r2bbsnruvzlywrdpmhmm4pp05mxf0bsseg9fh87vb6.jpg\" title=\"MAD 2024\" alt=\"Concerts au T4STh\u00e9atre des Quatre Saisons de GradignanDimanche 24 Novembre 2024\" loading=\"lazy\" \/>\t\t\t\t\t\t\t\t\t\t\t\t\t\t\t<\/div>\n\t\t\t\t<\/div>\n\t\t\t\t<div class=\"elementor-element elementor-element-3da3acf elementor-widget elementor-widget-text-editor\" data-id=\"3da3acf\" data-element_type=\"widget\" data-e-type=\"widget\" data-widget_type=\"text-editor.default\">\n\t\t\t\t<div class=\"elementor-widget-container\">\n\t\t\t\t\t\t\t\t\t<p style=\"text-align: center;\">\u00a9Fr\u00e9d\u00e9ric Desmesure<\/p>\t\t\t\t\t\t\t\t<\/div>\n\t\t\t\t<\/div>\n\t\t\t\t\t<\/div>\n\t\t<\/div>\n\t\t\t\t\t<\/div>\n\t\t<\/section>\n\t\t\t\t<section class=\"elementor-section elementor-top-section elementor-element elementor-element-0762e88 elementor-section-boxed elementor-section-height-default elementor-section-height-default\" data-id=\"0762e88\" data-element_type=\"section\" data-e-type=\"section\">\n\t\t\t\t\t\t<div class=\"elementor-container elementor-column-gap-default\">\n\t\t\t\t\t<div class=\"elementor-column elementor-col-100 elementor-top-column elementor-element elementor-element-44b29b8\" data-id=\"44b29b8\" data-element_type=\"column\" data-e-type=\"column\">\n\t\t\t<div class=\"elementor-widget-wrap elementor-element-populated\">\n\t\t\t\t\t\t<div class=\"elementor-element elementor-element-8a8dfba elementor-widget elementor-widget-text-editor\" data-id=\"8a8dfba\" data-element_type=\"widget\" data-e-type=\"widget\" data-widget_type=\"text-editor.default\">\n\t\t\t\t<div class=\"elementor-widget-container\">\n\t\t\t\t\t\t\t\t\t<p>Curious and impassioned by all the musical currents of today, Marie-Bernadette Charrier carries out an international career (France, Germany, Spain, Italy, Portugal, Belgium, Slovenia, Estonia, Switzerland, Austria, Ireland, Australia, Tasmania, Sweden, Denmark, Canada, USA, Japan, China, Peru, Colombia, Mexico, Thailand, Chile, Venezuela, Argentina, Croatia, Brazil\u2026) as a soloist and in chamber music with the ensemble Proxima Centauri of which she is the artistic Director.<\/p>\n<p>She is regularly invited to perform in many international Events or Festivals (Ars Musica,Sonorities festival, Suona Francese, 38\u00e8me Rugissants, Radio France, Sintese, festivalLatinoamericano de Caracas, festival Musicacoustica Beijing, les Jeudis of Villa Medicis,Festival Pr\u00e9sences Paris 22 et 25 Paris, B!ME de Lyon, Festival Experimenta du P\u00e9rou, lesPropagations Marseille \u2026).<\/p>\n<p>She has taken part in various radio shows and recordings in Germany, Ireland, France, Switzerland, Australia and is regularly invited to give conferences and masterclasses in the world. She has played with the Philharmonic Orchestra of Pays de Loire, the Ensemble New Music, the International Orchestral Ensemble of Italy, the National Orchestra Bordeaux Aquitaine, the ensemble ARCEMA, the ensemble SMASH, the Philharmonic Orchestra of Bangkok, the New Modern Ensemble of Montreal, the ECM+.<\/p>\n<p>In constant relation with the composers, she promotes the development of a new original repertoire \u2013 which regularly integrates new technologies into the musician\u2019s tradition \u2013 practicing an active ordering policy with composers as R. Cendo, T. Alla, J. Arroyo, G. Aperghis, R. Biston, R. Cano Vali\u00f1o, JL. Campana, N. Gim\u00e9nez Comas, C. Havel, P. Jodlowski, G. Lorusso, Z. Moultaka, I. Malec, A. Markeas, M. Matalon, S. Movio, H. Parra, D. Rotella, F. Ross\u00e9, D. Rudel Rey\u2026<\/p>\n<p>She has written numerous articles which have been published in: Circuit Canada magazine, Asax magazine, Hello Mr sax, Portraits polychromes G. Racot, INA-GRM, book T. ALLA \u201cUn musicien \u00e0 la conqu\u00eate du timbre\/A musician on a quest for timbre\u201d by P-A Castanet\u2026<\/p>\n<p>She currently teaches the saxophone and chamber music at the PESMD (P\u00f4le d\u2019Enseignement Sup\u00e9rieur de Musique et de Danse de Bordeaux Nouvelle-Aquitaine\/Higher Education Centre for Music and Dance at Bordeaux) and the Conservatoire of Bordeaux, where she created in 1993 a class of interpretation of contemporary music for all instruments and she has been training generations of interpreters to the open practice of music of today.<\/p>\n<p>Marie-Bernadette Charrier is Selmer and Vandoren artist, Honorary Member of the French Association of saxophonists. She has created over a five hundred original works for saxophone written for her and has recorded twelve CDs.<\/p>\t\t\t\t\t\t\t\t<\/div>\n\t\t\t\t<\/div>\n\t\t\t\t\t<\/div>\n\t\t<\/div>\n\t\t\t\t\t<\/div>\n\t\t<\/section>\n\t\t\t\t<\/div>","protected":false},"excerpt":{"rendered":"<p>\u00a9Fr\u00e9d\u00e9ric Desmesure Curieuse et passionn\u00e9e par tous les courants musicaux d\u2019aujourd\u2019hui, Marie-Bernadette Charrier m\u00e8ne une carri\u00e8re internationale (France, Allemagne, Espagne, Portugal, Italie, Belgique, Slov\u00e9nie, Estonie, &hellip;<\/p>","protected":false},"author":1,"featured_media":0,"parent":0,"menu_order":0,"comment_status":"closed","ping_status":"closed","template":"","meta":{"footnotes":""},"class_list":["post-2480","page","type-page","status-publish","hentry"],"yoast_head":"<!-- This site is optimized with the Yoast SEO plugin v27.3 - https:\/\/yoast.com\/product\/yoast-seo-wordpress\/ -->\n<title>Marie-Bernadettte Charrier, saxophones &#8226; Acad\u00e9mie MIXTE<\/title>\n<meta name=\"robots\" content=\"index, follow, max-snippet:-1, max-image-preview:large, max-video-preview:-1\" \/>\n<link rel=\"canonical\" href=\"http:\/\/academiemixte.com\/en\/marie-bernadettte-charrier-saxophones\/\" \/>\n<meta property=\"og:locale\" content=\"en_US\" \/>\n<meta property=\"og:type\" content=\"article\" \/>\n<meta property=\"og:title\" content=\"Marie-Bernadettte Charrier, saxophones &#8226; Acad\u00e9mie MIXTE\" \/>\n<meta property=\"og:description\" content=\"\u00a9Fr\u00e9d\u00e9ric Desmesure Curieuse et passionn\u00e9e par tous les courants musicaux d\u2019aujourd\u2019hui, Marie-Bernadette Charrier m\u00e8ne une carri\u00e8re internationale (France, Allemagne, Espagne, Portugal, Italie, Belgique, Slov\u00e9nie, Estonie, &hellip;\" \/>\n<meta property=\"og:url\" content=\"http:\/\/academiemixte.com\/en\/marie-bernadettte-charrier-saxophones\/\" \/>\n<meta property=\"og:site_name\" content=\"Acad\u00e9mie MIXTE\" \/>\n<meta property=\"article:publisher\" content=\"https:\/\/www.facebook.com\/MIXTEacademie\" \/>\n<meta property=\"article:modified_time\" content=\"2025-07-30T12:39:43+00:00\" \/>\n<meta property=\"og:image\" content=\"http:\/\/academiemixte.com\/wp-content\/uploads\/elementor\/thumbs\/MAD-2024-009-scaled-r2bbsnruvzlywrdpmhmm4pp05mxf0bsseg9fh87vb6.jpg\" \/>\n<meta name=\"twitter:card\" content=\"summary_large_image\" \/>\n<meta name=\"twitter:site\" content=\"@PcProxima\" \/>\n<meta name=\"twitter:label1\" content=\"Est. reading time\" \/>\n\t<meta name=\"twitter:data1\" content=\"2 minutes\" \/>\n<script type=\"application\/ld+json\" class=\"yoast-schema-graph\">{\"@context\":\"https:\\\/\\\/schema.org\",\"@graph\":[{\"@type\":\"WebPage\",\"@id\":\"http:\\\/\\\/academiemixte.com\\\/marie-bernadettte-charrier-saxophones\\\/\",\"url\":\"http:\\\/\\\/academiemixte.com\\\/marie-bernadettte-charrier-saxophones\\\/\",\"name\":\"Marie-Bernadettte Charrier, saxophones &#8226; Acad\u00e9mie MIXTE\",\"isPartOf\":{\"@id\":\"http:\\\/\\\/academiemixte.com\\\/#website\"},\"primaryImageOfPage\":{\"@id\":\"http:\\\/\\\/academiemixte.com\\\/marie-bernadettte-charrier-saxophones\\\/#primaryimage\"},\"image\":{\"@id\":\"http:\\\/\\\/academiemixte.com\\\/marie-bernadettte-charrier-saxophones\\\/#primaryimage\"},\"thumbnailUrl\":\"http:\\\/\\\/academiemixte.com\\\/wp-content\\\/uploads\\\/elementor\\\/thumbs\\\/MAD-2024-009-scaled-r2bbsnruvzlywrdpmhmm4pp05mxf0bsseg9fh87vb6.jpg\",\"datePublished\":\"2025-03-03T11:39:47+00:00\",\"dateModified\":\"2025-07-30T12:39:43+00:00\",\"breadcrumb\":{\"@id\":\"http:\\\/\\\/academiemixte.com\\\/marie-bernadettte-charrier-saxophones\\\/#breadcrumb\"},\"inLanguage\":\"en-US\",\"potentialAction\":[{\"@type\":\"ReadAction\",\"target\":[\"http:\\\/\\\/academiemixte.com\\\/marie-bernadettte-charrier-saxophones\\\/\"]}]},{\"@type\":\"ImageObject\",\"inLanguage\":\"en-US\",\"@id\":\"http:\\\/\\\/academiemixte.com\\\/marie-bernadettte-charrier-saxophones\\\/#primaryimage\",\"url\":\"http:\\\/\\\/academiemixte.com\\\/wp-content\\\/uploads\\\/elementor\\\/thumbs\\\/MAD-2024-009-scaled-r2bbsnruvzlywrdpmhmm4pp05mxf0bsseg9fh87vb6.jpg\",\"contentUrl\":\"http:\\\/\\\/academiemixte.com\\\/wp-content\\\/uploads\\\/elementor\\\/thumbs\\\/MAD-2024-009-scaled-r2bbsnruvzlywrdpmhmm4pp05mxf0bsseg9fh87vb6.jpg\"},{\"@type\":\"BreadcrumbList\",\"@id\":\"http:\\\/\\\/academiemixte.com\\\/marie-bernadettte-charrier-saxophones\\\/#breadcrumb\",\"itemListElement\":[{\"@type\":\"ListItem\",\"position\":1,\"name\":\"Accueil\",\"item\":\"http:\\\/\\\/academiemixte.com\\\/\"},{\"@type\":\"ListItem\",\"position\":2,\"name\":\"Marie-Bernadettte Charrier, saxophones\"}]},{\"@type\":\"WebSite\",\"@id\":\"http:\\\/\\\/academiemixte.com\\\/#website\",\"url\":\"http:\\\/\\\/academiemixte.com\\\/\",\"name\":\"Acad\u00e9mie MIXTE\",\"description\":\"Acad\u00e9mie internationale de cr\u00e9ation musicale\",\"publisher\":{\"@id\":\"http:\\\/\\\/academiemixte.com\\\/#organization\"},\"potentialAction\":[{\"@type\":\"SearchAction\",\"target\":{\"@type\":\"EntryPoint\",\"urlTemplate\":\"http:\\\/\\\/academiemixte.com\\\/?s={search_term_string}\"},\"query-input\":{\"@type\":\"PropertyValueSpecification\",\"valueRequired\":true,\"valueName\":\"search_term_string\"}}],\"inLanguage\":\"en-US\"},{\"@type\":\"Organization\",\"@id\":\"http:\\\/\\\/academiemixte.com\\\/#organization\",\"name\":\"Acad\u00e9mie MIXTE\",\"url\":\"http:\\\/\\\/academiemixte.com\\\/\",\"logo\":{\"@type\":\"ImageObject\",\"inLanguage\":\"en-US\",\"@id\":\"http:\\\/\\\/academiemixte.com\\\/#\\\/schema\\\/logo\\\/image\\\/\",\"url\":\"http:\\\/\\\/academiemixte.com\\\/wp-content\\\/uploads\\\/2022\\\/01\\\/LOGO-test1.jpg\",\"contentUrl\":\"http:\\\/\\\/academiemixte.com\\\/wp-content\\\/uploads\\\/2022\\\/01\\\/LOGO-test1.jpg\",\"width\":270,\"height\":341,\"caption\":\"Acad\u00e9mie MIXTE\"},\"image\":{\"@id\":\"http:\\\/\\\/academiemixte.com\\\/#\\\/schema\\\/logo\\\/image\\\/\"},\"sameAs\":[\"https:\\\/\\\/www.facebook.com\\\/MIXTEacademie\",\"https:\\\/\\\/x.com\\\/PcProxima\",\"https:\\\/\\\/www.instagram.com\\\/proximacentauribdx\\\/\",\"https:\\\/\\\/www.linkedin.com\\\/in\\\/proximacentauri\\\/\",\"https:\\\/\\\/www.youtube.com\\\/c\\\/proximacentaurimusique\"]}]}<\/script>\n<!-- \/ Yoast SEO plugin. -->","yoast_head_json":{"title":"Marie-Bernadettte Charrier, saxophones &#8226; Acad\u00e9mie MIXTE","robots":{"index":"index","follow":"follow","max-snippet":"max-snippet:-1","max-image-preview":"max-image-preview:large","max-video-preview":"max-video-preview:-1"},"canonical":"http:\/\/academiemixte.com\/en\/marie-bernadettte-charrier-saxophones\/","og_locale":"en_US","og_type":"article","og_title":"Marie-Bernadettte Charrier, saxophones &#8226; Acad\u00e9mie MIXTE","og_description":"\u00a9Fr\u00e9d\u00e9ric Desmesure Curieuse et passionn\u00e9e par tous les courants musicaux d\u2019aujourd\u2019hui, Marie-Bernadette Charrier m\u00e8ne une carri\u00e8re internationale (France, Allemagne, Espagne, Portugal, Italie, Belgique, Slov\u00e9nie, Estonie, &hellip;","og_url":"http:\/\/academiemixte.com\/en\/marie-bernadettte-charrier-saxophones\/","og_site_name":"Acad\u00e9mie MIXTE","article_publisher":"https:\/\/www.facebook.com\/MIXTEacademie","article_modified_time":"2025-07-30T12:39:43+00:00","og_image":[{"url":"http:\/\/academiemixte.com\/wp-content\/uploads\/elementor\/thumbs\/MAD-2024-009-scaled-r2bbsnruvzlywrdpmhmm4pp05mxf0bsseg9fh87vb6.jpg","type":"","width":"","height":""}],"twitter_card":"summary_large_image","twitter_site":"@PcProxima","twitter_misc":{"Est. reading time":"2 minutes"},"schema":{"@context":"https:\/\/schema.org","@graph":[{"@type":"WebPage","@id":"http:\/\/academiemixte.com\/marie-bernadettte-charrier-saxophones\/","url":"http:\/\/academiemixte.com\/marie-bernadettte-charrier-saxophones\/","name":"Marie-Bernadettte Charrier, saxophones &#8226; Acad\u00e9mie MIXTE","isPartOf":{"@id":"http:\/\/academiemixte.com\/#website"},"primaryImageOfPage":{"@id":"http:\/\/academiemixte.com\/marie-bernadettte-charrier-saxophones\/#primaryimage"},"image":{"@id":"http:\/\/academiemixte.com\/marie-bernadettte-charrier-saxophones\/#primaryimage"},"thumbnailUrl":"http:\/\/academiemixte.com\/wp-content\/uploads\/elementor\/thumbs\/MAD-2024-009-scaled-r2bbsnruvzlywrdpmhmm4pp05mxf0bsseg9fh87vb6.jpg","datePublished":"2025-03-03T11:39:47+00:00","dateModified":"2025-07-30T12:39:43+00:00","breadcrumb":{"@id":"http:\/\/academiemixte.com\/marie-bernadettte-charrier-saxophones\/#breadcrumb"},"inLanguage":"en-US","potentialAction":[{"@type":"ReadAction","target":["http:\/\/academiemixte.com\/marie-bernadettte-charrier-saxophones\/"]}]},{"@type":"ImageObject","inLanguage":"en-US","@id":"http:\/\/academiemixte.com\/marie-bernadettte-charrier-saxophones\/#primaryimage","url":"http:\/\/academiemixte.com\/wp-content\/uploads\/elementor\/thumbs\/MAD-2024-009-scaled-r2bbsnruvzlywrdpmhmm4pp05mxf0bsseg9fh87vb6.jpg","contentUrl":"http:\/\/academiemixte.com\/wp-content\/uploads\/elementor\/thumbs\/MAD-2024-009-scaled-r2bbsnruvzlywrdpmhmm4pp05mxf0bsseg9fh87vb6.jpg"},{"@type":"BreadcrumbList","@id":"http:\/\/academiemixte.com\/marie-bernadettte-charrier-saxophones\/#breadcrumb","itemListElement":[{"@type":"ListItem","position":1,"name":"Accueil","item":"http:\/\/academiemixte.com\/"},{"@type":"ListItem","position":2,"name":"Marie-Bernadettte Charrier, saxophones"}]},{"@type":"WebSite","@id":"http:\/\/academiemixte.com\/#website","url":"http:\/\/academiemixte.com\/","name":"MIXTE Academy","description":"International academy of musical creation","publisher":{"@id":"http:\/\/academiemixte.com\/#organization"},"potentialAction":[{"@type":"SearchAction","target":{"@type":"EntryPoint","urlTemplate":"http:\/\/academiemixte.com\/?s={search_term_string}"},"query-input":{"@type":"PropertyValueSpecification","valueRequired":true,"valueName":"search_term_string"}}],"inLanguage":"en-US"},{"@type":"Organization","@id":"http:\/\/academiemixte.com\/#organization","name":"MIXTE Academy","url":"http:\/\/academiemixte.com\/","logo":{"@type":"ImageObject","inLanguage":"en-US","@id":"http:\/\/academiemixte.com\/#\/schema\/logo\/image\/","url":"http:\/\/academiemixte.com\/wp-content\/uploads\/2022\/01\/LOGO-test1.jpg","contentUrl":"http:\/\/academiemixte.com\/wp-content\/uploads\/2022\/01\/LOGO-test1.jpg","width":270,"height":341,"caption":"Acad\u00e9mie MIXTE"},"image":{"@id":"http:\/\/academiemixte.com\/#\/schema\/logo\/image\/"},"sameAs":["https:\/\/www.facebook.com\/MIXTEacademie","https:\/\/x.com\/PcProxima","https:\/\/www.instagram.com\/proximacentauribdx\/","https:\/\/www.linkedin.com\/in\/proximacentauri\/","https:\/\/www.youtube.com\/c\/proximacentaurimusique"]}]}},"_links":{"self":[{"href":"http:\/\/academiemixte.com\/en\/wp-json\/wp\/v2\/pages\/2480","targetHints":{"allow":["GET"]}}],"collection":[{"href":"http:\/\/academiemixte.com\/en\/wp-json\/wp\/v2\/pages"}],"about":[{"href":"http:\/\/academiemixte.com\/en\/wp-json\/wp\/v2\/types\/page"}],"author":[{"embeddable":true,"href":"http:\/\/academiemixte.com\/en\/wp-json\/wp\/v2\/users\/1"}],"replies":[{"embeddable":true,"href":"http:\/\/academiemixte.com\/en\/wp-json\/wp\/v2\/comments?post=2480"}],"version-history":[{"count":19,"href":"http:\/\/academiemixte.com\/en\/wp-json\/wp\/v2\/pages\/2480\/revisions"}],"predecessor-version":[{"id":2858,"href":"http:\/\/academiemixte.com\/en\/wp-json\/wp\/v2\/pages\/2480\/revisions\/2858"}],"wp:attachment":[{"href":"http:\/\/academiemixte.com\/en\/wp-json\/wp\/v2\/media?parent=2480"}],"curies":[{"name":"wp","href":"https:\/\/api.w.org\/{rel}","templated":true}]}}