{"id":2489,"date":"2025-03-03T11:50:31","date_gmt":"2025-03-03T11:50:31","guid":{"rendered":"http:\/\/academiemixte.com\/?page_id=2489"},"modified":"2025-12-17T16:56:44","modified_gmt":"2025-12-17T16:56:44","slug":"sylvain-millepied-flutes","status":"publish","type":"page","link":"http:\/\/academiemixte.com\/en\/sylvain-millepied-flutes\/","title":{"rendered":"Sylvain Millepied, fl\u00fbtes"},"content":{"rendered":"<div data-elementor-type=\"wp-page\" data-elementor-id=\"2489\" class=\"elementor elementor-2489\">\n\t\t\t\t\t\t<section class=\"elementor-section elementor-top-section elementor-element elementor-element-5d304d9 elementor-section-boxed elementor-section-height-default elementor-section-height-default\" data-id=\"5d304d9\" data-element_type=\"section\" data-e-type=\"section\">\n\t\t\t\t\t\t<div class=\"elementor-container elementor-column-gap-default\">\n\t\t\t\t\t<div class=\"elementor-column elementor-col-100 elementor-top-column elementor-element elementor-element-1627ab8\" data-id=\"1627ab8\" data-element_type=\"column\" data-e-type=\"column\">\n\t\t\t<div class=\"elementor-widget-wrap elementor-element-populated\">\n\t\t\t\t\t\t<div class=\"elementor-element elementor-element-df90aaf elementor-widget elementor-widget-image\" data-id=\"df90aaf\" data-element_type=\"widget\" data-e-type=\"widget\" data-widget_type=\"image.default\">\n\t\t\t\t<div class=\"elementor-widget-container\">\n\t\t\t\t\t\t\t\t\t\t\t\t\t\t\t<img fetchpriority=\"high\" decoding=\"async\" width=\"493\" height=\"300\" src=\"http:\/\/academiemixte.com\/wp-content\/uploads\/2025\/03\/DSC5186-493x300.jpg\" class=\"attachment-bravada-lpbox-2 size-bravada-lpbox-2 wp-image-2494\" alt=\"\" srcset=\"http:\/\/academiemixte.com\/wp-content\/uploads\/2025\/03\/DSC5186-493x300.jpg 493w, http:\/\/academiemixte.com\/wp-content\/uploads\/2025\/03\/DSC5186-18x12.jpg 18w\" sizes=\"(max-width: 493px) 100vw, 493px\" \/>\t\t\t\t\t\t\t\t\t\t\t\t\t\t\t<\/div>\n\t\t\t\t<\/div>\n\t\t\t\t<div class=\"elementor-element elementor-element-8db28b8 elementor-widget elementor-widget-text-editor\" data-id=\"8db28b8\" data-element_type=\"widget\" data-e-type=\"widget\" data-widget_type=\"text-editor.default\">\n\t\t\t\t<div class=\"elementor-widget-container\">\n\t\t\t\t\t\t\t\t\t<p style=\"text-align: center;\">\u00a9Fr\u00e9d\u00e9ric Desmesure<\/p>\t\t\t\t\t\t\t\t<\/div>\n\t\t\t\t<\/div>\n\t\t\t\t\t<\/div>\n\t\t<\/div>\n\t\t\t\t\t<\/div>\n\t\t<\/section>\n\t\t\t\t<section class=\"elementor-section elementor-top-section elementor-element elementor-element-a6be2f2 elementor-section-boxed elementor-section-height-default elementor-section-height-default\" data-id=\"a6be2f2\" data-element_type=\"section\" data-e-type=\"section\">\n\t\t\t\t\t\t<div class=\"elementor-container elementor-column-gap-default\">\n\t\t\t\t\t<div class=\"elementor-column elementor-col-100 elementor-top-column elementor-element elementor-element-a726162\" data-id=\"a726162\" data-element_type=\"column\" data-e-type=\"column\">\n\t\t\t<div class=\"elementor-widget-wrap elementor-element-populated\">\n\t\t\t\t\t\t<div class=\"elementor-element elementor-element-8af33ad elementor-widget elementor-widget-text-editor\" data-id=\"8af33ad\" data-element_type=\"widget\" data-e-type=\"widget\" data-widget_type=\"text-editor.default\">\n\t\t\t\t<div class=\"elementor-widget-container\">\n\t\t\t\t\t\t\t\t\t<div><p>\u00e9 en 1969 \u00e0 Bordeaux, Sylvain Millepied suit ses \u00e9tudes musicales au Conservatoire de R\u00e9gion de Bordeaux o\u00f9 il obtient, en fl\u00fbte traversi\u00e8re et en musique de chambre la M\u00e9daille d\u2019Or (1987) et la M\u00e9daille d\u2019Honneur de la ville de Bordeaux \u00e0 l\u2019unanimit\u00e9 (1988). Cette m\u00eame ann\u00e9e, il est finaliste du concours international Darius Milhaud et effectue ses premiers concerts en tant que soliste en Pologne (Varsovie, Cracovie, Zakopane).<\/p><section><div><div><div><article data-wow-delay=\"0.4s\"><div><div><p>He continued his studies in Paris with Maurice Pruvot, later with Robert Pichaureau, a specialist in breath technique for wind instruments, and furthered his training with Alain Marion, Catherine Cantin, Andras Adojan, Samuel Coles and Jean-Pierre Rampal.<\/p><p>Sylvain Millepied won the Maria Canals International Competition in Barcelona in 1994, the Gyorgy Cziffra Foundation Competition in 1995, and was a semi-finalist in the Young Concert Artist Competition in New York in 1996.<\/p><p>He performed as a soloist with Alain Marion at the Auditorium des Halles (Paris) before joining the Proxima Centauri ensemble in 1998.<\/p><p>He plays in a duo with guitarist Jean-Luc Rocchietti (CD \u2018Rencontre concertante\u2019, 2000). He has performed with several orchestras and ensembles, including the Bilbao Symphony Orchestra, Les Symphonistes d'Aquitaine, the Bordeaux Aquitaine National Orchestra, the Gironde Chamber Orchestra, the Ensemble Des Concertants and the Debussy Trio. He has also collaborated with the \u2018Danses Concertantes\u2019 troupe during a series of performances in London and New York.<\/p><p>He performs solo recitals with his flutes, showcasing his virtuosity and expressive range in a repertoire ranging from Baroque to contemporary music (PACT Festival in Brussels at the Cirque Royal). He has been a guest solo flutist at France Musique (2000) and the BBC in London (2002) and has recorded for RTBF as part of the Ars Musica Festival (2003).<\/p><p>Parall\u00e8lement \u00e0 ses activit\u00e9s d\u2019instrumentistes, il a \u00e9crit un conte musical pour enfants \u00ab R\u00e9mi, Julie et les secrets de la musique \u00bb\u00a0(un voyage initiatique \u00e0 travers les musiques du monde), a compos\u00e9 la musique d&rsquo;accompagnement du Yang Xing Do (art martial oriental) et compose r\u00e9guli\u00e8rement des musiques pour le cin\u00e9ma.<\/p><\/div><\/div><\/article><\/div><\/div><\/div><\/section><\/div>\t\t\t\t\t\t\t\t<\/div>\n\t\t\t\t<\/div>\n\t\t\t\t\t<\/div>\n\t\t<\/div>\n\t\t\t\t\t<\/div>\n\t\t<\/section>\n\t\t\t\t<\/div>","protected":false},"excerpt":{"rendered":"<p>\u00a9Fr\u00e9d\u00e9ric Desmesure \u00e9 en 1969 \u00e0 Bordeaux, Sylvain Millepied suit ses \u00e9tudes musicales au Conservatoire de R\u00e9gion de Bordeaux o\u00f9 il obtient, en fl\u00fbte traversi\u00e8re &hellip;<\/p>","protected":false},"author":1,"featured_media":0,"parent":0,"menu_order":0,"comment_status":"closed","ping_status":"closed","template":"","meta":{"footnotes":""},"class_list":["post-2489","page","type-page","status-publish","hentry"],"yoast_head":"<!-- This site is optimized with the Yoast SEO plugin v27.3 - https:\/\/yoast.com\/product\/yoast-seo-wordpress\/ -->\n<title>Sylvain Millepied, fl\u00fbtes &#8226; Acad\u00e9mie MIXTE<\/title>\n<meta name=\"robots\" content=\"index, follow, max-snippet:-1, max-image-preview:large, max-video-preview:-1\" \/>\n<link rel=\"canonical\" href=\"http:\/\/academiemixte.com\/en\/sylvain-millepied-flutes\/\" \/>\n<meta property=\"og:locale\" content=\"en_US\" \/>\n<meta property=\"og:type\" content=\"article\" \/>\n<meta property=\"og:title\" content=\"Sylvain Millepied, fl\u00fbtes &#8226; Acad\u00e9mie MIXTE\" \/>\n<meta property=\"og:description\" content=\"\u00a9Fr\u00e9d\u00e9ric Desmesure \u00e9 en 1969 \u00e0 Bordeaux, Sylvain Millepied suit ses \u00e9tudes musicales au Conservatoire de R\u00e9gion de Bordeaux o\u00f9 il obtient, en fl\u00fbte traversi\u00e8re &hellip;\" \/>\n<meta property=\"og:url\" content=\"http:\/\/academiemixte.com\/en\/sylvain-millepied-flutes\/\" \/>\n<meta property=\"og:site_name\" content=\"Acad\u00e9mie MIXTE\" \/>\n<meta property=\"article:publisher\" content=\"https:\/\/www.facebook.com\/MIXTEacademie\" \/>\n<meta property=\"article:modified_time\" content=\"2025-12-17T16:56:44+00:00\" \/>\n<meta property=\"og:image\" content=\"http:\/\/academiemixte.com\/wp-content\/uploads\/2025\/03\/DSC5186-scaled.jpg\" \/>\n\t<meta property=\"og:image:width\" content=\"2560\" \/>\n\t<meta property=\"og:image:height\" content=\"1707\" \/>\n\t<meta property=\"og:image:type\" content=\"image\/jpeg\" \/>\n<meta name=\"twitter:card\" content=\"summary_large_image\" \/>\n<meta name=\"twitter:site\" content=\"@PcProxima\" \/>\n<meta name=\"twitter:label1\" content=\"Est. reading time\" \/>\n\t<meta name=\"twitter:data1\" content=\"3 minutes\" \/>\n<script type=\"application\/ld+json\" class=\"yoast-schema-graph\">{\"@context\":\"https:\\\/\\\/schema.org\",\"@graph\":[{\"@type\":\"WebPage\",\"@id\":\"http:\\\/\\\/academiemixte.com\\\/sylvain-millepied-flutes\\\/\",\"url\":\"http:\\\/\\\/academiemixte.com\\\/sylvain-millepied-flutes\\\/\",\"name\":\"Sylvain Millepied, fl\u00fbtes &#8226; Acad\u00e9mie MIXTE\",\"isPartOf\":{\"@id\":\"http:\\\/\\\/academiemixte.com\\\/#website\"},\"primaryImageOfPage\":{\"@id\":\"http:\\\/\\\/academiemixte.com\\\/sylvain-millepied-flutes\\\/#primaryimage\"},\"image\":{\"@id\":\"http:\\\/\\\/academiemixte.com\\\/sylvain-millepied-flutes\\\/#primaryimage\"},\"thumbnailUrl\":\"http:\\\/\\\/academiemixte.com\\\/wp-content\\\/uploads\\\/2025\\\/03\\\/DSC5186-493x300.jpg\",\"datePublished\":\"2025-03-03T11:50:31+00:00\",\"dateModified\":\"2025-12-17T16:56:44+00:00\",\"breadcrumb\":{\"@id\":\"http:\\\/\\\/academiemixte.com\\\/sylvain-millepied-flutes\\\/#breadcrumb\"},\"inLanguage\":\"en-US\",\"potentialAction\":[{\"@type\":\"ReadAction\",\"target\":[\"http:\\\/\\\/academiemixte.com\\\/sylvain-millepied-flutes\\\/\"]}]},{\"@type\":\"ImageObject\",\"inLanguage\":\"en-US\",\"@id\":\"http:\\\/\\\/academiemixte.com\\\/sylvain-millepied-flutes\\\/#primaryimage\",\"url\":\"http:\\\/\\\/academiemixte.com\\\/wp-content\\\/uploads\\\/2025\\\/03\\\/DSC5186-493x300.jpg\",\"contentUrl\":\"http:\\\/\\\/academiemixte.com\\\/wp-content\\\/uploads\\\/2025\\\/03\\\/DSC5186-493x300.jpg\"},{\"@type\":\"BreadcrumbList\",\"@id\":\"http:\\\/\\\/academiemixte.com\\\/sylvain-millepied-flutes\\\/#breadcrumb\",\"itemListElement\":[{\"@type\":\"ListItem\",\"position\":1,\"name\":\"Accueil\",\"item\":\"http:\\\/\\\/academiemixte.com\\\/\"},{\"@type\":\"ListItem\",\"position\":2,\"name\":\"Sylvain Millepied, fl\u00fbtes\"}]},{\"@type\":\"WebSite\",\"@id\":\"http:\\\/\\\/academiemixte.com\\\/#website\",\"url\":\"http:\\\/\\\/academiemixte.com\\\/\",\"name\":\"Acad\u00e9mie MIXTE\",\"description\":\"Acad\u00e9mie internationale de cr\u00e9ation musicale\",\"publisher\":{\"@id\":\"http:\\\/\\\/academiemixte.com\\\/#organization\"},\"potentialAction\":[{\"@type\":\"SearchAction\",\"target\":{\"@type\":\"EntryPoint\",\"urlTemplate\":\"http:\\\/\\\/academiemixte.com\\\/?s={search_term_string}\"},\"query-input\":{\"@type\":\"PropertyValueSpecification\",\"valueRequired\":true,\"valueName\":\"search_term_string\"}}],\"inLanguage\":\"en-US\"},{\"@type\":\"Organization\",\"@id\":\"http:\\\/\\\/academiemixte.com\\\/#organization\",\"name\":\"Acad\u00e9mie MIXTE\",\"url\":\"http:\\\/\\\/academiemixte.com\\\/\",\"logo\":{\"@type\":\"ImageObject\",\"inLanguage\":\"en-US\",\"@id\":\"http:\\\/\\\/academiemixte.com\\\/#\\\/schema\\\/logo\\\/image\\\/\",\"url\":\"http:\\\/\\\/academiemixte.com\\\/wp-content\\\/uploads\\\/2022\\\/01\\\/LOGO-test1.jpg\",\"contentUrl\":\"http:\\\/\\\/academiemixte.com\\\/wp-content\\\/uploads\\\/2022\\\/01\\\/LOGO-test1.jpg\",\"width\":270,\"height\":341,\"caption\":\"Acad\u00e9mie MIXTE\"},\"image\":{\"@id\":\"http:\\\/\\\/academiemixte.com\\\/#\\\/schema\\\/logo\\\/image\\\/\"},\"sameAs\":[\"https:\\\/\\\/www.facebook.com\\\/MIXTEacademie\",\"https:\\\/\\\/x.com\\\/PcProxima\",\"https:\\\/\\\/www.instagram.com\\\/proximacentauribdx\\\/\",\"https:\\\/\\\/www.linkedin.com\\\/in\\\/proximacentauri\\\/\",\"https:\\\/\\\/www.youtube.com\\\/c\\\/proximacentaurimusique\"]}]}<\/script>\n<!-- \/ Yoast SEO plugin. -->","yoast_head_json":{"title":"Sylvain Millepied, fl\u00fbtes &#8226; Acad\u00e9mie MIXTE","robots":{"index":"index","follow":"follow","max-snippet":"max-snippet:-1","max-image-preview":"max-image-preview:large","max-video-preview":"max-video-preview:-1"},"canonical":"http:\/\/academiemixte.com\/en\/sylvain-millepied-flutes\/","og_locale":"en_US","og_type":"article","og_title":"Sylvain Millepied, fl\u00fbtes &#8226; Acad\u00e9mie MIXTE","og_description":"\u00a9Fr\u00e9d\u00e9ric Desmesure \u00e9 en 1969 \u00e0 Bordeaux, Sylvain Millepied suit ses \u00e9tudes musicales au Conservatoire de R\u00e9gion de Bordeaux o\u00f9 il obtient, en fl\u00fbte traversi\u00e8re &hellip;","og_url":"http:\/\/academiemixte.com\/en\/sylvain-millepied-flutes\/","og_site_name":"Acad\u00e9mie MIXTE","article_publisher":"https:\/\/www.facebook.com\/MIXTEacademie","article_modified_time":"2025-12-17T16:56:44+00:00","og_image":[{"width":2560,"height":1707,"url":"http:\/\/academiemixte.com\/wp-content\/uploads\/2025\/03\/DSC5186-scaled.jpg","type":"image\/jpeg"}],"twitter_card":"summary_large_image","twitter_site":"@PcProxima","twitter_misc":{"Est. reading time":"3 minutes"},"schema":{"@context":"https:\/\/schema.org","@graph":[{"@type":"WebPage","@id":"http:\/\/academiemixte.com\/sylvain-millepied-flutes\/","url":"http:\/\/academiemixte.com\/sylvain-millepied-flutes\/","name":"Sylvain Millepied, fl\u00fbtes &#8226; Acad\u00e9mie MIXTE","isPartOf":{"@id":"http:\/\/academiemixte.com\/#website"},"primaryImageOfPage":{"@id":"http:\/\/academiemixte.com\/sylvain-millepied-flutes\/#primaryimage"},"image":{"@id":"http:\/\/academiemixte.com\/sylvain-millepied-flutes\/#primaryimage"},"thumbnailUrl":"http:\/\/academiemixte.com\/wp-content\/uploads\/2025\/03\/DSC5186-493x300.jpg","datePublished":"2025-03-03T11:50:31+00:00","dateModified":"2025-12-17T16:56:44+00:00","breadcrumb":{"@id":"http:\/\/academiemixte.com\/sylvain-millepied-flutes\/#breadcrumb"},"inLanguage":"en-US","potentialAction":[{"@type":"ReadAction","target":["http:\/\/academiemixte.com\/sylvain-millepied-flutes\/"]}]},{"@type":"ImageObject","inLanguage":"en-US","@id":"http:\/\/academiemixte.com\/sylvain-millepied-flutes\/#primaryimage","url":"http:\/\/academiemixte.com\/wp-content\/uploads\/2025\/03\/DSC5186-493x300.jpg","contentUrl":"http:\/\/academiemixte.com\/wp-content\/uploads\/2025\/03\/DSC5186-493x300.jpg"},{"@type":"BreadcrumbList","@id":"http:\/\/academiemixte.com\/sylvain-millepied-flutes\/#breadcrumb","itemListElement":[{"@type":"ListItem","position":1,"name":"Accueil","item":"http:\/\/academiemixte.com\/"},{"@type":"ListItem","position":2,"name":"Sylvain Millepied, fl\u00fbtes"}]},{"@type":"WebSite","@id":"http:\/\/academiemixte.com\/#website","url":"http:\/\/academiemixte.com\/","name":"MIXTE Academy","description":"International academy of musical creation","publisher":{"@id":"http:\/\/academiemixte.com\/#organization"},"potentialAction":[{"@type":"SearchAction","target":{"@type":"EntryPoint","urlTemplate":"http:\/\/academiemixte.com\/?s={search_term_string}"},"query-input":{"@type":"PropertyValueSpecification","valueRequired":true,"valueName":"search_term_string"}}],"inLanguage":"en-US"},{"@type":"Organization","@id":"http:\/\/academiemixte.com\/#organization","name":"MIXTE Academy","url":"http:\/\/academiemixte.com\/","logo":{"@type":"ImageObject","inLanguage":"en-US","@id":"http:\/\/academiemixte.com\/#\/schema\/logo\/image\/","url":"http:\/\/academiemixte.com\/wp-content\/uploads\/2022\/01\/LOGO-test1.jpg","contentUrl":"http:\/\/academiemixte.com\/wp-content\/uploads\/2022\/01\/LOGO-test1.jpg","width":270,"height":341,"caption":"Acad\u00e9mie MIXTE"},"image":{"@id":"http:\/\/academiemixte.com\/#\/schema\/logo\/image\/"},"sameAs":["https:\/\/www.facebook.com\/MIXTEacademie","https:\/\/x.com\/PcProxima","https:\/\/www.instagram.com\/proximacentauribdx\/","https:\/\/www.linkedin.com\/in\/proximacentauri\/","https:\/\/www.youtube.com\/c\/proximacentaurimusique"]}]}},"_links":{"self":[{"href":"http:\/\/academiemixte.com\/en\/wp-json\/wp\/v2\/pages\/2489","targetHints":{"allow":["GET"]}}],"collection":[{"href":"http:\/\/academiemixte.com\/en\/wp-json\/wp\/v2\/pages"}],"about":[{"href":"http:\/\/academiemixte.com\/en\/wp-json\/wp\/v2\/types\/page"}],"author":[{"embeddable":true,"href":"http:\/\/academiemixte.com\/en\/wp-json\/wp\/v2\/users\/1"}],"replies":[{"embeddable":true,"href":"http:\/\/academiemixte.com\/en\/wp-json\/wp\/v2\/comments?post=2489"}],"version-history":[{"count":16,"href":"http:\/\/academiemixte.com\/en\/wp-json\/wp\/v2\/pages\/2489\/revisions"}],"predecessor-version":[{"id":2885,"href":"http:\/\/academiemixte.com\/en\/wp-json\/wp\/v2\/pages\/2489\/revisions\/2885"}],"wp:attachment":[{"href":"http:\/\/academiemixte.com\/en\/wp-json\/wp\/v2\/media?parent=2489"}],"curies":[{"name":"wp","href":"https:\/\/api.w.org\/{rel}","templated":true}]}}