{"id":2824,"date":"2025-07-11T10:15:58","date_gmt":"2025-07-11T10:15:58","guid":{"rendered":"http:\/\/academiemixte.com\/?page_id=2824"},"modified":"2025-08-25T13:10:43","modified_gmt":"2025-08-25T13:10:43","slug":"compositeurs-et-compositrices-laureat%c2%b7es-mixte3","status":"publish","type":"page","link":"http:\/\/academiemixte.com\/en\/compositeurs-et-compositrices-laureat%c2%b7es-mixte3\/","title":{"rendered":"Winning composers MIXTE#3"},"content":{"rendered":"<div data-elementor-type=\"wp-page\" data-elementor-id=\"2824\" class=\"elementor elementor-2824\">\n\t\t\t\t\t\t<section class=\"elementor-section elementor-top-section elementor-element elementor-element-464a5d3 elementor-section-boxed elementor-section-height-default elementor-section-height-default\" data-id=\"464a5d3\" data-element_type=\"section\" data-e-type=\"section\">\n\t\t\t\t\t\t<div class=\"elementor-container elementor-column-gap-default\">\n\t\t\t\t\t<div class=\"elementor-column elementor-col-100 elementor-top-column elementor-element elementor-element-600cb78\" data-id=\"600cb78\" data-element_type=\"column\" data-e-type=\"column\">\n\t\t\t<div class=\"elementor-widget-wrap elementor-element-populated\">\n\t\t\t\t\t\t<div class=\"elementor-element elementor-element-7b0c74a elementor-widget elementor-widget-image\" data-id=\"7b0c74a\" data-element_type=\"widget\" data-e-type=\"widget\" data-widget_type=\"image.default\">\n\t\t\t\t<div class=\"elementor-widget-container\">\n\t\t\t\t\t\t\t\t\t\t\t\t<figure class=\"wp-caption\">\n\t\t\t\t\t\t\t\t\t\t<img fetchpriority=\"high\" decoding=\"async\" width=\"1024\" height=\"207\" src=\"http:\/\/academiemixte.com\/wp-content\/uploads\/2025\/07\/Compos-MIXTE_3-1024x207.jpg\" class=\"attachment-large size-large wp-image-2835\" alt=\"\" srcset=\"http:\/\/academiemixte.com\/wp-content\/uploads\/2025\/07\/Compos-MIXTE_3-1024x207.jpg 1024w, http:\/\/academiemixte.com\/wp-content\/uploads\/2025\/07\/Compos-MIXTE_3-300x61.jpg 300w, http:\/\/academiemixte.com\/wp-content\/uploads\/2025\/07\/Compos-MIXTE_3-768x156.jpg 768w, http:\/\/academiemixte.com\/wp-content\/uploads\/2025\/07\/Compos-MIXTE_3-1536x311.jpg 1536w, http:\/\/academiemixte.com\/wp-content\/uploads\/2025\/07\/Compos-MIXTE_3-2048x415.jpg 2048w, http:\/\/academiemixte.com\/wp-content\/uploads\/2025\/07\/Compos-MIXTE_3-18x4.jpg 18w, http:\/\/academiemixte.com\/wp-content\/uploads\/2025\/07\/Compos-MIXTE_3-696x141.jpg 696w\" sizes=\"(max-width: 1024px) 100vw, 1024px\" \/>\t\t\t\t\t\t\t\t\t\t\t<figcaption class=\"widget-image-caption wp-caption-text\">From left to right: Ji-Young LEE, Ivana RADOVANOVIC, Pasquale LAURO, Floriana PROVENZANO, Lo\u00efc LE ROUX<\/figcaption>\n\t\t\t\t\t\t\t\t\t\t<\/figure>\n\t\t\t\t\t\t\t\t\t<\/div>\n\t\t\t\t<\/div>\n\t\t\t\t\t<\/div>\n\t\t<\/div>\n\t\t\t\t\t<\/div>\n\t\t<\/section>\n\t\t\t\t<section class=\"elementor-section elementor-top-section elementor-element elementor-element-869a5c3 elementor-section-boxed elementor-section-height-default elementor-section-height-default\" data-id=\"869a5c3\" data-element_type=\"section\" data-e-type=\"section\">\n\t\t\t\t\t\t<div class=\"elementor-container elementor-column-gap-default\">\n\t\t\t\t\t<div class=\"elementor-column elementor-col-100 elementor-top-column elementor-element elementor-element-71a322e\" data-id=\"71a322e\" data-element_type=\"column\" data-e-type=\"column\">\n\t\t\t<div class=\"elementor-widget-wrap elementor-element-populated\">\n\t\t\t\t\t\t<div class=\"elementor-element elementor-element-cd1bbeb elementor-widget elementor-widget-text-editor\" data-id=\"cd1bbeb\" data-element_type=\"widget\" data-e-type=\"widget\" data-widget_type=\"text-editor.default\">\n\t\t\t\t<div class=\"elementor-widget-container\">\n\t\t\t\t\t\t\t\t\t<p>\ud835\udc00\ud835\udc02\ud835\udc00\ud835\udc03\ud835\udc04\u0301\ud835\udc0c\ud835\udc08\ud835\udc04 \ud835\udc0c\ud835\udc08\ud835\udc17\ud835\udc13\ud835\udc04#\ud835\udfd1 \/\/\/ \ud835\udc0b\ud835\udc1e\ud835\udc2c \ud835\udc29\ud835\udc2b\ud835\udc28\ud835\udc23\ud835\udc1e\ud835\udc2d\ud835\udc2c \ud835\udc25\ud835\udc1a\ud835\udc2e\ud835\udc2b\ud835\udc1e\u0301\ud835\udc1a\ud835\udc2d\ud835\udc2c<\/p><p>After consultation with Acad\u00e9mie MIXTE's pedagogical committee, we are pleased to announce the names of the 5 winning composers in our <a href=\"http:\/\/academiemixte.com\/en\/appel-a-projet-de-creation\/\" target=\"_blank\" rel=\"noopener\">Call for Musical Creation<\/a> :<\/p><ul><li><strong><span style=\"color: #000000;\">Pasquale LAURO<\/span><\/strong> (M) \/ Italy \u2013 Project: \u00ab\u00a0Liminal Space\u00a0\u00bb<\/li><li><span style=\"color: #000000;\"><strong>Ji-Young LEE<\/strong><\/span> (W) \/ South Korea \u2013 Project: \u00ab\u00a0Objets Dissous\u00a0\u00bb<\/li><li><strong><span style=\"color: #000000;\">Lo\u00efc LE ROUX<\/span><\/strong> (H) \/ France &#8211; Projet : \u00ab\u00a0Taten und Leiden\u00a0\u00bb<\/li><li><strong><span style=\"color: #000000;\">Floriana PROVENZANO<\/span><\/strong> (W) \/ Italy \u2013 Project: \u00ab\u00a0bagliori (iii)\u00a0\u00bb<\/li><li><strong><span style=\"color: #000000;\">Ivana RADOVANOVIC<\/span><\/strong> (W) \/ Austria \u2013 Project: \u00ab\u00a0Dodola: Ritual of Calling the Rain\u00a0\u00bb<\/li><\/ul><p>The Acad\u00e9mie MIXTE will accompany the 5 composers in the writing of their work (for flutes, saxophones, percussion, piano and electronics) throughout the 2025-2026 season and will welcome them in residence during the Acad\u00e9mie MIXTE in Pau from 3 to 10 July 2026, in partnership with the Conservatoire Pau-B\u00e9arn-Pyr\u00e9n\u00e9es.<\/p><p>The works will be premiered by Proxima Centauri at the Festival M\u00c0D - Festival of Musical Creation in November 2026.<\/p><p>The call for registration for composers and performers wishing to join the MIXTE Academy week from 3 to 10 July 2026 in Pau will go online at the beginning of 2026. Find out more about MIXTE#2 on our page\u00a0<a href=\"http:\/\/academiemixte.com\/en\/editions-precedentes\/\" target=\"_blank\" rel=\"noopener\">Previous editions<\/a>\u00ab\u00a0.<\/p>\t\t\t\t\t\t\t\t<\/div>\n\t\t\t\t<\/div>\n\t\t\t\t\t<\/div>\n\t\t<\/div>\n\t\t\t\t\t<\/div>\n\t\t<\/section>\n\t\t\t\t<section class=\"elementor-section elementor-top-section elementor-element elementor-element-945f45e elementor-section-boxed elementor-section-height-default elementor-section-height-default\" data-id=\"945f45e\" data-element_type=\"section\" data-e-type=\"section\">\n\t\t\t\t\t\t<div class=\"elementor-container elementor-column-gap-default\">\n\t\t\t\t\t<div class=\"elementor-column elementor-col-100 elementor-top-column elementor-element elementor-element-fe13494\" data-id=\"fe13494\" data-element_type=\"column\" data-e-type=\"column\">\n\t\t\t<div class=\"elementor-widget-wrap elementor-element-populated\">\n\t\t\t\t\t\t<div class=\"elementor-element elementor-element-9175a7b elementor-widget elementor-widget-image\" data-id=\"9175a7b\" data-element_type=\"widget\" data-e-type=\"widget\" data-widget_type=\"image.default\">\n\t\t\t\t<div class=\"elementor-widget-container\">\n\t\t\t\t\t\t\t\t\t\t\t\t\t\t\t<img decoding=\"async\" width=\"768\" height=\"768\" src=\"http:\/\/academiemixte.com\/wp-content\/uploads\/2025\/07\/Carton-annonce-compositeurs-laureats-MIXTE3-2-768x768.png\" class=\"attachment-medium_large size-medium_large wp-image-2826\" alt=\"\" srcset=\"http:\/\/academiemixte.com\/wp-content\/uploads\/2025\/07\/Carton-annonce-compositeurs-laureats-MIXTE3-2-768x768.png 768w, http:\/\/academiemixte.com\/wp-content\/uploads\/2025\/07\/Carton-annonce-compositeurs-laureats-MIXTE3-2-300x300.png 300w, http:\/\/academiemixte.com\/wp-content\/uploads\/2025\/07\/Carton-annonce-compositeurs-laureats-MIXTE3-2-1024x1024.png 1024w, http:\/\/academiemixte.com\/wp-content\/uploads\/2025\/07\/Carton-annonce-compositeurs-laureats-MIXTE3-2-150x150.png 150w, http:\/\/academiemixte.com\/wp-content\/uploads\/2025\/07\/Carton-annonce-compositeurs-laureats-MIXTE3-2-12x12.png 12w, http:\/\/academiemixte.com\/wp-content\/uploads\/2025\/07\/Carton-annonce-compositeurs-laureats-MIXTE3-2.png 1080w\" sizes=\"(max-width: 768px) 100vw, 768px\" \/>\t\t\t\t\t\t\t\t\t\t\t\t\t\t\t<\/div>\n\t\t\t\t<\/div>\n\t\t\t\t\t<\/div>\n\t\t<\/div>\n\t\t\t\t\t<\/div>\n\t\t<\/section>\n\t\t\t\t<\/div>","protected":false},"excerpt":{"rendered":"<p>de gauche \u00e0 droite : Ji-Young LEE, Ivana RADOVANOVIC, Pasquale LAURO, Floriana PROVENZANO, Lo\u00efc LE ROUX \ud835\udc00\ud835\udc02\ud835\udc00\ud835\udc03\ud835\udc04\u0301\ud835\udc0c\ud835\udc08\ud835\udc04 \ud835\udc0c\ud835\udc08\ud835\udc17\ud835\udc13\ud835\udc04#\ud835\udfd1 \/\/\/ \ud835\udc0b\ud835\udc1e\ud835\udc2c \ud835\udc29\ud835\udc2b\ud835\udc28\ud835\udc23\ud835\udc1e\ud835\udc2d\ud835\udc2c \ud835\udc25\ud835\udc1a\ud835\udc2e\ud835\udc2b\ud835\udc1e\u0301\ud835\udc1a\ud835\udc2d\ud835\udc2c Apr\u00e8s r\u00e9union du &hellip;<\/p>","protected":false},"author":1,"featured_media":0,"parent":0,"menu_order":0,"comment_status":"closed","ping_status":"closed","template":"","meta":{"footnotes":""},"class_list":["post-2824","page","type-page","status-publish","hentry"],"yoast_head":"<!-- This site is optimized with the Yoast SEO plugin v27.3 - https:\/\/yoast.com\/product\/yoast-seo-wordpress\/ -->\n<title>Compositeurs et compositrices laur\u00e9at\u00b7es MIXTE#3 &#8226; Acad\u00e9mie MIXTE<\/title>\n<meta name=\"robots\" content=\"index, follow, max-snippet:-1, max-image-preview:large, max-video-preview:-1\" \/>\n<link rel=\"canonical\" href=\"http:\/\/academiemixte.com\/en\/compositeurs-et-compositrices-laureat\u00b7es-mixte3\/\" \/>\n<meta property=\"og:locale\" content=\"en_US\" \/>\n<meta property=\"og:type\" content=\"article\" \/>\n<meta property=\"og:title\" content=\"Compositeurs et compositrices laur\u00e9at\u00b7es MIXTE#3 &#8226; Acad\u00e9mie MIXTE\" \/>\n<meta property=\"og:description\" content=\"de gauche \u00e0 droite : Ji-Young LEE, Ivana RADOVANOVIC, Pasquale LAURO, Floriana PROVENZANO, Lo\u00efc LE ROUX \ud835\udc00\ud835\udc02\ud835\udc00\ud835\udc03\ud835\udc04\u0301\ud835\udc0c\ud835\udc08\ud835\udc04 \ud835\udc0c\ud835\udc08\ud835\udc17\ud835\udc13\ud835\udc04#\ud835\udfd1 \/\/\/ \ud835\udc0b\ud835\udc1e\ud835\udc2c \ud835\udc29\ud835\udc2b\ud835\udc28\ud835\udc23\ud835\udc1e\ud835\udc2d\ud835\udc2c \ud835\udc25\ud835\udc1a\ud835\udc2e\ud835\udc2b\ud835\udc1e\u0301\ud835\udc1a\ud835\udc2d\ud835\udc2c Apr\u00e8s r\u00e9union du &hellip;\" \/>\n<meta property=\"og:url\" content=\"http:\/\/academiemixte.com\/en\/compositeurs-et-compositrices-laureat\u00b7es-mixte3\/\" \/>\n<meta property=\"og:site_name\" content=\"Acad\u00e9mie MIXTE\" \/>\n<meta property=\"article:publisher\" content=\"https:\/\/www.facebook.com\/MIXTEacademie\" \/>\n<meta property=\"article:modified_time\" content=\"2025-08-25T13:10:43+00:00\" \/>\n<meta property=\"og:image\" content=\"http:\/\/academiemixte.com\/wp-content\/uploads\/2025\/07\/Compos-MIXTE_3.jpg\" \/>\n\t<meta property=\"og:image:width\" content=\"2094\" \/>\n\t<meta property=\"og:image:height\" content=\"424\" \/>\n\t<meta property=\"og:image:type\" content=\"image\/jpeg\" \/>\n<meta name=\"twitter:card\" content=\"summary_large_image\" \/>\n<meta name=\"twitter:site\" content=\"@PcProxima\" \/>\n<meta name=\"twitter:label1\" content=\"Est. reading time\" \/>\n\t<meta name=\"twitter:data1\" content=\"2 minutes\" \/>\n<script type=\"application\/ld+json\" class=\"yoast-schema-graph\">{\"@context\":\"https:\\\/\\\/schema.org\",\"@graph\":[{\"@type\":\"WebPage\",\"@id\":\"http:\\\/\\\/academiemixte.com\\\/fr_fr\\\/compositeurs-et-compositrices-laureat%c2%b7es-mixte3\\\/\",\"url\":\"http:\\\/\\\/academiemixte.com\\\/fr_fr\\\/compositeurs-et-compositrices-laureat%c2%b7es-mixte3\\\/\",\"name\":\"Compositeurs et compositrices laur\u00e9at\u00b7es MIXTE#3 &#8226; Acad\u00e9mie MIXTE\",\"isPartOf\":{\"@id\":\"http:\\\/\\\/academiemixte.com\\\/#website\"},\"primaryImageOfPage\":{\"@id\":\"http:\\\/\\\/academiemixte.com\\\/fr_fr\\\/compositeurs-et-compositrices-laureat%c2%b7es-mixte3\\\/#primaryimage\"},\"image\":{\"@id\":\"http:\\\/\\\/academiemixte.com\\\/fr_fr\\\/compositeurs-et-compositrices-laureat%c2%b7es-mixte3\\\/#primaryimage\"},\"thumbnailUrl\":\"http:\\\/\\\/academiemixte.com\\\/wp-content\\\/uploads\\\/2025\\\/07\\\/Compos-MIXTE_3-1024x207.jpg\",\"datePublished\":\"2025-07-11T10:15:58+00:00\",\"dateModified\":\"2025-08-25T13:10:43+00:00\",\"breadcrumb\":{\"@id\":\"http:\\\/\\\/academiemixte.com\\\/fr_fr\\\/compositeurs-et-compositrices-laureat%c2%b7es-mixte3\\\/#breadcrumb\"},\"inLanguage\":\"en-US\",\"potentialAction\":[{\"@type\":\"ReadAction\",\"target\":[\"http:\\\/\\\/academiemixte.com\\\/fr_fr\\\/compositeurs-et-compositrices-laureat%c2%b7es-mixte3\\\/\"]}]},{\"@type\":\"ImageObject\",\"inLanguage\":\"en-US\",\"@id\":\"http:\\\/\\\/academiemixte.com\\\/fr_fr\\\/compositeurs-et-compositrices-laureat%c2%b7es-mixte3\\\/#primaryimage\",\"url\":\"http:\\\/\\\/academiemixte.com\\\/wp-content\\\/uploads\\\/2025\\\/07\\\/Compos-MIXTE_3-1024x207.jpg\",\"contentUrl\":\"http:\\\/\\\/academiemixte.com\\\/wp-content\\\/uploads\\\/2025\\\/07\\\/Compos-MIXTE_3-1024x207.jpg\"},{\"@type\":\"BreadcrumbList\",\"@id\":\"http:\\\/\\\/academiemixte.com\\\/fr_fr\\\/compositeurs-et-compositrices-laureat%c2%b7es-mixte3\\\/#breadcrumb\",\"itemListElement\":[{\"@type\":\"ListItem\",\"position\":1,\"name\":\"Accueil\",\"item\":\"http:\\\/\\\/academiemixte.com\\\/\"},{\"@type\":\"ListItem\",\"position\":2,\"name\":\"Compositeurs et compositrices laur\u00e9at\u00b7es MIXTE#3\"}]},{\"@type\":\"WebSite\",\"@id\":\"http:\\\/\\\/academiemixte.com\\\/#website\",\"url\":\"http:\\\/\\\/academiemixte.com\\\/\",\"name\":\"Acad\u00e9mie MIXTE\",\"description\":\"Acad\u00e9mie internationale de cr\u00e9ation musicale\",\"publisher\":{\"@id\":\"http:\\\/\\\/academiemixte.com\\\/#organization\"},\"potentialAction\":[{\"@type\":\"SearchAction\",\"target\":{\"@type\":\"EntryPoint\",\"urlTemplate\":\"http:\\\/\\\/academiemixte.com\\\/?s={search_term_string}\"},\"query-input\":{\"@type\":\"PropertyValueSpecification\",\"valueRequired\":true,\"valueName\":\"search_term_string\"}}],\"inLanguage\":\"en-US\"},{\"@type\":\"Organization\",\"@id\":\"http:\\\/\\\/academiemixte.com\\\/#organization\",\"name\":\"Acad\u00e9mie MIXTE\",\"url\":\"http:\\\/\\\/academiemixte.com\\\/\",\"logo\":{\"@type\":\"ImageObject\",\"inLanguage\":\"en-US\",\"@id\":\"http:\\\/\\\/academiemixte.com\\\/#\\\/schema\\\/logo\\\/image\\\/\",\"url\":\"http:\\\/\\\/academiemixte.com\\\/wp-content\\\/uploads\\\/2022\\\/01\\\/LOGO-test1.jpg\",\"contentUrl\":\"http:\\\/\\\/academiemixte.com\\\/wp-content\\\/uploads\\\/2022\\\/01\\\/LOGO-test1.jpg\",\"width\":270,\"height\":341,\"caption\":\"Acad\u00e9mie MIXTE\"},\"image\":{\"@id\":\"http:\\\/\\\/academiemixte.com\\\/#\\\/schema\\\/logo\\\/image\\\/\"},\"sameAs\":[\"https:\\\/\\\/www.facebook.com\\\/MIXTEacademie\",\"https:\\\/\\\/x.com\\\/PcProxima\",\"https:\\\/\\\/www.instagram.com\\\/proximacentauribdx\\\/\",\"https:\\\/\\\/www.linkedin.com\\\/in\\\/proximacentauri\\\/\",\"https:\\\/\\\/www.youtube.com\\\/c\\\/proximacentaurimusique\"]}]}<\/script>\n<!-- \/ Yoast SEO plugin. -->","yoast_head_json":{"title":"Compositeurs et compositrices laur\u00e9at\u00b7es MIXTE#3 &#8226; Acad\u00e9mie MIXTE","robots":{"index":"index","follow":"follow","max-snippet":"max-snippet:-1","max-image-preview":"max-image-preview:large","max-video-preview":"max-video-preview:-1"},"canonical":"http:\/\/academiemixte.com\/en\/compositeurs-et-compositrices-laureat\u00b7es-mixte3\/","og_locale":"en_US","og_type":"article","og_title":"Compositeurs et compositrices laur\u00e9at\u00b7es MIXTE#3 &#8226; Acad\u00e9mie MIXTE","og_description":"de gauche \u00e0 droite : Ji-Young LEE, Ivana RADOVANOVIC, Pasquale LAURO, Floriana PROVENZANO, Lo\u00efc LE ROUX \ud835\udc00\ud835\udc02\ud835\udc00\ud835\udc03\ud835\udc04\u0301\ud835\udc0c\ud835\udc08\ud835\udc04 \ud835\udc0c\ud835\udc08\ud835\udc17\ud835\udc13\ud835\udc04#\ud835\udfd1 \/\/\/ \ud835\udc0b\ud835\udc1e\ud835\udc2c \ud835\udc29\ud835\udc2b\ud835\udc28\ud835\udc23\ud835\udc1e\ud835\udc2d\ud835\udc2c \ud835\udc25\ud835\udc1a\ud835\udc2e\ud835\udc2b\ud835\udc1e\u0301\ud835\udc1a\ud835\udc2d\ud835\udc2c Apr\u00e8s r\u00e9union du &hellip;","og_url":"http:\/\/academiemixte.com\/en\/compositeurs-et-compositrices-laureat\u00b7es-mixte3\/","og_site_name":"Acad\u00e9mie MIXTE","article_publisher":"https:\/\/www.facebook.com\/MIXTEacademie","article_modified_time":"2025-08-25T13:10:43+00:00","og_image":[{"width":2094,"height":424,"url":"http:\/\/academiemixte.com\/wp-content\/uploads\/2025\/07\/Compos-MIXTE_3.jpg","type":"image\/jpeg"}],"twitter_card":"summary_large_image","twitter_site":"@PcProxima","twitter_misc":{"Est. reading time":"2 minutes"},"schema":{"@context":"https:\/\/schema.org","@graph":[{"@type":"WebPage","@id":"http:\/\/academiemixte.com\/fr_fr\/compositeurs-et-compositrices-laureat%c2%b7es-mixte3\/","url":"http:\/\/academiemixte.com\/fr_fr\/compositeurs-et-compositrices-laureat%c2%b7es-mixte3\/","name":"Compositeurs et compositrices laur\u00e9at\u00b7es MIXTE#3 &#8226; Acad\u00e9mie MIXTE","isPartOf":{"@id":"http:\/\/academiemixte.com\/#website"},"primaryImageOfPage":{"@id":"http:\/\/academiemixte.com\/fr_fr\/compositeurs-et-compositrices-laureat%c2%b7es-mixte3\/#primaryimage"},"image":{"@id":"http:\/\/academiemixte.com\/fr_fr\/compositeurs-et-compositrices-laureat%c2%b7es-mixte3\/#primaryimage"},"thumbnailUrl":"http:\/\/academiemixte.com\/wp-content\/uploads\/2025\/07\/Compos-MIXTE_3-1024x207.jpg","datePublished":"2025-07-11T10:15:58+00:00","dateModified":"2025-08-25T13:10:43+00:00","breadcrumb":{"@id":"http:\/\/academiemixte.com\/fr_fr\/compositeurs-et-compositrices-laureat%c2%b7es-mixte3\/#breadcrumb"},"inLanguage":"en-US","potentialAction":[{"@type":"ReadAction","target":["http:\/\/academiemixte.com\/fr_fr\/compositeurs-et-compositrices-laureat%c2%b7es-mixte3\/"]}]},{"@type":"ImageObject","inLanguage":"en-US","@id":"http:\/\/academiemixte.com\/fr_fr\/compositeurs-et-compositrices-laureat%c2%b7es-mixte3\/#primaryimage","url":"http:\/\/academiemixte.com\/wp-content\/uploads\/2025\/07\/Compos-MIXTE_3-1024x207.jpg","contentUrl":"http:\/\/academiemixte.com\/wp-content\/uploads\/2025\/07\/Compos-MIXTE_3-1024x207.jpg"},{"@type":"BreadcrumbList","@id":"http:\/\/academiemixte.com\/fr_fr\/compositeurs-et-compositrices-laureat%c2%b7es-mixte3\/#breadcrumb","itemListElement":[{"@type":"ListItem","position":1,"name":"Accueil","item":"http:\/\/academiemixte.com\/"},{"@type":"ListItem","position":2,"name":"Compositeurs et compositrices laur\u00e9at\u00b7es MIXTE#3"}]},{"@type":"WebSite","@id":"http:\/\/academiemixte.com\/#website","url":"http:\/\/academiemixte.com\/","name":"MIXTE Academy","description":"International academy of musical creation","publisher":{"@id":"http:\/\/academiemixte.com\/#organization"},"potentialAction":[{"@type":"SearchAction","target":{"@type":"EntryPoint","urlTemplate":"http:\/\/academiemixte.com\/?s={search_term_string}"},"query-input":{"@type":"PropertyValueSpecification","valueRequired":true,"valueName":"search_term_string"}}],"inLanguage":"en-US"},{"@type":"Organization","@id":"http:\/\/academiemixte.com\/#organization","name":"MIXTE Academy","url":"http:\/\/academiemixte.com\/","logo":{"@type":"ImageObject","inLanguage":"en-US","@id":"http:\/\/academiemixte.com\/#\/schema\/logo\/image\/","url":"http:\/\/academiemixte.com\/wp-content\/uploads\/2022\/01\/LOGO-test1.jpg","contentUrl":"http:\/\/academiemixte.com\/wp-content\/uploads\/2022\/01\/LOGO-test1.jpg","width":270,"height":341,"caption":"Acad\u00e9mie MIXTE"},"image":{"@id":"http:\/\/academiemixte.com\/#\/schema\/logo\/image\/"},"sameAs":["https:\/\/www.facebook.com\/MIXTEacademie","https:\/\/x.com\/PcProxima","https:\/\/www.instagram.com\/proximacentauribdx\/","https:\/\/www.linkedin.com\/in\/proximacentauri\/","https:\/\/www.youtube.com\/c\/proximacentaurimusique"]}]}},"_links":{"self":[{"href":"http:\/\/academiemixte.com\/en\/wp-json\/wp\/v2\/pages\/2824","targetHints":{"allow":["GET"]}}],"collection":[{"href":"http:\/\/academiemixte.com\/en\/wp-json\/wp\/v2\/pages"}],"about":[{"href":"http:\/\/academiemixte.com\/en\/wp-json\/wp\/v2\/types\/page"}],"author":[{"embeddable":true,"href":"http:\/\/academiemixte.com\/en\/wp-json\/wp\/v2\/users\/1"}],"replies":[{"embeddable":true,"href":"http:\/\/academiemixte.com\/en\/wp-json\/wp\/v2\/comments?post=2824"}],"version-history":[{"count":22,"href":"http:\/\/academiemixte.com\/en\/wp-json\/wp\/v2\/pages\/2824\/revisions"}],"predecessor-version":[{"id":2868,"href":"http:\/\/academiemixte.com\/en\/wp-json\/wp\/v2\/pages\/2824\/revisions\/2868"}],"wp:attachment":[{"href":"http:\/\/academiemixte.com\/en\/wp-json\/wp\/v2\/media?parent=2824"}],"curies":[{"name":"wp","href":"https:\/\/api.w.org\/{rel}","templated":true}]}}