{"id":2912,"date":"2026-03-04T14:49:18","date_gmt":"2026-03-04T14:49:18","guid":{"rendered":"http:\/\/academiemixte.com\/?page_id=2912"},"modified":"2026-03-13T19:03:02","modified_gmt":"2026-03-13T19:03:02","slug":"inscription-paiement","status":"publish","type":"page","link":"http:\/\/academiemixte.com\/en\/inscription-paiement\/","title":{"rendered":"Registration and payment"},"content":{"rendered":"<div data-elementor-type=\"wp-page\" data-elementor-id=\"2912\" class=\"elementor elementor-2912\">\n\t\t\t\t\t\t<section class=\"elementor-section elementor-top-section elementor-element elementor-element-a3ef9c4 elementor-section-boxed elementor-section-height-default elementor-section-height-default\" data-id=\"a3ef9c4\" data-element_type=\"section\" data-e-type=\"section\">\n\t\t\t\t\t\t<div class=\"elementor-container elementor-column-gap-default\">\n\t\t\t\t\t<div class=\"elementor-column elementor-col-100 elementor-top-column elementor-element elementor-element-66dd931\" data-id=\"66dd931\" data-element_type=\"column\" data-e-type=\"column\">\n\t\t\t<div class=\"elementor-widget-wrap elementor-element-populated\">\n\t\t\t\t\t\t<div class=\"elementor-element elementor-element-2dbb6e0 elementor-widget elementor-widget-text-editor\" data-id=\"2dbb6e0\" data-element_type=\"widget\" data-e-type=\"widget\" data-widget_type=\"text-editor.default\">\n\t\t\t\t<div class=\"elementor-widget-container\">\n\t\t\t\t\t\t\t\t\t<p style=\"text-align: center;\"><span style=\"color: #000000;\">Registration for the MIXTE Academy is done online via the Helloasso platform.<\/span><\/p>\t\t\t\t\t\t\t\t<\/div>\n\t\t\t\t<\/div>\n\t\t\t\t\t<\/div>\n\t\t<\/div>\n\t\t\t\t\t<\/div>\n\t\t<\/section>\n\t\t\t\t<section class=\"elementor-section elementor-top-section elementor-element elementor-element-59d049d elementor-section-boxed elementor-section-height-default elementor-section-height-default\" data-id=\"59d049d\" data-element_type=\"section\" data-e-type=\"section\">\n\t\t\t\t\t\t<div class=\"elementor-container elementor-column-gap-default\">\n\t\t\t\t\t<div class=\"elementor-column elementor-col-100 elementor-top-column elementor-element elementor-element-dabb79d\" data-id=\"dabb79d\" data-element_type=\"column\" data-e-type=\"column\">\n\t\t\t<div class=\"elementor-widget-wrap elementor-element-populated\">\n\t\t\t\t\t\t<div class=\"elementor-element elementor-element-fc7cb76 elementor-widget elementor-widget-image\" data-id=\"fc7cb76\" data-element_type=\"widget\" data-e-type=\"widget\" data-widget_type=\"image.default\">\n\t\t\t\t<div class=\"elementor-widget-container\">\n\t\t\t\t\t\t\t\t\t\t\t\t\t\t\t\t<a href=\"https:\/\/www.helloasso.com\/associations\/proxima-centauri\/boutiques\/registration-form-academie-mixte-3-english-version\" target=\"_blank\">\n\t\t\t\t\t\t\t<img decoding=\"async\" width=\"300\" height=\"65\" src=\"http:\/\/academiemixte.com\/wp-content\/uploads\/2026\/03\/HelloAsso-300x65.png\" class=\"attachment-medium size-medium wp-image-2914\" alt=\"\" srcset=\"http:\/\/academiemixte.com\/wp-content\/uploads\/2026\/03\/HelloAsso-300x65.png 300w, http:\/\/academiemixte.com\/wp-content\/uploads\/2026\/03\/HelloAsso-1024x223.png 1024w, http:\/\/academiemixte.com\/wp-content\/uploads\/2026\/03\/HelloAsso-768x167.png 768w, http:\/\/academiemixte.com\/wp-content\/uploads\/2026\/03\/HelloAsso-1536x334.png 1536w, http:\/\/academiemixte.com\/wp-content\/uploads\/2026\/03\/HelloAsso-2048x446.png 2048w, http:\/\/academiemixte.com\/wp-content\/uploads\/2026\/03\/HelloAsso-18x4.png 18w, http:\/\/academiemixte.com\/wp-content\/uploads\/2026\/03\/HelloAsso-696x151.png 696w\" sizes=\"(max-width: 300px) 100vw, 300px\" \/>\t\t\t\t\t\t\t\t<\/a>\n\t\t\t\t\t\t\t\t\t\t\t\t\t\t\t<\/div>\n\t\t\t\t<\/div>\n\t\t\t\t\t<\/div>\n\t\t<\/div>\n\t\t\t\t\t<\/div>\n\t\t<\/section>\n\t\t\t\t<section class=\"elementor-section elementor-top-section elementor-element elementor-element-bef0ffd elementor-section-boxed elementor-section-height-default elementor-section-height-default\" data-id=\"bef0ffd\" data-element_type=\"section\" data-e-type=\"section\">\n\t\t\t\t\t\t<div class=\"elementor-container elementor-column-gap-default\">\n\t\t\t\t\t<div class=\"elementor-column elementor-col-33 elementor-top-column elementor-element elementor-element-fa3bc01\" data-id=\"fa3bc01\" data-element_type=\"column\" data-e-type=\"column\">\n\t\t\t<div class=\"elementor-widget-wrap\">\n\t\t\t\t\t\t\t<\/div>\n\t\t<\/div>\n\t\t\t\t<div class=\"elementor-column elementor-col-33 elementor-top-column elementor-element elementor-element-58fb8a9\" data-id=\"58fb8a9\" data-element_type=\"column\" data-e-type=\"column\">\n\t\t\t<div class=\"elementor-widget-wrap elementor-element-populated\">\n\t\t\t\t\t\t<div class=\"elementor-element elementor-element-5a28dd2 elementor-widget__width-initial elementor-widget elementor-widget-image\" data-id=\"5a28dd2\" data-element_type=\"widget\" data-e-type=\"widget\" data-widget_type=\"image.default\">\n\t\t\t\t<div class=\"elementor-widget-container\">\n\t\t\t\t\t\t\t\t\t\t\t\t\t\t\t<img fetchpriority=\"high\" decoding=\"async\" width=\"600\" height=\"600\" src=\"http:\/\/academiemixte.com\/wp-content\/uploads\/2026\/03\/qrcode-MIXTE-Registration-ENG-1.png\" class=\"attachment-large size-large wp-image-2943\" alt=\"\" srcset=\"http:\/\/academiemixte.com\/wp-content\/uploads\/2026\/03\/qrcode-MIXTE-Registration-ENG-1.png 600w, http:\/\/academiemixte.com\/wp-content\/uploads\/2026\/03\/qrcode-MIXTE-Registration-ENG-1-300x300.png 300w, http:\/\/academiemixte.com\/wp-content\/uploads\/2026\/03\/qrcode-MIXTE-Registration-ENG-1-150x150.png 150w, http:\/\/academiemixte.com\/wp-content\/uploads\/2026\/03\/qrcode-MIXTE-Registration-ENG-1-12x12.png 12w\" sizes=\"(max-width: 600px) 100vw, 600px\" \/>\t\t\t\t\t\t\t\t\t\t\t\t\t\t\t<\/div>\n\t\t\t\t<\/div>\n\t\t\t\t\t<\/div>\n\t\t<\/div>\n\t\t\t\t<div class=\"elementor-column elementor-col-33 elementor-top-column elementor-element elementor-element-385003f\" data-id=\"385003f\" data-element_type=\"column\" data-e-type=\"column\">\n\t\t\t<div class=\"elementor-widget-wrap\">\n\t\t\t\t\t\t\t<\/div>\n\t\t<\/div>\n\t\t\t\t\t<\/div>\n\t\t<\/section>\n\t\t\t\t<section class=\"elementor-section elementor-top-section elementor-element elementor-element-5882c40 elementor-section-boxed elementor-section-height-default elementor-section-height-default\" data-id=\"5882c40\" data-element_type=\"section\" data-e-type=\"section\">\n\t\t\t\t\t\t<div class=\"elementor-container elementor-column-gap-default\">\n\t\t\t\t\t<div class=\"elementor-column elementor-col-100 elementor-top-column elementor-element elementor-element-18fb83e\" data-id=\"18fb83e\" data-element_type=\"column\" data-e-type=\"column\">\n\t\t\t<div class=\"elementor-widget-wrap elementor-element-populated\">\n\t\t\t\t\t\t<div class=\"elementor-element elementor-element-bd61211 elementor-widget elementor-widget-text-editor\" data-id=\"bd61211\" data-element_type=\"widget\" data-e-type=\"widget\" data-widget_type=\"text-editor.default\">\n\t\t\t\t<div class=\"elementor-widget-container\">\n\t\t\t\t\t\t\t\t\t<p style=\"text-align: center;\"><a href=\"https:\/\/www.helloasso.com\/associations\/proxima-centauri\/boutiques\/registration-form-academie-mixte-3-english-version\" target=\"_blank\" rel=\"noopener\">https:\/\/www.helloasso.com\/associations\/proxima-centauri\/boutiques\/registration-form-academie-mixte-3-english-version<\/a><\/p>\t\t\t\t\t\t\t\t<\/div>\n\t\t\t\t<\/div>\n\t\t\t\t\t<\/div>\n\t\t<\/div>\n\t\t\t\t\t<\/div>\n\t\t<\/section>\n\t\t\t\t<\/div>","protected":false},"excerpt":{"rendered":"<p>L&rsquo;inscription \u00e0 l&rsquo;Acad\u00e9mie MIXTE s&rsquo;effectue en ligne sur la plateforme Helloasso. https:\/\/www.helloasso.com\/associations\/proxima-centauri\/boutiques\/academie-mixte-3-fr<\/p>","protected":false},"author":1,"featured_media":0,"parent":0,"menu_order":0,"comment_status":"closed","ping_status":"closed","template":"","meta":{"footnotes":""},"class_list":["post-2912","page","type-page","status-publish","hentry"],"yoast_head":"<!-- This site is optimized with the Yoast SEO plugin v27.4 - https:\/\/yoast.com\/product\/yoast-seo-wordpress\/ -->\n<title>Inscription &amp; Paiement &#8226; Acad\u00e9mie MIXTE<\/title>\n<meta name=\"robots\" content=\"index, follow, max-snippet:-1, max-image-preview:large, max-video-preview:-1\" \/>\n<link rel=\"canonical\" href=\"http:\/\/academiemixte.com\/en\/inscription-paiement\/\" \/>\n<meta property=\"og:locale\" content=\"en_US\" \/>\n<meta property=\"og:type\" content=\"article\" \/>\n<meta property=\"og:title\" content=\"Inscription &amp; Paiement &#8226; Acad\u00e9mie MIXTE\" \/>\n<meta property=\"og:description\" content=\"L&rsquo;inscription \u00e0 l&rsquo;Acad\u00e9mie MIXTE s&rsquo;effectue en ligne sur la plateforme Helloasso. https:\/\/www.helloasso.com\/associations\/proxima-centauri\/boutiques\/academie-mixte-3-fr\" \/>\n<meta property=\"og:url\" content=\"http:\/\/academiemixte.com\/en\/inscription-paiement\/\" \/>\n<meta property=\"og:site_name\" content=\"Acad\u00e9mie MIXTE\" \/>\n<meta property=\"article:publisher\" content=\"https:\/\/www.facebook.com\/MIXTEacademie\" \/>\n<meta property=\"article:modified_time\" content=\"2026-03-13T19:03:02+00:00\" \/>\n<meta property=\"og:image\" content=\"http:\/\/academiemixte.com\/wp-content\/uploads\/2026\/03\/HelloAsso.png\" \/>\n\t<meta property=\"og:image:width\" content=\"2560\" \/>\n\t<meta property=\"og:image:height\" content=\"557\" \/>\n\t<meta property=\"og:image:type\" content=\"image\/png\" \/>\n<meta name=\"twitter:card\" content=\"summary_large_image\" \/>\n<meta name=\"twitter:site\" content=\"@PcProxima\" \/>\n<meta name=\"twitter:label1\" content=\"Est. reading time\" \/>\n\t<meta name=\"twitter:data1\" content=\"1 minute\" \/>\n<script type=\"application\/ld+json\" class=\"yoast-schema-graph\">{\"@context\":\"https:\\\/\\\/schema.org\",\"@graph\":[{\"@type\":\"WebPage\",\"@id\":\"http:\\\/\\\/academiemixte.com\\\/inscription-paiement\\\/\",\"url\":\"http:\\\/\\\/academiemixte.com\\\/inscription-paiement\\\/\",\"name\":\"Inscription &amp; Paiement &#8226; Acad\u00e9mie MIXTE\",\"isPartOf\":{\"@id\":\"http:\\\/\\\/academiemixte.com\\\/#website\"},\"primaryImageOfPage\":{\"@id\":\"http:\\\/\\\/academiemixte.com\\\/inscription-paiement\\\/#primaryimage\"},\"image\":{\"@id\":\"http:\\\/\\\/academiemixte.com\\\/inscription-paiement\\\/#primaryimage\"},\"thumbnailUrl\":\"http:\\\/\\\/academiemixte.com\\\/wp-content\\\/uploads\\\/2026\\\/03\\\/HelloAsso-300x65.png\",\"datePublished\":\"2026-03-04T14:49:18+00:00\",\"dateModified\":\"2026-03-13T19:03:02+00:00\",\"breadcrumb\":{\"@id\":\"http:\\\/\\\/academiemixte.com\\\/inscription-paiement\\\/#breadcrumb\"},\"inLanguage\":\"en-US\",\"potentialAction\":[{\"@type\":\"ReadAction\",\"target\":[\"http:\\\/\\\/academiemixte.com\\\/inscription-paiement\\\/\"]}]},{\"@type\":\"ImageObject\",\"inLanguage\":\"en-US\",\"@id\":\"http:\\\/\\\/academiemixte.com\\\/inscription-paiement\\\/#primaryimage\",\"url\":\"http:\\\/\\\/academiemixte.com\\\/wp-content\\\/uploads\\\/2026\\\/03\\\/HelloAsso-300x65.png\",\"contentUrl\":\"http:\\\/\\\/academiemixte.com\\\/wp-content\\\/uploads\\\/2026\\\/03\\\/HelloAsso-300x65.png\"},{\"@type\":\"BreadcrumbList\",\"@id\":\"http:\\\/\\\/academiemixte.com\\\/inscription-paiement\\\/#breadcrumb\",\"itemListElement\":[{\"@type\":\"ListItem\",\"position\":1,\"name\":\"Accueil\",\"item\":\"http:\\\/\\\/academiemixte.com\\\/\"},{\"@type\":\"ListItem\",\"position\":2,\"name\":\"Inscription &amp; Paiement\"}]},{\"@type\":\"WebSite\",\"@id\":\"http:\\\/\\\/academiemixte.com\\\/#website\",\"url\":\"http:\\\/\\\/academiemixte.com\\\/\",\"name\":\"Acad\u00e9mie MIXTE\",\"description\":\"Acad\u00e9mie internationale de cr\u00e9ation musicale\",\"publisher\":{\"@id\":\"http:\\\/\\\/academiemixte.com\\\/#organization\"},\"potentialAction\":[{\"@type\":\"SearchAction\",\"target\":{\"@type\":\"EntryPoint\",\"urlTemplate\":\"http:\\\/\\\/academiemixte.com\\\/?s={search_term_string}\"},\"query-input\":{\"@type\":\"PropertyValueSpecification\",\"valueRequired\":true,\"valueName\":\"search_term_string\"}}],\"inLanguage\":\"en-US\"},{\"@type\":\"Organization\",\"@id\":\"http:\\\/\\\/academiemixte.com\\\/#organization\",\"name\":\"Acad\u00e9mie MIXTE\",\"url\":\"http:\\\/\\\/academiemixte.com\\\/\",\"logo\":{\"@type\":\"ImageObject\",\"inLanguage\":\"en-US\",\"@id\":\"http:\\\/\\\/academiemixte.com\\\/#\\\/schema\\\/logo\\\/image\\\/\",\"url\":\"http:\\\/\\\/academiemixte.com\\\/wp-content\\\/uploads\\\/2022\\\/01\\\/LOGO-test1.jpg\",\"contentUrl\":\"http:\\\/\\\/academiemixte.com\\\/wp-content\\\/uploads\\\/2022\\\/01\\\/LOGO-test1.jpg\",\"width\":270,\"height\":341,\"caption\":\"Acad\u00e9mie MIXTE\"},\"image\":{\"@id\":\"http:\\\/\\\/academiemixte.com\\\/#\\\/schema\\\/logo\\\/image\\\/\"},\"sameAs\":[\"https:\\\/\\\/www.facebook.com\\\/MIXTEacademie\",\"https:\\\/\\\/x.com\\\/PcProxima\",\"https:\\\/\\\/www.instagram.com\\\/proximacentauribdx\\\/\",\"https:\\\/\\\/www.linkedin.com\\\/in\\\/proximacentauri\\\/\",\"https:\\\/\\\/www.youtube.com\\\/c\\\/proximacentaurimusique\"]}]}<\/script>\n<!-- \/ Yoast SEO plugin. -->","yoast_head_json":{"title":"Inscription &amp; Paiement &#8226; Acad\u00e9mie MIXTE","robots":{"index":"index","follow":"follow","max-snippet":"max-snippet:-1","max-image-preview":"max-image-preview:large","max-video-preview":"max-video-preview:-1"},"canonical":"http:\/\/academiemixte.com\/en\/inscription-paiement\/","og_locale":"en_US","og_type":"article","og_title":"Inscription &amp; Paiement &#8226; Acad\u00e9mie MIXTE","og_description":"L&rsquo;inscription \u00e0 l&rsquo;Acad\u00e9mie MIXTE s&rsquo;effectue en ligne sur la plateforme Helloasso. https:\/\/www.helloasso.com\/associations\/proxima-centauri\/boutiques\/academie-mixte-3-fr","og_url":"http:\/\/academiemixte.com\/en\/inscription-paiement\/","og_site_name":"Acad\u00e9mie MIXTE","article_publisher":"https:\/\/www.facebook.com\/MIXTEacademie","article_modified_time":"2026-03-13T19:03:02+00:00","og_image":[{"width":2560,"height":557,"url":"http:\/\/academiemixte.com\/wp-content\/uploads\/2026\/03\/HelloAsso.png","type":"image\/png"}],"twitter_card":"summary_large_image","twitter_site":"@PcProxima","twitter_misc":{"Est. reading time":"1 minute"},"schema":{"@context":"https:\/\/schema.org","@graph":[{"@type":"WebPage","@id":"http:\/\/academiemixte.com\/inscription-paiement\/","url":"http:\/\/academiemixte.com\/inscription-paiement\/","name":"Inscription &amp; Paiement &#8226; Acad\u00e9mie MIXTE","isPartOf":{"@id":"http:\/\/academiemixte.com\/#website"},"primaryImageOfPage":{"@id":"http:\/\/academiemixte.com\/inscription-paiement\/#primaryimage"},"image":{"@id":"http:\/\/academiemixte.com\/inscription-paiement\/#primaryimage"},"thumbnailUrl":"http:\/\/academiemixte.com\/wp-content\/uploads\/2026\/03\/HelloAsso-300x65.png","datePublished":"2026-03-04T14:49:18+00:00","dateModified":"2026-03-13T19:03:02+00:00","breadcrumb":{"@id":"http:\/\/academiemixte.com\/inscription-paiement\/#breadcrumb"},"inLanguage":"en-US","potentialAction":[{"@type":"ReadAction","target":["http:\/\/academiemixte.com\/inscription-paiement\/"]}]},{"@type":"ImageObject","inLanguage":"en-US","@id":"http:\/\/academiemixte.com\/inscription-paiement\/#primaryimage","url":"http:\/\/academiemixte.com\/wp-content\/uploads\/2026\/03\/HelloAsso-300x65.png","contentUrl":"http:\/\/academiemixte.com\/wp-content\/uploads\/2026\/03\/HelloAsso-300x65.png"},{"@type":"BreadcrumbList","@id":"http:\/\/academiemixte.com\/inscription-paiement\/#breadcrumb","itemListElement":[{"@type":"ListItem","position":1,"name":"Accueil","item":"http:\/\/academiemixte.com\/"},{"@type":"ListItem","position":2,"name":"Inscription &amp; Paiement"}]},{"@type":"WebSite","@id":"http:\/\/academiemixte.com\/#website","url":"http:\/\/academiemixte.com\/","name":"MIXTE Academy","description":"International academy of musical creation","publisher":{"@id":"http:\/\/academiemixte.com\/#organization"},"potentialAction":[{"@type":"SearchAction","target":{"@type":"EntryPoint","urlTemplate":"http:\/\/academiemixte.com\/?s={search_term_string}"},"query-input":{"@type":"PropertyValueSpecification","valueRequired":true,"valueName":"search_term_string"}}],"inLanguage":"en-US"},{"@type":"Organization","@id":"http:\/\/academiemixte.com\/#organization","name":"MIXTE Academy","url":"http:\/\/academiemixte.com\/","logo":{"@type":"ImageObject","inLanguage":"en-US","@id":"http:\/\/academiemixte.com\/#\/schema\/logo\/image\/","url":"http:\/\/academiemixte.com\/wp-content\/uploads\/2022\/01\/LOGO-test1.jpg","contentUrl":"http:\/\/academiemixte.com\/wp-content\/uploads\/2022\/01\/LOGO-test1.jpg","width":270,"height":341,"caption":"Acad\u00e9mie MIXTE"},"image":{"@id":"http:\/\/academiemixte.com\/#\/schema\/logo\/image\/"},"sameAs":["https:\/\/www.facebook.com\/MIXTEacademie","https:\/\/x.com\/PcProxima","https:\/\/www.instagram.com\/proximacentauribdx\/","https:\/\/www.linkedin.com\/in\/proximacentauri\/","https:\/\/www.youtube.com\/c\/proximacentaurimusique"]}]}},"_links":{"self":[{"href":"http:\/\/academiemixte.com\/en\/wp-json\/wp\/v2\/pages\/2912","targetHints":{"allow":["GET"]}}],"collection":[{"href":"http:\/\/academiemixte.com\/en\/wp-json\/wp\/v2\/pages"}],"about":[{"href":"http:\/\/academiemixte.com\/en\/wp-json\/wp\/v2\/types\/page"}],"author":[{"embeddable":true,"href":"http:\/\/academiemixte.com\/en\/wp-json\/wp\/v2\/users\/1"}],"replies":[{"embeddable":true,"href":"http:\/\/academiemixte.com\/en\/wp-json\/wp\/v2\/comments?post=2912"}],"version-history":[{"count":13,"href":"http:\/\/academiemixte.com\/en\/wp-json\/wp\/v2\/pages\/2912\/revisions"}],"predecessor-version":[{"id":2946,"href":"http:\/\/academiemixte.com\/en\/wp-json\/wp\/v2\/pages\/2912\/revisions\/2946"}],"wp:attachment":[{"href":"http:\/\/academiemixte.com\/en\/wp-json\/wp\/v2\/media?parent=2912"}],"curies":[{"name":"wp","href":"https:\/\/api.w.org\/{rel}","templated":true}]}}