{"id":567,"date":"2022-01-06T08:46:12","date_gmt":"2022-01-06T08:46:12","guid":{"rendered":"http:\/\/academiemixte.com\/?page_id=567"},"modified":"2022-01-06T08:49:11","modified_gmt":"2022-01-06T08:49:11","slug":"elementor-567","status":"publish","type":"page","link":"http:\/\/academiemixte.com\/en\/elementor-567\/","title":{"rendered":"Sylvain Millepied"},"content":{"rendered":"<div data-elementor-type=\"wp-page\" data-elementor-id=\"567\" class=\"elementor elementor-567\">\n\t\t\t\t\t\t<section class=\"elementor-section elementor-top-section elementor-element elementor-element-71e80ac elementor-section-boxed elementor-section-height-default elementor-section-height-default\" data-id=\"71e80ac\" data-element_type=\"section\" data-e-type=\"section\">\n\t\t\t\t\t\t<div class=\"elementor-container elementor-column-gap-default\">\n\t\t\t\t\t<div class=\"elementor-column elementor-col-100 elementor-top-column elementor-element elementor-element-db64492\" data-id=\"db64492\" data-element_type=\"column\" data-e-type=\"column\">\n\t\t\t<div class=\"elementor-widget-wrap elementor-element-populated\">\n\t\t\t\t\t\t<div class=\"elementor-element elementor-element-c9fff4e elementor-position-top elementor-widget elementor-widget-image-box\" data-id=\"c9fff4e\" data-element_type=\"widget\" data-e-type=\"widget\" data-widget_type=\"image-box.default\">\n\t\t\t\t<div class=\"elementor-widget-container\">\n\t\t\t\t\t<div class=\"elementor-image-box-wrapper\"><figure class=\"elementor-image-box-img\"><img fetchpriority=\"high\" decoding=\"async\" width=\"1704\" height=\"2560\" src=\"http:\/\/academiemixte.com\/wp-content\/uploads\/2021\/06\/Sylvain2-scaled.jpg\" class=\"attachment-full size-full wp-image-449\" alt=\"\" srcset=\"http:\/\/academiemixte.com\/wp-content\/uploads\/2021\/06\/Sylvain2-scaled.jpg 1704w, http:\/\/academiemixte.com\/wp-content\/uploads\/2021\/06\/Sylvain2-200x300.jpg 200w, http:\/\/academiemixte.com\/wp-content\/uploads\/2021\/06\/Sylvain2-682x1024.jpg 682w, http:\/\/academiemixte.com\/wp-content\/uploads\/2021\/06\/Sylvain2-768x1154.jpg 768w, http:\/\/academiemixte.com\/wp-content\/uploads\/2021\/06\/Sylvain2-1022x1536.jpg 1022w, http:\/\/academiemixte.com\/wp-content\/uploads\/2021\/06\/Sylvain2-1363x2048.jpg 1363w\" sizes=\"(max-width: 1704px) 100vw, 1704px\" \/><\/figure><div class=\"elementor-image-box-content\"><h3 class=\"elementor-image-box-title\">Flute<\/h3><p class=\"elementor-image-box-description\"><div><section><div><div><div><article data-wow-delay=\"0.4s\"><div><div><p style=\"text-align: justify\">Born in Bordeaux in 1969, Sylvain Millepied studied music at the Conservatoire de R\u00e9gion de Bordeaux, where he was awarded the M\u00e9daille d'Or in flute and chamber music (1987) and the M\u00e9daille d'Honneur de la ville de Bordeaux by unanimous vote (1988). That same year, he was a finalist in the Darius Milhaud International Competition and gave his first concerts as a soloist in Poland (Warsaw, Krakow, Zakopane).<\/p><p style=\"text-align: justify\">He continued his studies in Paris in Maurice Pruvot's class (1989 and 1990), where he won first prizes in superior and advanced classes.<\/p><p style=\"text-align: justify\">He studied with Robert Pichaureau, a specialist in breathing techniques applied to wind instruments, and with Alain Marion, Catherine Cantin, Andras Adorjan and Jean-Pierre Rampal during master classes and courses.<\/p><p style=\"text-align: justify\">In 1994, Sylvain Millepied won the Maria Canals International Competition in Barcelona, then the Gyorgy Cziffra Foundation (1995), and was a semi-finalist in the Young Concert Artist Competition in New York (1996).<\/p><p style=\"text-align: justify\">His taste for encounters and artistic experiments naturally leads him to perform as often as possible with other musicians. He performed as a soloist with Alain Marion at the Auditorium des Halles in Paris, before joining the Proxima Centauri ensemble in 1998.<\/p><p style=\"text-align: justify\">He plays in a duo with guitarist Jean-Luc Rocchietti (CD \"Rencontre concertante\", 2000), and participates in a number of orchestras and ensembles, including the Bilbao Symphony Orchestra, Les Symphonistes d'Aquitaine, Orchestre National Bordeaux Aquitaine, Orchestre de Chambre de Gironde, Ensemble Des Concertants and Trio Debussy. He also collaborates with the \"Danses Concertantes\" troupe on a series of performances in London and New York.<\/p><p style=\"text-align: justify\">He performs solo recitals with his flutes, displaying his virtuosity and expressive range in a repertoire ranging from baroque to contemporary music (Brussels PACT Festival at the Cirque Royal). He has been a guest solo flautist with France Musique (2000) and the BBC in London (2002), and recorded for RTBF as part of the Ars Musica Festival (2003).<\/p><p style=\"text-align: justify\">Alongside his activities as an instrumentalist, he has written a musical tale for children entitled \"R\u00e9mi, Julie et les secrets de la musique\" (a voyage of discovery through world music) and composed the accompanying music for Yang Xing Do (an oriental martial art).<\/p><\/div><\/div><\/article><\/div><\/div><\/div><\/section><\/div>\n\n\n\n\n\n\n<\/p><\/div><\/div>\t\t\t\t<\/div>\n\t\t\t\t<\/div>\n\t\t\t\t\t<\/div>\n\t\t<\/div>\n\t\t\t\t\t<\/div>\n\t\t<\/section>\n\t\t\t\t<\/div>","protected":false},"excerpt":{"rendered":"<p>Fl\u00fbte N\u00e9 en 1969 \u00e0 Bordeaux, Sylvain Millepied suit ses \u00e9tudes musicales au Conservatoire de R\u00e9gion de Bordeaux o\u00f9 il obtient, en fl\u00fbte traversi\u00e8re et &hellip;<\/p>","protected":false},"author":1,"featured_media":0,"parent":0,"menu_order":0,"comment_status":"closed","ping_status":"closed","template":"","meta":{"footnotes":""},"class_list":["post-567","page","type-page","status-publish","hentry"],"yoast_head":"<!-- This site is optimized with the Yoast SEO plugin v27.3 - https:\/\/yoast.com\/product\/yoast-seo-wordpress\/ -->\n<title>Sylvain Millepied &#8226; Acad\u00e9mie MIXTE<\/title>\n<meta name=\"robots\" content=\"index, follow, max-snippet:-1, max-image-preview:large, max-video-preview:-1\" \/>\n<link rel=\"canonical\" href=\"http:\/\/academiemixte.com\/en\/elementor-567\/\" \/>\n<meta property=\"og:locale\" content=\"en_US\" \/>\n<meta property=\"og:type\" content=\"article\" \/>\n<meta property=\"og:title\" content=\"Sylvain Millepied &#8226; Acad\u00e9mie MIXTE\" \/>\n<meta property=\"og:description\" content=\"Fl\u00fbte N\u00e9 en 1969 \u00e0 Bordeaux, Sylvain Millepied suit ses \u00e9tudes musicales au Conservatoire de R\u00e9gion de Bordeaux o\u00f9 il obtient, en fl\u00fbte traversi\u00e8re et &hellip;\" \/>\n<meta property=\"og:url\" content=\"http:\/\/academiemixte.com\/en\/elementor-567\/\" \/>\n<meta property=\"og:site_name\" content=\"Acad\u00e9mie MIXTE\" \/>\n<meta property=\"article:publisher\" content=\"https:\/\/www.facebook.com\/MIXTEacademie\" \/>\n<meta property=\"article:modified_time\" content=\"2022-01-06T08:49:11+00:00\" \/>\n<meta property=\"og:image\" content=\"http:\/\/academiemixte.com\/wp-content\/uploads\/2021\/06\/Sylvain2-scaled.jpg\" \/>\n<meta name=\"twitter:card\" content=\"summary_large_image\" \/>\n<meta name=\"twitter:site\" content=\"@PcProxima\" \/>\n<meta name=\"twitter:label1\" content=\"Est. reading time\" \/>\n\t<meta name=\"twitter:data1\" content=\"3 minutes\" \/>\n<script type=\"application\/ld+json\" class=\"yoast-schema-graph\">{\"@context\":\"https:\\\/\\\/schema.org\",\"@graph\":[{\"@type\":\"WebPage\",\"@id\":\"http:\\\/\\\/academiemixte.com\\\/elementor-567\\\/\",\"url\":\"http:\\\/\\\/academiemixte.com\\\/elementor-567\\\/\",\"name\":\"Sylvain Millepied &#8226; Acad\u00e9mie MIXTE\",\"isPartOf\":{\"@id\":\"http:\\\/\\\/academiemixte.com\\\/#website\"},\"primaryImageOfPage\":{\"@id\":\"http:\\\/\\\/academiemixte.com\\\/elementor-567\\\/#primaryimage\"},\"image\":{\"@id\":\"http:\\\/\\\/academiemixte.com\\\/elementor-567\\\/#primaryimage\"},\"thumbnailUrl\":\"http:\\\/\\\/academiemixte.com\\\/wp-content\\\/uploads\\\/2021\\\/06\\\/Sylvain2-scaled.jpg\",\"datePublished\":\"2022-01-06T08:46:12+00:00\",\"dateModified\":\"2022-01-06T08:49:11+00:00\",\"breadcrumb\":{\"@id\":\"http:\\\/\\\/academiemixte.com\\\/elementor-567\\\/#breadcrumb\"},\"inLanguage\":\"en-US\",\"potentialAction\":[{\"@type\":\"ReadAction\",\"target\":[\"http:\\\/\\\/academiemixte.com\\\/elementor-567\\\/\"]}]},{\"@type\":\"ImageObject\",\"inLanguage\":\"en-US\",\"@id\":\"http:\\\/\\\/academiemixte.com\\\/elementor-567\\\/#primaryimage\",\"url\":\"http:\\\/\\\/academiemixte.com\\\/wp-content\\\/uploads\\\/2021\\\/06\\\/Sylvain2-scaled.jpg\",\"contentUrl\":\"http:\\\/\\\/academiemixte.com\\\/wp-content\\\/uploads\\\/2021\\\/06\\\/Sylvain2-scaled.jpg\"},{\"@type\":\"BreadcrumbList\",\"@id\":\"http:\\\/\\\/academiemixte.com\\\/elementor-567\\\/#breadcrumb\",\"itemListElement\":[{\"@type\":\"ListItem\",\"position\":1,\"name\":\"Accueil\",\"item\":\"http:\\\/\\\/academiemixte.com\\\/\"},{\"@type\":\"ListItem\",\"position\":2,\"name\":\"Sylvain Millepied\"}]},{\"@type\":\"WebSite\",\"@id\":\"http:\\\/\\\/academiemixte.com\\\/#website\",\"url\":\"http:\\\/\\\/academiemixte.com\\\/\",\"name\":\"Acad\u00e9mie MIXTE\",\"description\":\"Acad\u00e9mie internationale de cr\u00e9ation musicale\",\"publisher\":{\"@id\":\"http:\\\/\\\/academiemixte.com\\\/#organization\"},\"potentialAction\":[{\"@type\":\"SearchAction\",\"target\":{\"@type\":\"EntryPoint\",\"urlTemplate\":\"http:\\\/\\\/academiemixte.com\\\/?s={search_term_string}\"},\"query-input\":{\"@type\":\"PropertyValueSpecification\",\"valueRequired\":true,\"valueName\":\"search_term_string\"}}],\"inLanguage\":\"en-US\"},{\"@type\":\"Organization\",\"@id\":\"http:\\\/\\\/academiemixte.com\\\/#organization\",\"name\":\"Acad\u00e9mie MIXTE\",\"url\":\"http:\\\/\\\/academiemixte.com\\\/\",\"logo\":{\"@type\":\"ImageObject\",\"inLanguage\":\"en-US\",\"@id\":\"http:\\\/\\\/academiemixte.com\\\/#\\\/schema\\\/logo\\\/image\\\/\",\"url\":\"http:\\\/\\\/academiemixte.com\\\/wp-content\\\/uploads\\\/2022\\\/01\\\/LOGO-test1.jpg\",\"contentUrl\":\"http:\\\/\\\/academiemixte.com\\\/wp-content\\\/uploads\\\/2022\\\/01\\\/LOGO-test1.jpg\",\"width\":270,\"height\":341,\"caption\":\"Acad\u00e9mie MIXTE\"},\"image\":{\"@id\":\"http:\\\/\\\/academiemixte.com\\\/#\\\/schema\\\/logo\\\/image\\\/\"},\"sameAs\":[\"https:\\\/\\\/www.facebook.com\\\/MIXTEacademie\",\"https:\\\/\\\/x.com\\\/PcProxima\",\"https:\\\/\\\/www.instagram.com\\\/proximacentauribdx\\\/\",\"https:\\\/\\\/www.linkedin.com\\\/in\\\/proximacentauri\\\/\",\"https:\\\/\\\/www.youtube.com\\\/c\\\/proximacentaurimusique\"]}]}<\/script>\n<!-- \/ Yoast SEO plugin. -->","yoast_head_json":{"title":"Sylvain Millepied &#8226; Acad\u00e9mie MIXTE","robots":{"index":"index","follow":"follow","max-snippet":"max-snippet:-1","max-image-preview":"max-image-preview:large","max-video-preview":"max-video-preview:-1"},"canonical":"http:\/\/academiemixte.com\/en\/elementor-567\/","og_locale":"en_US","og_type":"article","og_title":"Sylvain Millepied &#8226; Acad\u00e9mie MIXTE","og_description":"Fl\u00fbte N\u00e9 en 1969 \u00e0 Bordeaux, Sylvain Millepied suit ses \u00e9tudes musicales au Conservatoire de R\u00e9gion de Bordeaux o\u00f9 il obtient, en fl\u00fbte traversi\u00e8re et &hellip;","og_url":"http:\/\/academiemixte.com\/en\/elementor-567\/","og_site_name":"Acad\u00e9mie MIXTE","article_publisher":"https:\/\/www.facebook.com\/MIXTEacademie","article_modified_time":"2022-01-06T08:49:11+00:00","og_image":[{"url":"http:\/\/academiemixte.com\/wp-content\/uploads\/2021\/06\/Sylvain2-scaled.jpg","type":"","width":"","height":""}],"twitter_card":"summary_large_image","twitter_site":"@PcProxima","twitter_misc":{"Est. reading time":"3 minutes"},"schema":{"@context":"https:\/\/schema.org","@graph":[{"@type":"WebPage","@id":"http:\/\/academiemixte.com\/elementor-567\/","url":"http:\/\/academiemixte.com\/elementor-567\/","name":"Sylvain Millepied &#8226; Acad\u00e9mie MIXTE","isPartOf":{"@id":"http:\/\/academiemixte.com\/#website"},"primaryImageOfPage":{"@id":"http:\/\/academiemixte.com\/elementor-567\/#primaryimage"},"image":{"@id":"http:\/\/academiemixte.com\/elementor-567\/#primaryimage"},"thumbnailUrl":"http:\/\/academiemixte.com\/wp-content\/uploads\/2021\/06\/Sylvain2-scaled.jpg","datePublished":"2022-01-06T08:46:12+00:00","dateModified":"2022-01-06T08:49:11+00:00","breadcrumb":{"@id":"http:\/\/academiemixte.com\/elementor-567\/#breadcrumb"},"inLanguage":"en-US","potentialAction":[{"@type":"ReadAction","target":["http:\/\/academiemixte.com\/elementor-567\/"]}]},{"@type":"ImageObject","inLanguage":"en-US","@id":"http:\/\/academiemixte.com\/elementor-567\/#primaryimage","url":"http:\/\/academiemixte.com\/wp-content\/uploads\/2021\/06\/Sylvain2-scaled.jpg","contentUrl":"http:\/\/academiemixte.com\/wp-content\/uploads\/2021\/06\/Sylvain2-scaled.jpg"},{"@type":"BreadcrumbList","@id":"http:\/\/academiemixte.com\/elementor-567\/#breadcrumb","itemListElement":[{"@type":"ListItem","position":1,"name":"Accueil","item":"http:\/\/academiemixte.com\/"},{"@type":"ListItem","position":2,"name":"Sylvain Millepied"}]},{"@type":"WebSite","@id":"http:\/\/academiemixte.com\/#website","url":"http:\/\/academiemixte.com\/","name":"MIXTE Academy","description":"International academy of musical creation","publisher":{"@id":"http:\/\/academiemixte.com\/#organization"},"potentialAction":[{"@type":"SearchAction","target":{"@type":"EntryPoint","urlTemplate":"http:\/\/academiemixte.com\/?s={search_term_string}"},"query-input":{"@type":"PropertyValueSpecification","valueRequired":true,"valueName":"search_term_string"}}],"inLanguage":"en-US"},{"@type":"Organization","@id":"http:\/\/academiemixte.com\/#organization","name":"MIXTE Academy","url":"http:\/\/academiemixte.com\/","logo":{"@type":"ImageObject","inLanguage":"en-US","@id":"http:\/\/academiemixte.com\/#\/schema\/logo\/image\/","url":"http:\/\/academiemixte.com\/wp-content\/uploads\/2022\/01\/LOGO-test1.jpg","contentUrl":"http:\/\/academiemixte.com\/wp-content\/uploads\/2022\/01\/LOGO-test1.jpg","width":270,"height":341,"caption":"Acad\u00e9mie MIXTE"},"image":{"@id":"http:\/\/academiemixte.com\/#\/schema\/logo\/image\/"},"sameAs":["https:\/\/www.facebook.com\/MIXTEacademie","https:\/\/x.com\/PcProxima","https:\/\/www.instagram.com\/proximacentauribdx\/","https:\/\/www.linkedin.com\/in\/proximacentauri\/","https:\/\/www.youtube.com\/c\/proximacentaurimusique"]}]}},"_links":{"self":[{"href":"http:\/\/academiemixte.com\/en\/wp-json\/wp\/v2\/pages\/567","targetHints":{"allow":["GET"]}}],"collection":[{"href":"http:\/\/academiemixte.com\/en\/wp-json\/wp\/v2\/pages"}],"about":[{"href":"http:\/\/academiemixte.com\/en\/wp-json\/wp\/v2\/types\/page"}],"author":[{"embeddable":true,"href":"http:\/\/academiemixte.com\/en\/wp-json\/wp\/v2\/users\/1"}],"replies":[{"embeddable":true,"href":"http:\/\/academiemixte.com\/en\/wp-json\/wp\/v2\/comments?post=567"}],"version-history":[{"count":17,"href":"http:\/\/academiemixte.com\/en\/wp-json\/wp\/v2\/pages\/567\/revisions"}],"predecessor-version":[{"id":699,"href":"http:\/\/academiemixte.com\/en\/wp-json\/wp\/v2\/pages\/567\/revisions\/699"}],"wp:attachment":[{"href":"http:\/\/academiemixte.com\/en\/wp-json\/wp\/v2\/media?parent=567"}],"curies":[{"name":"wp","href":"https:\/\/api.w.org\/{rel}","templated":true}]}}