{"id":610,"date":"2022-01-06T10:31:35","date_gmt":"2022-01-06T10:31:35","guid":{"rendered":"http:\/\/academiemixte.com\/?page_id=610"},"modified":"2024-05-28T14:10:11","modified_gmt":"2024-05-28T14:10:11","slug":"martin-matalon","status":"publish","type":"page","link":"http:\/\/academiemixte.com\/en\/martin-matalon\/","title":{"rendered":"Martin Matalon"},"content":{"rendered":"<div data-elementor-type=\"wp-page\" data-elementor-id=\"610\" class=\"elementor elementor-610\">\n\t\t\t\t\t\t<section class=\"elementor-section elementor-top-section elementor-element elementor-element-f6fd3d5 elementor-section-boxed elementor-section-height-default elementor-section-height-default\" data-id=\"f6fd3d5\" data-element_type=\"section\" data-e-type=\"section\">\n\t\t\t\t\t\t<div class=\"elementor-container elementor-column-gap-default\">\n\t\t\t\t\t<div class=\"elementor-column elementor-col-100 elementor-top-column elementor-element elementor-element-8374365\" data-id=\"8374365\" data-element_type=\"column\" data-e-type=\"column\">\n\t\t\t<div class=\"elementor-widget-wrap elementor-element-populated\">\n\t\t\t\t\t\t<div class=\"elementor-element elementor-element-6d89783 elementor-widget elementor-widget-image\" data-id=\"6d89783\" data-element_type=\"widget\" data-e-type=\"widget\" data-widget_type=\"image.default\">\n\t\t\t\t<div class=\"elementor-widget-container\">\n\t\t\t\t\t\t\t\t\t\t\t\t\t\t\t<img fetchpriority=\"high\" decoding=\"async\" width=\"512\" height=\"300\" src=\"http:\/\/academiemixte.com\/wp-content\/uploads\/2022\/01\/martin_MATALON-512x300.gif\" class=\"attachment-bravada-featured-third size-bravada-featured-third wp-image-631\" alt=\"\" srcset=\"http:\/\/academiemixte.com\/wp-content\/uploads\/2022\/01\/martin_MATALON-512x300.gif 512w, http:\/\/academiemixte.com\/wp-content\/uploads\/2022\/01\/martin_MATALON-18x12.gif 18w\" sizes=\"(max-width: 512px) 100vw, 512px\" \/>\t\t\t\t\t\t\t\t\t\t\t\t\t\t\t<\/div>\n\t\t\t\t<\/div>\n\t\t\t\t<div class=\"elementor-element elementor-element-1005cb8 elementor-widget elementor-widget-heading\" data-id=\"1005cb8\" data-element_type=\"widget\" data-e-type=\"widget\" data-widget_type=\"heading.default\">\n\t\t\t\t<div class=\"elementor-widget-container\">\n\t\t\t\t\t<h2 class=\"elementor-heading-title elementor-size-default\">Composer<\/h2>\t\t\t\t<\/div>\n\t\t\t\t<\/div>\n\t\t\t\t\t<\/div>\n\t\t<\/div>\n\t\t\t\t\t<\/div>\n\t\t<\/section>\n\t\t\t\t<section class=\"elementor-section elementor-top-section elementor-element elementor-element-3888eb7 elementor-section-boxed elementor-section-height-default elementor-section-height-default\" data-id=\"3888eb7\" data-element_type=\"section\" data-e-type=\"section\">\n\t\t\t\t\t\t<div class=\"elementor-container elementor-column-gap-default\">\n\t\t\t\t\t<div class=\"elementor-column elementor-col-100 elementor-top-column elementor-element elementor-element-8759f4d\" data-id=\"8759f4d\" data-element_type=\"column\" data-e-type=\"column\">\n\t\t\t<div class=\"elementor-widget-wrap elementor-element-populated\">\n\t\t\t\t\t\t<div class=\"elementor-element elementor-element-06e3ef7 elementor-widget elementor-widget-text-editor\" data-id=\"06e3ef7\" data-element_type=\"widget\" data-e-type=\"widget\" data-widget_type=\"text-editor.default\">\n\t\t\t\t<div class=\"elementor-widget-container\">\n\t\t\t\t\t\t\t\t\t<p>Born in Buenos Aires in 1958, Martin Matalon studied at the Juilliard School in New York, where he obtained a Master's degree in composition. In 1989 he founded Music Mobile, a New York-based ensemble devoted to contemporary repertoire, and served as its director until 1996.<\/p><p>He was awarded the J.S. Guggenheim Foundation Prize in New York, the F. Schmitt Prize from the Institut de France Acad\u00e9mie des Beaux-Arts, the City of Barcelona Prize, the Charles Ives Scholarship from the American Academy and Institute of Arts and Letters, the Grand Prix des Lyc\u00e9ens...<\/p><p>In 1993, having settled permanently in Paris, IRCAM commissioned a new score for the restored version of Fritz Lang's film Metropolis. After this considerable work, Martin Matalon immersed himself in the world of Luis Bu\u00f1uel, writing three new scores for the Spanish director's three surrealist films, Un Chien andalou (1927), L'\u00c2ge d'or (1931) and Las Hurdes - Terre sans pain (1932).<\/p><p>His catalogue includes a large number of chamber music and orchestral works and covers a wide range of different genres: musical theatre, mixed music, musical tales, film-concerts, vocal music, installations, music and poetry, choreographic works, opera...<\/p><p>Initiated in 1997, the Trames series, works on the borderline between solo concerto writing and chamber music, and the Traces cycle, which for the composer is a kind of diary for solo instruments with live electronics, form an important part of his catalogue.<\/p><p>He also conducts orchestras. He has conducted the Ensemble Modern, MusikFabrik, Barcelona 216, the Orchestre Philharmonique de Monte-Carlo, the Orchestre d'Auvergne, Court-Circuit, the Ensemble Intercontemporain, the Orchestre National de Montpellier, the Ensemble Orchestral de Reims, the Gulbenkian Foundation Orchestra, etc.<\/p><p>Martin Matalon has taught composition at the Conservatoire of Aubervilliers, He has been a guest professor at McGill University, UC Berkeley, Ircam, Centre Acanthes, in numerous summer academies: CompoLab, Injuve, Institut Fran\u00e7ais-Barcelona Modern Project... Since 2017 he has been a professor at the CNSM de Lyon.<\/p><p>He has been composer-in-residence at the Arsenal de Metz and the Orchestre National de Lorraine (2003-2004), at La Muse en Circuit (2005-2010), at the Stavanger Festival in Norway in 2011, and guest composer at the Les Arcs Festival in 2014...<\/p><p>His opera \"L'Ombre de Venceslao\", with a libretto and staging by Jorge Lavelli based on Copi's play, premiered at the Op\u00e9ra de Rennes in October 2016 and is currently touring France and South America in 11 opera houses. \"L'Ombre de Venceslao\" was nominated at the 2017 Victoires de la musique awards.<\/p><p>Website: <a href=\"https:\/\/martinmatalon.com\/\">https:\/\/martinmatalon.com\/<\/a><\/p>\t\t\t\t\t\t\t\t<\/div>\n\t\t\t\t<\/div>\n\t\t\t\t\t<\/div>\n\t\t<\/div>\n\t\t\t\t\t<\/div>\n\t\t<\/section>\n\t\t\t\t<\/div>","protected":false},"excerpt":{"rendered":"<p>Compositeur N\u00e9 \u00e0 Buenos Aires en 1958, Martin Matalon \u00e9tudie \u00e0 la Juilliard School de New York o\u00f9 il obtient son Master de composition. En &hellip;<\/p>","protected":false},"author":1,"featured_media":0,"parent":0,"menu_order":0,"comment_status":"closed","ping_status":"closed","template":"","meta":{"footnotes":""},"class_list":["post-610","page","type-page","status-publish","hentry"],"yoast_head":"<!-- This site is optimized with the Yoast SEO plugin v27.3 - https:\/\/yoast.com\/product\/yoast-seo-wordpress\/ -->\n<title>Martin Matalon &#8226; Acad\u00e9mie MIXTE<\/title>\n<meta name=\"robots\" content=\"index, follow, max-snippet:-1, max-image-preview:large, max-video-preview:-1\" \/>\n<link rel=\"canonical\" href=\"http:\/\/academiemixte.com\/en\/martin-matalon\/\" \/>\n<meta property=\"og:locale\" content=\"en_US\" \/>\n<meta property=\"og:type\" content=\"article\" \/>\n<meta property=\"og:title\" content=\"Martin Matalon &#8226; Acad\u00e9mie MIXTE\" \/>\n<meta property=\"og:description\" content=\"Compositeur N\u00e9 \u00e0 Buenos Aires en 1958, Martin Matalon \u00e9tudie \u00e0 la Juilliard School de New York o\u00f9 il obtient son Master de composition. En &hellip;\" \/>\n<meta property=\"og:url\" content=\"http:\/\/academiemixte.com\/en\/martin-matalon\/\" \/>\n<meta property=\"og:site_name\" content=\"Acad\u00e9mie MIXTE\" \/>\n<meta property=\"article:publisher\" content=\"https:\/\/www.facebook.com\/MIXTEacademie\" \/>\n<meta property=\"article:modified_time\" content=\"2024-05-28T14:10:11+00:00\" \/>\n<meta property=\"og:image\" content=\"http:\/\/academiemixte.com\/wp-content\/uploads\/2022\/01\/martin_MATALON-512x300.gif\" \/>\n<meta name=\"twitter:card\" content=\"summary_large_image\" \/>\n<meta name=\"twitter:site\" content=\"@PcProxima\" \/>\n<meta name=\"twitter:label1\" content=\"Est. reading time\" \/>\n\t<meta name=\"twitter:data1\" content=\"3 minutes\" \/>\n<script type=\"application\/ld+json\" class=\"yoast-schema-graph\">{\"@context\":\"https:\\\/\\\/schema.org\",\"@graph\":[{\"@type\":\"WebPage\",\"@id\":\"http:\\\/\\\/academiemixte.com\\\/martin-matalon\\\/\",\"url\":\"http:\\\/\\\/academiemixte.com\\\/martin-matalon\\\/\",\"name\":\"Martin Matalon &#8226; Acad\u00e9mie MIXTE\",\"isPartOf\":{\"@id\":\"http:\\\/\\\/academiemixte.com\\\/#website\"},\"primaryImageOfPage\":{\"@id\":\"http:\\\/\\\/academiemixte.com\\\/martin-matalon\\\/#primaryimage\"},\"image\":{\"@id\":\"http:\\\/\\\/academiemixte.com\\\/martin-matalon\\\/#primaryimage\"},\"thumbnailUrl\":\"http:\\\/\\\/academiemixte.com\\\/wp-content\\\/uploads\\\/2022\\\/01\\\/martin_MATALON-512x300.gif\",\"datePublished\":\"2022-01-06T10:31:35+00:00\",\"dateModified\":\"2024-05-28T14:10:11+00:00\",\"breadcrumb\":{\"@id\":\"http:\\\/\\\/academiemixte.com\\\/martin-matalon\\\/#breadcrumb\"},\"inLanguage\":\"en-US\",\"potentialAction\":[{\"@type\":\"ReadAction\",\"target\":[\"http:\\\/\\\/academiemixte.com\\\/martin-matalon\\\/\"]}]},{\"@type\":\"ImageObject\",\"inLanguage\":\"en-US\",\"@id\":\"http:\\\/\\\/academiemixte.com\\\/martin-matalon\\\/#primaryimage\",\"url\":\"http:\\\/\\\/academiemixte.com\\\/wp-content\\\/uploads\\\/2022\\\/01\\\/martin_MATALON-512x300.gif\",\"contentUrl\":\"http:\\\/\\\/academiemixte.com\\\/wp-content\\\/uploads\\\/2022\\\/01\\\/martin_MATALON-512x300.gif\"},{\"@type\":\"BreadcrumbList\",\"@id\":\"http:\\\/\\\/academiemixte.com\\\/martin-matalon\\\/#breadcrumb\",\"itemListElement\":[{\"@type\":\"ListItem\",\"position\":1,\"name\":\"Accueil\",\"item\":\"http:\\\/\\\/academiemixte.com\\\/\"},{\"@type\":\"ListItem\",\"position\":2,\"name\":\"Martin Matalon\"}]},{\"@type\":\"WebSite\",\"@id\":\"http:\\\/\\\/academiemixte.com\\\/#website\",\"url\":\"http:\\\/\\\/academiemixte.com\\\/\",\"name\":\"Acad\u00e9mie MIXTE\",\"description\":\"Acad\u00e9mie internationale de cr\u00e9ation musicale\",\"publisher\":{\"@id\":\"http:\\\/\\\/academiemixte.com\\\/#organization\"},\"potentialAction\":[{\"@type\":\"SearchAction\",\"target\":{\"@type\":\"EntryPoint\",\"urlTemplate\":\"http:\\\/\\\/academiemixte.com\\\/?s={search_term_string}\"},\"query-input\":{\"@type\":\"PropertyValueSpecification\",\"valueRequired\":true,\"valueName\":\"search_term_string\"}}],\"inLanguage\":\"en-US\"},{\"@type\":\"Organization\",\"@id\":\"http:\\\/\\\/academiemixte.com\\\/#organization\",\"name\":\"Acad\u00e9mie MIXTE\",\"url\":\"http:\\\/\\\/academiemixte.com\\\/\",\"logo\":{\"@type\":\"ImageObject\",\"inLanguage\":\"en-US\",\"@id\":\"http:\\\/\\\/academiemixte.com\\\/#\\\/schema\\\/logo\\\/image\\\/\",\"url\":\"http:\\\/\\\/academiemixte.com\\\/wp-content\\\/uploads\\\/2022\\\/01\\\/LOGO-test1.jpg\",\"contentUrl\":\"http:\\\/\\\/academiemixte.com\\\/wp-content\\\/uploads\\\/2022\\\/01\\\/LOGO-test1.jpg\",\"width\":270,\"height\":341,\"caption\":\"Acad\u00e9mie MIXTE\"},\"image\":{\"@id\":\"http:\\\/\\\/academiemixte.com\\\/#\\\/schema\\\/logo\\\/image\\\/\"},\"sameAs\":[\"https:\\\/\\\/www.facebook.com\\\/MIXTEacademie\",\"https:\\\/\\\/x.com\\\/PcProxima\",\"https:\\\/\\\/www.instagram.com\\\/proximacentauribdx\\\/\",\"https:\\\/\\\/www.linkedin.com\\\/in\\\/proximacentauri\\\/\",\"https:\\\/\\\/www.youtube.com\\\/c\\\/proximacentaurimusique\"]}]}<\/script>\n<!-- \/ Yoast SEO plugin. -->","yoast_head_json":{"title":"Martin Matalon &#8226; Acad\u00e9mie MIXTE","robots":{"index":"index","follow":"follow","max-snippet":"max-snippet:-1","max-image-preview":"max-image-preview:large","max-video-preview":"max-video-preview:-1"},"canonical":"http:\/\/academiemixte.com\/en\/martin-matalon\/","og_locale":"en_US","og_type":"article","og_title":"Martin Matalon &#8226; Acad\u00e9mie MIXTE","og_description":"Compositeur N\u00e9 \u00e0 Buenos Aires en 1958, Martin Matalon \u00e9tudie \u00e0 la Juilliard School de New York o\u00f9 il obtient son Master de composition. En &hellip;","og_url":"http:\/\/academiemixte.com\/en\/martin-matalon\/","og_site_name":"Acad\u00e9mie MIXTE","article_publisher":"https:\/\/www.facebook.com\/MIXTEacademie","article_modified_time":"2024-05-28T14:10:11+00:00","og_image":[{"url":"http:\/\/academiemixte.com\/wp-content\/uploads\/2022\/01\/martin_MATALON-512x300.gif","type":"","width":"","height":""}],"twitter_card":"summary_large_image","twitter_site":"@PcProxima","twitter_misc":{"Est. reading time":"3 minutes"},"schema":{"@context":"https:\/\/schema.org","@graph":[{"@type":"WebPage","@id":"http:\/\/academiemixte.com\/martin-matalon\/","url":"http:\/\/academiemixte.com\/martin-matalon\/","name":"Martin Matalon &#8226; Acad\u00e9mie MIXTE","isPartOf":{"@id":"http:\/\/academiemixte.com\/#website"},"primaryImageOfPage":{"@id":"http:\/\/academiemixte.com\/martin-matalon\/#primaryimage"},"image":{"@id":"http:\/\/academiemixte.com\/martin-matalon\/#primaryimage"},"thumbnailUrl":"http:\/\/academiemixte.com\/wp-content\/uploads\/2022\/01\/martin_MATALON-512x300.gif","datePublished":"2022-01-06T10:31:35+00:00","dateModified":"2024-05-28T14:10:11+00:00","breadcrumb":{"@id":"http:\/\/academiemixte.com\/martin-matalon\/#breadcrumb"},"inLanguage":"en-US","potentialAction":[{"@type":"ReadAction","target":["http:\/\/academiemixte.com\/martin-matalon\/"]}]},{"@type":"ImageObject","inLanguage":"en-US","@id":"http:\/\/academiemixte.com\/martin-matalon\/#primaryimage","url":"http:\/\/academiemixte.com\/wp-content\/uploads\/2022\/01\/martin_MATALON-512x300.gif","contentUrl":"http:\/\/academiemixte.com\/wp-content\/uploads\/2022\/01\/martin_MATALON-512x300.gif"},{"@type":"BreadcrumbList","@id":"http:\/\/academiemixte.com\/martin-matalon\/#breadcrumb","itemListElement":[{"@type":"ListItem","position":1,"name":"Accueil","item":"http:\/\/academiemixte.com\/"},{"@type":"ListItem","position":2,"name":"Martin Matalon"}]},{"@type":"WebSite","@id":"http:\/\/academiemixte.com\/#website","url":"http:\/\/academiemixte.com\/","name":"MIXTE Academy","description":"International academy of musical creation","publisher":{"@id":"http:\/\/academiemixte.com\/#organization"},"potentialAction":[{"@type":"SearchAction","target":{"@type":"EntryPoint","urlTemplate":"http:\/\/academiemixte.com\/?s={search_term_string}"},"query-input":{"@type":"PropertyValueSpecification","valueRequired":true,"valueName":"search_term_string"}}],"inLanguage":"en-US"},{"@type":"Organization","@id":"http:\/\/academiemixte.com\/#organization","name":"MIXTE Academy","url":"http:\/\/academiemixte.com\/","logo":{"@type":"ImageObject","inLanguage":"en-US","@id":"http:\/\/academiemixte.com\/#\/schema\/logo\/image\/","url":"http:\/\/academiemixte.com\/wp-content\/uploads\/2022\/01\/LOGO-test1.jpg","contentUrl":"http:\/\/academiemixte.com\/wp-content\/uploads\/2022\/01\/LOGO-test1.jpg","width":270,"height":341,"caption":"Acad\u00e9mie MIXTE"},"image":{"@id":"http:\/\/academiemixte.com\/#\/schema\/logo\/image\/"},"sameAs":["https:\/\/www.facebook.com\/MIXTEacademie","https:\/\/x.com\/PcProxima","https:\/\/www.instagram.com\/proximacentauribdx\/","https:\/\/www.linkedin.com\/in\/proximacentauri\/","https:\/\/www.youtube.com\/c\/proximacentaurimusique"]}]}},"_links":{"self":[{"href":"http:\/\/academiemixte.com\/en\/wp-json\/wp\/v2\/pages\/610","targetHints":{"allow":["GET"]}}],"collection":[{"href":"http:\/\/academiemixte.com\/en\/wp-json\/wp\/v2\/pages"}],"about":[{"href":"http:\/\/academiemixte.com\/en\/wp-json\/wp\/v2\/types\/page"}],"author":[{"embeddable":true,"href":"http:\/\/academiemixte.com\/en\/wp-json\/wp\/v2\/users\/1"}],"replies":[{"embeddable":true,"href":"http:\/\/academiemixte.com\/en\/wp-json\/wp\/v2\/comments?post=610"}],"version-history":[{"count":24,"href":"http:\/\/academiemixte.com\/en\/wp-json\/wp\/v2\/pages\/610\/revisions"}],"predecessor-version":[{"id":1752,"href":"http:\/\/academiemixte.com\/en\/wp-json\/wp\/v2\/pages\/610\/revisions\/1752"}],"wp:attachment":[{"href":"http:\/\/academiemixte.com\/en\/wp-json\/wp\/v2\/media?parent=610"}],"curies":[{"name":"wp","href":"https:\/\/api.w.org\/{rel}","templated":true}]}}