{"id":90,"date":"2021-05-25T10:55:22","date_gmt":"2021-05-25T10:55:22","guid":{"rendered":"http:\/\/academiemixte.com\/?page_id=90"},"modified":"2025-03-17T17:16:06","modified_gmt":"2025-03-17T17:16:06","slug":"presentation","status":"publish","type":"page","link":"http:\/\/academiemixte.com\/en\/","title":{"rendered":"About"},"content":{"rendered":"<div data-elementor-type=\"wp-page\" data-elementor-id=\"90\" class=\"elementor elementor-90\">\n\t\t\t\t\t\t<section class=\"elementor-section elementor-top-section elementor-element elementor-element-00d402c elementor-section-boxed elementor-section-height-default elementor-section-height-default\" data-id=\"00d402c\" data-element_type=\"section\" data-e-type=\"section\">\n\t\t\t\t\t\t<div class=\"elementor-container elementor-column-gap-default\">\n\t\t\t\t\t<div class=\"elementor-column elementor-col-100 elementor-top-column elementor-element elementor-element-99d35ba\" data-id=\"99d35ba\" data-element_type=\"column\" data-e-type=\"column\">\n\t\t\t<div class=\"elementor-widget-wrap elementor-element-populated\">\n\t\t\t\t\t\t<div class=\"elementor-element elementor-element-f41166d elementor-invisible elementor-widget elementor-widget-heading\" data-id=\"f41166d\" data-element_type=\"widget\" data-e-type=\"widget\" data-settings=\"{&quot;_animation&quot;:&quot;fadeInDown&quot;}\" data-widget_type=\"heading.default\">\n\t\t\t\t<div class=\"elementor-widget-container\">\n\t\t\t\t\t<h2 class=\"elementor-heading-title elementor-size-default\">MIXTE-International Academy of Musical Creation<\/h2>\t\t\t\t<\/div>\n\t\t\t\t<\/div>\n\t\t\t\t\t<\/div>\n\t\t<\/div>\n\t\t\t\t\t<\/div>\n\t\t<\/section>\n\t\t\t\t<section class=\"elementor-section elementor-top-section elementor-element elementor-element-367a34ec elementor-section-content-middle elementor-reverse-mobile elementor-section-boxed elementor-section-height-default elementor-section-height-default\" data-id=\"367a34ec\" data-element_type=\"section\" data-e-type=\"section\" data-settings=\"{&quot;background_background&quot;:&quot;classic&quot;}\">\n\t\t\t\t\t\t<div class=\"elementor-container elementor-column-gap-default\">\n\t\t\t\t\t<div class=\"elementor-column elementor-col-50 elementor-top-column elementor-element elementor-element-5bc267d3\" data-id=\"5bc267d3\" data-element_type=\"column\" data-e-type=\"column\">\n\t\t\t<div class=\"elementor-widget-wrap elementor-element-populated\">\n\t\t\t\t\t\t<div class=\"elementor-element elementor-element-641836e elementor-invisible elementor-widget elementor-widget-text-editor\" data-id=\"641836e\" data-element_type=\"widget\" data-e-type=\"widget\" data-settings=\"{&quot;_animation&quot;:&quot;slideInLeft&quot;}\" data-widget_type=\"text-editor.default\">\n\t\t\t\t<div class=\"elementor-widget-container\">\n\t\t\t\t\t\t\t\t\t<p><strong><span class=\"has-inline-color\" style=\"color: #296da4;\">MIXTE<\/span><\/strong> is a training academy for composers and performers in mixed music practices, combining instrumental ensembles and electronic devices.<\/p>\n<p>A laboratory for experimentation and support, this academy offers a place and a time where musicians surrounded by professionals from the world of music can meet, listen to each other, exchange ideas and create together.\u00a0<\/p>\t\t\t\t\t\t\t\t<\/div>\n\t\t\t\t<\/div>\n\t\t\t\t<div class=\"elementor-element elementor-element-97dc4d5 elementor-widget elementor-widget-text-editor\" data-id=\"97dc4d5\" data-element_type=\"widget\" data-e-type=\"widget\" data-widget_type=\"text-editor.default\">\n\t\t\t\t<div class=\"elementor-widget-container\">\n\t\t\t\t\t\t\t\t\t<p><strong><span style=\"color: #296da4;\">MIXTE<\/span><\/strong> supports the emergence of new generations of performers and composers through personalized follow-up of composition projects, and a summer workshop dedicated to creation and interpretation.<\/p>\n<p>For the third edition of <strong><span style=\"color: #296da4;\">MIXTE<\/span><\/strong>, <span style=\"color: #000000;\"><strong>a Call for Musical Creation<\/strong><\/span> is launched in March 2025. The winners will be accompanied by the Italian composer <strong><span style=\"color: #296da4;\">Giulia Lorusso<\/span><\/strong> and will benefit from regular meetings with <strong><span style=\"color: #296da4;\">Proxima Centauri 003(0)5 57 95 71 52 <\/span><\/strong> performers during the 2025-2026 season in order to support their writing project. The world premieres of their works will take place at the M\u00c0D Festival in November 2026 in the Bordeaux region.<\/p>\t\t\t\t\t\t\t\t<\/div>\n\t\t\t\t<\/div>\n\t\t\t\t<div class=\"elementor-element elementor-element-7bcfe8e elementor-invisible elementor-widget elementor-widget-text-editor\" data-id=\"7bcfe8e\" data-element_type=\"widget\" data-e-type=\"widget\" data-settings=\"{&quot;_animation&quot;:&quot;slideInLeft&quot;}\" data-widget_type=\"text-editor.default\">\n\t\t\t\t<div class=\"elementor-widget-container\">\n\t\t\t\t\t\t\t\t\t<p><strong><span style=\"color: #296da4;\">MIXTE<\/span><\/strong> is also <span style=\"color: #000000;\"><strong>a summer academy <\/strong><\/span>that will take place<span style=\"color: #000000;\"><strong> in the city of Pau from 3 to 10 July 2026<\/strong><\/span> , with the participation of the winning composers, joined by musicians, composers and performers selected following a <span style=\"color: #000000;\"><strong>Call for Composers and Performers<\/strong><\/span> launched at the beginning of 2026.<\/p>\n<p>Alongside Giulia Lorusso and the musicians of Proxima Centauri, the saxophonist, dancer and improviser <strong><span style=\"color: #296da4;\">Yui Sakagoshi<\/span><\/strong> will be joining the team for this week's course.<\/p>\n<p>Individual and group workshops, work in small groups, \u2018cartes blanches\u2019, seminars, conferences, introductory workshops for the general public and public concerts: MIXTE is a week of effervescence entirely dedicated to musical creation, open to the city and its inhabitants.<\/p>\n<p><!-- \/wp:paragraph --><\/p>\n<p><!-- wp:paragraph --><\/p>\t\t\t\t\t\t\t\t<\/div>\n\t\t\t\t<\/div>\n\t\t\t\t\t<\/div>\n\t\t<\/div>\n\t\t\t\t<div class=\"elementor-column elementor-col-50 elementor-top-column elementor-element elementor-element-1e0c878e\" data-id=\"1e0c878e\" data-element_type=\"column\" data-e-type=\"column\">\n\t\t\t<div class=\"elementor-widget-wrap elementor-element-populated\">\n\t\t\t\t\t\t<div class=\"elementor-element elementor-element-520e45b7 elementor-invisible elementor-widget elementor-widget-image\" data-id=\"520e45b7\" data-element_type=\"widget\" data-e-type=\"widget\" data-settings=\"{&quot;_animation&quot;:&quot;slideInRight&quot;}\" data-widget_type=\"image.default\">\n\t\t\t\t<div class=\"elementor-widget-container\">\n\t\t\t\t\t\t\t\t\t\t\t\t\t\t\t<img fetchpriority=\"high\" decoding=\"async\" width=\"200\" height=\"250\" src=\"http:\/\/academiemixte.com\/wp-content\/uploads\/2021\/05\/logo-Mixte-1.png\" class=\"attachment-large size-large wp-image-135\" alt=\"\" \/>\t\t\t\t\t\t\t\t\t\t\t\t\t\t\t<\/div>\n\t\t\t\t<\/div>\n\t\t\t\t\t<\/div>\n\t\t<\/div>\n\t\t\t\t\t<\/div>\n\t\t<\/section>\n\t\t\t\t<section class=\"elementor-section elementor-top-section elementor-element elementor-element-f3d3d3a elementor-section-content-middle elementor-section-boxed elementor-section-height-default elementor-section-height-default\" data-id=\"f3d3d3a\" data-element_type=\"section\" data-e-type=\"section\">\n\t\t\t\t\t\t<div class=\"elementor-container elementor-column-gap-default\">\n\t\t\t\t\t<div class=\"elementor-column elementor-col-50 elementor-top-column elementor-element elementor-element-c1e6749\" data-id=\"c1e6749\" data-element_type=\"column\" data-e-type=\"column\">\n\t\t\t<div class=\"elementor-widget-wrap elementor-element-populated\">\n\t\t\t\t\t\t<div class=\"elementor-element elementor-element-3cba06e elementor-invisible elementor-widget elementor-widget-image\" data-id=\"3cba06e\" data-element_type=\"widget\" data-e-type=\"widget\" data-settings=\"{&quot;_animation&quot;:&quot;slideInLeft&quot;}\" data-widget_type=\"image.default\">\n\t\t\t\t<div class=\"elementor-widget-container\">\n\t\t\t\t\t\t\t\t\t\t\t\t\t\t\t\t<a href=\"http:\/\/www.proximacentauri.fr\/\" target=\"_blank\">\n\t\t\t\t\t\t\t<img decoding=\"async\" width=\"1024\" height=\"268\" src=\"http:\/\/academiemixte.com\/wp-content\/uploads\/2021\/05\/logo-ProximaCentauri-1-1024x268.png\" class=\"attachment-large size-large wp-image-126\" alt=\"\" srcset=\"http:\/\/academiemixte.com\/wp-content\/uploads\/2021\/05\/logo-ProximaCentauri-1-1024x268.png 1024w, http:\/\/academiemixte.com\/wp-content\/uploads\/2021\/05\/logo-ProximaCentauri-1-300x79.png 300w, http:\/\/academiemixte.com\/wp-content\/uploads\/2021\/05\/logo-ProximaCentauri-1-768x201.png 768w, http:\/\/academiemixte.com\/wp-content\/uploads\/2021\/05\/logo-ProximaCentauri-1-1536x402.png 1536w, http:\/\/academiemixte.com\/wp-content\/uploads\/2021\/05\/logo-ProximaCentauri-1-583x153.png 583w, http:\/\/academiemixte.com\/wp-content\/uploads\/2021\/05\/logo-ProximaCentauri-1.png 1639w\" sizes=\"(max-width: 1024px) 100vw, 1024px\" \/>\t\t\t\t\t\t\t\t<\/a>\n\t\t\t\t\t\t\t\t\t\t\t\t\t\t\t<\/div>\n\t\t\t\t<\/div>\n\t\t\t\t<div class=\"elementor-element elementor-element-0d67d69 elementor-widget__width-initial elementor-invisible elementor-widget elementor-widget-image\" data-id=\"0d67d69\" data-element_type=\"widget\" data-e-type=\"widget\" data-settings=\"{&quot;_animation&quot;:&quot;slideInLeft&quot;}\" data-widget_type=\"image.default\">\n\t\t\t\t<div class=\"elementor-widget-container\">\n\t\t\t\t\t\t\t\t\t\t\t\t\t\t\t\t<a href=\"https:\/\/lefestivalmad.fr\/\" target=\"_blank\">\n\t\t\t\t\t\t\t<img decoding=\"async\" width=\"300\" height=\"300\" src=\"http:\/\/academiemixte.com\/wp-content\/uploads\/2025\/02\/Logo-MAD-2024-300x300.png\" class=\"attachment-medium size-medium wp-image-2230\" alt=\"\" srcset=\"http:\/\/academiemixte.com\/wp-content\/uploads\/2025\/02\/Logo-MAD-2024-300x300.png 300w, http:\/\/academiemixte.com\/wp-content\/uploads\/2025\/02\/Logo-MAD-2024-150x150.png 150w, http:\/\/academiemixte.com\/wp-content\/uploads\/2025\/02\/Logo-MAD-2024-768x768.png 768w, http:\/\/academiemixte.com\/wp-content\/uploads\/2025\/02\/Logo-MAD-2024-12x12.png 12w, http:\/\/academiemixte.com\/wp-content\/uploads\/2025\/02\/Logo-MAD-2024.png 1000w\" sizes=\"(max-width: 300px) 100vw, 300px\" \/>\t\t\t\t\t\t\t\t<\/a>\n\t\t\t\t\t\t\t\t\t\t\t\t\t\t\t<\/div>\n\t\t\t\t<\/div>\n\t\t\t\t\t<\/div>\n\t\t<\/div>\n\t\t\t\t<div class=\"elementor-column elementor-col-50 elementor-top-column elementor-element elementor-element-8d72077\" data-id=\"8d72077\" data-element_type=\"column\" data-e-type=\"column\">\n\t\t\t<div class=\"elementor-widget-wrap elementor-element-populated\">\n\t\t\t\t\t\t<div class=\"elementor-element elementor-element-6980b90 elementor-invisible elementor-widget elementor-widget-text-editor\" data-id=\"6980b90\" data-element_type=\"widget\" data-e-type=\"widget\" data-settings=\"{&quot;_animation&quot;:&quot;slideInRight&quot;}\" data-widget_type=\"text-editor.default\">\n\t\t\t\t<div class=\"elementor-widget-container\">\n\t\t\t\t\t\t\t\t\t<p><span dir=\"auto\">For over thirhy years, <\/span><span dir=\"auto\"><span style=\"color: #296da4;\"><strong>Proxima Centauri 003(0)5 57 95 71 52<\/strong><\/span> rewrites the codes of chamber music namely by integrating electro-acoustic as a full-fledged member of the formation. For over twenty years<\/span><\/p>\t\t\t\t\t\t\t\t<\/div>\n\t\t\t\t<\/div>\n\t\t\t\t<div class=\"elementor-element elementor-element-843ba6d elementor-invisible elementor-widget elementor-widget-text-editor\" data-id=\"843ba6d\" data-element_type=\"widget\" data-e-type=\"widget\" data-settings=\"{&quot;_animation&quot;:&quot;slideInRight&quot;}\" data-widget_type=\"text-editor.default\">\n\t\t\t\t<div class=\"elementor-widget-container\">\n\t\t\t\t\t\t\t\t\t<p>Based in Bordeaux, it has formed an association to run a strong cultural season in the area, with a series of regular events aimed at the general public.<\/p>\t\t\t\t\t\t\t\t<\/div>\n\t\t\t\t<\/div>\n\t\t\t\t<div class=\"elementor-element elementor-element-f0241e9 elementor-invisible elementor-widget elementor-widget-text-editor\" data-id=\"f0241e9\" data-element_type=\"widget\" data-e-type=\"widget\" data-settings=\"{&quot;_animation&quot;:&quot;slideInRight&quot;}\" data-widget_type=\"text-editor.default\">\n\t\t\t\t<div class=\"elementor-widget-container\">\n\t\t\t\t\t\t\t\t\t<p>Among these events, the Proxima Centauri association is organizing the <span style=\"color: #296da4;\"><strong>M\u00c0D Festival<\/strong><\/span> which concludes every two years, the MIXTE Academy presents a world premiere of the works it has accompanied for over a year.<\/p>\t\t\t\t\t\t\t\t<\/div>\n\t\t\t\t<\/div>\n\t\t\t\t\t<\/div>\n\t\t<\/div>\n\t\t\t\t\t<\/div>\n\t\t<\/section>\n\t\t\t\t<section class=\"elementor-section elementor-top-section elementor-element elementor-element-71a46ef elementor-section-boxed elementor-section-height-default elementor-section-height-default\" data-id=\"71a46ef\" data-element_type=\"section\" data-e-type=\"section\">\n\t\t\t\t\t\t<div class=\"elementor-container elementor-column-gap-default\">\n\t\t\t\t\t<div class=\"elementor-column elementor-col-100 elementor-top-column elementor-element elementor-element-7ea8a0c\" data-id=\"7ea8a0c\" data-element_type=\"column\" data-e-type=\"column\">\n\t\t\t<div class=\"elementor-widget-wrap elementor-element-populated\">\n\t\t\t\t\t\t<div class=\"elementor-element elementor-element-42d5903 elementor-widget elementor-widget-heading\" data-id=\"42d5903\" data-element_type=\"widget\" data-e-type=\"widget\" data-widget_type=\"heading.default\">\n\t\t\t\t<div class=\"elementor-widget-container\">\n\t\t\t\t\t<h5 class=\"elementor-heading-title elementor-size-default\">Partners of MIXTE #2<\/h5>\t\t\t\t<\/div>\n\t\t\t\t<\/div>\n\t\t\t\t<div class=\"elementor-element elementor-element-320a5c7 elementor-widget elementor-widget-image\" data-id=\"320a5c7\" data-element_type=\"widget\" data-e-type=\"widget\" data-widget_type=\"image.default\">\n\t\t\t\t<div class=\"elementor-widget-container\">\n\t\t\t\t\t\t\t\t\t\t\t\t\t\t\t<img loading=\"lazy\" decoding=\"async\" width=\"768\" height=\"96\" src=\"http:\/\/academiemixte.com\/wp-content\/uploads\/2024\/05\/Bandeau-MIXTE-2024-768x96.png\" class=\"attachment-medium_large size-medium_large wp-image-1740\" alt=\"\" srcset=\"http:\/\/academiemixte.com\/wp-content\/uploads\/2024\/05\/Bandeau-MIXTE-2024-768x96.png 768w, http:\/\/academiemixte.com\/wp-content\/uploads\/2024\/05\/Bandeau-MIXTE-2024-300x38.png 300w, http:\/\/academiemixte.com\/wp-content\/uploads\/2024\/05\/Bandeau-MIXTE-2024-1024x128.png 1024w, http:\/\/academiemixte.com\/wp-content\/uploads\/2024\/05\/Bandeau-MIXTE-2024-1536x192.png 1536w, http:\/\/academiemixte.com\/wp-content\/uploads\/2024\/05\/Bandeau-MIXTE-2024-2048x256.png 2048w, http:\/\/academiemixte.com\/wp-content\/uploads\/2024\/05\/Bandeau-MIXTE-2024-18x2.png 18w, http:\/\/academiemixte.com\/wp-content\/uploads\/2024\/05\/Bandeau-MIXTE-2024-696x87.png 696w\" sizes=\"(max-width: 768px) 100vw, 768px\" \/>\t\t\t\t\t\t\t\t\t\t\t\t\t\t\t<\/div>\n\t\t\t\t<\/div>\n\t\t\t\t\t<\/div>\n\t\t<\/div>\n\t\t\t\t\t<\/div>\n\t\t<\/section>\n\t\t\t\t<\/div>","protected":false},"excerpt":{"rendered":"<p>MIXTE-Acad\u00e9mie internationale de cr\u00e9ation musicale MIXTE est une acad\u00e9mie de formation pour compositrices, compositeurs et interpr\u00e8tes autour des pratiques de la musique mixte, associant ensemble &hellip;<\/p>","protected":false},"author":1,"featured_media":0,"parent":0,"menu_order":0,"comment_status":"closed","ping_status":"closed","template":"","meta":{"footnotes":""},"class_list":["post-90","page","type-page","status-publish","hentry"],"yoast_head":"<!-- This site is optimized with the Yoast SEO plugin v27.3 - https:\/\/yoast.com\/product\/yoast-seo-wordpress\/ -->\n<title>Pr\u00e9sentation &#8226; Acad\u00e9mie MIXTE<\/title>\n<meta name=\"description\" content=\"MIXTE est une acad\u00e9mie de formation pour compositeur\u00b7trice\u00b7s et interpr\u00e8tes qui souhaitent d\u00e9couvrir ou approfondir la musique mixte.\" \/>\n<meta name=\"robots\" content=\"index, follow, max-snippet:-1, max-image-preview:large, max-video-preview:-1\" \/>\n<link rel=\"canonical\" href=\"http:\/\/academiemixte.com\/en\/\" \/>\n<meta property=\"og:locale\" content=\"en_US\" \/>\n<meta property=\"og:type\" content=\"article\" \/>\n<meta property=\"og:title\" content=\"Pr\u00e9sentation &#8226; Acad\u00e9mie MIXTE\" \/>\n<meta property=\"og:description\" content=\"MIXTE est une acad\u00e9mie de formation pour compositeur\u00b7trice\u00b7s et interpr\u00e8tes qui souhaitent d\u00e9couvrir ou approfondir la musique mixte.\" \/>\n<meta property=\"og:url\" content=\"http:\/\/academiemixte.com\/en\/\" \/>\n<meta property=\"og:site_name\" content=\"Acad\u00e9mie MIXTE\" \/>\n<meta property=\"article:publisher\" content=\"https:\/\/www.facebook.com\/MIXTEacademie\" \/>\n<meta property=\"article:modified_time\" content=\"2025-03-17T17:16:06+00:00\" \/>\n<meta property=\"og:image\" content=\"http:\/\/academiemixte.com\/wp-content\/uploads\/2021\/05\/logo-Mixte-1.png\" \/>\n\t<meta property=\"og:image:width\" content=\"200\" \/>\n\t<meta property=\"og:image:height\" content=\"250\" \/>\n\t<meta property=\"og:image:type\" content=\"image\/png\" \/>\n<meta name=\"twitter:card\" content=\"summary_large_image\" \/>\n<meta name=\"twitter:site\" content=\"@PcProxima\" \/>\n<meta name=\"twitter:label1\" content=\"Est. reading time\" \/>\n\t<meta name=\"twitter:data1\" content=\"3 minutes\" \/>\n<script type=\"application\/ld+json\" class=\"yoast-schema-graph\">{\"@context\":\"https:\\\/\\\/schema.org\",\"@graph\":[{\"@type\":[\"WebPage\",\"AboutPage\"],\"@id\":\"http:\\\/\\\/academiemixte.com\\\/\",\"url\":\"http:\\\/\\\/academiemixte.com\\\/\",\"name\":\"Pr\u00e9sentation &#8226; Acad\u00e9mie MIXTE\",\"isPartOf\":{\"@id\":\"http:\\\/\\\/academiemixte.com\\\/#website\"},\"primaryImageOfPage\":{\"@id\":\"http:\\\/\\\/academiemixte.com\\\/#primaryimage\"},\"image\":{\"@id\":\"http:\\\/\\\/academiemixte.com\\\/#primaryimage\"},\"thumbnailUrl\":\"http:\\\/\\\/academiemixte.com\\\/wp-content\\\/uploads\\\/2021\\\/05\\\/logo-Mixte-1.png\",\"datePublished\":\"2021-05-25T10:55:22+00:00\",\"dateModified\":\"2025-03-17T17:16:06+00:00\",\"description\":\"MIXTE est une acad\u00e9mie de formation pour compositeur\u00b7trice\u00b7s et interpr\u00e8tes qui souhaitent d\u00e9couvrir ou approfondir la musique mixte.\",\"breadcrumb\":{\"@id\":\"http:\\\/\\\/academiemixte.com\\\/#breadcrumb\"},\"inLanguage\":\"en-US\",\"potentialAction\":[{\"@type\":\"ReadAction\",\"target\":[\"http:\\\/\\\/academiemixte.com\\\/\"]}]},{\"@type\":\"ImageObject\",\"inLanguage\":\"en-US\",\"@id\":\"http:\\\/\\\/academiemixte.com\\\/#primaryimage\",\"url\":\"http:\\\/\\\/academiemixte.com\\\/wp-content\\\/uploads\\\/2021\\\/05\\\/logo-Mixte-1.png\",\"contentUrl\":\"http:\\\/\\\/academiemixte.com\\\/wp-content\\\/uploads\\\/2021\\\/05\\\/logo-Mixte-1.png\"},{\"@type\":\"BreadcrumbList\",\"@id\":\"http:\\\/\\\/academiemixte.com\\\/#breadcrumb\",\"itemListElement\":[{\"@type\":\"ListItem\",\"position\":1,\"name\":\"Accueil\",\"item\":\"http:\\\/\\\/academiemixte.com\\\/\"},{\"@type\":\"ListItem\",\"position\":2,\"name\":\"Pr\u00e9sentation\"}]},{\"@type\":\"WebSite\",\"@id\":\"http:\\\/\\\/academiemixte.com\\\/#website\",\"url\":\"http:\\\/\\\/academiemixte.com\\\/\",\"name\":\"Acad\u00e9mie MIXTE\",\"description\":\"Acad\u00e9mie internationale de cr\u00e9ation musicale\",\"publisher\":{\"@id\":\"http:\\\/\\\/academiemixte.com\\\/#organization\"},\"potentialAction\":[{\"@type\":\"SearchAction\",\"target\":{\"@type\":\"EntryPoint\",\"urlTemplate\":\"http:\\\/\\\/academiemixte.com\\\/?s={search_term_string}\"},\"query-input\":{\"@type\":\"PropertyValueSpecification\",\"valueRequired\":true,\"valueName\":\"search_term_string\"}}],\"inLanguage\":\"en-US\"},{\"@type\":\"Organization\",\"@id\":\"http:\\\/\\\/academiemixte.com\\\/#organization\",\"name\":\"Acad\u00e9mie MIXTE\",\"url\":\"http:\\\/\\\/academiemixte.com\\\/\",\"logo\":{\"@type\":\"ImageObject\",\"inLanguage\":\"en-US\",\"@id\":\"http:\\\/\\\/academiemixte.com\\\/#\\\/schema\\\/logo\\\/image\\\/\",\"url\":\"http:\\\/\\\/academiemixte.com\\\/wp-content\\\/uploads\\\/2022\\\/01\\\/LOGO-test1.jpg\",\"contentUrl\":\"http:\\\/\\\/academiemixte.com\\\/wp-content\\\/uploads\\\/2022\\\/01\\\/LOGO-test1.jpg\",\"width\":270,\"height\":341,\"caption\":\"Acad\u00e9mie MIXTE\"},\"image\":{\"@id\":\"http:\\\/\\\/academiemixte.com\\\/#\\\/schema\\\/logo\\\/image\\\/\"},\"sameAs\":[\"https:\\\/\\\/www.facebook.com\\\/MIXTEacademie\",\"https:\\\/\\\/x.com\\\/PcProxima\",\"https:\\\/\\\/www.instagram.com\\\/proximacentauribdx\\\/\",\"https:\\\/\\\/www.linkedin.com\\\/in\\\/proximacentauri\\\/\",\"https:\\\/\\\/www.youtube.com\\\/c\\\/proximacentaurimusique\"]}]}<\/script>\n<!-- \/ Yoast SEO plugin. -->","yoast_head_json":{"title":"Pr\u00e9sentation &#8226; Acad\u00e9mie MIXTE","description":"MIXTE est une acad\u00e9mie de formation pour compositeur\u00b7trice\u00b7s et interpr\u00e8tes qui souhaitent d\u00e9couvrir ou approfondir la musique mixte.","robots":{"index":"index","follow":"follow","max-snippet":"max-snippet:-1","max-image-preview":"max-image-preview:large","max-video-preview":"max-video-preview:-1"},"canonical":"http:\/\/academiemixte.com\/en\/","og_locale":"en_US","og_type":"article","og_title":"Pr\u00e9sentation &#8226; Acad\u00e9mie MIXTE","og_description":"MIXTE est une acad\u00e9mie de formation pour compositeur\u00b7trice\u00b7s et interpr\u00e8tes qui souhaitent d\u00e9couvrir ou approfondir la musique mixte.","og_url":"http:\/\/academiemixte.com\/en\/","og_site_name":"Acad\u00e9mie MIXTE","article_publisher":"https:\/\/www.facebook.com\/MIXTEacademie","article_modified_time":"2025-03-17T17:16:06+00:00","og_image":[{"width":200,"height":250,"url":"http:\/\/academiemixte.com\/wp-content\/uploads\/2021\/05\/logo-Mixte-1.png","type":"image\/png"}],"twitter_card":"summary_large_image","twitter_site":"@PcProxima","twitter_misc":{"Est. reading time":"3 minutes"},"schema":{"@context":"https:\/\/schema.org","@graph":[{"@type":["WebPage","AboutPage"],"@id":"http:\/\/academiemixte.com\/","url":"http:\/\/academiemixte.com\/","name":"Pr\u00e9sentation &#8226; Acad\u00e9mie MIXTE","isPartOf":{"@id":"http:\/\/academiemixte.com\/#website"},"primaryImageOfPage":{"@id":"http:\/\/academiemixte.com\/#primaryimage"},"image":{"@id":"http:\/\/academiemixte.com\/#primaryimage"},"thumbnailUrl":"http:\/\/academiemixte.com\/wp-content\/uploads\/2021\/05\/logo-Mixte-1.png","datePublished":"2021-05-25T10:55:22+00:00","dateModified":"2025-03-17T17:16:06+00:00","description":"MIXTE est une acad\u00e9mie de formation pour compositeur\u00b7trice\u00b7s et interpr\u00e8tes qui souhaitent d\u00e9couvrir ou approfondir la musique mixte.","breadcrumb":{"@id":"http:\/\/academiemixte.com\/#breadcrumb"},"inLanguage":"en-US","potentialAction":[{"@type":"ReadAction","target":["http:\/\/academiemixte.com\/"]}]},{"@type":"ImageObject","inLanguage":"en-US","@id":"http:\/\/academiemixte.com\/#primaryimage","url":"http:\/\/academiemixte.com\/wp-content\/uploads\/2021\/05\/logo-Mixte-1.png","contentUrl":"http:\/\/academiemixte.com\/wp-content\/uploads\/2021\/05\/logo-Mixte-1.png"},{"@type":"BreadcrumbList","@id":"http:\/\/academiemixte.com\/#breadcrumb","itemListElement":[{"@type":"ListItem","position":1,"name":"Accueil","item":"http:\/\/academiemixte.com\/"},{"@type":"ListItem","position":2,"name":"Pr\u00e9sentation"}]},{"@type":"WebSite","@id":"http:\/\/academiemixte.com\/#website","url":"http:\/\/academiemixte.com\/","name":"MIXTE Academy","description":"International academy of musical creation","publisher":{"@id":"http:\/\/academiemixte.com\/#organization"},"potentialAction":[{"@type":"SearchAction","target":{"@type":"EntryPoint","urlTemplate":"http:\/\/academiemixte.com\/?s={search_term_string}"},"query-input":{"@type":"PropertyValueSpecification","valueRequired":true,"valueName":"search_term_string"}}],"inLanguage":"en-US"},{"@type":"Organization","@id":"http:\/\/academiemixte.com\/#organization","name":"MIXTE Academy","url":"http:\/\/academiemixte.com\/","logo":{"@type":"ImageObject","inLanguage":"en-US","@id":"http:\/\/academiemixte.com\/#\/schema\/logo\/image\/","url":"http:\/\/academiemixte.com\/wp-content\/uploads\/2022\/01\/LOGO-test1.jpg","contentUrl":"http:\/\/academiemixte.com\/wp-content\/uploads\/2022\/01\/LOGO-test1.jpg","width":270,"height":341,"caption":"Acad\u00e9mie MIXTE"},"image":{"@id":"http:\/\/academiemixte.com\/#\/schema\/logo\/image\/"},"sameAs":["https:\/\/www.facebook.com\/MIXTEacademie","https:\/\/x.com\/PcProxima","https:\/\/www.instagram.com\/proximacentauribdx\/","https:\/\/www.linkedin.com\/in\/proximacentauri\/","https:\/\/www.youtube.com\/c\/proximacentaurimusique"]}]}},"_links":{"self":[{"href":"http:\/\/academiemixte.com\/en\/wp-json\/wp\/v2\/pages\/90","targetHints":{"allow":["GET"]}}],"collection":[{"href":"http:\/\/academiemixte.com\/en\/wp-json\/wp\/v2\/pages"}],"about":[{"href":"http:\/\/academiemixte.com\/en\/wp-json\/wp\/v2\/types\/page"}],"author":[{"embeddable":true,"href":"http:\/\/academiemixte.com\/en\/wp-json\/wp\/v2\/users\/1"}],"replies":[{"embeddable":true,"href":"http:\/\/academiemixte.com\/en\/wp-json\/wp\/v2\/comments?post=90"}],"version-history":[{"count":168,"href":"http:\/\/academiemixte.com\/en\/wp-json\/wp\/v2\/pages\/90\/revisions"}],"predecessor-version":[{"id":2783,"href":"http:\/\/academiemixte.com\/en\/wp-json\/wp\/v2\/pages\/90\/revisions\/2783"}],"wp:attachment":[{"href":"http:\/\/academiemixte.com\/en\/wp-json\/wp\/v2\/media?parent=90"}],"curies":[{"name":"wp","href":"https:\/\/api.w.org\/{rel}","templated":true}]}}