{"id":1030,"date":"2023-03-17T14:12:57","date_gmt":"2023-03-17T14:12:57","guid":{"rendered":"http:\/\/academiemixte.com\/?page_id=1030"},"modified":"2024-05-28T14:11:06","modified_gmt":"2024-05-28T14:11:06","slug":"pascal-rousseau","status":"publish","type":"page","link":"http:\/\/academiemixte.com\/fr_fr\/pascal-rousseau\/","title":{"rendered":"Pascal Rousseau"},"content":{"rendered":"\t\t<div data-elementor-type=\"wp-page\" data-elementor-id=\"1030\" class=\"elementor elementor-1030\">\n\t\t\t\t\t\t<section class=\"elementor-section elementor-top-section elementor-element elementor-element-c2f6f28 elementor-section-boxed elementor-section-height-default elementor-section-height-default\" data-id=\"c2f6f28\" data-element_type=\"section\" data-e-type=\"section\">\n\t\t\t\t\t\t<div class=\"elementor-container elementor-column-gap-default\">\n\t\t\t\t\t<div class=\"elementor-column elementor-col-100 elementor-top-column elementor-element elementor-element-50463e5\" data-id=\"50463e5\" data-element_type=\"column\" data-e-type=\"column\">\n\t\t\t<div class=\"elementor-widget-wrap elementor-element-populated\">\n\t\t\t\t\t\t<div class=\"elementor-element elementor-element-9060dee elementor-widget elementor-widget-image\" data-id=\"9060dee\" data-element_type=\"widget\" data-e-type=\"widget\" data-widget_type=\"image.default\">\n\t\t\t\t<div class=\"elementor-widget-container\">\n\t\t\t\t\t\t\t\t\t\t\t\t\t\t\t<img fetchpriority=\"high\" decoding=\"async\" width=\"512\" height=\"300\" src=\"http:\/\/academiemixte.com\/wp-content\/uploads\/2023\/03\/IMG_23571-scaled-e1679650862584-512x300.jpeg\" class=\"attachment-bravada-featured-third size-bravada-featured-third wp-image-1168\" alt=\"\" \/>\t\t\t\t\t\t\t\t\t\t\t\t\t\t\t<\/div>\n\t\t\t\t<\/div>\n\t\t\t\t\t<\/div>\n\t\t<\/div>\n\t\t\t\t\t<\/div>\n\t\t<\/section>\n\t\t\t\t<section class=\"elementor-section elementor-top-section elementor-element elementor-element-2368fa7 elementor-section-boxed elementor-section-height-default elementor-section-height-default\" data-id=\"2368fa7\" data-element_type=\"section\" data-e-type=\"section\">\n\t\t\t\t\t\t<div class=\"elementor-container elementor-column-gap-default\">\n\t\t\t\t\t<div class=\"elementor-column elementor-col-100 elementor-top-column elementor-element elementor-element-38a143c\" data-id=\"38a143c\" data-element_type=\"column\" data-e-type=\"column\">\n\t\t\t<div class=\"elementor-widget-wrap elementor-element-populated\">\n\t\t\t\t\t\t<div class=\"elementor-element elementor-element-7f7e34d elementor-widget elementor-widget-text-editor\" data-id=\"7f7e34d\" data-element_type=\"widget\" data-e-type=\"widget\" data-widget_type=\"text-editor.default\">\n\t\t\t\t<div class=\"elementor-widget-container\">\n\t\t\t\t\t\t\t\t\t<h1 style=\"text-align: center;\">Tuba<\/h1><p>Pascal Rousseau m\u00e8ne tr\u00e8s t\u00f4t une carri\u00e8re professionnelle en musique classique, jazz, chanson fran\u00e7aise, danse, th\u00e9\u00e2tre et arts de la rue.<\/p><p>En plus de 25 ans de carri\u00e8re, il se produit sur les plus grandes sc\u00e8nes europ\u00e9ennes (Cit\u00e9 de la Musique, Op\u00e9ra Garnier, Louvre, Op\u00e9ra de Lyon, Flagey, Buimhuis,\u2026) mais aussi \u00e0 Moscou (ZooJazzProject), Montr\u00e9al (TORO d\u2019Oposito), Tokyo, Cotonou\u2026\u00a0 Il enregistre avec de nombreux et nombreuses artistes plus de 30 albums de styles diff\u00e9rents.<\/p><p>Il s\u2019est illustr\u00e9 aux c\u00f4t\u00e9s des plus grands ensembles et solistes ( Ictus, World Saxophone Quartet, Musiques Nouvelles, Marc Ducret, Orchestre Nouvelle Aquitaine, David Murray, Airelle Besson, Claude Tchamitchian, Jacques Higelin, Olivia Ruiz\u2026) et dans les plus grands festivals: Donaueschingen, Rendez-vous de l\u2019Erdre, EuropaJazz, Festival de Rue de Bangkok, Festival de Rue Juste pour Rire Montr\u00e9al, Musica Strasbourg\u2026<\/p><p>Doublement dipl\u00f4m\u00e9 du Conservatoire National Sup\u00e9rieur de Paris en tuba ( classe de G\u00e9rard Bucquet et Bernard Neuranter) et improvisation g\u00e9n\u00e9rative (classe de Alain Savouret et Rainer Boesh), il est \u00e9galement compositeur et chef d\u2019orchestre.<\/p><p>En plus de ses activit\u00e9s artistiques, il\u00a0 enseigne le tuba et l\u2019improvisation au PESMD de Bordeaux, au CRR de Bordeaux et est \u00ab\u00a0conseiller musique de rue\u00a0\u00bb au sein comit\u00e9 national technique de la Conf\u00e9d\u00e9ration National des Batteries Fanfare.<\/p><p>Attach\u00e9 \u00e0 son ancrage territorial, il est aussi professeur de jazz et \u00e9criture \u00e0 l&rsquo;\u00e9cole de Musique de l&rsquo;Ile de R\u00e9 et dirige le big-band amateur Harmony\u2019s Swing. Il anime par ailleurs des stages et master-class.<\/p><p>Site internet : <a href=\"http:\/\/www.pascaltuba.com\/\">http:\/\/www.pascaltuba.com\/<\/a><\/p>\t\t\t\t\t\t\t\t<\/div>\n\t\t\t\t<\/div>\n\t\t\t\t\t<\/div>\n\t\t<\/div>\n\t\t\t\t\t<\/div>\n\t\t<\/section>\n\t\t\t\t<\/div>\n\t\t","protected":false},"excerpt":{"rendered":"<p>Tuba Pascal Rousseau m\u00e8ne tr\u00e8s t\u00f4t une carri\u00e8re professionnelle en musique classique, jazz, chanson fran\u00e7aise, danse, th\u00e9\u00e2tre et arts de la rue. En plus de &hellip;<\/p>\n","protected":false},"author":1,"featured_media":0,"parent":0,"menu_order":0,"comment_status":"closed","ping_status":"closed","template":"","meta":{"footnotes":""},"class_list":["post-1030","page","type-page","status-publish","hentry"],"yoast_head":"<!-- This site is optimized with the Yoast SEO plugin v27.3 - https:\/\/yoast.com\/product\/yoast-seo-wordpress\/ -->\n<title>Pascal Rousseau &#8226; Acad\u00e9mie MIXTE<\/title>\n<meta name=\"robots\" content=\"index, follow, max-snippet:-1, max-image-preview:large, max-video-preview:-1\" \/>\n<link rel=\"canonical\" href=\"http:\/\/academiemixte.com\/fr_fr\/pascal-rousseau\/\" \/>\n<meta property=\"og:locale\" content=\"fr_FR\" \/>\n<meta property=\"og:type\" content=\"article\" \/>\n<meta property=\"og:title\" content=\"Pascal Rousseau &#8226; Acad\u00e9mie MIXTE\" \/>\n<meta property=\"og:description\" content=\"Tuba Pascal Rousseau m\u00e8ne tr\u00e8s t\u00f4t une carri\u00e8re professionnelle en musique classique, jazz, chanson fran\u00e7aise, danse, th\u00e9\u00e2tre et arts de la rue. En plus de &hellip;\" \/>\n<meta property=\"og:url\" content=\"http:\/\/academiemixte.com\/fr_fr\/pascal-rousseau\/\" \/>\n<meta property=\"og:site_name\" content=\"Acad\u00e9mie MIXTE\" \/>\n<meta property=\"article:publisher\" content=\"https:\/\/www.facebook.com\/MIXTEacademie\" \/>\n<meta property=\"article:modified_time\" content=\"2024-05-28T14:11:06+00:00\" \/>\n<meta property=\"og:image\" content=\"http:\/\/academiemixte.com\/wp-content\/uploads\/2023\/03\/IMG_23571-scaled-e1679650862584-512x300.jpeg\" \/>\n<meta name=\"twitter:card\" content=\"summary_large_image\" \/>\n<meta name=\"twitter:site\" content=\"@PcProxima\" \/>\n<meta name=\"twitter:label1\" content=\"Dur\u00e9e de lecture estim\u00e9e\" \/>\n\t<meta name=\"twitter:data1\" content=\"2 minutes\" \/>\n<script type=\"application\/ld+json\" class=\"yoast-schema-graph\">{\"@context\":\"https:\\\/\\\/schema.org\",\"@graph\":[{\"@type\":\"WebPage\",\"@id\":\"http:\\\/\\\/academiemixte.com\\\/pascal-rousseau\\\/\",\"url\":\"http:\\\/\\\/academiemixte.com\\\/pascal-rousseau\\\/\",\"name\":\"Pascal Rousseau &#8226; Acad\u00e9mie MIXTE\",\"isPartOf\":{\"@id\":\"http:\\\/\\\/academiemixte.com\\\/#website\"},\"primaryImageOfPage\":{\"@id\":\"http:\\\/\\\/academiemixte.com\\\/pascal-rousseau\\\/#primaryimage\"},\"image\":{\"@id\":\"http:\\\/\\\/academiemixte.com\\\/pascal-rousseau\\\/#primaryimage\"},\"thumbnailUrl\":\"http:\\\/\\\/academiemixte.com\\\/wp-content\\\/uploads\\\/2023\\\/03\\\/IMG_23571-scaled-e1679650862584-512x300.jpeg\",\"datePublished\":\"2023-03-17T14:12:57+00:00\",\"dateModified\":\"2024-05-28T14:11:06+00:00\",\"breadcrumb\":{\"@id\":\"http:\\\/\\\/academiemixte.com\\\/pascal-rousseau\\\/#breadcrumb\"},\"inLanguage\":\"fr-FR\",\"potentialAction\":[{\"@type\":\"ReadAction\",\"target\":[\"http:\\\/\\\/academiemixte.com\\\/pascal-rousseau\\\/\"]}]},{\"@type\":\"ImageObject\",\"inLanguage\":\"fr-FR\",\"@id\":\"http:\\\/\\\/academiemixte.com\\\/pascal-rousseau\\\/#primaryimage\",\"url\":\"http:\\\/\\\/academiemixte.com\\\/wp-content\\\/uploads\\\/2023\\\/03\\\/IMG_23571-scaled-e1679650862584-512x300.jpeg\",\"contentUrl\":\"http:\\\/\\\/academiemixte.com\\\/wp-content\\\/uploads\\\/2023\\\/03\\\/IMG_23571-scaled-e1679650862584-512x300.jpeg\"},{\"@type\":\"BreadcrumbList\",\"@id\":\"http:\\\/\\\/academiemixte.com\\\/pascal-rousseau\\\/#breadcrumb\",\"itemListElement\":[{\"@type\":\"ListItem\",\"position\":1,\"name\":\"Accueil\",\"item\":\"http:\\\/\\\/academiemixte.com\\\/\"},{\"@type\":\"ListItem\",\"position\":2,\"name\":\"Pascal Rousseau\"}]},{\"@type\":\"WebSite\",\"@id\":\"http:\\\/\\\/academiemixte.com\\\/#website\",\"url\":\"http:\\\/\\\/academiemixte.com\\\/\",\"name\":\"Acad\u00e9mie MIXTE\",\"description\":\"Acad\u00e9mie internationale de cr\u00e9ation musicale\",\"publisher\":{\"@id\":\"http:\\\/\\\/academiemixte.com\\\/#organization\"},\"potentialAction\":[{\"@type\":\"SearchAction\",\"target\":{\"@type\":\"EntryPoint\",\"urlTemplate\":\"http:\\\/\\\/academiemixte.com\\\/?s={search_term_string}\"},\"query-input\":{\"@type\":\"PropertyValueSpecification\",\"valueRequired\":true,\"valueName\":\"search_term_string\"}}],\"inLanguage\":\"fr-FR\"},{\"@type\":\"Organization\",\"@id\":\"http:\\\/\\\/academiemixte.com\\\/#organization\",\"name\":\"Acad\u00e9mie MIXTE\",\"url\":\"http:\\\/\\\/academiemixte.com\\\/\",\"logo\":{\"@type\":\"ImageObject\",\"inLanguage\":\"fr-FR\",\"@id\":\"http:\\\/\\\/academiemixte.com\\\/#\\\/schema\\\/logo\\\/image\\\/\",\"url\":\"http:\\\/\\\/academiemixte.com\\\/wp-content\\\/uploads\\\/2022\\\/01\\\/LOGO-test1.jpg\",\"contentUrl\":\"http:\\\/\\\/academiemixte.com\\\/wp-content\\\/uploads\\\/2022\\\/01\\\/LOGO-test1.jpg\",\"width\":270,\"height\":341,\"caption\":\"Acad\u00e9mie MIXTE\"},\"image\":{\"@id\":\"http:\\\/\\\/academiemixte.com\\\/#\\\/schema\\\/logo\\\/image\\\/\"},\"sameAs\":[\"https:\\\/\\\/www.facebook.com\\\/MIXTEacademie\",\"https:\\\/\\\/x.com\\\/PcProxima\",\"https:\\\/\\\/www.instagram.com\\\/proximacentauribdx\\\/\",\"https:\\\/\\\/www.linkedin.com\\\/in\\\/proximacentauri\\\/\",\"https:\\\/\\\/www.youtube.com\\\/c\\\/proximacentaurimusique\"]}]}<\/script>\n<!-- \/ Yoast SEO plugin. -->","yoast_head_json":{"title":"Pascal Rousseau &#8226; Acad\u00e9mie MIXTE","robots":{"index":"index","follow":"follow","max-snippet":"max-snippet:-1","max-image-preview":"max-image-preview:large","max-video-preview":"max-video-preview:-1"},"canonical":"http:\/\/academiemixte.com\/fr_fr\/pascal-rousseau\/","og_locale":"fr_FR","og_type":"article","og_title":"Pascal Rousseau &#8226; Acad\u00e9mie MIXTE","og_description":"Tuba Pascal Rousseau m\u00e8ne tr\u00e8s t\u00f4t une carri\u00e8re professionnelle en musique classique, jazz, chanson fran\u00e7aise, danse, th\u00e9\u00e2tre et arts de la rue. En plus de &hellip;","og_url":"http:\/\/academiemixte.com\/fr_fr\/pascal-rousseau\/","og_site_name":"Acad\u00e9mie MIXTE","article_publisher":"https:\/\/www.facebook.com\/MIXTEacademie","article_modified_time":"2024-05-28T14:11:06+00:00","og_image":[{"url":"http:\/\/academiemixte.com\/wp-content\/uploads\/2023\/03\/IMG_23571-scaled-e1679650862584-512x300.jpeg","type":"","width":"","height":""}],"twitter_card":"summary_large_image","twitter_site":"@PcProxima","twitter_misc":{"Dur\u00e9e de lecture estim\u00e9e":"2 minutes"},"schema":{"@context":"https:\/\/schema.org","@graph":[{"@type":"WebPage","@id":"http:\/\/academiemixte.com\/pascal-rousseau\/","url":"http:\/\/academiemixte.com\/pascal-rousseau\/","name":"Pascal Rousseau &#8226; Acad\u00e9mie MIXTE","isPartOf":{"@id":"http:\/\/academiemixte.com\/#website"},"primaryImageOfPage":{"@id":"http:\/\/academiemixte.com\/pascal-rousseau\/#primaryimage"},"image":{"@id":"http:\/\/academiemixte.com\/pascal-rousseau\/#primaryimage"},"thumbnailUrl":"http:\/\/academiemixte.com\/wp-content\/uploads\/2023\/03\/IMG_23571-scaled-e1679650862584-512x300.jpeg","datePublished":"2023-03-17T14:12:57+00:00","dateModified":"2024-05-28T14:11:06+00:00","breadcrumb":{"@id":"http:\/\/academiemixte.com\/pascal-rousseau\/#breadcrumb"},"inLanguage":"fr-FR","potentialAction":[{"@type":"ReadAction","target":["http:\/\/academiemixte.com\/pascal-rousseau\/"]}]},{"@type":"ImageObject","inLanguage":"fr-FR","@id":"http:\/\/academiemixte.com\/pascal-rousseau\/#primaryimage","url":"http:\/\/academiemixte.com\/wp-content\/uploads\/2023\/03\/IMG_23571-scaled-e1679650862584-512x300.jpeg","contentUrl":"http:\/\/academiemixte.com\/wp-content\/uploads\/2023\/03\/IMG_23571-scaled-e1679650862584-512x300.jpeg"},{"@type":"BreadcrumbList","@id":"http:\/\/academiemixte.com\/pascal-rousseau\/#breadcrumb","itemListElement":[{"@type":"ListItem","position":1,"name":"Accueil","item":"http:\/\/academiemixte.com\/"},{"@type":"ListItem","position":2,"name":"Pascal Rousseau"}]},{"@type":"WebSite","@id":"http:\/\/academiemixte.com\/#website","url":"http:\/\/academiemixte.com\/","name":"Acad\u00e9mie MIXTE","description":"Acad\u00e9mie internationale de cr\u00e9ation musicale","publisher":{"@id":"http:\/\/academiemixte.com\/#organization"},"potentialAction":[{"@type":"SearchAction","target":{"@type":"EntryPoint","urlTemplate":"http:\/\/academiemixte.com\/?s={search_term_string}"},"query-input":{"@type":"PropertyValueSpecification","valueRequired":true,"valueName":"search_term_string"}}],"inLanguage":"fr-FR"},{"@type":"Organization","@id":"http:\/\/academiemixte.com\/#organization","name":"Acad\u00e9mie MIXTE","url":"http:\/\/academiemixte.com\/","logo":{"@type":"ImageObject","inLanguage":"fr-FR","@id":"http:\/\/academiemixte.com\/#\/schema\/logo\/image\/","url":"http:\/\/academiemixte.com\/wp-content\/uploads\/2022\/01\/LOGO-test1.jpg","contentUrl":"http:\/\/academiemixte.com\/wp-content\/uploads\/2022\/01\/LOGO-test1.jpg","width":270,"height":341,"caption":"Acad\u00e9mie MIXTE"},"image":{"@id":"http:\/\/academiemixte.com\/#\/schema\/logo\/image\/"},"sameAs":["https:\/\/www.facebook.com\/MIXTEacademie","https:\/\/x.com\/PcProxima","https:\/\/www.instagram.com\/proximacentauribdx\/","https:\/\/www.linkedin.com\/in\/proximacentauri\/","https:\/\/www.youtube.com\/c\/proximacentaurimusique"]}]}},"_links":{"self":[{"href":"http:\/\/academiemixte.com\/fr_fr\/wp-json\/wp\/v2\/pages\/1030","targetHints":{"allow":["GET"]}}],"collection":[{"href":"http:\/\/academiemixte.com\/fr_fr\/wp-json\/wp\/v2\/pages"}],"about":[{"href":"http:\/\/academiemixte.com\/fr_fr\/wp-json\/wp\/v2\/types\/page"}],"author":[{"embeddable":true,"href":"http:\/\/academiemixte.com\/fr_fr\/wp-json\/wp\/v2\/users\/1"}],"replies":[{"embeddable":true,"href":"http:\/\/academiemixte.com\/fr_fr\/wp-json\/wp\/v2\/comments?post=1030"}],"version-history":[{"count":20,"href":"http:\/\/academiemixte.com\/fr_fr\/wp-json\/wp\/v2\/pages\/1030\/revisions"}],"predecessor-version":[{"id":1755,"href":"http:\/\/academiemixte.com\/fr_fr\/wp-json\/wp\/v2\/pages\/1030\/revisions\/1755"}],"wp:attachment":[{"href":"http:\/\/academiemixte.com\/fr_fr\/wp-json\/wp\/v2\/media?parent=1030"}],"curies":[{"name":"wp","href":"https:\/\/api.w.org\/{rel}","templated":true}]}}