{"id":1552,"date":"2024-02-22T16:16:01","date_gmt":"2024-02-22T16:16:01","guid":{"rendered":"http:\/\/academiemixte.com\/?page_id=1552"},"modified":"2024-02-22T16:22:31","modified_gmt":"2024-02-22T16:22:31","slug":"proxima-centauri","status":"publish","type":"page","link":"http:\/\/academiemixte.com\/fr_fr\/proxima-centauri\/","title":{"rendered":"Proxima Centauri"},"content":{"rendered":"\t\t<div data-elementor-type=\"wp-page\" data-elementor-id=\"1552\" class=\"elementor elementor-1552\">\n\t\t\t\t\t\t<section class=\"elementor-section elementor-top-section elementor-element elementor-element-4865695 elementor-section-boxed elementor-section-height-default elementor-section-height-default\" data-id=\"4865695\" data-element_type=\"section\" data-e-type=\"section\">\n\t\t\t\t\t\t<div class=\"elementor-container elementor-column-gap-default\">\n\t\t\t\t\t<div class=\"elementor-column elementor-col-100 elementor-top-column elementor-element elementor-element-c312014\" data-id=\"c312014\" data-element_type=\"column\" data-e-type=\"column\">\n\t\t\t<div class=\"elementor-widget-wrap elementor-element-populated\">\n\t\t\t\t\t\t<div class=\"elementor-element elementor-element-c5406d0 elementor-widget elementor-widget-image\" data-id=\"c5406d0\" data-element_type=\"widget\" data-e-type=\"widget\" data-widget_type=\"image.default\">\n\t\t\t\t<div class=\"elementor-widget-container\">\n\t\t\t\t\t\t\t\t\t\t\t\t\t\t\t<img fetchpriority=\"high\" decoding=\"async\" width=\"1024\" height=\"681\" src=\"http:\/\/academiemixte.com\/wp-content\/uploads\/2023\/03\/Opus-19.-2-concert-croise-77-1024x681.jpg\" class=\"attachment-large size-large wp-image-1053\" alt=\"\" srcset=\"http:\/\/academiemixte.com\/wp-content\/uploads\/2023\/03\/Opus-19.-2-concert-croise-77-1024x681.jpg 1024w, http:\/\/academiemixte.com\/wp-content\/uploads\/2023\/03\/Opus-19.-2-concert-croise-77-300x200.jpg 300w, http:\/\/academiemixte.com\/wp-content\/uploads\/2023\/03\/Opus-19.-2-concert-croise-77-768x511.jpg 768w, http:\/\/academiemixte.com\/wp-content\/uploads\/2023\/03\/Opus-19.-2-concert-croise-77-1536x1022.jpg 1536w, http:\/\/academiemixte.com\/wp-content\/uploads\/2023\/03\/Opus-19.-2-concert-croise-77-2048x1363.jpg 2048w, http:\/\/academiemixte.com\/wp-content\/uploads\/2023\/03\/Opus-19.-2-concert-croise-77-18x12.jpg 18w, http:\/\/academiemixte.com\/wp-content\/uploads\/2023\/03\/Opus-19.-2-concert-croise-77-451x300.jpg 451w\" sizes=\"(max-width: 1024px) 100vw, 1024px\" \/>\t\t\t\t\t\t\t\t\t\t\t\t\t\t\t<\/div>\n\t\t\t\t<\/div>\n\t\t\t\t\t<\/div>\n\t\t<\/div>\n\t\t\t\t\t<\/div>\n\t\t<\/section>\n\t\t\t\t<section class=\"elementor-section elementor-top-section elementor-element elementor-element-d612b38 elementor-section-boxed elementor-section-height-default elementor-section-height-default\" data-id=\"d612b38\" data-element_type=\"section\" data-e-type=\"section\">\n\t\t\t\t\t\t<div class=\"elementor-container elementor-column-gap-default\">\n\t\t\t\t\t<div class=\"elementor-column elementor-col-100 elementor-top-column elementor-element elementor-element-5f65664\" data-id=\"5f65664\" data-element_type=\"column\" data-e-type=\"column\">\n\t\t\t<div class=\"elementor-widget-wrap elementor-element-populated\">\n\t\t\t\t\t\t<div class=\"elementor-element elementor-element-f8c43cc elementor-widget elementor-widget-text-editor\" data-id=\"f8c43cc\" data-element_type=\"widget\" data-e-type=\"widget\" data-widget_type=\"text-editor.default\">\n\t\t\t\t<div class=\"elementor-widget-container\">\n\t\t\t\t\t\t\t\t\t<p>Proxima Centauri est un ensemble musical engag\u00e9 depuis plus de trentre ans dans le secteur de la musique contemporaine. Dot\u00e9 d&rsquo;une palette sonore singuli\u00e8re (piano, flute, percussions, saxophone, \u00e9lectronique), il bouscule la musique de chambre en int\u00e9grant l\u2019\u00e9lectroacoustique comme membre \u00e0 part enti\u00e8re de la formation, et en donnant une place majeure au saxophone pour lequel il contribue \u00e0 cr\u00e9er un r\u00e9pertoire contemporain.<\/p><p>Depuis sa cr\u00e9ation, Proxima Centauri collabore avec de nombreux artistes musicien\u00b7ne\u00b7s, interpr\u00e8tes, improvisateurs, ou provenant de la danse, des arts plastique et du th\u00e9\u00e2tre. L\u2019ensemble d\u00e9fend ainsi une d\u00e9marche artistique pluridisciplinaire, \u00e0 la crois\u00e9e des arts, alliant cr\u00e9ation musicale, arts visuels et occasionnellement participation du public.<\/p><p>Plac\u00e9 sous la direction artistique de Marie-Bernadette Charrier, l\u2019ensemble se veut moteur au service de la musique contemporaine en pratiquant une politique de commande active, en cr\u00e9ant de nombreuses \u0153uvres de compositeur\u00b7trice\u00b7s d&rsquo;aujourd&rsquo;hui, en faisant vivre les grandes figures du XXe et contribuant aux recherches en lutherie contemporaine. La transmission des savoir-faire aux jeunes interpr\u00e8tes est depuis ses d\u00e9buts un axe majeur de son activit\u00e9.<\/p><p>Proxima Centauri multiplie \u00e9galement les collaborations sur son territoire tant dans ses activit\u00e9s de diffusion que de m\u00e9diations artistiques, allant r\u00e9guli\u00e8rement \u00e0 la rencontre de nouveaux publics. De renomm\u00e9e internationale, l\u2019ensemble est invit\u00e9 dans de nombreux festivals et r\u00e9alise des tourn\u00e9es en Europe, Am\u00e9rique, Asie et Oc\u00e9anie.<\/p><p>Plus d&rsquo;informations : <a href=\"https:\/\/proximacentauri.fr\/\">https:\/\/proximacentauri.fr\/<\/a><\/p>\t\t\t\t\t\t\t\t<\/div>\n\t\t\t\t<\/div>\n\t\t\t\t\t<\/div>\n\t\t<\/div>\n\t\t\t\t\t<\/div>\n\t\t<\/section>\n\t\t\t\t<\/div>\n\t\t","protected":false},"excerpt":{"rendered":"<p>Proxima Centauri est un ensemble musical engag\u00e9 depuis plus de trentre ans dans le secteur de la musique contemporaine. Dot\u00e9 d&rsquo;une palette sonore singuli\u00e8re (piano, &hellip;<\/p>\n","protected":false},"author":1,"featured_media":0,"parent":0,"menu_order":0,"comment_status":"closed","ping_status":"closed","template":"","meta":{"footnotes":""},"class_list":["post-1552","page","type-page","status-publish","hentry"],"yoast_head":"<!-- This site is optimized with the Yoast SEO plugin v27.3 - https:\/\/yoast.com\/product\/yoast-seo-wordpress\/ -->\n<title>Proxima Centauri &#8226; Acad\u00e9mie MIXTE<\/title>\n<meta name=\"robots\" content=\"index, follow, max-snippet:-1, max-image-preview:large, max-video-preview:-1\" \/>\n<link rel=\"canonical\" href=\"http:\/\/academiemixte.com\/fr_fr\/proxima-centauri\/\" \/>\n<meta property=\"og:locale\" content=\"fr_FR\" \/>\n<meta property=\"og:type\" content=\"article\" \/>\n<meta property=\"og:title\" content=\"Proxima Centauri &#8226; Acad\u00e9mie MIXTE\" \/>\n<meta property=\"og:description\" content=\"Proxima Centauri est un ensemble musical engag\u00e9 depuis plus de trentre ans dans le secteur de la musique contemporaine. Dot\u00e9 d&rsquo;une palette sonore singuli\u00e8re (piano, &hellip;\" \/>\n<meta property=\"og:url\" content=\"http:\/\/academiemixte.com\/fr_fr\/proxima-centauri\/\" \/>\n<meta property=\"og:site_name\" content=\"Acad\u00e9mie MIXTE\" \/>\n<meta property=\"article:publisher\" content=\"https:\/\/www.facebook.com\/MIXTEacademie\" \/>\n<meta property=\"article:modified_time\" content=\"2024-02-22T16:22:31+00:00\" \/>\n<meta property=\"og:image\" content=\"http:\/\/academiemixte.com\/wp-content\/uploads\/2023\/03\/Opus-19.-2-concert-croise-77-1024x681.jpg\" \/>\n<meta name=\"twitter:card\" content=\"summary_large_image\" \/>\n<meta name=\"twitter:site\" content=\"@PcProxima\" \/>\n<meta name=\"twitter:label1\" content=\"Dur\u00e9e de lecture estim\u00e9e\" \/>\n\t<meta name=\"twitter:data1\" content=\"2 minutes\" \/>\n<script type=\"application\/ld+json\" class=\"yoast-schema-graph\">{\"@context\":\"https:\\\/\\\/schema.org\",\"@graph\":[{\"@type\":\"WebPage\",\"@id\":\"http:\\\/\\\/academiemixte.com\\\/proxima-centauri\\\/\",\"url\":\"http:\\\/\\\/academiemixte.com\\\/proxima-centauri\\\/\",\"name\":\"Proxima Centauri &#8226; Acad\u00e9mie MIXTE\",\"isPartOf\":{\"@id\":\"http:\\\/\\\/academiemixte.com\\\/#website\"},\"primaryImageOfPage\":{\"@id\":\"http:\\\/\\\/academiemixte.com\\\/proxima-centauri\\\/#primaryimage\"},\"image\":{\"@id\":\"http:\\\/\\\/academiemixte.com\\\/proxima-centauri\\\/#primaryimage\"},\"thumbnailUrl\":\"http:\\\/\\\/academiemixte.com\\\/wp-content\\\/uploads\\\/2023\\\/03\\\/Opus-19.-2-concert-croise-77-1024x681.jpg\",\"datePublished\":\"2024-02-22T16:16:01+00:00\",\"dateModified\":\"2024-02-22T16:22:31+00:00\",\"breadcrumb\":{\"@id\":\"http:\\\/\\\/academiemixte.com\\\/proxima-centauri\\\/#breadcrumb\"},\"inLanguage\":\"fr-FR\",\"potentialAction\":[{\"@type\":\"ReadAction\",\"target\":[\"http:\\\/\\\/academiemixte.com\\\/proxima-centauri\\\/\"]}]},{\"@type\":\"ImageObject\",\"inLanguage\":\"fr-FR\",\"@id\":\"http:\\\/\\\/academiemixte.com\\\/proxima-centauri\\\/#primaryimage\",\"url\":\"http:\\\/\\\/academiemixte.com\\\/wp-content\\\/uploads\\\/2023\\\/03\\\/Opus-19.-2-concert-croise-77-1024x681.jpg\",\"contentUrl\":\"http:\\\/\\\/academiemixte.com\\\/wp-content\\\/uploads\\\/2023\\\/03\\\/Opus-19.-2-concert-croise-77-1024x681.jpg\"},{\"@type\":\"BreadcrumbList\",\"@id\":\"http:\\\/\\\/academiemixte.com\\\/proxima-centauri\\\/#breadcrumb\",\"itemListElement\":[{\"@type\":\"ListItem\",\"position\":1,\"name\":\"Accueil\",\"item\":\"http:\\\/\\\/academiemixte.com\\\/\"},{\"@type\":\"ListItem\",\"position\":2,\"name\":\"Proxima Centauri\"}]},{\"@type\":\"WebSite\",\"@id\":\"http:\\\/\\\/academiemixte.com\\\/#website\",\"url\":\"http:\\\/\\\/academiemixte.com\\\/\",\"name\":\"Acad\u00e9mie MIXTE\",\"description\":\"Acad\u00e9mie internationale de cr\u00e9ation musicale\",\"publisher\":{\"@id\":\"http:\\\/\\\/academiemixte.com\\\/#organization\"},\"potentialAction\":[{\"@type\":\"SearchAction\",\"target\":{\"@type\":\"EntryPoint\",\"urlTemplate\":\"http:\\\/\\\/academiemixte.com\\\/?s={search_term_string}\"},\"query-input\":{\"@type\":\"PropertyValueSpecification\",\"valueRequired\":true,\"valueName\":\"search_term_string\"}}],\"inLanguage\":\"fr-FR\"},{\"@type\":\"Organization\",\"@id\":\"http:\\\/\\\/academiemixte.com\\\/#organization\",\"name\":\"Acad\u00e9mie MIXTE\",\"url\":\"http:\\\/\\\/academiemixte.com\\\/\",\"logo\":{\"@type\":\"ImageObject\",\"inLanguage\":\"fr-FR\",\"@id\":\"http:\\\/\\\/academiemixte.com\\\/#\\\/schema\\\/logo\\\/image\\\/\",\"url\":\"http:\\\/\\\/academiemixte.com\\\/wp-content\\\/uploads\\\/2022\\\/01\\\/LOGO-test1.jpg\",\"contentUrl\":\"http:\\\/\\\/academiemixte.com\\\/wp-content\\\/uploads\\\/2022\\\/01\\\/LOGO-test1.jpg\",\"width\":270,\"height\":341,\"caption\":\"Acad\u00e9mie MIXTE\"},\"image\":{\"@id\":\"http:\\\/\\\/academiemixte.com\\\/#\\\/schema\\\/logo\\\/image\\\/\"},\"sameAs\":[\"https:\\\/\\\/www.facebook.com\\\/MIXTEacademie\",\"https:\\\/\\\/x.com\\\/PcProxima\",\"https:\\\/\\\/www.instagram.com\\\/proximacentauribdx\\\/\",\"https:\\\/\\\/www.linkedin.com\\\/in\\\/proximacentauri\\\/\",\"https:\\\/\\\/www.youtube.com\\\/c\\\/proximacentaurimusique\"]}]}<\/script>\n<!-- \/ Yoast SEO plugin. -->","yoast_head_json":{"title":"Proxima Centauri &#8226; Acad\u00e9mie MIXTE","robots":{"index":"index","follow":"follow","max-snippet":"max-snippet:-1","max-image-preview":"max-image-preview:large","max-video-preview":"max-video-preview:-1"},"canonical":"http:\/\/academiemixte.com\/fr_fr\/proxima-centauri\/","og_locale":"fr_FR","og_type":"article","og_title":"Proxima Centauri &#8226; Acad\u00e9mie MIXTE","og_description":"Proxima Centauri est un ensemble musical engag\u00e9 depuis plus de trentre ans dans le secteur de la musique contemporaine. Dot\u00e9 d&rsquo;une palette sonore singuli\u00e8re (piano, &hellip;","og_url":"http:\/\/academiemixte.com\/fr_fr\/proxima-centauri\/","og_site_name":"Acad\u00e9mie MIXTE","article_publisher":"https:\/\/www.facebook.com\/MIXTEacademie","article_modified_time":"2024-02-22T16:22:31+00:00","og_image":[{"url":"http:\/\/academiemixte.com\/wp-content\/uploads\/2023\/03\/Opus-19.-2-concert-croise-77-1024x681.jpg","type":"","width":"","height":""}],"twitter_card":"summary_large_image","twitter_site":"@PcProxima","twitter_misc":{"Dur\u00e9e de lecture estim\u00e9e":"2 minutes"},"schema":{"@context":"https:\/\/schema.org","@graph":[{"@type":"WebPage","@id":"http:\/\/academiemixte.com\/proxima-centauri\/","url":"http:\/\/academiemixte.com\/proxima-centauri\/","name":"Proxima Centauri &#8226; Acad\u00e9mie MIXTE","isPartOf":{"@id":"http:\/\/academiemixte.com\/#website"},"primaryImageOfPage":{"@id":"http:\/\/academiemixte.com\/proxima-centauri\/#primaryimage"},"image":{"@id":"http:\/\/academiemixte.com\/proxima-centauri\/#primaryimage"},"thumbnailUrl":"http:\/\/academiemixte.com\/wp-content\/uploads\/2023\/03\/Opus-19.-2-concert-croise-77-1024x681.jpg","datePublished":"2024-02-22T16:16:01+00:00","dateModified":"2024-02-22T16:22:31+00:00","breadcrumb":{"@id":"http:\/\/academiemixte.com\/proxima-centauri\/#breadcrumb"},"inLanguage":"fr-FR","potentialAction":[{"@type":"ReadAction","target":["http:\/\/academiemixte.com\/proxima-centauri\/"]}]},{"@type":"ImageObject","inLanguage":"fr-FR","@id":"http:\/\/academiemixte.com\/proxima-centauri\/#primaryimage","url":"http:\/\/academiemixte.com\/wp-content\/uploads\/2023\/03\/Opus-19.-2-concert-croise-77-1024x681.jpg","contentUrl":"http:\/\/academiemixte.com\/wp-content\/uploads\/2023\/03\/Opus-19.-2-concert-croise-77-1024x681.jpg"},{"@type":"BreadcrumbList","@id":"http:\/\/academiemixte.com\/proxima-centauri\/#breadcrumb","itemListElement":[{"@type":"ListItem","position":1,"name":"Accueil","item":"http:\/\/academiemixte.com\/"},{"@type":"ListItem","position":2,"name":"Proxima Centauri"}]},{"@type":"WebSite","@id":"http:\/\/academiemixte.com\/#website","url":"http:\/\/academiemixte.com\/","name":"Acad\u00e9mie MIXTE","description":"Acad\u00e9mie internationale de cr\u00e9ation musicale","publisher":{"@id":"http:\/\/academiemixte.com\/#organization"},"potentialAction":[{"@type":"SearchAction","target":{"@type":"EntryPoint","urlTemplate":"http:\/\/academiemixte.com\/?s={search_term_string}"},"query-input":{"@type":"PropertyValueSpecification","valueRequired":true,"valueName":"search_term_string"}}],"inLanguage":"fr-FR"},{"@type":"Organization","@id":"http:\/\/academiemixte.com\/#organization","name":"Acad\u00e9mie MIXTE","url":"http:\/\/academiemixte.com\/","logo":{"@type":"ImageObject","inLanguage":"fr-FR","@id":"http:\/\/academiemixte.com\/#\/schema\/logo\/image\/","url":"http:\/\/academiemixte.com\/wp-content\/uploads\/2022\/01\/LOGO-test1.jpg","contentUrl":"http:\/\/academiemixte.com\/wp-content\/uploads\/2022\/01\/LOGO-test1.jpg","width":270,"height":341,"caption":"Acad\u00e9mie MIXTE"},"image":{"@id":"http:\/\/academiemixte.com\/#\/schema\/logo\/image\/"},"sameAs":["https:\/\/www.facebook.com\/MIXTEacademie","https:\/\/x.com\/PcProxima","https:\/\/www.instagram.com\/proximacentauribdx\/","https:\/\/www.linkedin.com\/in\/proximacentauri\/","https:\/\/www.youtube.com\/c\/proximacentaurimusique"]}]}},"_links":{"self":[{"href":"http:\/\/academiemixte.com\/fr_fr\/wp-json\/wp\/v2\/pages\/1552","targetHints":{"allow":["GET"]}}],"collection":[{"href":"http:\/\/academiemixte.com\/fr_fr\/wp-json\/wp\/v2\/pages"}],"about":[{"href":"http:\/\/academiemixte.com\/fr_fr\/wp-json\/wp\/v2\/types\/page"}],"author":[{"embeddable":true,"href":"http:\/\/academiemixte.com\/fr_fr\/wp-json\/wp\/v2\/users\/1"}],"replies":[{"embeddable":true,"href":"http:\/\/academiemixte.com\/fr_fr\/wp-json\/wp\/v2\/comments?post=1552"}],"version-history":[{"count":10,"href":"http:\/\/academiemixte.com\/fr_fr\/wp-json\/wp\/v2\/pages\/1552\/revisions"}],"predecessor-version":[{"id":1565,"href":"http:\/\/academiemixte.com\/fr_fr\/wp-json\/wp\/v2\/pages\/1552\/revisions\/1565"}],"wp:attachment":[{"href":"http:\/\/academiemixte.com\/fr_fr\/wp-json\/wp\/v2\/media?parent=1552"}],"curies":[{"name":"wp","href":"https:\/\/api.w.org\/{rel}","templated":true}]}}