{"id":1757,"date":"2024-06-14T09:35:12","date_gmt":"2024-06-14T09:35:12","guid":{"rendered":"http:\/\/academiemixte.com\/?page_id=1757"},"modified":"2024-06-14T09:44:33","modified_gmt":"2024-06-14T09:44:33","slug":"compositeurtrices-mixte","status":"publish","type":"page","link":"http:\/\/academiemixte.com\/fr_fr\/compositeurtrices-mixte\/","title":{"rendered":"Compositeur\u00b7trices Mixte"},"content":{"rendered":"\t\t<div data-elementor-type=\"wp-page\" data-elementor-id=\"1757\" class=\"elementor elementor-1757\">\n\t\t\t\t\t\t<section class=\"elementor-section elementor-top-section elementor-element elementor-element-4c20d2c elementor-section-boxed elementor-section-height-default elementor-section-height-default\" data-id=\"4c20d2c\" data-element_type=\"section\" data-e-type=\"section\">\n\t\t\t\t\t\t<div class=\"elementor-container elementor-column-gap-default\">\n\t\t\t\t\t<div class=\"elementor-column elementor-col-100 elementor-top-column elementor-element elementor-element-a3a2dc7\" data-id=\"a3a2dc7\" data-element_type=\"column\" data-e-type=\"column\">\n\t\t\t<div class=\"elementor-widget-wrap elementor-element-populated\">\n\t\t\t\t\t\t<div class=\"elementor-element elementor-element-37bd1f4 elementor-widget elementor-widget-image\" data-id=\"37bd1f4\" data-element_type=\"widget\" data-e-type=\"widget\" data-widget_type=\"image.default\">\n\t\t\t\t<div class=\"elementor-widget-container\">\n\t\t\t\t\t\t\t\t\t\t\t\t\t\t\t<img fetchpriority=\"high\" decoding=\"async\" width=\"1024\" height=\"218\" src=\"http:\/\/academiemixte.com\/wp-content\/uploads\/2024\/06\/compositeurs\u00b7trices-MIXTE-2024-1024x218.png\" class=\"attachment-large size-large wp-image-1759\" alt=\"\" srcset=\"http:\/\/academiemixte.com\/wp-content\/uploads\/2024\/06\/compositeurs\u00b7trices-MIXTE-2024-1024x218.png 1024w, http:\/\/academiemixte.com\/wp-content\/uploads\/2024\/06\/compositeurs\u00b7trices-MIXTE-2024-300x64.png 300w, http:\/\/academiemixte.com\/wp-content\/uploads\/2024\/06\/compositeurs\u00b7trices-MIXTE-2024-768x163.png 768w, http:\/\/academiemixte.com\/wp-content\/uploads\/2024\/06\/compositeurs\u00b7trices-MIXTE-2024-1536x326.png 1536w, http:\/\/academiemixte.com\/wp-content\/uploads\/2024\/06\/compositeurs\u00b7trices-MIXTE-2024-2048x435.png 2048w, http:\/\/academiemixte.com\/wp-content\/uploads\/2024\/06\/compositeurs\u00b7trices-MIXTE-2024-18x4.png 18w, http:\/\/academiemixte.com\/wp-content\/uploads\/2024\/06\/compositeurs\u00b7trices-MIXTE-2024-696x148.png 696w\" sizes=\"(max-width: 1024px) 100vw, 1024px\" \/>\t\t\t\t\t\t\t\t\t\t\t\t\t\t\t<\/div>\n\t\t\t\t<\/div>\n\t\t\t\t\t<\/div>\n\t\t<\/div>\n\t\t\t\t\t<\/div>\n\t\t<\/section>\n\t\t\t\t<section class=\"elementor-section elementor-top-section elementor-element elementor-element-72a1eeb elementor-section-boxed elementor-section-height-default elementor-section-height-default\" data-id=\"72a1eeb\" data-element_type=\"section\" data-e-type=\"section\">\n\t\t\t\t\t\t<div class=\"elementor-container elementor-column-gap-default\">\n\t\t\t\t\t<div class=\"elementor-column elementor-col-100 elementor-top-column elementor-element elementor-element-aa3dffc\" data-id=\"aa3dffc\" data-element_type=\"column\" data-e-type=\"column\">\n\t\t\t<div class=\"elementor-widget-wrap elementor-element-populated\">\n\t\t\t\t\t\t<div class=\"elementor-element elementor-element-c1433e6 elementor-widget elementor-widget-text-editor\" data-id=\"c1433e6\" data-element_type=\"widget\" data-e-type=\"widget\" data-widget_type=\"text-editor.default\">\n\t\t\t\t<div class=\"elementor-widget-container\">\n\t\t\t\t\t\t\t\t\t<p>De gauche \u00e0 droite : <span style=\"color: #000000;\">Henri Colombat<\/span>, <span style=\"color: #000000;\">Ehwa Hong<\/span>, <span style=\"color: #000000;\">Luciana Perc<\/span>, <span style=\"color: #000000;\">Guilherme Ribeiro<\/span> et <span style=\"color: #000000;\">Fernando Strasnoy<\/span>, sont les cinq compositeurs et compositrices accompagn\u00e9s dans le cadre de MIXTE. Ils ont \u00e9t\u00e9 s\u00e9lectionn\u00e9s suite \u00e0 l&rsquo;Appel \u00e0 projet de composition lanc\u00e9 d\u00e9but de 2023.<\/p><p>Pendant la semaine Mixte \u00e0 Pau, ils et elles travailleront avec les musiciennes et musiciens de l\u2019ensemble Proxima Centauri, compl\u00e9t\u00e9s du tubiste Pascal Rousseau, et les compositeurs encadrants, pour affiner les contours de l\u2019interpr\u00e9tation de leur nouvelle pi\u00e8ce.<\/p><p>En guise de conclusion de cette semaine de bouillonnement Mixte, l\u2019Acad\u00e9mie propose un concert gratuit tout public <strong><span style=\"color: #000000;\">vendredi 12 juillet \u00e0 11h30 la Chapelle des R\u00e9paratrices de Pau<\/span><\/strong> pour entendre ces \u0153uvres en <span style=\"color: #ff00ff;\">avant-premi\u00e8res<\/span>.<\/p><p>Enfin, point final de ce dispositif d\u2019accompagnement sur le temps long, leurs \u0153uvres seront cr\u00e9\u00e9es le <strong><span style=\"color: #000000;\">dimanche 24 novembre 2024 au Th\u00e9\u00e2tre des Quatre Saisons de Gradignan, dans le cadre du Festival M\u00c0D<\/span><\/strong> qu\u2019organise chaque ann\u00e9e Proxima Centauri \u00e0 Bordeaux et dans sa m\u00e9tropole.<\/p><p><span style=\"text-decoration: underline;\">Voici les 5 projets de composition\u00a0:<\/span><\/p><p><strong><span style=\"color: #000000;\">Henri COLOMBAT<\/span><\/strong> \u00b7 <span style=\"color: #000000;\"><em>\u00c9tude sur le flou<\/em><\/span> <br \/><span style=\"color: #ff00ff;\">pour fl\u00fbte, saxophone, percussion, piano et \u00e9lectronique<\/span> <br \/>Cette pi\u00e8ce fait partie d\u2019une s\u00e9rie d\u2019\u00e9tudes mettant l\u2019acte photographique en sc\u00e8ne pour puiser dans sa th\u00e9\u00e2tralit\u00e9 gestuelle et dans sa relation particuli\u00e8re au souvenir et au son. L\u2019appareil photo analogique sert \u00e0 orienter l\u2019\u0153uvre \u00e0 l\u2019int\u00e9rieur de mes propres souvenirs. A travers l&rsquo;\u00e9lectronique, un pass\u00e9 flou, avec ses lieux et ses sons particuliers, est non seulement \u00e9voqu\u00e9 mais bri\u00e8vement habit\u00e9 par la musique.<\/p><p><span style=\"color: #000000;\"><strong>Ehwa HONG<\/strong> \u00b7 <em>Le Labyrinthe de Thanatos<\/em><\/span><br \/><span style=\"color: #ff00ff;\">pour fl\u00fbte, saxophone, percussion, piano et \u00e9lectronique<\/span> <br \/>Nom de la pulsion de mort dans la th\u00e9orie freudienne, oppos\u00e9e \u00e0 Eros la pulsion de vie, Thanatos symbolise la destruction et le d\u00e9sir de retourner \u00e0 un \u00e9tat de paix originel. A travers divers contrastes composant constamment de nouvelles figures et images sonores, la pi\u00e8ce est une exploration artistique des instincts sombres, invitant \u00e0 l\u2019introspection sur soi-m\u00eame.<\/p><p><strong><span style=\"color: #000000;\">Luciana PERC<\/span><\/strong> \u00b7 <span style=\"color: #000000;\"><em>Virtual Galaxy Simulation<\/em><\/span><br \/><span style=\"color: #ff00ff;\">pour fl\u00fbte, saxophone, tuba, percussion, piano, \u00e9lectronique et vid\u00e9o<\/span><br \/>Cette pi\u00e8ce de chambre avec vid\u00e9o et \u00e9lectronique explore la sonification des donn\u00e9es cosmologiques, \u00e0 partir de la simulation graphique de formation des galaxies ASURA par Takayuki Saitoh et Takaaki Takeda. Travaillant \u00e0 partir des coordonn\u00e9es spatiales, et tra\u00e7ant des correspondances entre lumi\u00e8re, couleur et son, cette pi\u00e8ce propose de nouvelles fa\u00e7ons d&rsquo;imaginer et mat\u00e9rialiser les sons de l\u2019univers.<\/p><p><span style=\"color: #000000;\"><strong>Guilherme RIBEIRO<\/strong><\/span> \u00b7 <em><span style=\"color: #000000;\">Gir\u00e0<\/span><\/em><br \/><span style=\"color: #ff00ff;\">pour fl\u00fbte, saxophone, tuba, percussion, piano et \u00e9lectronique<\/span> <br \/>\u00ab\u00a0Nous sommes le d\u00e9but, le milieu et le d\u00e9but.\u00a0\u00bb (Nego Bispo). Con\u00e7ue \u00e0 partir de gestes sonores circulaires, \u00ab Gir\u00e1 \u00bb est une pi\u00e8ce qui \u00e9voque la circularit\u00e9 des cultures afro-br\u00e9siliennes manifest\u00e9e dans leur mode d&rsquo;organisation sociale, dans leur philosophie, leur spiritualit\u00e9 et leur art. Du cercle de capoeira et du cercle de samba au cercle d\u2019umbanda, le \u2018tourner\u2019 r\u00e8gne.<\/p><p><span style=\"color: #000000;\"><strong>Fernando STRASNOY<\/strong> \u00b7 <\/span><em><span style=\"color: #000000;\">elaborate fingers possibly touch<\/span><\/em><br \/><span style=\"color: #ff00ff;\">pour fl\u00fbte, saxophone, tuba, percussion, piano et \u00e9lectronique<\/span> <br \/>Cette \u0153uvre fait partie d&rsquo;un trin\u00f4me inspir\u00e9 par le po\u00e8me \u201cbut the other\u201d \u00e9crit par e.e. Cummings. Elle met en place un syst\u00e8me de dualit\u00e9s dans plusieurs param\u00e8tres du son, notamment dans le contraste et la porosit\u00e9 entre les champs acoustique et \u00e9lectronique. Le r\u00e9cit se base sur les \u00e9chos de la construction, de la d\u00e9construction et de la reconstruction des mat\u00e9riaux.<\/p>\t\t\t\t\t\t\t\t<\/div>\n\t\t\t\t<\/div>\n\t\t\t\t\t<\/div>\n\t\t<\/div>\n\t\t\t\t\t<\/div>\n\t\t<\/section>\n\t\t\t\t<\/div>\n\t\t","protected":false},"excerpt":{"rendered":"<p>De gauche \u00e0 droite : Henri Colombat, Ehwa Hong, Luciana Perc, Guilherme Ribeiro et Fernando Strasnoy, sont les cinq compositeurs et compositrices accompagn\u00e9s dans le &hellip;<\/p>\n","protected":false},"author":1,"featured_media":0,"parent":0,"menu_order":0,"comment_status":"closed","ping_status":"closed","template":"","meta":{"footnotes":""},"class_list":["post-1757","page","type-page","status-publish","hentry"],"yoast_head":"<!-- This site is optimized with the Yoast SEO plugin v27.3 - https:\/\/yoast.com\/product\/yoast-seo-wordpress\/ -->\n<title>Compositeur\u00b7trices Mixte &#8226; Acad\u00e9mie MIXTE<\/title>\n<meta name=\"robots\" content=\"index, follow, max-snippet:-1, max-image-preview:large, max-video-preview:-1\" \/>\n<link rel=\"canonical\" href=\"http:\/\/academiemixte.com\/fr_fr\/compositeurtrices-mixte\/\" \/>\n<meta property=\"og:locale\" content=\"fr_FR\" \/>\n<meta property=\"og:type\" content=\"article\" \/>\n<meta property=\"og:title\" content=\"Compositeur\u00b7trices Mixte &#8226; Acad\u00e9mie MIXTE\" \/>\n<meta property=\"og:description\" content=\"De gauche \u00e0 droite : Henri Colombat, Ehwa Hong, Luciana Perc, Guilherme Ribeiro et Fernando Strasnoy, sont les cinq compositeurs et compositrices accompagn\u00e9s dans le &hellip;\" \/>\n<meta property=\"og:url\" content=\"http:\/\/academiemixte.com\/fr_fr\/compositeurtrices-mixte\/\" \/>\n<meta property=\"og:site_name\" content=\"Acad\u00e9mie MIXTE\" \/>\n<meta property=\"article:publisher\" content=\"https:\/\/www.facebook.com\/MIXTEacademie\" \/>\n<meta property=\"article:modified_time\" content=\"2024-06-14T09:44:33+00:00\" \/>\n<meta name=\"twitter:card\" content=\"summary_large_image\" \/>\n<meta name=\"twitter:site\" content=\"@PcProxima\" \/>\n<meta name=\"twitter:label1\" content=\"Dur\u00e9e de lecture estim\u00e9e\" \/>\n\t<meta name=\"twitter:data1\" content=\"3 minutes\" \/>\n<script type=\"application\/ld+json\" class=\"yoast-schema-graph\">{\"@context\":\"https:\\\/\\\/schema.org\",\"@graph\":[{\"@type\":\"WebPage\",\"@id\":\"http:\\\/\\\/academiemixte.com\\\/fr_fr\\\/compositeurtrices-mixte\\\/\",\"url\":\"http:\\\/\\\/academiemixte.com\\\/fr_fr\\\/compositeurtrices-mixte\\\/\",\"name\":\"Compositeur\u00b7trices Mixte &#8226; Acad\u00e9mie MIXTE\",\"isPartOf\":{\"@id\":\"http:\\\/\\\/academiemixte.com\\\/#website\"},\"datePublished\":\"2024-06-14T09:35:12+00:00\",\"dateModified\":\"2024-06-14T09:44:33+00:00\",\"breadcrumb\":{\"@id\":\"http:\\\/\\\/academiemixte.com\\\/fr_fr\\\/compositeurtrices-mixte\\\/#breadcrumb\"},\"inLanguage\":\"fr-FR\",\"potentialAction\":[{\"@type\":\"ReadAction\",\"target\":[\"http:\\\/\\\/academiemixte.com\\\/fr_fr\\\/compositeurtrices-mixte\\\/\"]}]},{\"@type\":\"BreadcrumbList\",\"@id\":\"http:\\\/\\\/academiemixte.com\\\/fr_fr\\\/compositeurtrices-mixte\\\/#breadcrumb\",\"itemListElement\":[{\"@type\":\"ListItem\",\"position\":1,\"name\":\"Accueil\",\"item\":\"http:\\\/\\\/academiemixte.com\\\/\"},{\"@type\":\"ListItem\",\"position\":2,\"name\":\"Compositeur\u00b7trices Mixte\"}]},{\"@type\":\"WebSite\",\"@id\":\"http:\\\/\\\/academiemixte.com\\\/#website\",\"url\":\"http:\\\/\\\/academiemixte.com\\\/\",\"name\":\"Acad\u00e9mie MIXTE\",\"description\":\"Acad\u00e9mie internationale de cr\u00e9ation musicale\",\"publisher\":{\"@id\":\"http:\\\/\\\/academiemixte.com\\\/#organization\"},\"potentialAction\":[{\"@type\":\"SearchAction\",\"target\":{\"@type\":\"EntryPoint\",\"urlTemplate\":\"http:\\\/\\\/academiemixte.com\\\/?s={search_term_string}\"},\"query-input\":{\"@type\":\"PropertyValueSpecification\",\"valueRequired\":true,\"valueName\":\"search_term_string\"}}],\"inLanguage\":\"fr-FR\"},{\"@type\":\"Organization\",\"@id\":\"http:\\\/\\\/academiemixte.com\\\/#organization\",\"name\":\"Acad\u00e9mie MIXTE\",\"url\":\"http:\\\/\\\/academiemixte.com\\\/\",\"logo\":{\"@type\":\"ImageObject\",\"inLanguage\":\"fr-FR\",\"@id\":\"http:\\\/\\\/academiemixte.com\\\/#\\\/schema\\\/logo\\\/image\\\/\",\"url\":\"http:\\\/\\\/academiemixte.com\\\/wp-content\\\/uploads\\\/2022\\\/01\\\/LOGO-test1.jpg\",\"contentUrl\":\"http:\\\/\\\/academiemixte.com\\\/wp-content\\\/uploads\\\/2022\\\/01\\\/LOGO-test1.jpg\",\"width\":270,\"height\":341,\"caption\":\"Acad\u00e9mie MIXTE\"},\"image\":{\"@id\":\"http:\\\/\\\/academiemixte.com\\\/#\\\/schema\\\/logo\\\/image\\\/\"},\"sameAs\":[\"https:\\\/\\\/www.facebook.com\\\/MIXTEacademie\",\"https:\\\/\\\/x.com\\\/PcProxima\",\"https:\\\/\\\/www.instagram.com\\\/proximacentauribdx\\\/\",\"https:\\\/\\\/www.linkedin.com\\\/in\\\/proximacentauri\\\/\",\"https:\\\/\\\/www.youtube.com\\\/c\\\/proximacentaurimusique\"]}]}<\/script>\n<!-- \/ Yoast SEO plugin. -->","yoast_head_json":{"title":"Compositeur\u00b7trices Mixte &#8226; Acad\u00e9mie MIXTE","robots":{"index":"index","follow":"follow","max-snippet":"max-snippet:-1","max-image-preview":"max-image-preview:large","max-video-preview":"max-video-preview:-1"},"canonical":"http:\/\/academiemixte.com\/fr_fr\/compositeurtrices-mixte\/","og_locale":"fr_FR","og_type":"article","og_title":"Compositeur\u00b7trices Mixte &#8226; Acad\u00e9mie MIXTE","og_description":"De gauche \u00e0 droite : Henri Colombat, Ehwa Hong, Luciana Perc, Guilherme Ribeiro et Fernando Strasnoy, sont les cinq compositeurs et compositrices accompagn\u00e9s dans le &hellip;","og_url":"http:\/\/academiemixte.com\/fr_fr\/compositeurtrices-mixte\/","og_site_name":"Acad\u00e9mie MIXTE","article_publisher":"https:\/\/www.facebook.com\/MIXTEacademie","article_modified_time":"2024-06-14T09:44:33+00:00","twitter_card":"summary_large_image","twitter_site":"@PcProxima","twitter_misc":{"Dur\u00e9e de lecture estim\u00e9e":"3 minutes"},"schema":{"@context":"https:\/\/schema.org","@graph":[{"@type":"WebPage","@id":"http:\/\/academiemixte.com\/fr_fr\/compositeurtrices-mixte\/","url":"http:\/\/academiemixte.com\/fr_fr\/compositeurtrices-mixte\/","name":"Compositeur\u00b7trices Mixte &#8226; Acad\u00e9mie MIXTE","isPartOf":{"@id":"http:\/\/academiemixte.com\/#website"},"datePublished":"2024-06-14T09:35:12+00:00","dateModified":"2024-06-14T09:44:33+00:00","breadcrumb":{"@id":"http:\/\/academiemixte.com\/fr_fr\/compositeurtrices-mixte\/#breadcrumb"},"inLanguage":"fr-FR","potentialAction":[{"@type":"ReadAction","target":["http:\/\/academiemixte.com\/fr_fr\/compositeurtrices-mixte\/"]}]},{"@type":"BreadcrumbList","@id":"http:\/\/academiemixte.com\/fr_fr\/compositeurtrices-mixte\/#breadcrumb","itemListElement":[{"@type":"ListItem","position":1,"name":"Accueil","item":"http:\/\/academiemixte.com\/"},{"@type":"ListItem","position":2,"name":"Compositeur\u00b7trices Mixte"}]},{"@type":"WebSite","@id":"http:\/\/academiemixte.com\/#website","url":"http:\/\/academiemixte.com\/","name":"Acad\u00e9mie MIXTE","description":"Acad\u00e9mie internationale de cr\u00e9ation musicale","publisher":{"@id":"http:\/\/academiemixte.com\/#organization"},"potentialAction":[{"@type":"SearchAction","target":{"@type":"EntryPoint","urlTemplate":"http:\/\/academiemixte.com\/?s={search_term_string}"},"query-input":{"@type":"PropertyValueSpecification","valueRequired":true,"valueName":"search_term_string"}}],"inLanguage":"fr-FR"},{"@type":"Organization","@id":"http:\/\/academiemixte.com\/#organization","name":"Acad\u00e9mie MIXTE","url":"http:\/\/academiemixte.com\/","logo":{"@type":"ImageObject","inLanguage":"fr-FR","@id":"http:\/\/academiemixte.com\/#\/schema\/logo\/image\/","url":"http:\/\/academiemixte.com\/wp-content\/uploads\/2022\/01\/LOGO-test1.jpg","contentUrl":"http:\/\/academiemixte.com\/wp-content\/uploads\/2022\/01\/LOGO-test1.jpg","width":270,"height":341,"caption":"Acad\u00e9mie MIXTE"},"image":{"@id":"http:\/\/academiemixte.com\/#\/schema\/logo\/image\/"},"sameAs":["https:\/\/www.facebook.com\/MIXTEacademie","https:\/\/x.com\/PcProxima","https:\/\/www.instagram.com\/proximacentauribdx\/","https:\/\/www.linkedin.com\/in\/proximacentauri\/","https:\/\/www.youtube.com\/c\/proximacentaurimusique"]}]}},"_links":{"self":[{"href":"http:\/\/academiemixte.com\/fr_fr\/wp-json\/wp\/v2\/pages\/1757","targetHints":{"allow":["GET"]}}],"collection":[{"href":"http:\/\/academiemixte.com\/fr_fr\/wp-json\/wp\/v2\/pages"}],"about":[{"href":"http:\/\/academiemixte.com\/fr_fr\/wp-json\/wp\/v2\/types\/page"}],"author":[{"embeddable":true,"href":"http:\/\/academiemixte.com\/fr_fr\/wp-json\/wp\/v2\/users\/1"}],"replies":[{"embeddable":true,"href":"http:\/\/academiemixte.com\/fr_fr\/wp-json\/wp\/v2\/comments?post=1757"}],"version-history":[{"count":4,"href":"http:\/\/academiemixte.com\/fr_fr\/wp-json\/wp\/v2\/pages\/1757\/revisions"}],"predecessor-version":[{"id":1762,"href":"http:\/\/academiemixte.com\/fr_fr\/wp-json\/wp\/v2\/pages\/1757\/revisions\/1762"}],"wp:attachment":[{"href":"http:\/\/academiemixte.com\/fr_fr\/wp-json\/wp\/v2\/media?parent=1757"}],"curies":[{"name":"wp","href":"https:\/\/api.w.org\/{rel}","templated":true}]}}