{"id":1916,"date":"2024-06-18T10:03:32","date_gmt":"2024-06-18T10:03:32","guid":{"rendered":"http:\/\/academiemixte.com\/?page_id=1916"},"modified":"2024-06-18T10:30:52","modified_gmt":"2024-06-18T10:30:52","slug":"mer-10-07-concert-de-lacademie","status":"publish","type":"page","link":"http:\/\/academiemixte.com\/fr_fr\/mer-10-07-concert-de-lacademie\/","title":{"rendered":"Mer. 10\/07 : concert de l\u2019Acad\u00e9mie"},"content":{"rendered":"\t\t<div data-elementor-type=\"wp-page\" data-elementor-id=\"1916\" class=\"elementor elementor-1916\">\n\t\t\t\t\t\t<section class=\"elementor-section elementor-top-section elementor-element elementor-element-49b4076 elementor-section-boxed elementor-section-height-default elementor-section-height-default\" data-id=\"49b4076\" data-element_type=\"section\" data-e-type=\"section\">\n\t\t\t\t\t\t<div class=\"elementor-container elementor-column-gap-default\">\n\t\t\t\t\t<div class=\"elementor-column elementor-col-100 elementor-top-column elementor-element elementor-element-c906338\" data-id=\"c906338\" data-element_type=\"column\" data-e-type=\"column\">\n\t\t\t<div class=\"elementor-widget-wrap elementor-element-populated\">\n\t\t\t\t\t\t<div class=\"elementor-element elementor-element-271228b elementor-widget elementor-widget-text-editor\" data-id=\"271228b\" data-element_type=\"widget\" data-e-type=\"widget\" data-widget_type=\"text-editor.default\">\n\t\t\t\t<div class=\"elementor-widget-container\">\n\t\t\t\t\t\t\t\t\t<div class=\"elementor-element elementor-element-a2047e6 elementor-widget elementor-widget-text-editor\" data-id=\"a2047e6\" data-element_type=\"widget\" data-widget_type=\"text-editor.default\"><div class=\"elementor-widget-container\"><h1><span style=\"color: #000000;\">Concert de l\u2019Acad\u00e9mie<\/span><\/h1><\/div><\/div>\t\t\t\t\t\t\t\t<\/div>\n\t\t\t\t<\/div>\n\t\t\t\t<div class=\"elementor-element elementor-element-4a6177f elementor-widget elementor-widget-text-editor\" data-id=\"4a6177f\" data-element_type=\"widget\" data-e-type=\"widget\" data-widget_type=\"text-editor.default\">\n\t\t\t\t<div class=\"elementor-widget-container\">\n\t\t\t\t\t\t\t\t\t<h5>Les stagiaires exp\u00e9rimentent \u00e0 la m\u00e9diath\u00e8que !<\/h5>\t\t\t\t\t\t\t\t<\/div>\n\t\t\t\t<\/div>\n\t\t\t\t<div class=\"elementor-element elementor-element-d51ec34 elementor-widget elementor-widget-text-editor\" data-id=\"d51ec34\" data-element_type=\"widget\" data-e-type=\"widget\" data-widget_type=\"text-editor.default\">\n\t\t\t\t<div class=\"elementor-widget-container\">\n\t\t\t\t\t\t\t\t\t<p><strong><span style=\"color: #000000;\">Musiciennes et musiciens stagiaires et \u00e9l\u00e8ves de l&rsquo;acad\u00e9mie se retrouvent pour un temps de partage musical.<\/span><\/strong><\/p>\t\t\t\t\t\t\t\t<\/div>\n\t\t\t\t<\/div>\n\t\t\t\t<div class=\"elementor-element elementor-element-6aa2eae elementor-widget elementor-widget-text-editor\" data-id=\"6aa2eae\" data-element_type=\"widget\" data-e-type=\"widget\" data-widget_type=\"text-editor.default\">\n\t\t\t\t<div class=\"elementor-widget-container\">\n\t\t\t\t\t\t\t\t\t<p><span style=\"color: #000000;\"><strong>Mercredi 10 juillet \u00e0 17h30, acc\u00e8s libre<br \/>M\u00e9diath\u00e8que Intercommunale Andr\u00e9-Labarr\u00e8re (patio)<\/strong><\/span><\/p>\t\t\t\t\t\t\t\t<\/div>\n\t\t\t\t<\/div>\n\t\t\t\t\t<\/div>\n\t\t<\/div>\n\t\t\t\t\t<\/div>\n\t\t<\/section>\n\t\t\t\t<section class=\"elementor-section elementor-top-section elementor-element elementor-element-25de54e elementor-section-boxed elementor-section-height-default elementor-section-height-default\" data-id=\"25de54e\" data-element_type=\"section\" data-e-type=\"section\">\n\t\t\t\t\t\t<div class=\"elementor-container elementor-column-gap-default\">\n\t\t\t\t\t<div class=\"elementor-column elementor-col-100 elementor-top-column elementor-element elementor-element-79e4fdc\" data-id=\"79e4fdc\" data-element_type=\"column\" data-e-type=\"column\">\n\t\t\t<div class=\"elementor-widget-wrap elementor-element-populated\">\n\t\t\t\t\t\t\t<\/div>\n\t\t<\/div>\n\t\t\t\t\t<\/div>\n\t\t<\/section>\n\t\t\t\t<section class=\"elementor-section elementor-top-section elementor-element elementor-element-108bb20 elementor-section-boxed elementor-section-height-default elementor-section-height-default\" data-id=\"108bb20\" data-element_type=\"section\" data-e-type=\"section\">\n\t\t\t\t\t\t<div class=\"elementor-container elementor-column-gap-default\">\n\t\t\t\t\t<div class=\"elementor-column elementor-col-100 elementor-top-column elementor-element elementor-element-e4f29ec\" data-id=\"e4f29ec\" data-element_type=\"column\" data-e-type=\"column\">\n\t\t\t<div class=\"elementor-widget-wrap elementor-element-populated\">\n\t\t\t\t\t\t<div class=\"elementor-element elementor-element-8823baf elementor-widget elementor-widget-image\" data-id=\"8823baf\" data-element_type=\"widget\" data-e-type=\"widget\" data-widget_type=\"image.default\">\n\t\t\t\t<div class=\"elementor-widget-container\">\n\t\t\t\t\t\t\t\t\t\t\t\t\t\t\t<img fetchpriority=\"high\" decoding=\"async\" width=\"768\" height=\"512\" src=\"http:\/\/academiemixte.com\/wp-content\/uploads\/2024\/06\/IMG_2645-768x512.jpg\" class=\"attachment-medium_large size-medium_large wp-image-1930\" alt=\"\" srcset=\"http:\/\/academiemixte.com\/wp-content\/uploads\/2024\/06\/IMG_2645-768x512.jpg 768w, http:\/\/academiemixte.com\/wp-content\/uploads\/2024\/06\/IMG_2645-300x200.jpg 300w, http:\/\/academiemixte.com\/wp-content\/uploads\/2024\/06\/IMG_2645-1024x683.jpg 1024w, http:\/\/academiemixte.com\/wp-content\/uploads\/2024\/06\/IMG_2645-1536x1024.jpg 1536w, http:\/\/academiemixte.com\/wp-content\/uploads\/2024\/06\/IMG_2645-2048x1365.jpg 2048w, http:\/\/academiemixte.com\/wp-content\/uploads\/2024\/06\/IMG_2645-18x12.jpg 18w, http:\/\/academiemixte.com\/wp-content\/uploads\/2024\/06\/IMG_2645-450x300.jpg 450w\" sizes=\"(max-width: 768px) 100vw, 768px\" \/>\t\t\t\t\t\t\t\t\t\t\t\t\t\t\t<\/div>\n\t\t\t\t<\/div>\n\t\t\t\t\t<\/div>\n\t\t<\/div>\n\t\t\t\t\t<\/div>\n\t\t<\/section>\n\t\t\t\t<section class=\"elementor-section elementor-top-section elementor-element elementor-element-c206677 elementor-section-boxed elementor-section-height-default elementor-section-height-default\" data-id=\"c206677\" data-element_type=\"section\" data-e-type=\"section\">\n\t\t\t\t\t\t<div class=\"elementor-container elementor-column-gap-default\">\n\t\t\t\t\t<div class=\"elementor-column elementor-col-100 elementor-top-column elementor-element elementor-element-c83e9a2\" data-id=\"c83e9a2\" data-element_type=\"column\" data-e-type=\"column\">\n\t\t\t<div class=\"elementor-widget-wrap elementor-element-populated\">\n\t\t\t\t\t\t<div class=\"elementor-element elementor-element-f87a0b6 elementor-widget elementor-widget-text-editor\" data-id=\"f87a0b6\" data-element_type=\"widget\" data-e-type=\"widget\" data-widget_type=\"text-editor.default\">\n\t\t\t\t<div class=\"elementor-widget-container\">\n\t\t\t\t\t\t\t\t\t<p>Avant le concert final de restitution du jeudi, les stagiaires de l&rsquo;Acad\u00e9mie MIXTE investissent le patio de la M\u00e9diath\u00e8que Intercommunale Andr\u00e9-Labarr\u00e8re pour un temps de partage musical.<\/p><p>Rejoints par les compositeur\u00b7trices laur\u00e9at\u00b7es et les \u00e9l\u00e8ves des ateliers d\u00e9couverte, ce \u00ab\u00a0concert de l&rsquo;acad\u00e9mie\u00a0\u00bb propose des exp\u00e9rimentations sur le vif, donnant toute sa place \u00e0 l&rsquo;improvisation.<\/p>\t\t\t\t\t\t\t\t<\/div>\n\t\t\t\t<\/div>\n\t\t\t\t\t<\/div>\n\t\t<\/div>\n\t\t\t\t\t<\/div>\n\t\t<\/section>\n\t\t\t\t<section class=\"elementor-section elementor-top-section elementor-element elementor-element-1f5ae78 elementor-section-boxed elementor-section-height-default elementor-section-height-default\" data-id=\"1f5ae78\" data-element_type=\"section\" data-e-type=\"section\">\n\t\t\t\t\t\t<div class=\"elementor-container elementor-column-gap-default\">\n\t\t\t\t\t<div class=\"elementor-column elementor-col-100 elementor-top-column elementor-element elementor-element-183172b\" data-id=\"183172b\" data-element_type=\"column\" data-e-type=\"column\">\n\t\t\t<div class=\"elementor-widget-wrap elementor-element-populated\">\n\t\t\t\t\t\t<div class=\"elementor-element elementor-element-ea384e5 elementor-widget-divider--view-line elementor-widget elementor-widget-divider\" data-id=\"ea384e5\" data-element_type=\"widget\" data-e-type=\"widget\" data-widget_type=\"divider.default\">\n\t\t\t\t<div class=\"elementor-widget-container\">\n\t\t\t\t\t\t\t<div class=\"elementor-divider\">\n\t\t\t<span class=\"elementor-divider-separator\">\n\t\t\t\t\t\t<\/span>\n\t\t<\/div>\n\t\t\t\t\t\t<\/div>\n\t\t\t\t<\/div>\n\t\t\t\t<div class=\"elementor-element elementor-element-b02c823 elementor-widget elementor-widget-text-editor\" data-id=\"b02c823\" data-element_type=\"widget\" data-e-type=\"widget\" data-widget_type=\"text-editor.default\">\n\t\t\t\t<div class=\"elementor-widget-container\">\n\t\t\t\t\t\t\t\t\t<div class=\"elementor-element elementor-element-471e20e elementor-widget elementor-widget-text-editor\" data-id=\"471e20e\" data-element_type=\"widget\" data-widget_type=\"text-editor.default\"><div class=\"elementor-widget-container\"><p>INFORMATIONS PRATIQUES <\/p><p>Concert gratuit, en acc\u00e8s libre.<\/p><\/div><\/div><div class=\"elementor-element elementor-element-f702b2d elementor-widget elementor-widget-text-editor\" data-id=\"f702b2d\" data-element_type=\"widget\" data-widget_type=\"text-editor.default\"><div class=\"elementor-widget-container\"><p><strong>Adresses :<\/strong><br \/>\u2022 M\u00e9diath\u00e8que Andr\u00e9-Labarr\u00e8re (MIAL), Place Marguerite Laborde 64000 Pau<\/p><p><strong>Informations\u00a0 :<\/strong><br \/>Proxima Centauri \u2022 05 57 95 71 52 \u2013 06 98 16 05 67 \u2022 proximacentauri@proximacentauri.fr<\/p><\/div><\/div>\t\t\t\t\t\t\t\t<\/div>\n\t\t\t\t<\/div>\n\t\t\t\t\t<\/div>\n\t\t<\/div>\n\t\t\t\t\t<\/div>\n\t\t<\/section>\n\t\t\t\t<\/div>\n\t\t","protected":false},"excerpt":{"rendered":"<p>Concert de l\u2019Acad\u00e9mie Les stagiaires exp\u00e9rimentent \u00e0 la m\u00e9diath\u00e8que ! Musiciennes et musiciens stagiaires et \u00e9l\u00e8ves de l&rsquo;acad\u00e9mie se retrouvent pour un temps de partage &hellip;<\/p>\n","protected":false},"author":1,"featured_media":0,"parent":0,"menu_order":0,"comment_status":"closed","ping_status":"closed","template":"","meta":{"footnotes":""},"class_list":["post-1916","page","type-page","status-publish","hentry"],"yoast_head":"<!-- This site is optimized with the Yoast SEO plugin v27.3 - https:\/\/yoast.com\/product\/yoast-seo-wordpress\/ -->\n<title>Mer. 10\/07 : concert de l\u2019Acad\u00e9mie &#8226; Acad\u00e9mie MIXTE<\/title>\n<meta name=\"robots\" content=\"index, follow, max-snippet:-1, max-image-preview:large, max-video-preview:-1\" \/>\n<link rel=\"canonical\" href=\"http:\/\/academiemixte.com\/fr_fr\/mer-10-07-concert-de-lacademie\/\" \/>\n<meta property=\"og:locale\" content=\"fr_FR\" \/>\n<meta property=\"og:type\" content=\"article\" \/>\n<meta property=\"og:title\" content=\"Mer. 10\/07 : concert de l\u2019Acad\u00e9mie &#8226; Acad\u00e9mie MIXTE\" \/>\n<meta property=\"og:description\" content=\"Concert de l\u2019Acad\u00e9mie Les stagiaires exp\u00e9rimentent \u00e0 la m\u00e9diath\u00e8que ! Musiciennes et musiciens stagiaires et \u00e9l\u00e8ves de l&rsquo;acad\u00e9mie se retrouvent pour un temps de partage &hellip;\" \/>\n<meta property=\"og:url\" content=\"http:\/\/academiemixte.com\/fr_fr\/mer-10-07-concert-de-lacademie\/\" \/>\n<meta property=\"og:site_name\" content=\"Acad\u00e9mie MIXTE\" \/>\n<meta property=\"article:publisher\" content=\"https:\/\/www.facebook.com\/MIXTEacademie\" \/>\n<meta property=\"article:modified_time\" content=\"2024-06-18T10:30:52+00:00\" \/>\n<meta property=\"og:image\" content=\"http:\/\/academiemixte.com\/wp-content\/uploads\/2024\/06\/IMG_2645-768x512.jpg\" \/>\n<meta name=\"twitter:card\" content=\"summary_large_image\" \/>\n<meta name=\"twitter:site\" content=\"@PcProxima\" \/>\n<meta name=\"twitter:label1\" content=\"Dur\u00e9e de lecture estim\u00e9e\" \/>\n\t<meta name=\"twitter:data1\" content=\"2 minutes\" \/>\n<script type=\"application\/ld+json\" class=\"yoast-schema-graph\">{\"@context\":\"https:\\\/\\\/schema.org\",\"@graph\":[{\"@type\":\"WebPage\",\"@id\":\"http:\\\/\\\/academiemixte.com\\\/fr_fr\\\/mer-10-07-concert-de-lacademie\\\/\",\"url\":\"http:\\\/\\\/academiemixte.com\\\/fr_fr\\\/mer-10-07-concert-de-lacademie\\\/\",\"name\":\"Mer. 10\\\/07 : concert de l\u2019Acad\u00e9mie &#8226; Acad\u00e9mie MIXTE\",\"isPartOf\":{\"@id\":\"http:\\\/\\\/academiemixte.com\\\/#website\"},\"primaryImageOfPage\":{\"@id\":\"http:\\\/\\\/academiemixte.com\\\/fr_fr\\\/mer-10-07-concert-de-lacademie\\\/#primaryimage\"},\"image\":{\"@id\":\"http:\\\/\\\/academiemixte.com\\\/fr_fr\\\/mer-10-07-concert-de-lacademie\\\/#primaryimage\"},\"thumbnailUrl\":\"http:\\\/\\\/academiemixte.com\\\/wp-content\\\/uploads\\\/2024\\\/06\\\/IMG_2645-768x512.jpg\",\"datePublished\":\"2024-06-18T10:03:32+00:00\",\"dateModified\":\"2024-06-18T10:30:52+00:00\",\"breadcrumb\":{\"@id\":\"http:\\\/\\\/academiemixte.com\\\/fr_fr\\\/mer-10-07-concert-de-lacademie\\\/#breadcrumb\"},\"inLanguage\":\"fr-FR\",\"potentialAction\":[{\"@type\":\"ReadAction\",\"target\":[\"http:\\\/\\\/academiemixte.com\\\/fr_fr\\\/mer-10-07-concert-de-lacademie\\\/\"]}]},{\"@type\":\"ImageObject\",\"inLanguage\":\"fr-FR\",\"@id\":\"http:\\\/\\\/academiemixte.com\\\/fr_fr\\\/mer-10-07-concert-de-lacademie\\\/#primaryimage\",\"url\":\"http:\\\/\\\/academiemixte.com\\\/wp-content\\\/uploads\\\/2024\\\/06\\\/IMG_2645-768x512.jpg\",\"contentUrl\":\"http:\\\/\\\/academiemixte.com\\\/wp-content\\\/uploads\\\/2024\\\/06\\\/IMG_2645-768x512.jpg\"},{\"@type\":\"BreadcrumbList\",\"@id\":\"http:\\\/\\\/academiemixte.com\\\/fr_fr\\\/mer-10-07-concert-de-lacademie\\\/#breadcrumb\",\"itemListElement\":[{\"@type\":\"ListItem\",\"position\":1,\"name\":\"Accueil\",\"item\":\"http:\\\/\\\/academiemixte.com\\\/\"},{\"@type\":\"ListItem\",\"position\":2,\"name\":\"Mer. 10\\\/07 : concert de l\u2019Acad\u00e9mie\"}]},{\"@type\":\"WebSite\",\"@id\":\"http:\\\/\\\/academiemixte.com\\\/#website\",\"url\":\"http:\\\/\\\/academiemixte.com\\\/\",\"name\":\"Acad\u00e9mie MIXTE\",\"description\":\"Acad\u00e9mie internationale de cr\u00e9ation musicale\",\"publisher\":{\"@id\":\"http:\\\/\\\/academiemixte.com\\\/#organization\"},\"potentialAction\":[{\"@type\":\"SearchAction\",\"target\":{\"@type\":\"EntryPoint\",\"urlTemplate\":\"http:\\\/\\\/academiemixte.com\\\/?s={search_term_string}\"},\"query-input\":{\"@type\":\"PropertyValueSpecification\",\"valueRequired\":true,\"valueName\":\"search_term_string\"}}],\"inLanguage\":\"fr-FR\"},{\"@type\":\"Organization\",\"@id\":\"http:\\\/\\\/academiemixte.com\\\/#organization\",\"name\":\"Acad\u00e9mie MIXTE\",\"url\":\"http:\\\/\\\/academiemixte.com\\\/\",\"logo\":{\"@type\":\"ImageObject\",\"inLanguage\":\"fr-FR\",\"@id\":\"http:\\\/\\\/academiemixte.com\\\/#\\\/schema\\\/logo\\\/image\\\/\",\"url\":\"http:\\\/\\\/academiemixte.com\\\/wp-content\\\/uploads\\\/2022\\\/01\\\/LOGO-test1.jpg\",\"contentUrl\":\"http:\\\/\\\/academiemixte.com\\\/wp-content\\\/uploads\\\/2022\\\/01\\\/LOGO-test1.jpg\",\"width\":270,\"height\":341,\"caption\":\"Acad\u00e9mie MIXTE\"},\"image\":{\"@id\":\"http:\\\/\\\/academiemixte.com\\\/#\\\/schema\\\/logo\\\/image\\\/\"},\"sameAs\":[\"https:\\\/\\\/www.facebook.com\\\/MIXTEacademie\",\"https:\\\/\\\/x.com\\\/PcProxima\",\"https:\\\/\\\/www.instagram.com\\\/proximacentauribdx\\\/\",\"https:\\\/\\\/www.linkedin.com\\\/in\\\/proximacentauri\\\/\",\"https:\\\/\\\/www.youtube.com\\\/c\\\/proximacentaurimusique\"]}]}<\/script>\n<!-- \/ Yoast SEO plugin. -->","yoast_head_json":{"title":"Mer. 10\/07 : concert de l\u2019Acad\u00e9mie &#8226; Acad\u00e9mie MIXTE","robots":{"index":"index","follow":"follow","max-snippet":"max-snippet:-1","max-image-preview":"max-image-preview:large","max-video-preview":"max-video-preview:-1"},"canonical":"http:\/\/academiemixte.com\/fr_fr\/mer-10-07-concert-de-lacademie\/","og_locale":"fr_FR","og_type":"article","og_title":"Mer. 10\/07 : concert de l\u2019Acad\u00e9mie &#8226; Acad\u00e9mie MIXTE","og_description":"Concert de l\u2019Acad\u00e9mie Les stagiaires exp\u00e9rimentent \u00e0 la m\u00e9diath\u00e8que ! Musiciennes et musiciens stagiaires et \u00e9l\u00e8ves de l&rsquo;acad\u00e9mie se retrouvent pour un temps de partage &hellip;","og_url":"http:\/\/academiemixte.com\/fr_fr\/mer-10-07-concert-de-lacademie\/","og_site_name":"Acad\u00e9mie MIXTE","article_publisher":"https:\/\/www.facebook.com\/MIXTEacademie","article_modified_time":"2024-06-18T10:30:52+00:00","og_image":[{"url":"http:\/\/academiemixte.com\/wp-content\/uploads\/2024\/06\/IMG_2645-768x512.jpg","type":"","width":"","height":""}],"twitter_card":"summary_large_image","twitter_site":"@PcProxima","twitter_misc":{"Dur\u00e9e de lecture estim\u00e9e":"2 minutes"},"schema":{"@context":"https:\/\/schema.org","@graph":[{"@type":"WebPage","@id":"http:\/\/academiemixte.com\/fr_fr\/mer-10-07-concert-de-lacademie\/","url":"http:\/\/academiemixte.com\/fr_fr\/mer-10-07-concert-de-lacademie\/","name":"Mer. 10\/07 : concert de l\u2019Acad\u00e9mie &#8226; Acad\u00e9mie MIXTE","isPartOf":{"@id":"http:\/\/academiemixte.com\/#website"},"primaryImageOfPage":{"@id":"http:\/\/academiemixte.com\/fr_fr\/mer-10-07-concert-de-lacademie\/#primaryimage"},"image":{"@id":"http:\/\/academiemixte.com\/fr_fr\/mer-10-07-concert-de-lacademie\/#primaryimage"},"thumbnailUrl":"http:\/\/academiemixte.com\/wp-content\/uploads\/2024\/06\/IMG_2645-768x512.jpg","datePublished":"2024-06-18T10:03:32+00:00","dateModified":"2024-06-18T10:30:52+00:00","breadcrumb":{"@id":"http:\/\/academiemixte.com\/fr_fr\/mer-10-07-concert-de-lacademie\/#breadcrumb"},"inLanguage":"fr-FR","potentialAction":[{"@type":"ReadAction","target":["http:\/\/academiemixte.com\/fr_fr\/mer-10-07-concert-de-lacademie\/"]}]},{"@type":"ImageObject","inLanguage":"fr-FR","@id":"http:\/\/academiemixte.com\/fr_fr\/mer-10-07-concert-de-lacademie\/#primaryimage","url":"http:\/\/academiemixte.com\/wp-content\/uploads\/2024\/06\/IMG_2645-768x512.jpg","contentUrl":"http:\/\/academiemixte.com\/wp-content\/uploads\/2024\/06\/IMG_2645-768x512.jpg"},{"@type":"BreadcrumbList","@id":"http:\/\/academiemixte.com\/fr_fr\/mer-10-07-concert-de-lacademie\/#breadcrumb","itemListElement":[{"@type":"ListItem","position":1,"name":"Accueil","item":"http:\/\/academiemixte.com\/"},{"@type":"ListItem","position":2,"name":"Mer. 10\/07 : concert de l\u2019Acad\u00e9mie"}]},{"@type":"WebSite","@id":"http:\/\/academiemixte.com\/#website","url":"http:\/\/academiemixte.com\/","name":"Acad\u00e9mie MIXTE","description":"Acad\u00e9mie internationale de cr\u00e9ation musicale","publisher":{"@id":"http:\/\/academiemixte.com\/#organization"},"potentialAction":[{"@type":"SearchAction","target":{"@type":"EntryPoint","urlTemplate":"http:\/\/academiemixte.com\/?s={search_term_string}"},"query-input":{"@type":"PropertyValueSpecification","valueRequired":true,"valueName":"search_term_string"}}],"inLanguage":"fr-FR"},{"@type":"Organization","@id":"http:\/\/academiemixte.com\/#organization","name":"Acad\u00e9mie MIXTE","url":"http:\/\/academiemixte.com\/","logo":{"@type":"ImageObject","inLanguage":"fr-FR","@id":"http:\/\/academiemixte.com\/#\/schema\/logo\/image\/","url":"http:\/\/academiemixte.com\/wp-content\/uploads\/2022\/01\/LOGO-test1.jpg","contentUrl":"http:\/\/academiemixte.com\/wp-content\/uploads\/2022\/01\/LOGO-test1.jpg","width":270,"height":341,"caption":"Acad\u00e9mie MIXTE"},"image":{"@id":"http:\/\/academiemixte.com\/#\/schema\/logo\/image\/"},"sameAs":["https:\/\/www.facebook.com\/MIXTEacademie","https:\/\/x.com\/PcProxima","https:\/\/www.instagram.com\/proximacentauribdx\/","https:\/\/www.linkedin.com\/in\/proximacentauri\/","https:\/\/www.youtube.com\/c\/proximacentaurimusique"]}]}},"_links":{"self":[{"href":"http:\/\/academiemixte.com\/fr_fr\/wp-json\/wp\/v2\/pages\/1916","targetHints":{"allow":["GET"]}}],"collection":[{"href":"http:\/\/academiemixte.com\/fr_fr\/wp-json\/wp\/v2\/pages"}],"about":[{"href":"http:\/\/academiemixte.com\/fr_fr\/wp-json\/wp\/v2\/types\/page"}],"author":[{"embeddable":true,"href":"http:\/\/academiemixte.com\/fr_fr\/wp-json\/wp\/v2\/users\/1"}],"replies":[{"embeddable":true,"href":"http:\/\/academiemixte.com\/fr_fr\/wp-json\/wp\/v2\/comments?post=1916"}],"version-history":[{"count":22,"href":"http:\/\/academiemixte.com\/fr_fr\/wp-json\/wp\/v2\/pages\/1916\/revisions"}],"predecessor-version":[{"id":1940,"href":"http:\/\/academiemixte.com\/fr_fr\/wp-json\/wp\/v2\/pages\/1916\/revisions\/1940"}],"wp:attachment":[{"href":"http:\/\/academiemixte.com\/fr_fr\/wp-json\/wp\/v2\/media?parent=1916"}],"curies":[{"name":"wp","href":"https:\/\/api.w.org\/{rel}","templated":true}]}}