{"id":1942,"date":"2024-06-18T10:34:39","date_gmt":"2024-06-18T10:34:39","guid":{"rendered":"http:\/\/academiemixte.com\/?page_id=1942"},"modified":"2024-07-07T08:40:49","modified_gmt":"2024-07-07T08:40:49","slug":"concert-de-restitution-des-stagiaires","status":"publish","type":"page","link":"http:\/\/academiemixte.com\/fr_fr\/concert-de-restitution-des-stagiaires\/","title":{"rendered":"Jeu. 11\/07 : concert de restitution des stagiaires"},"content":{"rendered":"\t\t<div data-elementor-type=\"wp-page\" data-elementor-id=\"1942\" class=\"elementor elementor-1942\">\n\t\t\t\t\t\t<section class=\"elementor-section elementor-top-section elementor-element elementor-element-960ed56 elementor-section-boxed elementor-section-height-default elementor-section-height-default\" data-id=\"960ed56\" data-element_type=\"section\" data-e-type=\"section\">\n\t\t\t\t\t\t<div class=\"elementor-container elementor-column-gap-default\">\n\t\t\t\t\t<div class=\"elementor-column elementor-col-100 elementor-top-column elementor-element elementor-element-5cd90fd\" data-id=\"5cd90fd\" data-element_type=\"column\" data-e-type=\"column\">\n\t\t\t<div class=\"elementor-widget-wrap elementor-element-populated\">\n\t\t\t\t\t\t<div class=\"elementor-element elementor-element-7dc8040 elementor-widget elementor-widget-text-editor\" data-id=\"7dc8040\" data-element_type=\"widget\" data-e-type=\"widget\" data-widget_type=\"text-editor.default\">\n\t\t\t\t<div class=\"elementor-widget-container\">\n\t\t\t\t\t\t\t\t\t<h1>Concert des stagiaires<\/h1>\t\t\t\t\t\t\t\t<\/div>\n\t\t\t\t<\/div>\n\t\t\t\t<div class=\"elementor-element elementor-element-4b0e2d6 elementor-widget elementor-widget-text-editor\" data-id=\"4b0e2d6\" data-element_type=\"widget\" data-e-type=\"widget\" data-widget_type=\"text-editor.default\">\n\t\t\t\t<div class=\"elementor-widget-container\">\n\t\t\t\t\t\t\t\t\t<h5>Restitution d&rsquo;une semaine d&rsquo;effervescence !<\/h5>\t\t\t\t\t\t\t\t<\/div>\n\t\t\t\t<\/div>\n\t\t\t\t<div class=\"elementor-element elementor-element-ea323ea elementor-widget elementor-widget-text-editor\" data-id=\"ea323ea\" data-element_type=\"widget\" data-e-type=\"widget\" data-widget_type=\"text-editor.default\">\n\t\t\t\t<div class=\"elementor-widget-container\">\n\t\t\t\t\t\t\t\t\t<p><strong><span style=\"color: #000000;\">Sur sc\u00e8ne, les musiciennes et musiciens de l&rsquo;Acad\u00e9mie pr\u00e9sentent les r\u00e9sultats d&rsquo;une semaine de travail autour de pi\u00e8ces musicales contemporaines<\/span><\/strong><\/p>\t\t\t\t\t\t\t\t<\/div>\n\t\t\t\t<\/div>\n\t\t\t\t<div class=\"elementor-element elementor-element-7afb94c elementor-widget elementor-widget-text-editor\" data-id=\"7afb94c\" data-element_type=\"widget\" data-e-type=\"widget\" data-widget_type=\"text-editor.default\">\n\t\t\t\t<div class=\"elementor-widget-container\">\n\t\t\t\t\t\t\t\t\t<p><span style=\"color: #000000;\"><strong>Jeudi 11 juillet \u00e0 19h, acc\u00e8s libre sur r\u00e9servation<br \/>Chapelle des R\u00e9paratrices, Pau<br \/><\/strong><\/span><\/p>\t\t\t\t\t\t\t\t<\/div>\n\t\t\t\t<\/div>\n\t\t\t\t\t<\/div>\n\t\t<\/div>\n\t\t\t\t\t<\/div>\n\t\t<\/section>\n\t\t\t\t<section class=\"elementor-section elementor-top-section elementor-element elementor-element-2cc5bc0 elementor-section-boxed elementor-section-height-default elementor-section-height-default\" data-id=\"2cc5bc0\" data-element_type=\"section\" data-e-type=\"section\">\n\t\t\t\t\t\t<div class=\"elementor-container elementor-column-gap-default\">\n\t\t\t\t\t<div class=\"elementor-column elementor-col-100 elementor-top-column elementor-element elementor-element-4aa6a5a\" data-id=\"4aa6a5a\" data-element_type=\"column\" data-e-type=\"column\">\n\t\t\t<div class=\"elementor-widget-wrap elementor-element-populated\">\n\t\t\t\t\t\t<div class=\"elementor-element elementor-element-008f546 elementor-widget elementor-widget-image\" data-id=\"008f546\" data-element_type=\"widget\" data-e-type=\"widget\" data-widget_type=\"image.default\">\n\t\t\t\t<div class=\"elementor-widget-container\">\n\t\t\t\t\t\t\t\t\t\t\t\t<figure class=\"wp-caption\">\n\t\t\t\t\t\t\t\t\t\t<img fetchpriority=\"high\" decoding=\"async\" width=\"1024\" height=\"509\" src=\"http:\/\/academiemixte.com\/wp-content\/uploads\/2024\/06\/IMG_2788siteinternet-1024x509.jpg\" class=\"attachment-large size-large wp-image-1945\" alt=\"\" srcset=\"http:\/\/academiemixte.com\/wp-content\/uploads\/2024\/06\/IMG_2788siteinternet-1024x509.jpg 1024w, http:\/\/academiemixte.com\/wp-content\/uploads\/2024\/06\/IMG_2788siteinternet-300x149.jpg 300w, http:\/\/academiemixte.com\/wp-content\/uploads\/2024\/06\/IMG_2788siteinternet-768x382.jpg 768w, http:\/\/academiemixte.com\/wp-content\/uploads\/2024\/06\/IMG_2788siteinternet-1536x764.jpg 1536w, http:\/\/academiemixte.com\/wp-content\/uploads\/2024\/06\/IMG_2788siteinternet-2048x1019.jpg 2048w, http:\/\/academiemixte.com\/wp-content\/uploads\/2024\/06\/IMG_2788siteinternet-18x9.jpg 18w, http:\/\/academiemixte.com\/wp-content\/uploads\/2024\/06\/IMG_2788siteinternet-603x300.jpg 603w\" sizes=\"(max-width: 1024px) 100vw, 1024px\" \/>\t\t\t\t\t\t\t\t\t\t\t<figcaption class=\"widget-image-caption wp-caption-text\">Le concert des stagiaires de l'Acad\u00e9mie MIXTE#1 - juillet 2022<\/figcaption>\n\t\t\t\t\t\t\t\t\t\t<\/figure>\n\t\t\t\t\t\t\t\t\t<\/div>\n\t\t\t\t<\/div>\n\t\t\t\t\t<\/div>\n\t\t<\/div>\n\t\t\t\t\t<\/div>\n\t\t<\/section>\n\t\t\t\t<section class=\"elementor-section elementor-top-section elementor-element elementor-element-90a187d elementor-section-boxed elementor-section-height-default elementor-section-height-default\" data-id=\"90a187d\" data-element_type=\"section\" data-e-type=\"section\">\n\t\t\t\t\t\t<div class=\"elementor-container elementor-column-gap-default\">\n\t\t\t\t\t<div class=\"elementor-column elementor-col-100 elementor-top-column elementor-element elementor-element-0cd0bfd\" data-id=\"0cd0bfd\" data-element_type=\"column\" data-e-type=\"column\">\n\t\t\t<div class=\"elementor-widget-wrap elementor-element-populated\">\n\t\t\t\t\t\t<div class=\"elementor-element elementor-element-4b8dc73 elementor-widget elementor-widget-text-editor\" data-id=\"4b8dc73\" data-element_type=\"widget\" data-e-type=\"widget\" data-widget_type=\"text-editor.default\">\n\t\t\t\t<div class=\"elementor-widget-container\">\n\t\t\t\t\t\t\t\t\t<p>Pendant une semaine :<\/p><p>&#8211; des interpr\u00e8tes ont rencontr\u00e9 des compositeurs et compositrices<\/p><p>&#8211; des compositrices et compositeurs ont rencontr\u00e9 d&rsquo;autres compositrices et compositeurs<\/p><p>&#8211; il y a eu de l&rsquo;improvisation, des pi\u00e8ces \u00e9tudi\u00e9es, des pi\u00e8ces compos\u00e9es et provoqu\u00e9es par la rencontre, des solos, duos ou formations plus grandes&#8230;<\/p><p>&#8211; &#8230;encadr\u00e9s par des compositeurs et musicien\u00b7es fortement impliqu\u00e9s dans l&rsquo;\u00e9mergence de ces diverses propositions sonores.<\/p><p>Tout cela forme la mati\u00e8re d&rsquo;un concert unique \u00e0 bien des \u00e9gards, qui t\u00e9moigne de l&rsquo;\u00e9tendue des formes de la cr\u00e9ation musicale contemporaine.<\/p>\t\t\t\t\t\t\t\t<\/div>\n\t\t\t\t<\/div>\n\t\t\t\t\t<\/div>\n\t\t<\/div>\n\t\t\t\t\t<\/div>\n\t\t<\/section>\n\t\t\t\t<section class=\"elementor-section elementor-top-section elementor-element elementor-element-69bee13 elementor-section-boxed elementor-section-height-default elementor-section-height-default\" data-id=\"69bee13\" data-element_type=\"section\" data-e-type=\"section\">\n\t\t\t\t\t\t<div class=\"elementor-container elementor-column-gap-default\">\n\t\t\t\t\t<div class=\"elementor-column elementor-col-100 elementor-top-column elementor-element elementor-element-1cd5ca9\" data-id=\"1cd5ca9\" data-element_type=\"column\" data-e-type=\"column\">\n\t\t\t<div class=\"elementor-widget-wrap elementor-element-populated\">\n\t\t\t\t\t\t<div class=\"elementor-element elementor-element-cf9dcde elementor-widget-divider--view-line elementor-widget elementor-widget-divider\" data-id=\"cf9dcde\" data-element_type=\"widget\" data-e-type=\"widget\" data-widget_type=\"divider.default\">\n\t\t\t\t<div class=\"elementor-widget-container\">\n\t\t\t\t\t\t\t<div class=\"elementor-divider\">\n\t\t\t<span class=\"elementor-divider-separator\">\n\t\t\t\t\t\t<\/span>\n\t\t<\/div>\n\t\t\t\t\t\t<\/div>\n\t\t\t\t<\/div>\n\t\t\t\t<div class=\"elementor-element elementor-element-b69dc41 elementor-widget elementor-widget-text-editor\" data-id=\"b69dc41\" data-element_type=\"widget\" data-e-type=\"widget\" data-widget_type=\"text-editor.default\">\n\t\t\t\t<div class=\"elementor-widget-container\">\n\t\t\t\t\t\t\t\t\t<div class=\"elementor-element elementor-element-b02c823 elementor-widget elementor-widget-text-editor\" data-id=\"b02c823\" data-element_type=\"widget\" data-widget_type=\"text-editor.default\"><div class=\"elementor-widget-container\"><div class=\"elementor-element elementor-element-471e20e elementor-widget elementor-widget-text-editor\" data-id=\"471e20e\" data-element_type=\"widget\" data-widget_type=\"text-editor.default\"><div class=\"elementor-widget-container\"><p>INFORMATIONS PRATIQUES<\/p><p>Concert gratuit, sur r\u00e9servation.<\/p><\/div><\/div><div class=\"elementor-element elementor-element-f702b2d elementor-widget elementor-widget-text-editor\" data-id=\"f702b2d\" data-element_type=\"widget\" data-widget_type=\"text-editor.default\"><div class=\"elementor-widget-container\"><p><strong>Adresses :<br \/><\/strong>\u2022 Chapelle des R\u00e9paratrices, 3 Rue des R\u00e9paratrices 64000 Pau<\/p><p><strong>Informations &amp; billetterie :<\/strong><br \/>Proxima Centauri \u2022 05 57 95 71 52 \u2013 06 98 16 05 67 \u2022 proximacentauri@proximacentauri.fr<\/p><\/div><\/div><\/div><\/div>\t\t\t\t\t\t\t\t<\/div>\n\t\t\t\t<\/div>\n\t\t\t\t\t<\/div>\n\t\t<\/div>\n\t\t\t\t\t<\/div>\n\t\t<\/section>\n\t\t\t\t<\/div>\n\t\t","protected":false},"excerpt":{"rendered":"<p>Concert des stagiaires Restitution d&rsquo;une semaine d&rsquo;effervescence ! Sur sc\u00e8ne, les musiciennes et musiciens de l&rsquo;Acad\u00e9mie pr\u00e9sentent les r\u00e9sultats d&rsquo;une semaine de travail autour de &hellip;<\/p>\n","protected":false},"author":1,"featured_media":0,"parent":0,"menu_order":0,"comment_status":"closed","ping_status":"closed","template":"","meta":{"footnotes":""},"class_list":["post-1942","page","type-page","status-publish","hentry"],"yoast_head":"<!-- This site is optimized with the Yoast SEO plugin v27.3 - https:\/\/yoast.com\/product\/yoast-seo-wordpress\/ -->\n<title>Jeu. 11\/07 : concert de restitution des stagiaires &#8226; Acad\u00e9mie MIXTE<\/title>\n<meta name=\"robots\" content=\"index, follow, max-snippet:-1, max-image-preview:large, max-video-preview:-1\" \/>\n<link rel=\"canonical\" href=\"http:\/\/academiemixte.com\/fr_fr\/concert-de-restitution-des-stagiaires\/\" \/>\n<meta property=\"og:locale\" content=\"fr_FR\" \/>\n<meta property=\"og:type\" content=\"article\" \/>\n<meta property=\"og:title\" content=\"Jeu. 11\/07 : concert de restitution des stagiaires &#8226; Acad\u00e9mie MIXTE\" \/>\n<meta property=\"og:description\" content=\"Concert des stagiaires Restitution d&rsquo;une semaine d&rsquo;effervescence ! Sur sc\u00e8ne, les musiciennes et musiciens de l&rsquo;Acad\u00e9mie pr\u00e9sentent les r\u00e9sultats d&rsquo;une semaine de travail autour de &hellip;\" \/>\n<meta property=\"og:url\" content=\"http:\/\/academiemixte.com\/fr_fr\/concert-de-restitution-des-stagiaires\/\" \/>\n<meta property=\"og:site_name\" content=\"Acad\u00e9mie MIXTE\" \/>\n<meta property=\"article:publisher\" content=\"https:\/\/www.facebook.com\/MIXTEacademie\" \/>\n<meta property=\"article:modified_time\" content=\"2024-07-07T08:40:49+00:00\" \/>\n<meta property=\"og:image\" content=\"http:\/\/academiemixte.com\/wp-content\/uploads\/2024\/06\/IMG_2788siteinternet-1024x509.jpg\" \/>\n<meta name=\"twitter:card\" content=\"summary_large_image\" \/>\n<meta name=\"twitter:site\" content=\"@PcProxima\" \/>\n<meta name=\"twitter:label1\" content=\"Dur\u00e9e de lecture estim\u00e9e\" \/>\n\t<meta name=\"twitter:data1\" content=\"2 minutes\" \/>\n<script type=\"application\/ld+json\" class=\"yoast-schema-graph\">{\"@context\":\"https:\\\/\\\/schema.org\",\"@graph\":[{\"@type\":\"WebPage\",\"@id\":\"http:\\\/\\\/academiemixte.com\\\/concert-de-restitution-des-stagiaires\\\/\",\"url\":\"http:\\\/\\\/academiemixte.com\\\/concert-de-restitution-des-stagiaires\\\/\",\"name\":\"Jeu. 11\\\/07 : concert de restitution des stagiaires &#8226; Acad\u00e9mie MIXTE\",\"isPartOf\":{\"@id\":\"http:\\\/\\\/academiemixte.com\\\/#website\"},\"primaryImageOfPage\":{\"@id\":\"http:\\\/\\\/academiemixte.com\\\/concert-de-restitution-des-stagiaires\\\/#primaryimage\"},\"image\":{\"@id\":\"http:\\\/\\\/academiemixte.com\\\/concert-de-restitution-des-stagiaires\\\/#primaryimage\"},\"thumbnailUrl\":\"http:\\\/\\\/academiemixte.com\\\/wp-content\\\/uploads\\\/2024\\\/06\\\/IMG_2788siteinternet-1024x509.jpg\",\"datePublished\":\"2024-06-18T10:34:39+00:00\",\"dateModified\":\"2024-07-07T08:40:49+00:00\",\"breadcrumb\":{\"@id\":\"http:\\\/\\\/academiemixte.com\\\/concert-de-restitution-des-stagiaires\\\/#breadcrumb\"},\"inLanguage\":\"fr-FR\",\"potentialAction\":[{\"@type\":\"ReadAction\",\"target\":[\"http:\\\/\\\/academiemixte.com\\\/concert-de-restitution-des-stagiaires\\\/\"]}]},{\"@type\":\"ImageObject\",\"inLanguage\":\"fr-FR\",\"@id\":\"http:\\\/\\\/academiemixte.com\\\/concert-de-restitution-des-stagiaires\\\/#primaryimage\",\"url\":\"http:\\\/\\\/academiemixte.com\\\/wp-content\\\/uploads\\\/2024\\\/06\\\/IMG_2788siteinternet-1024x509.jpg\",\"contentUrl\":\"http:\\\/\\\/academiemixte.com\\\/wp-content\\\/uploads\\\/2024\\\/06\\\/IMG_2788siteinternet-1024x509.jpg\"},{\"@type\":\"BreadcrumbList\",\"@id\":\"http:\\\/\\\/academiemixte.com\\\/concert-de-restitution-des-stagiaires\\\/#breadcrumb\",\"itemListElement\":[{\"@type\":\"ListItem\",\"position\":1,\"name\":\"Accueil\",\"item\":\"http:\\\/\\\/academiemixte.com\\\/\"},{\"@type\":\"ListItem\",\"position\":2,\"name\":\"Jeu. 11\\\/07 : concert de restitution des stagiaires\"}]},{\"@type\":\"WebSite\",\"@id\":\"http:\\\/\\\/academiemixte.com\\\/#website\",\"url\":\"http:\\\/\\\/academiemixte.com\\\/\",\"name\":\"Acad\u00e9mie MIXTE\",\"description\":\"Acad\u00e9mie internationale de cr\u00e9ation musicale\",\"publisher\":{\"@id\":\"http:\\\/\\\/academiemixte.com\\\/#organization\"},\"potentialAction\":[{\"@type\":\"SearchAction\",\"target\":{\"@type\":\"EntryPoint\",\"urlTemplate\":\"http:\\\/\\\/academiemixte.com\\\/?s={search_term_string}\"},\"query-input\":{\"@type\":\"PropertyValueSpecification\",\"valueRequired\":true,\"valueName\":\"search_term_string\"}}],\"inLanguage\":\"fr-FR\"},{\"@type\":\"Organization\",\"@id\":\"http:\\\/\\\/academiemixte.com\\\/#organization\",\"name\":\"Acad\u00e9mie MIXTE\",\"url\":\"http:\\\/\\\/academiemixte.com\\\/\",\"logo\":{\"@type\":\"ImageObject\",\"inLanguage\":\"fr-FR\",\"@id\":\"http:\\\/\\\/academiemixte.com\\\/#\\\/schema\\\/logo\\\/image\\\/\",\"url\":\"http:\\\/\\\/academiemixte.com\\\/wp-content\\\/uploads\\\/2022\\\/01\\\/LOGO-test1.jpg\",\"contentUrl\":\"http:\\\/\\\/academiemixte.com\\\/wp-content\\\/uploads\\\/2022\\\/01\\\/LOGO-test1.jpg\",\"width\":270,\"height\":341,\"caption\":\"Acad\u00e9mie MIXTE\"},\"image\":{\"@id\":\"http:\\\/\\\/academiemixte.com\\\/#\\\/schema\\\/logo\\\/image\\\/\"},\"sameAs\":[\"https:\\\/\\\/www.facebook.com\\\/MIXTEacademie\",\"https:\\\/\\\/x.com\\\/PcProxima\",\"https:\\\/\\\/www.instagram.com\\\/proximacentauribdx\\\/\",\"https:\\\/\\\/www.linkedin.com\\\/in\\\/proximacentauri\\\/\",\"https:\\\/\\\/www.youtube.com\\\/c\\\/proximacentaurimusique\"]}]}<\/script>\n<!-- \/ Yoast SEO plugin. -->","yoast_head_json":{"title":"Jeu. 11\/07 : concert de restitution des stagiaires &#8226; Acad\u00e9mie MIXTE","robots":{"index":"index","follow":"follow","max-snippet":"max-snippet:-1","max-image-preview":"max-image-preview:large","max-video-preview":"max-video-preview:-1"},"canonical":"http:\/\/academiemixte.com\/fr_fr\/concert-de-restitution-des-stagiaires\/","og_locale":"fr_FR","og_type":"article","og_title":"Jeu. 11\/07 : concert de restitution des stagiaires &#8226; Acad\u00e9mie MIXTE","og_description":"Concert des stagiaires Restitution d&rsquo;une semaine d&rsquo;effervescence ! Sur sc\u00e8ne, les musiciennes et musiciens de l&rsquo;Acad\u00e9mie pr\u00e9sentent les r\u00e9sultats d&rsquo;une semaine de travail autour de &hellip;","og_url":"http:\/\/academiemixte.com\/fr_fr\/concert-de-restitution-des-stagiaires\/","og_site_name":"Acad\u00e9mie MIXTE","article_publisher":"https:\/\/www.facebook.com\/MIXTEacademie","article_modified_time":"2024-07-07T08:40:49+00:00","og_image":[{"url":"http:\/\/academiemixte.com\/wp-content\/uploads\/2024\/06\/IMG_2788siteinternet-1024x509.jpg","type":"","width":"","height":""}],"twitter_card":"summary_large_image","twitter_site":"@PcProxima","twitter_misc":{"Dur\u00e9e de lecture estim\u00e9e":"2 minutes"},"schema":{"@context":"https:\/\/schema.org","@graph":[{"@type":"WebPage","@id":"http:\/\/academiemixte.com\/concert-de-restitution-des-stagiaires\/","url":"http:\/\/academiemixte.com\/concert-de-restitution-des-stagiaires\/","name":"Jeu. 11\/07 : concert de restitution des stagiaires &#8226; Acad\u00e9mie MIXTE","isPartOf":{"@id":"http:\/\/academiemixte.com\/#website"},"primaryImageOfPage":{"@id":"http:\/\/academiemixte.com\/concert-de-restitution-des-stagiaires\/#primaryimage"},"image":{"@id":"http:\/\/academiemixte.com\/concert-de-restitution-des-stagiaires\/#primaryimage"},"thumbnailUrl":"http:\/\/academiemixte.com\/wp-content\/uploads\/2024\/06\/IMG_2788siteinternet-1024x509.jpg","datePublished":"2024-06-18T10:34:39+00:00","dateModified":"2024-07-07T08:40:49+00:00","breadcrumb":{"@id":"http:\/\/academiemixte.com\/concert-de-restitution-des-stagiaires\/#breadcrumb"},"inLanguage":"fr-FR","potentialAction":[{"@type":"ReadAction","target":["http:\/\/academiemixte.com\/concert-de-restitution-des-stagiaires\/"]}]},{"@type":"ImageObject","inLanguage":"fr-FR","@id":"http:\/\/academiemixte.com\/concert-de-restitution-des-stagiaires\/#primaryimage","url":"http:\/\/academiemixte.com\/wp-content\/uploads\/2024\/06\/IMG_2788siteinternet-1024x509.jpg","contentUrl":"http:\/\/academiemixte.com\/wp-content\/uploads\/2024\/06\/IMG_2788siteinternet-1024x509.jpg"},{"@type":"BreadcrumbList","@id":"http:\/\/academiemixte.com\/concert-de-restitution-des-stagiaires\/#breadcrumb","itemListElement":[{"@type":"ListItem","position":1,"name":"Accueil","item":"http:\/\/academiemixte.com\/"},{"@type":"ListItem","position":2,"name":"Jeu. 11\/07 : concert de restitution des stagiaires"}]},{"@type":"WebSite","@id":"http:\/\/academiemixte.com\/#website","url":"http:\/\/academiemixte.com\/","name":"Acad\u00e9mie MIXTE","description":"Acad\u00e9mie internationale de cr\u00e9ation musicale","publisher":{"@id":"http:\/\/academiemixte.com\/#organization"},"potentialAction":[{"@type":"SearchAction","target":{"@type":"EntryPoint","urlTemplate":"http:\/\/academiemixte.com\/?s={search_term_string}"},"query-input":{"@type":"PropertyValueSpecification","valueRequired":true,"valueName":"search_term_string"}}],"inLanguage":"fr-FR"},{"@type":"Organization","@id":"http:\/\/academiemixte.com\/#organization","name":"Acad\u00e9mie MIXTE","url":"http:\/\/academiemixte.com\/","logo":{"@type":"ImageObject","inLanguage":"fr-FR","@id":"http:\/\/academiemixte.com\/#\/schema\/logo\/image\/","url":"http:\/\/academiemixte.com\/wp-content\/uploads\/2022\/01\/LOGO-test1.jpg","contentUrl":"http:\/\/academiemixte.com\/wp-content\/uploads\/2022\/01\/LOGO-test1.jpg","width":270,"height":341,"caption":"Acad\u00e9mie MIXTE"},"image":{"@id":"http:\/\/academiemixte.com\/#\/schema\/logo\/image\/"},"sameAs":["https:\/\/www.facebook.com\/MIXTEacademie","https:\/\/x.com\/PcProxima","https:\/\/www.instagram.com\/proximacentauribdx\/","https:\/\/www.linkedin.com\/in\/proximacentauri\/","https:\/\/www.youtube.com\/c\/proximacentaurimusique"]}]}},"_links":{"self":[{"href":"http:\/\/academiemixte.com\/fr_fr\/wp-json\/wp\/v2\/pages\/1942","targetHints":{"allow":["GET"]}}],"collection":[{"href":"http:\/\/academiemixte.com\/fr_fr\/wp-json\/wp\/v2\/pages"}],"about":[{"href":"http:\/\/academiemixte.com\/fr_fr\/wp-json\/wp\/v2\/types\/page"}],"author":[{"embeddable":true,"href":"http:\/\/academiemixte.com\/fr_fr\/wp-json\/wp\/v2\/users\/1"}],"replies":[{"embeddable":true,"href":"http:\/\/academiemixte.com\/fr_fr\/wp-json\/wp\/v2\/comments?post=1942"}],"version-history":[{"count":20,"href":"http:\/\/academiemixte.com\/fr_fr\/wp-json\/wp\/v2\/pages\/1942\/revisions"}],"predecessor-version":[{"id":2003,"href":"http:\/\/academiemixte.com\/fr_fr\/wp-json\/wp\/v2\/pages\/1942\/revisions\/2003"}],"wp:attachment":[{"href":"http:\/\/academiemixte.com\/fr_fr\/wp-json\/wp\/v2\/media?parent=1942"}],"curies":[{"name":"wp","href":"https:\/\/api.w.org\/{rel}","templated":true}]}}