{"id":2407,"date":"2025-03-03T10:46:15","date_gmt":"2025-03-03T10:46:15","guid":{"rendered":"http:\/\/academiemixte.com\/?page_id=2407"},"modified":"2025-03-03T11:36:37","modified_gmt":"2025-03-03T11:36:37","slug":"vincent-trollet-compositeur","status":"publish","type":"page","link":"http:\/\/academiemixte.com\/fr_fr\/vincent-trollet-compositeur\/","title":{"rendered":"Vincent Trollet, compositeur"},"content":{"rendered":"\t\t<div data-elementor-type=\"wp-page\" data-elementor-id=\"2407\" class=\"elementor elementor-2407\">\n\t\t\t\t\t\t<section class=\"elementor-section elementor-top-section elementor-element elementor-element-4b0fdd5 elementor-section-boxed elementor-section-height-default elementor-section-height-default\" data-id=\"4b0fdd5\" data-element_type=\"section\" data-e-type=\"section\">\n\t\t\t\t\t\t<div class=\"elementor-container elementor-column-gap-default\">\n\t\t\t\t\t<div class=\"elementor-column elementor-col-100 elementor-top-column elementor-element elementor-element-d7766a8\" data-id=\"d7766a8\" data-element_type=\"column\" data-e-type=\"column\">\n\t\t\t<div class=\"elementor-widget-wrap elementor-element-populated\">\n\t\t\t\t\t\t<div class=\"elementor-element elementor-element-08dc5a3 elementor-widget elementor-widget-image\" data-id=\"08dc5a3\" data-element_type=\"widget\" data-e-type=\"widget\" data-widget_type=\"image.default\">\n\t\t\t\t<div class=\"elementor-widget-container\">\n\t\t\t\t\t\t\t\t\t\t\t\t\t\t\t<img fetchpriority=\"high\" decoding=\"async\" width=\"493\" height=\"300\" src=\"http:\/\/academiemixte.com\/wp-content\/uploads\/2025\/03\/DSC2019REC-493x300.jpg\" class=\"attachment-bravada-lpbox-2 size-bravada-lpbox-2 wp-image-2409\" alt=\"\" \/>\t\t\t\t\t\t\t\t\t\t\t\t\t\t\t<\/div>\n\t\t\t\t<\/div>\n\t\t\t\t\t<\/div>\n\t\t<\/div>\n\t\t\t\t\t<\/div>\n\t\t<\/section>\n\t\t\t\t<section class=\"elementor-section elementor-top-section elementor-element elementor-element-71dfac6 elementor-section-boxed elementor-section-height-default elementor-section-height-default\" data-id=\"71dfac6\" data-element_type=\"section\" data-e-type=\"section\">\n\t\t\t\t\t\t<div class=\"elementor-container elementor-column-gap-default\">\n\t\t\t\t\t<div class=\"elementor-column elementor-col-100 elementor-top-column elementor-element elementor-element-8b415c5\" data-id=\"8b415c5\" data-element_type=\"column\" data-e-type=\"column\">\n\t\t\t<div class=\"elementor-widget-wrap elementor-element-populated\">\n\t\t\t\t\t\t<div class=\"elementor-element elementor-element-e0de92c elementor-widget elementor-widget-text-editor\" data-id=\"e0de92c\" data-element_type=\"widget\" data-e-type=\"widget\" data-widget_type=\"text-editor.default\">\n\t\t\t\t<div class=\"elementor-widget-container\">\n\t\t\t\t\t\t\t\t\t<section class=\"elementor-section elementor-top-section elementor-element elementor-element-d6bc22c elementor-section-boxed elementor-section-height-default elementor-section-height-default\" data-id=\"d6bc22c\" data-element_type=\"section\"><div class=\"elementor-container elementor-column-gap-default\"><div class=\"elementor-column elementor-col-100 elementor-top-column elementor-element elementor-element-ece1874\" data-id=\"ece1874\" data-element_type=\"column\"><div class=\"elementor-widget-wrap elementor-element-populated\"><div class=\"elementor-element elementor-element-0a9debc elementor-widget elementor-widget-text-editor\" data-id=\"0a9debc\" data-element_type=\"widget\" data-widget_type=\"text-editor.default\"><div class=\"elementor-widget-container\"><div class=\"et_pb_row et_pb_row_2\"><div class=\"et_pb_column et_pb_column_4_4 et_pb_column_5 et_pb_css_mix_blend_mode_passthrough et-last-child\"><div class=\"et_pb_module et_pb_text et_pb_text_4 et_pb_text_align_left et_pb_bg_layout_light\"><div class=\"et_pb_text_inner\"><p>Vincent Trollet accorde une grande attention au son de la parole et \u00e0 l\u2019exp\u00e9rience du temps. Il explore le son comme un \u00eatre vivant qu\u2019il traite, entre autres, au moyen de divers exp\u00e9dients, vocaux, instrumentaux, gestuels et sc\u00e9niques. Ne se rattachant pas formellement \u00e0 une esth\u00e9tique dominante de la musique contemporaine, il tient \u00e0 ce que sa musique explore des fronti\u00e8res par l\u2019exp\u00e9rience qui surgit du rapport et de la confrontation avec le th\u00e9\u00e2tre, le texte et la r\u00e9alit\u00e9 virtuelle.<\/p><p>N\u00e9 \u00e0 Pau en 1978, il a commenc\u00e9 par \u00e9tudier le piano et se consacre ensuite \u00e0 la composition. Il \u00e9tudie avec Edith Canat de Chizy la composition au Conservatoire \u00e0 Rayonnement R\u00e9gional de Paris. ll obtient aussi un dipl\u00f4me sup\u00e9rieur en Acoustique Musicale au Conservatoire National Sup\u00e9rieur de Musique de Paris qui lui apporta des connaissances approfondies de l\u2019acoustique et des environnements technologiques. Il choisit ensuite de poursuivre ses \u00e9tudes \u00e0 la Haute Ecole de Musique de Gen\u00e8ve o\u00f9 il obtient un Master en Composition et Th\u00e9orie musicale. Ses professeurs principaux furent Michael Jarrell (composition), Luis Na\u00f3n (musique \u00e9lectroacoustique), Eric Daubresse (informatique musicale).<\/p><p>L\u2019ann\u00e9e 2010\/2011 repr\u00e9sente un tournant. Il est admis au cursus d\u2019Informatique Musicale \u00e0 l\u2019IRCAM \u00e0 Paris, o\u00f9 il suit une formation intensive en informatique musicale. Une nouvelle orientation se dessine alors et l\u2019am\u00e8ne \u00e0 explorer des formes exp\u00e9rimentales. C\u2019est aussi le moment o\u00f9 se nouent des rencontres avec d\u2019autres compositeurs de sa g\u00e9n\u00e9ration qui se r\u00e9percuteront quelques mois plus tard, par la fondation d\u2019un collectif, d\u2019o\u00f9 naitra un ensemble de musique contemporaine, l\u2019Ensemble Regards.<\/p><p>\u00c0 partir de 2016, il collabore avec Vahram Zaryan, performer et mime, pour la cr\u00e9ation d\u2019un tryptique intitul\u00e9 Oblique. Ce th\u00e8me s\u2019enrichit de nouvelles significations au fur et \u00e0 mesure des cr\u00e9ations o\u00f9 plusieurs pratiques artistiques sont pr\u00e9sentes\u00a0: le mime, les arts circassiens, la musique et le texte. En 2019, il \u00e9crit la musique du spectacle Arianna dans lequel trois musiciens, une danseuse et un com\u00e9dien cherchent \u00e0 rendre compte de l\u2019exp\u00e9rience limite de deux femmes, I\u2019Arianna mythologique et Valentina Terechkova, premi\u00e8re femme cosmonaute \u00e0 s\u2019\u00eatre rendue dans l\u2019espace.<\/p><p>En 2020, il est cofondateur du collectif Pronaos. Pour le premier projet, le Laboratoire Arianna, des mat\u00e9riaux issus de la recherche spatiale ont servi de point de d\u00e9part \u00e0 un partage de pratiques artistiques et \u00e0 l\u2019\u00e9laboration d\u2019un parcours de huit installations sonores et visuelles.<\/p><p>En 2023, il est invit\u00e9 par l\u2019Institut Fran\u00e7ais de Palerme pour une r\u00e9sidence artistique dans cette ville.<\/p><p>Site internet : <a href=\"https:\/\/vincent-trollet.com\/\">https:\/\/vincent-trollet.com\/<\/a><\/p><\/div><\/div><\/div><\/div><\/div><\/div><\/div><\/div><\/div><\/section>\t\t\t\t\t\t\t\t<\/div>\n\t\t\t\t<\/div>\n\t\t\t\t\t<\/div>\n\t\t<\/div>\n\t\t\t\t\t<\/div>\n\t\t<\/section>\n\t\t\t\t<\/div>\n\t\t","protected":false},"excerpt":{"rendered":"<p>Vincent Trollet accorde une grande attention au son de la parole et \u00e0 l\u2019exp\u00e9rience du temps. Il explore le son comme un \u00eatre vivant qu\u2019il &hellip;<\/p>\n","protected":false},"author":1,"featured_media":0,"parent":0,"menu_order":0,"comment_status":"closed","ping_status":"closed","template":"","meta":{"footnotes":""},"class_list":["post-2407","page","type-page","status-publish","hentry"],"yoast_head":"<!-- This site is optimized with the Yoast SEO plugin v27.3 - https:\/\/yoast.com\/product\/yoast-seo-wordpress\/ -->\n<title>Vincent Trollet, compositeur &#8226; Acad\u00e9mie MIXTE<\/title>\n<meta name=\"robots\" content=\"index, follow, max-snippet:-1, max-image-preview:large, max-video-preview:-1\" \/>\n<link rel=\"canonical\" href=\"http:\/\/academiemixte.com\/fr_fr\/vincent-trollet-compositeur\/\" \/>\n<meta property=\"og:locale\" content=\"fr_FR\" \/>\n<meta property=\"og:type\" content=\"article\" \/>\n<meta property=\"og:title\" content=\"Vincent Trollet, compositeur &#8226; Acad\u00e9mie MIXTE\" \/>\n<meta property=\"og:description\" content=\"Vincent Trollet accorde une grande attention au son de la parole et \u00e0 l\u2019exp\u00e9rience du temps. Il explore le son comme un \u00eatre vivant qu\u2019il &hellip;\" \/>\n<meta property=\"og:url\" content=\"http:\/\/academiemixte.com\/fr_fr\/vincent-trollet-compositeur\/\" \/>\n<meta property=\"og:site_name\" content=\"Acad\u00e9mie MIXTE\" \/>\n<meta property=\"article:publisher\" content=\"https:\/\/www.facebook.com\/MIXTEacademie\" \/>\n<meta property=\"article:modified_time\" content=\"2025-03-03T11:36:37+00:00\" \/>\n<meta property=\"og:image\" content=\"http:\/\/academiemixte.com\/wp-content\/uploads\/2025\/03\/DSC2019REC-scaled.jpg\" \/>\n\t<meta property=\"og:image:width\" content=\"2560\" \/>\n\t<meta property=\"og:image:height\" content=\"2006\" \/>\n\t<meta property=\"og:image:type\" content=\"image\/jpeg\" \/>\n<meta name=\"twitter:card\" content=\"summary_large_image\" \/>\n<meta name=\"twitter:site\" content=\"@PcProxima\" \/>\n<meta name=\"twitter:label1\" content=\"Dur\u00e9e de lecture estim\u00e9e\" \/>\n\t<meta name=\"twitter:data1\" content=\"5 minutes\" \/>\n<script type=\"application\/ld+json\" class=\"yoast-schema-graph\">{\"@context\":\"https:\\\/\\\/schema.org\",\"@graph\":[{\"@type\":\"WebPage\",\"@id\":\"http:\\\/\\\/academiemixte.com\\\/vincent-trollet-compositeur\\\/\",\"url\":\"http:\\\/\\\/academiemixte.com\\\/vincent-trollet-compositeur\\\/\",\"name\":\"Vincent Trollet, compositeur &#8226; Acad\u00e9mie MIXTE\",\"isPartOf\":{\"@id\":\"http:\\\/\\\/academiemixte.com\\\/#website\"},\"primaryImageOfPage\":{\"@id\":\"http:\\\/\\\/academiemixte.com\\\/vincent-trollet-compositeur\\\/#primaryimage\"},\"image\":{\"@id\":\"http:\\\/\\\/academiemixte.com\\\/vincent-trollet-compositeur\\\/#primaryimage\"},\"thumbnailUrl\":\"http:\\\/\\\/academiemixte.com\\\/wp-content\\\/uploads\\\/2025\\\/03\\\/DSC2019REC-493x300.jpg\",\"datePublished\":\"2025-03-03T10:46:15+00:00\",\"dateModified\":\"2025-03-03T11:36:37+00:00\",\"breadcrumb\":{\"@id\":\"http:\\\/\\\/academiemixte.com\\\/vincent-trollet-compositeur\\\/#breadcrumb\"},\"inLanguage\":\"fr-FR\",\"potentialAction\":[{\"@type\":\"ReadAction\",\"target\":[\"http:\\\/\\\/academiemixte.com\\\/vincent-trollet-compositeur\\\/\"]}]},{\"@type\":\"ImageObject\",\"inLanguage\":\"fr-FR\",\"@id\":\"http:\\\/\\\/academiemixte.com\\\/vincent-trollet-compositeur\\\/#primaryimage\",\"url\":\"http:\\\/\\\/academiemixte.com\\\/wp-content\\\/uploads\\\/2025\\\/03\\\/DSC2019REC-493x300.jpg\",\"contentUrl\":\"http:\\\/\\\/academiemixte.com\\\/wp-content\\\/uploads\\\/2025\\\/03\\\/DSC2019REC-493x300.jpg\"},{\"@type\":\"BreadcrumbList\",\"@id\":\"http:\\\/\\\/academiemixte.com\\\/vincent-trollet-compositeur\\\/#breadcrumb\",\"itemListElement\":[{\"@type\":\"ListItem\",\"position\":1,\"name\":\"Accueil\",\"item\":\"http:\\\/\\\/academiemixte.com\\\/\"},{\"@type\":\"ListItem\",\"position\":2,\"name\":\"Vincent Trollet, compositeur\"}]},{\"@type\":\"WebSite\",\"@id\":\"http:\\\/\\\/academiemixte.com\\\/#website\",\"url\":\"http:\\\/\\\/academiemixte.com\\\/\",\"name\":\"Acad\u00e9mie MIXTE\",\"description\":\"Acad\u00e9mie internationale de cr\u00e9ation musicale\",\"publisher\":{\"@id\":\"http:\\\/\\\/academiemixte.com\\\/#organization\"},\"potentialAction\":[{\"@type\":\"SearchAction\",\"target\":{\"@type\":\"EntryPoint\",\"urlTemplate\":\"http:\\\/\\\/academiemixte.com\\\/?s={search_term_string}\"},\"query-input\":{\"@type\":\"PropertyValueSpecification\",\"valueRequired\":true,\"valueName\":\"search_term_string\"}}],\"inLanguage\":\"fr-FR\"},{\"@type\":\"Organization\",\"@id\":\"http:\\\/\\\/academiemixte.com\\\/#organization\",\"name\":\"Acad\u00e9mie MIXTE\",\"url\":\"http:\\\/\\\/academiemixte.com\\\/\",\"logo\":{\"@type\":\"ImageObject\",\"inLanguage\":\"fr-FR\",\"@id\":\"http:\\\/\\\/academiemixte.com\\\/#\\\/schema\\\/logo\\\/image\\\/\",\"url\":\"http:\\\/\\\/academiemixte.com\\\/wp-content\\\/uploads\\\/2022\\\/01\\\/LOGO-test1.jpg\",\"contentUrl\":\"http:\\\/\\\/academiemixte.com\\\/wp-content\\\/uploads\\\/2022\\\/01\\\/LOGO-test1.jpg\",\"width\":270,\"height\":341,\"caption\":\"Acad\u00e9mie MIXTE\"},\"image\":{\"@id\":\"http:\\\/\\\/academiemixte.com\\\/#\\\/schema\\\/logo\\\/image\\\/\"},\"sameAs\":[\"https:\\\/\\\/www.facebook.com\\\/MIXTEacademie\",\"https:\\\/\\\/x.com\\\/PcProxima\",\"https:\\\/\\\/www.instagram.com\\\/proximacentauribdx\\\/\",\"https:\\\/\\\/www.linkedin.com\\\/in\\\/proximacentauri\\\/\",\"https:\\\/\\\/www.youtube.com\\\/c\\\/proximacentaurimusique\"]}]}<\/script>\n<!-- \/ Yoast SEO plugin. -->","yoast_head_json":{"title":"Vincent Trollet, compositeur &#8226; Acad\u00e9mie MIXTE","robots":{"index":"index","follow":"follow","max-snippet":"max-snippet:-1","max-image-preview":"max-image-preview:large","max-video-preview":"max-video-preview:-1"},"canonical":"http:\/\/academiemixte.com\/fr_fr\/vincent-trollet-compositeur\/","og_locale":"fr_FR","og_type":"article","og_title":"Vincent Trollet, compositeur &#8226; Acad\u00e9mie MIXTE","og_description":"Vincent Trollet accorde une grande attention au son de la parole et \u00e0 l\u2019exp\u00e9rience du temps. Il explore le son comme un \u00eatre vivant qu\u2019il &hellip;","og_url":"http:\/\/academiemixte.com\/fr_fr\/vincent-trollet-compositeur\/","og_site_name":"Acad\u00e9mie MIXTE","article_publisher":"https:\/\/www.facebook.com\/MIXTEacademie","article_modified_time":"2025-03-03T11:36:37+00:00","og_image":[{"width":2560,"height":2006,"url":"http:\/\/academiemixte.com\/wp-content\/uploads\/2025\/03\/DSC2019REC-scaled.jpg","type":"image\/jpeg"}],"twitter_card":"summary_large_image","twitter_site":"@PcProxima","twitter_misc":{"Dur\u00e9e de lecture estim\u00e9e":"5 minutes"},"schema":{"@context":"https:\/\/schema.org","@graph":[{"@type":"WebPage","@id":"http:\/\/academiemixte.com\/vincent-trollet-compositeur\/","url":"http:\/\/academiemixte.com\/vincent-trollet-compositeur\/","name":"Vincent Trollet, compositeur &#8226; Acad\u00e9mie MIXTE","isPartOf":{"@id":"http:\/\/academiemixte.com\/#website"},"primaryImageOfPage":{"@id":"http:\/\/academiemixte.com\/vincent-trollet-compositeur\/#primaryimage"},"image":{"@id":"http:\/\/academiemixte.com\/vincent-trollet-compositeur\/#primaryimage"},"thumbnailUrl":"http:\/\/academiemixte.com\/wp-content\/uploads\/2025\/03\/DSC2019REC-493x300.jpg","datePublished":"2025-03-03T10:46:15+00:00","dateModified":"2025-03-03T11:36:37+00:00","breadcrumb":{"@id":"http:\/\/academiemixte.com\/vincent-trollet-compositeur\/#breadcrumb"},"inLanguage":"fr-FR","potentialAction":[{"@type":"ReadAction","target":["http:\/\/academiemixte.com\/vincent-trollet-compositeur\/"]}]},{"@type":"ImageObject","inLanguage":"fr-FR","@id":"http:\/\/academiemixte.com\/vincent-trollet-compositeur\/#primaryimage","url":"http:\/\/academiemixte.com\/wp-content\/uploads\/2025\/03\/DSC2019REC-493x300.jpg","contentUrl":"http:\/\/academiemixte.com\/wp-content\/uploads\/2025\/03\/DSC2019REC-493x300.jpg"},{"@type":"BreadcrumbList","@id":"http:\/\/academiemixte.com\/vincent-trollet-compositeur\/#breadcrumb","itemListElement":[{"@type":"ListItem","position":1,"name":"Accueil","item":"http:\/\/academiemixte.com\/"},{"@type":"ListItem","position":2,"name":"Vincent Trollet, compositeur"}]},{"@type":"WebSite","@id":"http:\/\/academiemixte.com\/#website","url":"http:\/\/academiemixte.com\/","name":"Acad\u00e9mie MIXTE","description":"Acad\u00e9mie internationale de cr\u00e9ation musicale","publisher":{"@id":"http:\/\/academiemixte.com\/#organization"},"potentialAction":[{"@type":"SearchAction","target":{"@type":"EntryPoint","urlTemplate":"http:\/\/academiemixte.com\/?s={search_term_string}"},"query-input":{"@type":"PropertyValueSpecification","valueRequired":true,"valueName":"search_term_string"}}],"inLanguage":"fr-FR"},{"@type":"Organization","@id":"http:\/\/academiemixte.com\/#organization","name":"Acad\u00e9mie MIXTE","url":"http:\/\/academiemixte.com\/","logo":{"@type":"ImageObject","inLanguage":"fr-FR","@id":"http:\/\/academiemixte.com\/#\/schema\/logo\/image\/","url":"http:\/\/academiemixte.com\/wp-content\/uploads\/2022\/01\/LOGO-test1.jpg","contentUrl":"http:\/\/academiemixte.com\/wp-content\/uploads\/2022\/01\/LOGO-test1.jpg","width":270,"height":341,"caption":"Acad\u00e9mie MIXTE"},"image":{"@id":"http:\/\/academiemixte.com\/#\/schema\/logo\/image\/"},"sameAs":["https:\/\/www.facebook.com\/MIXTEacademie","https:\/\/x.com\/PcProxima","https:\/\/www.instagram.com\/proximacentauribdx\/","https:\/\/www.linkedin.com\/in\/proximacentauri\/","https:\/\/www.youtube.com\/c\/proximacentaurimusique"]}]}},"_links":{"self":[{"href":"http:\/\/academiemixte.com\/fr_fr\/wp-json\/wp\/v2\/pages\/2407","targetHints":{"allow":["GET"]}}],"collection":[{"href":"http:\/\/academiemixte.com\/fr_fr\/wp-json\/wp\/v2\/pages"}],"about":[{"href":"http:\/\/academiemixte.com\/fr_fr\/wp-json\/wp\/v2\/types\/page"}],"author":[{"embeddable":true,"href":"http:\/\/academiemixte.com\/fr_fr\/wp-json\/wp\/v2\/users\/1"}],"replies":[{"embeddable":true,"href":"http:\/\/academiemixte.com\/fr_fr\/wp-json\/wp\/v2\/comments?post=2407"}],"version-history":[{"count":10,"href":"http:\/\/academiemixte.com\/fr_fr\/wp-json\/wp\/v2\/pages\/2407\/revisions"}],"predecessor-version":[{"id":2473,"href":"http:\/\/academiemixte.com\/fr_fr\/wp-json\/wp\/v2\/pages\/2407\/revisions\/2473"}],"wp:attachment":[{"href":"http:\/\/academiemixte.com\/fr_fr\/wp-json\/wp\/v2\/media?parent=2407"}],"curies":[{"name":"wp","href":"https:\/\/api.w.org\/{rel}","templated":true}]}}