{"id":2420,"date":"2025-03-03T10:51:28","date_gmt":"2025-03-03T10:51:28","guid":{"rendered":"http:\/\/academiemixte.com\/?page_id=2420"},"modified":"2025-03-18T17:22:54","modified_gmt":"2025-03-18T17:22:54","slug":"proxima-centauri-2","status":"publish","type":"page","link":"http:\/\/academiemixte.com\/fr_fr\/proxima-centauri-2\/","title":{"rendered":"Proxima Centauri"},"content":{"rendered":"\t\t<div data-elementor-type=\"wp-page\" data-elementor-id=\"2420\" class=\"elementor elementor-2420\">\n\t\t\t\t\t\t<section class=\"elementor-section elementor-top-section elementor-element elementor-element-f27e648 elementor-section-boxed elementor-section-height-default elementor-section-height-default\" data-id=\"f27e648\" data-element_type=\"section\" data-e-type=\"section\">\n\t\t\t\t\t\t<div class=\"elementor-container elementor-column-gap-default\">\n\t\t\t\t\t<div class=\"elementor-column elementor-col-100 elementor-top-column elementor-element elementor-element-05d6c29\" data-id=\"05d6c29\" data-element_type=\"column\" data-e-type=\"column\">\n\t\t\t<div class=\"elementor-widget-wrap elementor-element-populated\">\n\t\t\t\t\t\t<div class=\"elementor-element elementor-element-b74ffb6 elementor-widget__width-initial elementor-widget elementor-widget-image\" data-id=\"b74ffb6\" data-element_type=\"widget\" data-e-type=\"widget\" data-widget_type=\"image.default\">\n\t\t\t\t<div class=\"elementor-widget-container\">\n\t\t\t\t\t\t\t\t\t\t\t\t<figure class=\"wp-caption\">\n\t\t\t\t\t\t\t\t\t\t<img fetchpriority=\"high\" decoding=\"async\" width=\"2560\" height=\"1703\" src=\"http:\/\/academiemixte.com\/wp-content\/uploads\/2025\/02\/Proxima_Centauri-80\u00a9Frederic-Desmesure-scaled.jpg\" class=\"attachment-full size-full wp-image-2392\" alt=\"\" srcset=\"http:\/\/academiemixte.com\/wp-content\/uploads\/2025\/02\/Proxima_Centauri-80\u00a9Frederic-Desmesure-scaled.jpg 2560w, http:\/\/academiemixte.com\/wp-content\/uploads\/2025\/02\/Proxima_Centauri-80\u00a9Frederic-Desmesure-300x200.jpg 300w, http:\/\/academiemixte.com\/wp-content\/uploads\/2025\/02\/Proxima_Centauri-80\u00a9Frederic-Desmesure-1024x681.jpg 1024w, http:\/\/academiemixte.com\/wp-content\/uploads\/2025\/02\/Proxima_Centauri-80\u00a9Frederic-Desmesure-768x511.jpg 768w, http:\/\/academiemixte.com\/wp-content\/uploads\/2025\/02\/Proxima_Centauri-80\u00a9Frederic-Desmesure-1536x1022.jpg 1536w, http:\/\/academiemixte.com\/wp-content\/uploads\/2025\/02\/Proxima_Centauri-80\u00a9Frederic-Desmesure-2048x1363.jpg 2048w, http:\/\/academiemixte.com\/wp-content\/uploads\/2025\/02\/Proxima_Centauri-80\u00a9Frederic-Desmesure-18x12.jpg 18w, http:\/\/academiemixte.com\/wp-content\/uploads\/2025\/02\/Proxima_Centauri-80\u00a9Frederic-Desmesure-451x300.jpg 451w\" sizes=\"(max-width: 2560px) 100vw, 2560px\" \/>\t\t\t\t\t\t\t\t\t\t\t<figcaption class=\"widget-image-caption wp-caption-text\">\u00a9Fr\u00e9d\u00e9ric Desmesure<\/figcaption>\n\t\t\t\t\t\t\t\t\t\t<\/figure>\n\t\t\t\t\t\t\t\t\t<\/div>\n\t\t\t\t<\/div>\n\t\t\t\t\t<\/div>\n\t\t<\/div>\n\t\t\t\t\t<\/div>\n\t\t<\/section>\n\t\t\t\t<section class=\"elementor-section elementor-top-section elementor-element elementor-element-8f88be7 elementor-section-boxed elementor-section-height-default elementor-section-height-default\" data-id=\"8f88be7\" data-element_type=\"section\" data-e-type=\"section\">\n\t\t\t\t\t\t<div class=\"elementor-container elementor-column-gap-default\">\n\t\t\t\t\t<div class=\"elementor-column elementor-col-100 elementor-top-column elementor-element elementor-element-5df5afd\" data-id=\"5df5afd\" data-element_type=\"column\" data-e-type=\"column\">\n\t\t\t<div class=\"elementor-widget-wrap elementor-element-populated\">\n\t\t\t\t\t\t<div class=\"elementor-element elementor-element-d9d8488 elementor-widget elementor-widget-text-editor\" data-id=\"d9d8488\" data-element_type=\"widget\" data-e-type=\"widget\" data-widget_type=\"text-editor.default\">\n\t\t\t\t<div class=\"elementor-widget-container\">\n\t\t\t\t\t\t\t\t\t<section class=\"elementor-section elementor-top-section elementor-element elementor-element-d612b38 elementor-section-boxed elementor-section-height-default elementor-section-height-default\" data-id=\"d612b38\" data-element_type=\"section\"><div class=\"elementor-container elementor-column-gap-default\"><div class=\"elementor-column elementor-col-100 elementor-top-column elementor-element elementor-element-5f65664\" data-id=\"5f65664\" data-element_type=\"column\"><div class=\"elementor-widget-wrap elementor-element-populated\"><div class=\"elementor-element elementor-element-f8c43cc elementor-widget elementor-widget-text-editor\" data-id=\"f8c43cc\" data-element_type=\"widget\" data-widget_type=\"text-editor.default\"><div class=\"elementor-widget-container\"><p>Proxima Centauri est un ensemble musical engag\u00e9 depuis plus de trentre ans dans le secteur de la musique contemporaine. Dot\u00e9 d\u2019une palette sonore singuli\u00e8re (piano, flute, percussions, saxophone, \u00e9lectronique), il bouscule la musique de chambre en int\u00e9grant l\u2019\u00e9lectroacoustique comme membre \u00e0 part enti\u00e8re de la formation.<\/p><p>Depuis sa cr\u00e9ation, Proxima Centauri collabore avec de nombreux artistes musicien\u00b7ne\u00b7s, interpr\u00e8tes, improvisateurs, ou provenant de la danse, des arts plastique et du th\u00e9\u00e2tre. L\u2019ensemble d\u00e9fend ainsi une d\u00e9marche artistique pluridisciplinaire, \u00e0 la crois\u00e9e des arts, alliant cr\u00e9ation musicale, arts visuels et occasionnellement participation du public.<\/p><p>Plac\u00e9 sous la direction artistique de Marie-Bernadette Charrier, l\u2019ensemble se veut moteur au service de la musique contemporaine en pratiquant une politique de commande active, en cr\u00e9ant de nombreuses \u0153uvres de compositeur\u00b7trice\u00b7s d\u2019aujourd\u2019hui, en faisant vivre les grandes figures du XXe et contribuant aux recherches en lutherie contemporaine.<\/p><p>De renomm\u00e9e internationale, l\u2019ensemble est invit\u00e9 dans de nombreux festivals et r\u00e9alise des tourn\u00e9es en Europe, Am\u00e9rique, Asie et Oc\u00e9anie.<\/p><p>Constitu\u00e9 en association et install\u00e9 \u00e0 Bordeaux depuis 1991, l\u2019ensemble\u00a0d\u00e9veloppe une saison culturelle forte \u00e0 travers une s\u00e9rie d\u2019\u00e9v\u00e9nements allant r\u00e9guli\u00e8rement \u00e0 la rencontre de tous les publics \u2013 OPUS, SPOT, Festival M\u00c0D, Acad\u00e9mie MIXTE \u2013 en partenariat avec les acteurs culturels et associatifs de son territoire. La transmission est au c\u0153ur de l\u2019activit\u00e9 de l\u2019ensemble par son programme d\u2019\u00e9ducation artistique et culturelle avec les \u00e9coles primaires, coll\u00e8ges et lyc\u00e9es, et son engagement au service de la formation des musiciennes et musiciens de demain au Conservatoire de Bordeaux Jacques Thibaud, au PESMD &#8211; P\u00f4le d&rsquo;Enseignement Sup\u00e9rieur de Musique et de Danse Bordeaux Nouvelle-Aquitaine, et \u00e0 travers l\u2019Acad\u00e9mie MIXTE, acad\u00e9mie internationale de cr\u00e9ation musicale pour les jeunes compositeur\u00b7trices et interpr\u00e8tes qu&rsquo;il d\u00e9veloppe aujourd\u2019hui \u00e0 l\u2019\u00e9chelle de la r\u00e9gion Nouvelle Aquitaine.<\/p><p>Plus d\u2019informations : <a href=\"https:\/\/proximacentauri.fr\/\">https:\/\/proximacentauri.fr\/<\/a><\/p><\/div><\/div><\/div><\/div><\/div><\/section>\t\t\t\t\t\t\t\t<\/div>\n\t\t\t\t<\/div>\n\t\t\t\t\t<\/div>\n\t\t<\/div>\n\t\t\t\t\t<\/div>\n\t\t<\/section>\n\t\t\t\t<\/div>\n\t\t","protected":false},"excerpt":{"rendered":"<p>\u00a9Fr\u00e9d\u00e9ric Desmesure Proxima Centauri est un ensemble musical engag\u00e9 depuis plus de trentre ans dans le secteur de la musique contemporaine. Dot\u00e9 d\u2019une palette sonore &hellip;<\/p>\n","protected":false},"author":1,"featured_media":0,"parent":0,"menu_order":0,"comment_status":"closed","ping_status":"closed","template":"","meta":{"footnotes":""},"class_list":["post-2420","page","type-page","status-publish","hentry"],"yoast_head":"<!-- This site is optimized with the Yoast SEO plugin v27.3 - https:\/\/yoast.com\/product\/yoast-seo-wordpress\/ -->\n<title>Proxima Centauri &#8226; Acad\u00e9mie MIXTE<\/title>\n<meta name=\"robots\" content=\"index, follow, max-snippet:-1, max-image-preview:large, max-video-preview:-1\" \/>\n<link rel=\"canonical\" href=\"http:\/\/academiemixte.com\/fr_fr\/proxima-centauri-2\/\" \/>\n<meta property=\"og:locale\" content=\"fr_FR\" \/>\n<meta property=\"og:type\" content=\"article\" \/>\n<meta property=\"og:title\" content=\"Proxima Centauri &#8226; Acad\u00e9mie MIXTE\" \/>\n<meta property=\"og:description\" content=\"\u00a9Fr\u00e9d\u00e9ric Desmesure Proxima Centauri est un ensemble musical engag\u00e9 depuis plus de trentre ans dans le secteur de la musique contemporaine. Dot\u00e9 d\u2019une palette sonore &hellip;\" \/>\n<meta property=\"og:url\" content=\"http:\/\/academiemixte.com\/fr_fr\/proxima-centauri-2\/\" \/>\n<meta property=\"og:site_name\" content=\"Acad\u00e9mie MIXTE\" \/>\n<meta property=\"article:publisher\" content=\"https:\/\/www.facebook.com\/MIXTEacademie\" \/>\n<meta property=\"article:modified_time\" content=\"2025-03-18T17:22:54+00:00\" \/>\n<meta name=\"twitter:card\" content=\"summary_large_image\" \/>\n<meta name=\"twitter:site\" content=\"@PcProxima\" \/>\n<meta name=\"twitter:label1\" content=\"Dur\u00e9e de lecture estim\u00e9e\" \/>\n\t<meta name=\"twitter:data1\" content=\"4 minutes\" \/>\n<script type=\"application\/ld+json\" class=\"yoast-schema-graph\">{\"@context\":\"https:\\\/\\\/schema.org\",\"@graph\":[{\"@type\":\"WebPage\",\"@id\":\"http:\\\/\\\/academiemixte.com\\\/proxima-centauri-2\\\/\",\"url\":\"http:\\\/\\\/academiemixte.com\\\/proxima-centauri-2\\\/\",\"name\":\"Proxima Centauri &#8226; Acad\u00e9mie MIXTE\",\"isPartOf\":{\"@id\":\"http:\\\/\\\/academiemixte.com\\\/#website\"},\"datePublished\":\"2025-03-03T10:51:28+00:00\",\"dateModified\":\"2025-03-18T17:22:54+00:00\",\"breadcrumb\":{\"@id\":\"http:\\\/\\\/academiemixte.com\\\/proxima-centauri-2\\\/#breadcrumb\"},\"inLanguage\":\"fr-FR\",\"potentialAction\":[{\"@type\":\"ReadAction\",\"target\":[\"http:\\\/\\\/academiemixte.com\\\/proxima-centauri-2\\\/\"]}]},{\"@type\":\"BreadcrumbList\",\"@id\":\"http:\\\/\\\/academiemixte.com\\\/proxima-centauri-2\\\/#breadcrumb\",\"itemListElement\":[{\"@type\":\"ListItem\",\"position\":1,\"name\":\"Accueil\",\"item\":\"http:\\\/\\\/academiemixte.com\\\/\"},{\"@type\":\"ListItem\",\"position\":2,\"name\":\"Proxima Centauri\"}]},{\"@type\":\"WebSite\",\"@id\":\"http:\\\/\\\/academiemixte.com\\\/#website\",\"url\":\"http:\\\/\\\/academiemixte.com\\\/\",\"name\":\"Acad\u00e9mie MIXTE\",\"description\":\"Acad\u00e9mie internationale de cr\u00e9ation musicale\",\"publisher\":{\"@id\":\"http:\\\/\\\/academiemixte.com\\\/#organization\"},\"potentialAction\":[{\"@type\":\"SearchAction\",\"target\":{\"@type\":\"EntryPoint\",\"urlTemplate\":\"http:\\\/\\\/academiemixte.com\\\/?s={search_term_string}\"},\"query-input\":{\"@type\":\"PropertyValueSpecification\",\"valueRequired\":true,\"valueName\":\"search_term_string\"}}],\"inLanguage\":\"fr-FR\"},{\"@type\":\"Organization\",\"@id\":\"http:\\\/\\\/academiemixte.com\\\/#organization\",\"name\":\"Acad\u00e9mie MIXTE\",\"url\":\"http:\\\/\\\/academiemixte.com\\\/\",\"logo\":{\"@type\":\"ImageObject\",\"inLanguage\":\"fr-FR\",\"@id\":\"http:\\\/\\\/academiemixte.com\\\/#\\\/schema\\\/logo\\\/image\\\/\",\"url\":\"http:\\\/\\\/academiemixte.com\\\/wp-content\\\/uploads\\\/2022\\\/01\\\/LOGO-test1.jpg\",\"contentUrl\":\"http:\\\/\\\/academiemixte.com\\\/wp-content\\\/uploads\\\/2022\\\/01\\\/LOGO-test1.jpg\",\"width\":270,\"height\":341,\"caption\":\"Acad\u00e9mie MIXTE\"},\"image\":{\"@id\":\"http:\\\/\\\/academiemixte.com\\\/#\\\/schema\\\/logo\\\/image\\\/\"},\"sameAs\":[\"https:\\\/\\\/www.facebook.com\\\/MIXTEacademie\",\"https:\\\/\\\/x.com\\\/PcProxima\",\"https:\\\/\\\/www.instagram.com\\\/proximacentauribdx\\\/\",\"https:\\\/\\\/www.linkedin.com\\\/in\\\/proximacentauri\\\/\",\"https:\\\/\\\/www.youtube.com\\\/c\\\/proximacentaurimusique\"]}]}<\/script>\n<!-- \/ Yoast SEO plugin. -->","yoast_head_json":{"title":"Proxima Centauri &#8226; Acad\u00e9mie MIXTE","robots":{"index":"index","follow":"follow","max-snippet":"max-snippet:-1","max-image-preview":"max-image-preview:large","max-video-preview":"max-video-preview:-1"},"canonical":"http:\/\/academiemixte.com\/fr_fr\/proxima-centauri-2\/","og_locale":"fr_FR","og_type":"article","og_title":"Proxima Centauri &#8226; Acad\u00e9mie MIXTE","og_description":"\u00a9Fr\u00e9d\u00e9ric Desmesure Proxima Centauri est un ensemble musical engag\u00e9 depuis plus de trentre ans dans le secteur de la musique contemporaine. Dot\u00e9 d\u2019une palette sonore &hellip;","og_url":"http:\/\/academiemixte.com\/fr_fr\/proxima-centauri-2\/","og_site_name":"Acad\u00e9mie MIXTE","article_publisher":"https:\/\/www.facebook.com\/MIXTEacademie","article_modified_time":"2025-03-18T17:22:54+00:00","twitter_card":"summary_large_image","twitter_site":"@PcProxima","twitter_misc":{"Dur\u00e9e de lecture estim\u00e9e":"4 minutes"},"schema":{"@context":"https:\/\/schema.org","@graph":[{"@type":"WebPage","@id":"http:\/\/academiemixte.com\/proxima-centauri-2\/","url":"http:\/\/academiemixte.com\/proxima-centauri-2\/","name":"Proxima Centauri &#8226; Acad\u00e9mie MIXTE","isPartOf":{"@id":"http:\/\/academiemixte.com\/#website"},"datePublished":"2025-03-03T10:51:28+00:00","dateModified":"2025-03-18T17:22:54+00:00","breadcrumb":{"@id":"http:\/\/academiemixte.com\/proxima-centauri-2\/#breadcrumb"},"inLanguage":"fr-FR","potentialAction":[{"@type":"ReadAction","target":["http:\/\/academiemixte.com\/proxima-centauri-2\/"]}]},{"@type":"BreadcrumbList","@id":"http:\/\/academiemixte.com\/proxima-centauri-2\/#breadcrumb","itemListElement":[{"@type":"ListItem","position":1,"name":"Accueil","item":"http:\/\/academiemixte.com\/"},{"@type":"ListItem","position":2,"name":"Proxima Centauri"}]},{"@type":"WebSite","@id":"http:\/\/academiemixte.com\/#website","url":"http:\/\/academiemixte.com\/","name":"Acad\u00e9mie MIXTE","description":"Acad\u00e9mie internationale de cr\u00e9ation musicale","publisher":{"@id":"http:\/\/academiemixte.com\/#organization"},"potentialAction":[{"@type":"SearchAction","target":{"@type":"EntryPoint","urlTemplate":"http:\/\/academiemixte.com\/?s={search_term_string}"},"query-input":{"@type":"PropertyValueSpecification","valueRequired":true,"valueName":"search_term_string"}}],"inLanguage":"fr-FR"},{"@type":"Organization","@id":"http:\/\/academiemixte.com\/#organization","name":"Acad\u00e9mie MIXTE","url":"http:\/\/academiemixte.com\/","logo":{"@type":"ImageObject","inLanguage":"fr-FR","@id":"http:\/\/academiemixte.com\/#\/schema\/logo\/image\/","url":"http:\/\/academiemixte.com\/wp-content\/uploads\/2022\/01\/LOGO-test1.jpg","contentUrl":"http:\/\/academiemixte.com\/wp-content\/uploads\/2022\/01\/LOGO-test1.jpg","width":270,"height":341,"caption":"Acad\u00e9mie MIXTE"},"image":{"@id":"http:\/\/academiemixte.com\/#\/schema\/logo\/image\/"},"sameAs":["https:\/\/www.facebook.com\/MIXTEacademie","https:\/\/x.com\/PcProxima","https:\/\/www.instagram.com\/proximacentauribdx\/","https:\/\/www.linkedin.com\/in\/proximacentauri\/","https:\/\/www.youtube.com\/c\/proximacentaurimusique"]}]}},"_links":{"self":[{"href":"http:\/\/academiemixte.com\/fr_fr\/wp-json\/wp\/v2\/pages\/2420","targetHints":{"allow":["GET"]}}],"collection":[{"href":"http:\/\/academiemixte.com\/fr_fr\/wp-json\/wp\/v2\/pages"}],"about":[{"href":"http:\/\/academiemixte.com\/fr_fr\/wp-json\/wp\/v2\/types\/page"}],"author":[{"embeddable":true,"href":"http:\/\/academiemixte.com\/fr_fr\/wp-json\/wp\/v2\/users\/1"}],"replies":[{"embeddable":true,"href":"http:\/\/academiemixte.com\/fr_fr\/wp-json\/wp\/v2\/comments?post=2420"}],"version-history":[{"count":19,"href":"http:\/\/academiemixte.com\/fr_fr\/wp-json\/wp\/v2\/pages\/2420\/revisions"}],"predecessor-version":[{"id":2805,"href":"http:\/\/academiemixte.com\/fr_fr\/wp-json\/wp\/v2\/pages\/2420\/revisions\/2805"}],"wp:attachment":[{"href":"http:\/\/academiemixte.com\/fr_fr\/wp-json\/wp\/v2\/media?parent=2420"}],"curies":[{"name":"wp","href":"https:\/\/api.w.org\/{rel}","templated":true}]}}