{"id":2436,"date":"2025-03-03T11:09:07","date_gmt":"2025-03-03T11:09:07","guid":{"rendered":"http:\/\/academiemixte.com\/?page_id=2436"},"modified":"2025-03-18T17:07:52","modified_gmt":"2025-03-18T17:07:52","slug":"giulia-lorusso-compositrice","status":"publish","type":"page","link":"http:\/\/academiemixte.com\/fr_fr\/giulia-lorusso-compositrice\/","title":{"rendered":"Giulia Lorusso, compositrice"},"content":{"rendered":"\t\t<div data-elementor-type=\"wp-page\" data-elementor-id=\"2436\" class=\"elementor elementor-2436\">\n\t\t\t\t\t\t<section class=\"elementor-section elementor-top-section elementor-element elementor-element-956da57 elementor-section-boxed elementor-section-height-default elementor-section-height-default\" data-id=\"956da57\" data-element_type=\"section\" data-e-type=\"section\">\n\t\t\t\t\t\t<div class=\"elementor-container elementor-column-gap-default\">\n\t\t\t\t\t<div class=\"elementor-column elementor-col-100 elementor-top-column elementor-element elementor-element-4cd9eb9\" data-id=\"4cd9eb9\" data-element_type=\"column\" data-e-type=\"column\">\n\t\t\t<div class=\"elementor-widget-wrap elementor-element-populated\">\n\t\t\t\t\t\t<div class=\"elementor-element elementor-element-511020e elementor-widget elementor-widget-image\" data-id=\"511020e\" data-element_type=\"widget\" data-e-type=\"widget\" data-widget_type=\"image.default\">\n\t\t\t\t<div class=\"elementor-widget-container\">\n\t\t\t\t\t\t\t\t\t\t\t\t\t\t\t<img fetchpriority=\"high\" decoding=\"async\" width=\"493\" height=\"300\" src=\"http:\/\/academiemixte.com\/wp-content\/uploads\/2025\/03\/DSCF6837_Florent-Marcozzi-Moati-493x300.jpg\" class=\"attachment-bravada-lpbox-2 size-bravada-lpbox-2 wp-image-2572\" alt=\"\" srcset=\"http:\/\/academiemixte.com\/wp-content\/uploads\/2025\/03\/DSCF6837_Florent-Marcozzi-Moati-493x300.jpg 493w, http:\/\/academiemixte.com\/wp-content\/uploads\/2025\/03\/DSCF6837_Florent-Marcozzi-Moati-18x12.jpg 18w\" sizes=\"(max-width: 493px) 100vw, 493px\" \/>\t\t\t\t\t\t\t\t\t\t\t\t\t\t\t<\/div>\n\t\t\t\t<\/div>\n\t\t\t\t\t<\/div>\n\t\t<\/div>\n\t\t\t\t\t<\/div>\n\t\t<\/section>\n\t\t\t\t<section class=\"elementor-section elementor-top-section elementor-element elementor-element-d828e67 elementor-section-boxed elementor-section-height-default elementor-section-height-default\" data-id=\"d828e67\" data-element_type=\"section\" data-e-type=\"section\">\n\t\t\t\t\t\t<div class=\"elementor-container elementor-column-gap-default\">\n\t\t\t\t\t<div class=\"elementor-column elementor-col-100 elementor-top-column elementor-element elementor-element-8302ec0\" data-id=\"8302ec0\" data-element_type=\"column\" data-e-type=\"column\">\n\t\t\t<div class=\"elementor-widget-wrap elementor-element-populated\">\n\t\t\t\t\t\t<div class=\"elementor-element elementor-element-cb5086e elementor-widget elementor-widget-text-editor\" data-id=\"cb5086e\" data-element_type=\"widget\" data-e-type=\"widget\" data-widget_type=\"text-editor.default\">\n\t\t\t\t<div class=\"elementor-widget-container\">\n\t\t\t\t\t\t\t\t\t<p>Giulia Lorusso est une compositrice italienne bas\u00e9e \u00e0 Paris. Elle a poursuivi ses formations de piano et de composition au Conservatoire \u00ab\u00a0Giuseppe Verdi\u00a0\u00bb de Milan sous la direction d&rsquo;Alessandro Solbiati. Elle a continu\u00e9 ses \u00e9tudes \u00e0 Paris en suivant le Cursus IRCAM et a obtenu un Master au Conservatoire de Paris (CNSMDP) sous la tutelle de Fr\u00e9d\u00e9ric Durieux. Elle a \u00e9galement \u00e9t\u00e9 \u00e9l\u00e8ve dans la classe d&rsquo;improvisation g\u00e9n\u00e9rative dirig\u00e9e par Vincent L\u00ea Quang.<\/p>\n<p>Le r\u00e9pertoire de Lorusso inclut des \u0153uvres instrumentales et \u00e9lectroacoustiques qui int\u00e8grent les nouvelles technologies, explorant la relation dynamique entre le performer, le public et les dispositifs technologiques, ainsi que l&rsquo;interaction entre le son et l&rsquo;espace.<\/p>\n<p>Ses compositions ont \u00e9t\u00e9 command\u00e9es par des institutions prestigieuses telles que l&rsquo;IRCAM &#8211; Centre Pompidou, le GMEM de Marseille, les Donaueschinger Musiktage, Radio France, ProQuartet et ont \u00e9t\u00e9 interpr\u00e9t\u00e9es par des ensembles renomm\u00e9s tels que la Philharmonique de Bruxelles, le Quatuor Tana, le Quatuor Ditotima, l&rsquo;Ensemble 2e2m, les United Instruments of Lucilin, l&rsquo;Ensemble Proxima Centauri, parmi d&rsquo;autres.<\/p>\n<p>Pensionnaire de la Villa M\u00e9dicis pour l&rsquo;ann\u00e9e 2025-2026, Giulia Lorusso a \u00e9t\u00e9 compositrice en r\u00e9sidence au ZKM (Zentrum f\u00fcr Kunst und Medien) \u00e0 Karlsruhe, \u00e0 l&rsquo;Universit\u00e9 europ\u00e9enne de Chypre (EUC), \u00e0 la Fondation Royaumont (projet Incubator) et \u00e0 la Fondazione Spinola-Banna per l&rsquo;arte \u00e0 Turin. Lorusso a \u00e9t\u00e9 compositrice associ\u00e9e \u00e0 l&rsquo;Ensemble 2e2m pour la saison 2023-2024. En 2023, elle re\u00e7oit le Prix SACEM Herv\u00e9 Dugardin et le Premio Una vita nella musica giovani en 2024.<\/p>\n<p>Le catalogue de Lorusso comprend \u00e9galement des \u0153uvres interdisciplinaires explorant les installations, l&rsquo;interaction, le th\u00e9\u00e2tre musical exp\u00e9rimental et la composition collective. Elle a collabor\u00e9 avec des chercheurs de l&rsquo;INRIA (Institut national de recherche en sciences et technologies du num\u00e9rique) \u00e0 Paris, des philosophes comme Emanuele Coccia et Rosario Diana, des artistes visuels tels que Jessica Rimondi et Kesson Dalef, ainsi que des danseurs et des marionnettistes.<\/p>\n<p>En particulier, son installation interactive <em>Fabrica<\/em> a \u00e9t\u00e9 pr\u00e9sent\u00e9e dans l&rsquo;exposition <em>R\u00e9seaux Monde<\/em> au Centre Pompidou en 2021.<\/p>\n<p>Lorusso est \u00e9galement activement engag\u00e9e dans l&rsquo;enseignement, en tant que professeure et p\u00e9dagogue. Elle a \u00e9t\u00e9 professeure invit\u00e9e lors de la premi\u00e8re \u00e9dition de l&rsquo;Acad\u00e9mie MIXTE, organis\u00e9e par l&rsquo;Ensemble Proxima Centauri \u00e0 Bordeaux, France. Elle a enseign\u00e9 la composition \u00e0 des niveaux de licence et de master en Italie, au Conservatoire de Pesaro et au Conservatoire de Vibo Valentia.<\/p>\n<p>Pour aller plus loin : <a href=\"https:\/\/www.giulia-lorusso.com\" target=\"_blank\" rel=\"noopener\">https:\/\/www.giulia-lorusso.com<\/a><\/p>\t\t\t\t\t\t\t\t<\/div>\n\t\t\t\t<\/div>\n\t\t\t\t\t<\/div>\n\t\t<\/div>\n\t\t\t\t\t<\/div>\n\t\t<\/section>\n\t\t\t\t<\/div>\n\t\t","protected":false},"excerpt":{"rendered":"<p>Giulia Lorusso est une compositrice italienne bas\u00e9e \u00e0 Paris. Elle a poursuivi ses formations de piano et de composition au Conservatoire \u00ab\u00a0Giuseppe Verdi\u00a0\u00bb de Milan &hellip;<\/p>\n","protected":false},"author":1,"featured_media":0,"parent":0,"menu_order":0,"comment_status":"closed","ping_status":"closed","template":"","meta":{"footnotes":""},"class_list":["post-2436","page","type-page","status-publish","hentry"],"yoast_head":"<!-- This site is optimized with the Yoast SEO plugin v27.3 - https:\/\/yoast.com\/product\/yoast-seo-wordpress\/ -->\n<title>Giulia Lorusso, compositrice &#8226; Acad\u00e9mie MIXTE<\/title>\n<meta name=\"robots\" content=\"index, follow, max-snippet:-1, max-image-preview:large, max-video-preview:-1\" \/>\n<link rel=\"canonical\" href=\"http:\/\/academiemixte.com\/fr_fr\/giulia-lorusso-compositrice\/\" \/>\n<meta property=\"og:locale\" content=\"fr_FR\" \/>\n<meta property=\"og:type\" content=\"article\" \/>\n<meta property=\"og:title\" content=\"Giulia Lorusso, compositrice &#8226; Acad\u00e9mie MIXTE\" \/>\n<meta property=\"og:description\" content=\"Giulia Lorusso est une compositrice italienne bas\u00e9e \u00e0 Paris. Elle a poursuivi ses formations de piano et de composition au Conservatoire \u00ab\u00a0Giuseppe Verdi\u00a0\u00bb de Milan &hellip;\" \/>\n<meta property=\"og:url\" content=\"http:\/\/academiemixte.com\/fr_fr\/giulia-lorusso-compositrice\/\" \/>\n<meta property=\"og:site_name\" content=\"Acad\u00e9mie MIXTE\" \/>\n<meta property=\"article:publisher\" content=\"https:\/\/www.facebook.com\/MIXTEacademie\" \/>\n<meta property=\"article:modified_time\" content=\"2025-03-18T17:07:52+00:00\" \/>\n<meta property=\"og:image\" content=\"http:\/\/academiemixte.com\/wp-content\/uploads\/2025\/03\/DSCF6837_Florent-Marcozzi-Moati-scaled.jpg\" \/>\n\t<meta property=\"og:image:width\" content=\"2560\" \/>\n\t<meta property=\"og:image:height\" content=\"1707\" \/>\n\t<meta property=\"og:image:type\" content=\"image\/jpeg\" \/>\n<meta name=\"twitter:card\" content=\"summary_large_image\" \/>\n<meta name=\"twitter:site\" content=\"@PcProxima\" \/>\n<meta name=\"twitter:label1\" content=\"Dur\u00e9e de lecture estim\u00e9e\" \/>\n\t<meta name=\"twitter:data1\" content=\"3 minutes\" \/>\n<script type=\"application\/ld+json\" class=\"yoast-schema-graph\">{\"@context\":\"https:\\\/\\\/schema.org\",\"@graph\":[{\"@type\":\"WebPage\",\"@id\":\"http:\\\/\\\/academiemixte.com\\\/giulia-lorusso-compositrice\\\/\",\"url\":\"http:\\\/\\\/academiemixte.com\\\/giulia-lorusso-compositrice\\\/\",\"name\":\"Giulia Lorusso, compositrice &#8226; Acad\u00e9mie MIXTE\",\"isPartOf\":{\"@id\":\"http:\\\/\\\/academiemixte.com\\\/#website\"},\"primaryImageOfPage\":{\"@id\":\"http:\\\/\\\/academiemixte.com\\\/giulia-lorusso-compositrice\\\/#primaryimage\"},\"image\":{\"@id\":\"http:\\\/\\\/academiemixte.com\\\/giulia-lorusso-compositrice\\\/#primaryimage\"},\"thumbnailUrl\":\"http:\\\/\\\/academiemixte.com\\\/wp-content\\\/uploads\\\/2025\\\/03\\\/DSCF6837_Florent-Marcozzi-Moati-493x300.jpg\",\"datePublished\":\"2025-03-03T11:09:07+00:00\",\"dateModified\":\"2025-03-18T17:07:52+00:00\",\"breadcrumb\":{\"@id\":\"http:\\\/\\\/academiemixte.com\\\/giulia-lorusso-compositrice\\\/#breadcrumb\"},\"inLanguage\":\"fr-FR\",\"potentialAction\":[{\"@type\":\"ReadAction\",\"target\":[\"http:\\\/\\\/academiemixte.com\\\/giulia-lorusso-compositrice\\\/\"]}]},{\"@type\":\"ImageObject\",\"inLanguage\":\"fr-FR\",\"@id\":\"http:\\\/\\\/academiemixte.com\\\/giulia-lorusso-compositrice\\\/#primaryimage\",\"url\":\"http:\\\/\\\/academiemixte.com\\\/wp-content\\\/uploads\\\/2025\\\/03\\\/DSCF6837_Florent-Marcozzi-Moati-493x300.jpg\",\"contentUrl\":\"http:\\\/\\\/academiemixte.com\\\/wp-content\\\/uploads\\\/2025\\\/03\\\/DSCF6837_Florent-Marcozzi-Moati-493x300.jpg\"},{\"@type\":\"BreadcrumbList\",\"@id\":\"http:\\\/\\\/academiemixte.com\\\/giulia-lorusso-compositrice\\\/#breadcrumb\",\"itemListElement\":[{\"@type\":\"ListItem\",\"position\":1,\"name\":\"Accueil\",\"item\":\"http:\\\/\\\/academiemixte.com\\\/\"},{\"@type\":\"ListItem\",\"position\":2,\"name\":\"Giulia Lorusso, compositrice\"}]},{\"@type\":\"WebSite\",\"@id\":\"http:\\\/\\\/academiemixte.com\\\/#website\",\"url\":\"http:\\\/\\\/academiemixte.com\\\/\",\"name\":\"Acad\u00e9mie MIXTE\",\"description\":\"Acad\u00e9mie internationale de cr\u00e9ation musicale\",\"publisher\":{\"@id\":\"http:\\\/\\\/academiemixte.com\\\/#organization\"},\"potentialAction\":[{\"@type\":\"SearchAction\",\"target\":{\"@type\":\"EntryPoint\",\"urlTemplate\":\"http:\\\/\\\/academiemixte.com\\\/?s={search_term_string}\"},\"query-input\":{\"@type\":\"PropertyValueSpecification\",\"valueRequired\":true,\"valueName\":\"search_term_string\"}}],\"inLanguage\":\"fr-FR\"},{\"@type\":\"Organization\",\"@id\":\"http:\\\/\\\/academiemixte.com\\\/#organization\",\"name\":\"Acad\u00e9mie MIXTE\",\"url\":\"http:\\\/\\\/academiemixte.com\\\/\",\"logo\":{\"@type\":\"ImageObject\",\"inLanguage\":\"fr-FR\",\"@id\":\"http:\\\/\\\/academiemixte.com\\\/#\\\/schema\\\/logo\\\/image\\\/\",\"url\":\"http:\\\/\\\/academiemixte.com\\\/wp-content\\\/uploads\\\/2022\\\/01\\\/LOGO-test1.jpg\",\"contentUrl\":\"http:\\\/\\\/academiemixte.com\\\/wp-content\\\/uploads\\\/2022\\\/01\\\/LOGO-test1.jpg\",\"width\":270,\"height\":341,\"caption\":\"Acad\u00e9mie MIXTE\"},\"image\":{\"@id\":\"http:\\\/\\\/academiemixte.com\\\/#\\\/schema\\\/logo\\\/image\\\/\"},\"sameAs\":[\"https:\\\/\\\/www.facebook.com\\\/MIXTEacademie\",\"https:\\\/\\\/x.com\\\/PcProxima\",\"https:\\\/\\\/www.instagram.com\\\/proximacentauribdx\\\/\",\"https:\\\/\\\/www.linkedin.com\\\/in\\\/proximacentauri\\\/\",\"https:\\\/\\\/www.youtube.com\\\/c\\\/proximacentaurimusique\"]}]}<\/script>\n<!-- \/ Yoast SEO plugin. -->","yoast_head_json":{"title":"Giulia Lorusso, compositrice &#8226; Acad\u00e9mie MIXTE","robots":{"index":"index","follow":"follow","max-snippet":"max-snippet:-1","max-image-preview":"max-image-preview:large","max-video-preview":"max-video-preview:-1"},"canonical":"http:\/\/academiemixte.com\/fr_fr\/giulia-lorusso-compositrice\/","og_locale":"fr_FR","og_type":"article","og_title":"Giulia Lorusso, compositrice &#8226; Acad\u00e9mie MIXTE","og_description":"Giulia Lorusso est une compositrice italienne bas\u00e9e \u00e0 Paris. Elle a poursuivi ses formations de piano et de composition au Conservatoire \u00ab\u00a0Giuseppe Verdi\u00a0\u00bb de Milan &hellip;","og_url":"http:\/\/academiemixte.com\/fr_fr\/giulia-lorusso-compositrice\/","og_site_name":"Acad\u00e9mie MIXTE","article_publisher":"https:\/\/www.facebook.com\/MIXTEacademie","article_modified_time":"2025-03-18T17:07:52+00:00","og_image":[{"width":2560,"height":1707,"url":"http:\/\/academiemixte.com\/wp-content\/uploads\/2025\/03\/DSCF6837_Florent-Marcozzi-Moati-scaled.jpg","type":"image\/jpeg"}],"twitter_card":"summary_large_image","twitter_site":"@PcProxima","twitter_misc":{"Dur\u00e9e de lecture estim\u00e9e":"3 minutes"},"schema":{"@context":"https:\/\/schema.org","@graph":[{"@type":"WebPage","@id":"http:\/\/academiemixte.com\/giulia-lorusso-compositrice\/","url":"http:\/\/academiemixte.com\/giulia-lorusso-compositrice\/","name":"Giulia Lorusso, compositrice &#8226; Acad\u00e9mie MIXTE","isPartOf":{"@id":"http:\/\/academiemixte.com\/#website"},"primaryImageOfPage":{"@id":"http:\/\/academiemixte.com\/giulia-lorusso-compositrice\/#primaryimage"},"image":{"@id":"http:\/\/academiemixte.com\/giulia-lorusso-compositrice\/#primaryimage"},"thumbnailUrl":"http:\/\/academiemixte.com\/wp-content\/uploads\/2025\/03\/DSCF6837_Florent-Marcozzi-Moati-493x300.jpg","datePublished":"2025-03-03T11:09:07+00:00","dateModified":"2025-03-18T17:07:52+00:00","breadcrumb":{"@id":"http:\/\/academiemixte.com\/giulia-lorusso-compositrice\/#breadcrumb"},"inLanguage":"fr-FR","potentialAction":[{"@type":"ReadAction","target":["http:\/\/academiemixte.com\/giulia-lorusso-compositrice\/"]}]},{"@type":"ImageObject","inLanguage":"fr-FR","@id":"http:\/\/academiemixte.com\/giulia-lorusso-compositrice\/#primaryimage","url":"http:\/\/academiemixte.com\/wp-content\/uploads\/2025\/03\/DSCF6837_Florent-Marcozzi-Moati-493x300.jpg","contentUrl":"http:\/\/academiemixte.com\/wp-content\/uploads\/2025\/03\/DSCF6837_Florent-Marcozzi-Moati-493x300.jpg"},{"@type":"BreadcrumbList","@id":"http:\/\/academiemixte.com\/giulia-lorusso-compositrice\/#breadcrumb","itemListElement":[{"@type":"ListItem","position":1,"name":"Accueil","item":"http:\/\/academiemixte.com\/"},{"@type":"ListItem","position":2,"name":"Giulia Lorusso, compositrice"}]},{"@type":"WebSite","@id":"http:\/\/academiemixte.com\/#website","url":"http:\/\/academiemixte.com\/","name":"Acad\u00e9mie MIXTE","description":"Acad\u00e9mie internationale de cr\u00e9ation musicale","publisher":{"@id":"http:\/\/academiemixte.com\/#organization"},"potentialAction":[{"@type":"SearchAction","target":{"@type":"EntryPoint","urlTemplate":"http:\/\/academiemixte.com\/?s={search_term_string}"},"query-input":{"@type":"PropertyValueSpecification","valueRequired":true,"valueName":"search_term_string"}}],"inLanguage":"fr-FR"},{"@type":"Organization","@id":"http:\/\/academiemixte.com\/#organization","name":"Acad\u00e9mie MIXTE","url":"http:\/\/academiemixte.com\/","logo":{"@type":"ImageObject","inLanguage":"fr-FR","@id":"http:\/\/academiemixte.com\/#\/schema\/logo\/image\/","url":"http:\/\/academiemixte.com\/wp-content\/uploads\/2022\/01\/LOGO-test1.jpg","contentUrl":"http:\/\/academiemixte.com\/wp-content\/uploads\/2022\/01\/LOGO-test1.jpg","width":270,"height":341,"caption":"Acad\u00e9mie MIXTE"},"image":{"@id":"http:\/\/academiemixte.com\/#\/schema\/logo\/image\/"},"sameAs":["https:\/\/www.facebook.com\/MIXTEacademie","https:\/\/x.com\/PcProxima","https:\/\/www.instagram.com\/proximacentauribdx\/","https:\/\/www.linkedin.com\/in\/proximacentauri\/","https:\/\/www.youtube.com\/c\/proximacentaurimusique"]}]}},"_links":{"self":[{"href":"http:\/\/academiemixte.com\/fr_fr\/wp-json\/wp\/v2\/pages\/2436","targetHints":{"allow":["GET"]}}],"collection":[{"href":"http:\/\/academiemixte.com\/fr_fr\/wp-json\/wp\/v2\/pages"}],"about":[{"href":"http:\/\/academiemixte.com\/fr_fr\/wp-json\/wp\/v2\/types\/page"}],"author":[{"embeddable":true,"href":"http:\/\/academiemixte.com\/fr_fr\/wp-json\/wp\/v2\/users\/1"}],"replies":[{"embeddable":true,"href":"http:\/\/academiemixte.com\/fr_fr\/wp-json\/wp\/v2\/comments?post=2436"}],"version-history":[{"count":17,"href":"http:\/\/academiemixte.com\/fr_fr\/wp-json\/wp\/v2\/pages\/2436\/revisions"}],"predecessor-version":[{"id":2802,"href":"http:\/\/academiemixte.com\/fr_fr\/wp-json\/wp\/v2\/pages\/2436\/revisions\/2802"}],"wp:attachment":[{"href":"http:\/\/academiemixte.com\/fr_fr\/wp-json\/wp\/v2\/media?parent=2436"}],"curies":[{"name":"wp","href":"https:\/\/api.w.org\/{rel}","templated":true}]}}