{"id":2450,"date":"2025-03-03T11:23:45","date_gmt":"2025-03-03T11:23:45","guid":{"rendered":"http:\/\/academiemixte.com\/?page_id=2450"},"modified":"2025-03-18T17:33:56","modified_gmt":"2025-03-18T17:33:56","slug":"yui-sakagoshi-saxophone-et-mouvement","status":"publish","type":"page","link":"http:\/\/academiemixte.com\/fr_fr\/yui-sakagoshi-saxophone-et-mouvement\/","title":{"rendered":"Yui Sakagoshi, saxophone et mouvement"},"content":{"rendered":"\t\t<div data-elementor-type=\"wp-page\" data-elementor-id=\"2450\" class=\"elementor elementor-2450\">\n\t\t\t\t\t\t<section class=\"elementor-section elementor-top-section elementor-element elementor-element-3bdd19f elementor-section-boxed elementor-section-height-default elementor-section-height-default\" data-id=\"3bdd19f\" data-element_type=\"section\" data-e-type=\"section\">\n\t\t\t\t\t\t<div class=\"elementor-container elementor-column-gap-default\">\n\t\t\t\t\t<div class=\"elementor-column elementor-col-100 elementor-top-column elementor-element elementor-element-e150839\" data-id=\"e150839\" data-element_type=\"column\" data-e-type=\"column\">\n\t\t\t<div class=\"elementor-widget-wrap elementor-element-populated\">\n\t\t\t\t\t\t<div class=\"elementor-element elementor-element-bf0e75f elementor-widget elementor-widget-image\" data-id=\"bf0e75f\" data-element_type=\"widget\" data-e-type=\"widget\" data-widget_type=\"image.default\">\n\t\t\t\t<div class=\"elementor-widget-container\">\n\t\t\t\t\t\t\t\t\t\t\t\t\t\t\t<img fetchpriority=\"high\" decoding=\"async\" width=\"493\" height=\"300\" src=\"http:\/\/academiemixte.com\/wp-content\/uploads\/2025\/02\/Yui_0515-2-493x300.jpg\" class=\"attachment-bravada-lpbox-2 size-bravada-lpbox-2 wp-image-2388\" alt=\"\" srcset=\"http:\/\/academiemixte.com\/wp-content\/uploads\/2025\/02\/Yui_0515-2-493x300.jpg 493w, http:\/\/academiemixte.com\/wp-content\/uploads\/2025\/02\/Yui_0515-2-18x12.jpg 18w\" sizes=\"(max-width: 493px) 100vw, 493px\" \/>\t\t\t\t\t\t\t\t\t\t\t\t\t\t\t<\/div>\n\t\t\t\t<\/div>\n\t\t\t\t\t<\/div>\n\t\t<\/div>\n\t\t\t\t\t<\/div>\n\t\t<\/section>\n\t\t\t\t<section class=\"elementor-section elementor-top-section elementor-element elementor-element-d124bef elementor-section-boxed elementor-section-height-default elementor-section-height-default\" data-id=\"d124bef\" data-element_type=\"section\" data-e-type=\"section\">\n\t\t\t\t\t\t<div class=\"elementor-container elementor-column-gap-default\">\n\t\t\t\t\t<div class=\"elementor-column elementor-col-100 elementor-top-column elementor-element elementor-element-ebfc52b\" data-id=\"ebfc52b\" data-element_type=\"column\" data-e-type=\"column\">\n\t\t\t<div class=\"elementor-widget-wrap elementor-element-populated\">\n\t\t\t\t\t\t<div class=\"elementor-element elementor-element-4420b32 elementor-widget elementor-widget-text-editor\" data-id=\"4420b32\" data-element_type=\"widget\" data-e-type=\"widget\" data-widget_type=\"text-editor.default\">\n\t\t\t\t<div class=\"elementor-widget-container\">\n\t\t\t\t\t\t\t\t\t<p>Install\u00e9e en France depuis 2012 apr\u00e8s ses \u00e9tudes \u00e0 Osaka, elle a \u00e9t\u00e9 la premi\u00e8re Japonaise admise, entre 2020 et 2022, au cursus \u00ab\u00a0Artist Dipoma\u00a0\u00bb du CNSMD de Lyon, sous la direction de Jean Geoffroy. Elle y a cr\u00e9\u00e9 son premier spectacle solo de th\u00e9\u00e2tre musical, intitul\u00e9 \u00ab Au milieu de \u00bb, pr\u00e9sent\u00e9 au Festival D\u00e9tours de Babel.<\/p><p>Dot\u00e9e d&rsquo;une forte pr\u00e9sence sc\u00e9nique, elle exprime son \u00e9nergie \u00e0 travers son corps, sa voix et son instrument. Son expression, vari\u00e9e et riche, s&rsquo;\u00e9tend sur un large \u00e9ventail du performing-arts. Elle explore la synergie entre l&rsquo;instrument et le corps, ainsi que la corporalit\u00e9 et la th\u00e9\u00e2tralit\u00e9 dans la musique. Ses cr\u00e9ations allient improvisation, expression corporelle et nouvelles technologies.<\/p><p>Passionn\u00e9e par la recherche sonore et la cr\u00e9ation, Yui est membre d&rsquo;ensembles sp\u00e9cialis\u00e9s dans la cr\u00e9ation contemporaine : l&rsquo;Ensemble Orbis et le Collectif LiSiLog.<\/p><p>Site internet : <a href=\"https:\/\/www.yuisakagoshi.com\" target=\"_blank\" rel=\"noopener\">https:\/\/www.yuisakagoshi.com<\/a><\/p>\t\t\t\t\t\t\t\t<\/div>\n\t\t\t\t<\/div>\n\t\t\t\t\t<\/div>\n\t\t<\/div>\n\t\t\t\t\t<\/div>\n\t\t<\/section>\n\t\t\t\t<\/div>\n\t\t","protected":false},"excerpt":{"rendered":"<p>Install\u00e9e en France depuis 2012 apr\u00e8s ses \u00e9tudes \u00e0 Osaka, elle a \u00e9t\u00e9 la premi\u00e8re Japonaise admise, entre 2020 et 2022, au cursus \u00ab\u00a0Artist Dipoma\u00a0\u00bb &hellip;<\/p>\n","protected":false},"author":1,"featured_media":0,"parent":0,"menu_order":0,"comment_status":"closed","ping_status":"closed","template":"","meta":{"footnotes":""},"class_list":["post-2450","page","type-page","status-publish","hentry"],"yoast_head":"<!-- This site is optimized with the Yoast SEO plugin v27.3 - https:\/\/yoast.com\/product\/yoast-seo-wordpress\/ -->\n<title>Yui Sakagoshi, saxophone et mouvement &#8226; Acad\u00e9mie MIXTE<\/title>\n<meta name=\"robots\" content=\"index, follow, max-snippet:-1, max-image-preview:large, max-video-preview:-1\" \/>\n<link rel=\"canonical\" href=\"http:\/\/academiemixte.com\/fr_fr\/yui-sakagoshi-saxophone-et-mouvement\/\" \/>\n<meta property=\"og:locale\" content=\"fr_FR\" \/>\n<meta property=\"og:type\" content=\"article\" \/>\n<meta property=\"og:title\" content=\"Yui Sakagoshi, saxophone et mouvement &#8226; Acad\u00e9mie MIXTE\" \/>\n<meta property=\"og:description\" content=\"Install\u00e9e en France depuis 2012 apr\u00e8s ses \u00e9tudes \u00e0 Osaka, elle a \u00e9t\u00e9 la premi\u00e8re Japonaise admise, entre 2020 et 2022, au cursus \u00ab\u00a0Artist Dipoma\u00a0\u00bb &hellip;\" \/>\n<meta property=\"og:url\" content=\"http:\/\/academiemixte.com\/fr_fr\/yui-sakagoshi-saxophone-et-mouvement\/\" \/>\n<meta property=\"og:site_name\" content=\"Acad\u00e9mie MIXTE\" \/>\n<meta property=\"article:publisher\" content=\"https:\/\/www.facebook.com\/MIXTEacademie\" \/>\n<meta property=\"article:modified_time\" content=\"2025-03-18T17:33:56+00:00\" \/>\n<meta property=\"og:image\" content=\"http:\/\/academiemixte.com\/wp-content\/uploads\/2025\/02\/Yui_0515-2-scaled.jpg\" \/>\n\t<meta property=\"og:image:width\" content=\"2560\" \/>\n\t<meta property=\"og:image:height\" content=\"1704\" \/>\n\t<meta property=\"og:image:type\" content=\"image\/jpeg\" \/>\n<meta name=\"twitter:card\" content=\"summary_large_image\" \/>\n<meta name=\"twitter:site\" content=\"@PcProxima\" \/>\n<meta name=\"twitter:label1\" content=\"Dur\u00e9e de lecture estim\u00e9e\" \/>\n\t<meta name=\"twitter:data1\" content=\"1 minute\" \/>\n<script type=\"application\/ld+json\" class=\"yoast-schema-graph\">{\"@context\":\"https:\\\/\\\/schema.org\",\"@graph\":[{\"@type\":\"WebPage\",\"@id\":\"http:\\\/\\\/academiemixte.com\\\/yui-sakagoshi-saxophone-et-mouvement\\\/\",\"url\":\"http:\\\/\\\/academiemixte.com\\\/yui-sakagoshi-saxophone-et-mouvement\\\/\",\"name\":\"Yui Sakagoshi, saxophone et mouvement &#8226; Acad\u00e9mie MIXTE\",\"isPartOf\":{\"@id\":\"http:\\\/\\\/academiemixte.com\\\/#website\"},\"primaryImageOfPage\":{\"@id\":\"http:\\\/\\\/academiemixte.com\\\/yui-sakagoshi-saxophone-et-mouvement\\\/#primaryimage\"},\"image\":{\"@id\":\"http:\\\/\\\/academiemixte.com\\\/yui-sakagoshi-saxophone-et-mouvement\\\/#primaryimage\"},\"thumbnailUrl\":\"http:\\\/\\\/academiemixte.com\\\/wp-content\\\/uploads\\\/2025\\\/02\\\/Yui_0515-2-493x300.jpg\",\"datePublished\":\"2025-03-03T11:23:45+00:00\",\"dateModified\":\"2025-03-18T17:33:56+00:00\",\"breadcrumb\":{\"@id\":\"http:\\\/\\\/academiemixte.com\\\/yui-sakagoshi-saxophone-et-mouvement\\\/#breadcrumb\"},\"inLanguage\":\"fr-FR\",\"potentialAction\":[{\"@type\":\"ReadAction\",\"target\":[\"http:\\\/\\\/academiemixte.com\\\/yui-sakagoshi-saxophone-et-mouvement\\\/\"]}]},{\"@type\":\"ImageObject\",\"inLanguage\":\"fr-FR\",\"@id\":\"http:\\\/\\\/academiemixte.com\\\/yui-sakagoshi-saxophone-et-mouvement\\\/#primaryimage\",\"url\":\"http:\\\/\\\/academiemixte.com\\\/wp-content\\\/uploads\\\/2025\\\/02\\\/Yui_0515-2-493x300.jpg\",\"contentUrl\":\"http:\\\/\\\/academiemixte.com\\\/wp-content\\\/uploads\\\/2025\\\/02\\\/Yui_0515-2-493x300.jpg\"},{\"@type\":\"BreadcrumbList\",\"@id\":\"http:\\\/\\\/academiemixte.com\\\/yui-sakagoshi-saxophone-et-mouvement\\\/#breadcrumb\",\"itemListElement\":[{\"@type\":\"ListItem\",\"position\":1,\"name\":\"Accueil\",\"item\":\"http:\\\/\\\/academiemixte.com\\\/\"},{\"@type\":\"ListItem\",\"position\":2,\"name\":\"Yui Sakagoshi, saxophone et mouvement\"}]},{\"@type\":\"WebSite\",\"@id\":\"http:\\\/\\\/academiemixte.com\\\/#website\",\"url\":\"http:\\\/\\\/academiemixte.com\\\/\",\"name\":\"Acad\u00e9mie MIXTE\",\"description\":\"Acad\u00e9mie internationale de cr\u00e9ation musicale\",\"publisher\":{\"@id\":\"http:\\\/\\\/academiemixte.com\\\/#organization\"},\"potentialAction\":[{\"@type\":\"SearchAction\",\"target\":{\"@type\":\"EntryPoint\",\"urlTemplate\":\"http:\\\/\\\/academiemixte.com\\\/?s={search_term_string}\"},\"query-input\":{\"@type\":\"PropertyValueSpecification\",\"valueRequired\":true,\"valueName\":\"search_term_string\"}}],\"inLanguage\":\"fr-FR\"},{\"@type\":\"Organization\",\"@id\":\"http:\\\/\\\/academiemixte.com\\\/#organization\",\"name\":\"Acad\u00e9mie MIXTE\",\"url\":\"http:\\\/\\\/academiemixte.com\\\/\",\"logo\":{\"@type\":\"ImageObject\",\"inLanguage\":\"fr-FR\",\"@id\":\"http:\\\/\\\/academiemixte.com\\\/#\\\/schema\\\/logo\\\/image\\\/\",\"url\":\"http:\\\/\\\/academiemixte.com\\\/wp-content\\\/uploads\\\/2022\\\/01\\\/LOGO-test1.jpg\",\"contentUrl\":\"http:\\\/\\\/academiemixte.com\\\/wp-content\\\/uploads\\\/2022\\\/01\\\/LOGO-test1.jpg\",\"width\":270,\"height\":341,\"caption\":\"Acad\u00e9mie MIXTE\"},\"image\":{\"@id\":\"http:\\\/\\\/academiemixte.com\\\/#\\\/schema\\\/logo\\\/image\\\/\"},\"sameAs\":[\"https:\\\/\\\/www.facebook.com\\\/MIXTEacademie\",\"https:\\\/\\\/x.com\\\/PcProxima\",\"https:\\\/\\\/www.instagram.com\\\/proximacentauribdx\\\/\",\"https:\\\/\\\/www.linkedin.com\\\/in\\\/proximacentauri\\\/\",\"https:\\\/\\\/www.youtube.com\\\/c\\\/proximacentaurimusique\"]}]}<\/script>\n<!-- \/ Yoast SEO plugin. -->","yoast_head_json":{"title":"Yui Sakagoshi, saxophone et mouvement &#8226; Acad\u00e9mie MIXTE","robots":{"index":"index","follow":"follow","max-snippet":"max-snippet:-1","max-image-preview":"max-image-preview:large","max-video-preview":"max-video-preview:-1"},"canonical":"http:\/\/academiemixte.com\/fr_fr\/yui-sakagoshi-saxophone-et-mouvement\/","og_locale":"fr_FR","og_type":"article","og_title":"Yui Sakagoshi, saxophone et mouvement &#8226; Acad\u00e9mie MIXTE","og_description":"Install\u00e9e en France depuis 2012 apr\u00e8s ses \u00e9tudes \u00e0 Osaka, elle a \u00e9t\u00e9 la premi\u00e8re Japonaise admise, entre 2020 et 2022, au cursus \u00ab\u00a0Artist Dipoma\u00a0\u00bb &hellip;","og_url":"http:\/\/academiemixte.com\/fr_fr\/yui-sakagoshi-saxophone-et-mouvement\/","og_site_name":"Acad\u00e9mie MIXTE","article_publisher":"https:\/\/www.facebook.com\/MIXTEacademie","article_modified_time":"2025-03-18T17:33:56+00:00","og_image":[{"width":2560,"height":1704,"url":"http:\/\/academiemixte.com\/wp-content\/uploads\/2025\/02\/Yui_0515-2-scaled.jpg","type":"image\/jpeg"}],"twitter_card":"summary_large_image","twitter_site":"@PcProxima","twitter_misc":{"Dur\u00e9e de lecture estim\u00e9e":"1 minute"},"schema":{"@context":"https:\/\/schema.org","@graph":[{"@type":"WebPage","@id":"http:\/\/academiemixte.com\/yui-sakagoshi-saxophone-et-mouvement\/","url":"http:\/\/academiemixte.com\/yui-sakagoshi-saxophone-et-mouvement\/","name":"Yui Sakagoshi, saxophone et mouvement &#8226; Acad\u00e9mie MIXTE","isPartOf":{"@id":"http:\/\/academiemixte.com\/#website"},"primaryImageOfPage":{"@id":"http:\/\/academiemixte.com\/yui-sakagoshi-saxophone-et-mouvement\/#primaryimage"},"image":{"@id":"http:\/\/academiemixte.com\/yui-sakagoshi-saxophone-et-mouvement\/#primaryimage"},"thumbnailUrl":"http:\/\/academiemixte.com\/wp-content\/uploads\/2025\/02\/Yui_0515-2-493x300.jpg","datePublished":"2025-03-03T11:23:45+00:00","dateModified":"2025-03-18T17:33:56+00:00","breadcrumb":{"@id":"http:\/\/academiemixte.com\/yui-sakagoshi-saxophone-et-mouvement\/#breadcrumb"},"inLanguage":"fr-FR","potentialAction":[{"@type":"ReadAction","target":["http:\/\/academiemixte.com\/yui-sakagoshi-saxophone-et-mouvement\/"]}]},{"@type":"ImageObject","inLanguage":"fr-FR","@id":"http:\/\/academiemixte.com\/yui-sakagoshi-saxophone-et-mouvement\/#primaryimage","url":"http:\/\/academiemixte.com\/wp-content\/uploads\/2025\/02\/Yui_0515-2-493x300.jpg","contentUrl":"http:\/\/academiemixte.com\/wp-content\/uploads\/2025\/02\/Yui_0515-2-493x300.jpg"},{"@type":"BreadcrumbList","@id":"http:\/\/academiemixte.com\/yui-sakagoshi-saxophone-et-mouvement\/#breadcrumb","itemListElement":[{"@type":"ListItem","position":1,"name":"Accueil","item":"http:\/\/academiemixte.com\/"},{"@type":"ListItem","position":2,"name":"Yui Sakagoshi, saxophone et mouvement"}]},{"@type":"WebSite","@id":"http:\/\/academiemixte.com\/#website","url":"http:\/\/academiemixte.com\/","name":"Acad\u00e9mie MIXTE","description":"Acad\u00e9mie internationale de cr\u00e9ation musicale","publisher":{"@id":"http:\/\/academiemixte.com\/#organization"},"potentialAction":[{"@type":"SearchAction","target":{"@type":"EntryPoint","urlTemplate":"http:\/\/academiemixte.com\/?s={search_term_string}"},"query-input":{"@type":"PropertyValueSpecification","valueRequired":true,"valueName":"search_term_string"}}],"inLanguage":"fr-FR"},{"@type":"Organization","@id":"http:\/\/academiemixte.com\/#organization","name":"Acad\u00e9mie MIXTE","url":"http:\/\/academiemixte.com\/","logo":{"@type":"ImageObject","inLanguage":"fr-FR","@id":"http:\/\/academiemixte.com\/#\/schema\/logo\/image\/","url":"http:\/\/academiemixte.com\/wp-content\/uploads\/2022\/01\/LOGO-test1.jpg","contentUrl":"http:\/\/academiemixte.com\/wp-content\/uploads\/2022\/01\/LOGO-test1.jpg","width":270,"height":341,"caption":"Acad\u00e9mie MIXTE"},"image":{"@id":"http:\/\/academiemixte.com\/#\/schema\/logo\/image\/"},"sameAs":["https:\/\/www.facebook.com\/MIXTEacademie","https:\/\/x.com\/PcProxima","https:\/\/www.instagram.com\/proximacentauribdx\/","https:\/\/www.linkedin.com\/in\/proximacentauri\/","https:\/\/www.youtube.com\/c\/proximacentaurimusique"]}]}},"_links":{"self":[{"href":"http:\/\/academiemixte.com\/fr_fr\/wp-json\/wp\/v2\/pages\/2450","targetHints":{"allow":["GET"]}}],"collection":[{"href":"http:\/\/academiemixte.com\/fr_fr\/wp-json\/wp\/v2\/pages"}],"about":[{"href":"http:\/\/academiemixte.com\/fr_fr\/wp-json\/wp\/v2\/types\/page"}],"author":[{"embeddable":true,"href":"http:\/\/academiemixte.com\/fr_fr\/wp-json\/wp\/v2\/users\/1"}],"replies":[{"embeddable":true,"href":"http:\/\/academiemixte.com\/fr_fr\/wp-json\/wp\/v2\/comments?post=2450"}],"version-history":[{"count":16,"href":"http:\/\/academiemixte.com\/fr_fr\/wp-json\/wp\/v2\/pages\/2450\/revisions"}],"predecessor-version":[{"id":2814,"href":"http:\/\/academiemixte.com\/fr_fr\/wp-json\/wp\/v2\/pages\/2450\/revisions\/2814"}],"wp:attachment":[{"href":"http:\/\/academiemixte.com\/fr_fr\/wp-json\/wp\/v2\/media?parent=2450"}],"curies":[{"name":"wp","href":"https:\/\/api.w.org\/{rel}","templated":true}]}}