{"id":2459,"date":"2025-03-03T11:28:37","date_gmt":"2025-03-03T11:28:37","guid":{"rendered":"http:\/\/academiemixte.com\/?page_id=2459"},"modified":"2025-03-03T12:14:48","modified_gmt":"2025-03-03T12:14:48","slug":"julien-pellegrini-percussions","status":"publish","type":"page","link":"http:\/\/academiemixte.com\/fr_fr\/julien-pellegrini-percussions\/","title":{"rendered":"Julien Pellegrini, percussions"},"content":{"rendered":"\t\t<div data-elementor-type=\"wp-page\" data-elementor-id=\"2459\" class=\"elementor elementor-2459\">\n\t\t\t\t\t\t<section class=\"elementor-section elementor-top-section elementor-element elementor-element-e4bdbdc elementor-section-boxed elementor-section-height-default elementor-section-height-default\" data-id=\"e4bdbdc\" data-element_type=\"section\" data-e-type=\"section\">\n\t\t\t\t\t\t<div class=\"elementor-container elementor-column-gap-default\">\n\t\t\t\t\t<div class=\"elementor-column elementor-col-100 elementor-top-column elementor-element elementor-element-4d8f056\" data-id=\"4d8f056\" data-element_type=\"column\" data-e-type=\"column\">\n\t\t\t<div class=\"elementor-widget-wrap elementor-element-populated\">\n\t\t\t\t\t\t<div class=\"elementor-element elementor-element-9f7432d elementor-widget elementor-widget-image\" data-id=\"9f7432d\" data-element_type=\"widget\" data-e-type=\"widget\" data-widget_type=\"image.default\">\n\t\t\t\t<div class=\"elementor-widget-container\">\n\t\t\t\t\t\t\t\t\t\t\t\t\t\t\t<img fetchpriority=\"high\" decoding=\"async\" width=\"493\" height=\"300\" src=\"http:\/\/academiemixte.com\/wp-content\/uploads\/2025\/03\/Julien_Pellegrini_MAD2_B\u00a9Frederic-Desmesure-493x300.jpg\" class=\"attachment-bravada-lpbox-2 size-bravada-lpbox-2 wp-image-2461\" alt=\"\" srcset=\"http:\/\/academiemixte.com\/wp-content\/uploads\/2025\/03\/Julien_Pellegrini_MAD2_B\u00a9Frederic-Desmesure-493x300.jpg 493w, http:\/\/academiemixte.com\/wp-content\/uploads\/2025\/03\/Julien_Pellegrini_MAD2_B\u00a9Frederic-Desmesure-18x12.jpg 18w\" sizes=\"(max-width: 493px) 100vw, 493px\" \/>\t\t\t\t\t\t\t\t\t\t\t\t\t\t\t<\/div>\n\t\t\t\t<\/div>\n\t\t\t\t<div class=\"elementor-element elementor-element-29175e2 elementor-widget elementor-widget-text-editor\" data-id=\"29175e2\" data-element_type=\"widget\" data-e-type=\"widget\" data-widget_type=\"text-editor.default\">\n\t\t\t\t<div class=\"elementor-widget-container\">\n\t\t\t\t\t\t\t\t\t<p style=\"text-align: center;\">\u00a9Fr\u00e9d\u00e9ric Desmesure<\/p>\t\t\t\t\t\t\t\t<\/div>\n\t\t\t\t<\/div>\n\t\t\t\t\t<\/div>\n\t\t<\/div>\n\t\t\t\t\t<\/div>\n\t\t<\/section>\n\t\t\t\t<section class=\"elementor-section elementor-top-section elementor-element elementor-element-8fb9b75 elementor-section-boxed elementor-section-height-default elementor-section-height-default\" data-id=\"8fb9b75\" data-element_type=\"section\" data-e-type=\"section\">\n\t\t\t\t\t\t<div class=\"elementor-container elementor-column-gap-default\">\n\t\t\t\t\t<div class=\"elementor-column elementor-col-100 elementor-top-column elementor-element elementor-element-2f9f66c\" data-id=\"2f9f66c\" data-element_type=\"column\" data-e-type=\"column\">\n\t\t\t<div class=\"elementor-widget-wrap elementor-element-populated\">\n\t\t\t\t\t\t<div class=\"elementor-element elementor-element-54c90f1 elementor-widget elementor-widget-text-editor\" data-id=\"54c90f1\" data-element_type=\"widget\" data-e-type=\"widget\" data-widget_type=\"text-editor.default\">\n\t\t\t\t<div class=\"elementor-widget-container\">\n\t\t\t\t\t\t\t\t\t<section class=\"elementor-section elementor-top-section elementor-element elementor-element-ffbd47c elementor-section-boxed elementor-section-height-default elementor-section-height-default\" data-id=\"ffbd47c\" data-element_type=\"section\"><div class=\"elementor-container elementor-column-gap-default\"><div class=\"elementor-column elementor-col-100 elementor-top-column elementor-element elementor-element-ba0a555\" data-id=\"ba0a555\" data-element_type=\"column\"><div class=\"elementor-widget-wrap elementor-element-populated\"><div class=\"elementor-element elementor-element-1dfcf1d elementor-widget elementor-widget-text-editor\" data-id=\"1dfcf1d\" data-element_type=\"widget\" data-widget_type=\"text-editor.default\"><div class=\"elementor-widget-container\"><p>Passionn\u00e9 par les nombreux aspects que les percussions peuvent prendre, Julien Pellegrini explore bon nombre de leurs facettes : cr\u00e9ation contemporaine, improvisation, musique de chambre, musique ancienne, orchestre symphonique.<\/p><p>Il travaille notamment avec Proxima Centauri et joue r\u00e9guli\u00e8rement avec l\u2019Orchestre National de Bordeaux Aquitaine, l\u2019Orchestre Philharmonique de Monte-Carlo, l\u2019Ensemble Sillage, les orchestres de Lyon, Rennes, Limoges\u2026<\/p><p>Sa participation depuis 2016 \u00e0 l\u2019Ensemble Alkymia l\u2019am\u00e8ne \u00e0 m\u00ealer r\u00e9guli\u00e8rement musiques anciennes, improvisations, cr\u00e9ations et exp\u00e9rimentations sonores.<\/p><p>Il y d\u00e9ploie aussi ses comp\u00e9tences \u00e9lectroacoustique (programmation et traitement sonore).<\/p><p>Il a particip\u00e9 r\u00e9cemment \u00e0 l\u2019enregistrement du disque Aubes de Robert Pascal ainsi qu\u2019\u00e0 la cr\u00e9ation de sa derni\u00e8re pi\u00e8ce, Herbes Rases.<\/p><p>Julien Pellegrini est dipl\u00f4m\u00e9 du Conservatoire National Sup\u00e9rieur de Musique et de Danse de Lyon en percussion et musique de chambre. Il est \u00e9galement tr\u00e8s int\u00e9ress\u00e9 par la p\u00e9dagogie, apr\u00e8s avoir obtenu son CA en 2017, il a enseign\u00e9 au CRR de Rennes jusqu\u2019en 2022.<\/p><p>Il est actuellement professeur de percussion au CRR de Bordeaux.<\/p><\/div><\/div><\/div><\/div><\/div><\/section>\t\t\t\t\t\t\t\t<\/div>\n\t\t\t\t<\/div>\n\t\t\t\t\t<\/div>\n\t\t<\/div>\n\t\t\t\t\t<\/div>\n\t\t<\/section>\n\t\t\t\t<\/div>\n\t\t","protected":false},"excerpt":{"rendered":"<p>\u00a9Fr\u00e9d\u00e9ric Desmesure Passionn\u00e9 par les nombreux aspects que les percussions peuvent prendre, Julien Pellegrini explore bon nombre de leurs facettes : cr\u00e9ation contemporaine, improvisation, musique &hellip;<\/p>\n","protected":false},"author":1,"featured_media":0,"parent":0,"menu_order":0,"comment_status":"closed","ping_status":"closed","template":"","meta":{"footnotes":""},"class_list":["post-2459","page","type-page","status-publish","hentry"],"yoast_head":"<!-- This site is optimized with the Yoast SEO plugin v27.3 - https:\/\/yoast.com\/product\/yoast-seo-wordpress\/ -->\n<title>Julien Pellegrini, percussions &#8226; Acad\u00e9mie MIXTE<\/title>\n<meta name=\"robots\" content=\"index, follow, max-snippet:-1, max-image-preview:large, max-video-preview:-1\" \/>\n<link rel=\"canonical\" href=\"http:\/\/academiemixte.com\/fr_fr\/julien-pellegrini-percussions\/\" \/>\n<meta property=\"og:locale\" content=\"fr_FR\" \/>\n<meta property=\"og:type\" content=\"article\" \/>\n<meta property=\"og:title\" content=\"Julien Pellegrini, percussions &#8226; Acad\u00e9mie MIXTE\" \/>\n<meta property=\"og:description\" content=\"\u00a9Fr\u00e9d\u00e9ric Desmesure Passionn\u00e9 par les nombreux aspects que les percussions peuvent prendre, Julien Pellegrini explore bon nombre de leurs facettes : cr\u00e9ation contemporaine, improvisation, musique &hellip;\" \/>\n<meta property=\"og:url\" content=\"http:\/\/academiemixte.com\/fr_fr\/julien-pellegrini-percussions\/\" \/>\n<meta property=\"og:site_name\" content=\"Acad\u00e9mie MIXTE\" \/>\n<meta property=\"article:publisher\" content=\"https:\/\/www.facebook.com\/MIXTEacademie\" \/>\n<meta property=\"article:modified_time\" content=\"2025-03-03T12:14:48+00:00\" \/>\n<meta name=\"twitter:card\" content=\"summary_large_image\" \/>\n<meta name=\"twitter:site\" content=\"@PcProxima\" \/>\n<meta name=\"twitter:label1\" content=\"Dur\u00e9e de lecture estim\u00e9e\" \/>\n\t<meta name=\"twitter:data1\" content=\"2 minutes\" \/>\n<script type=\"application\/ld+json\" class=\"yoast-schema-graph\">{\"@context\":\"https:\\\/\\\/schema.org\",\"@graph\":[{\"@type\":\"WebPage\",\"@id\":\"http:\\\/\\\/academiemixte.com\\\/fr_fr\\\/julien-pellegrini-percussions\\\/\",\"url\":\"http:\\\/\\\/academiemixte.com\\\/fr_fr\\\/julien-pellegrini-percussions\\\/\",\"name\":\"Julien Pellegrini, percussions &#8226; Acad\u00e9mie MIXTE\",\"isPartOf\":{\"@id\":\"http:\\\/\\\/academiemixte.com\\\/#website\"},\"datePublished\":\"2025-03-03T11:28:37+00:00\",\"dateModified\":\"2025-03-03T12:14:48+00:00\",\"breadcrumb\":{\"@id\":\"http:\\\/\\\/academiemixte.com\\\/fr_fr\\\/julien-pellegrini-percussions\\\/#breadcrumb\"},\"inLanguage\":\"fr-FR\",\"potentialAction\":[{\"@type\":\"ReadAction\",\"target\":[\"http:\\\/\\\/academiemixte.com\\\/fr_fr\\\/julien-pellegrini-percussions\\\/\"]}]},{\"@type\":\"BreadcrumbList\",\"@id\":\"http:\\\/\\\/academiemixte.com\\\/fr_fr\\\/julien-pellegrini-percussions\\\/#breadcrumb\",\"itemListElement\":[{\"@type\":\"ListItem\",\"position\":1,\"name\":\"Accueil\",\"item\":\"http:\\\/\\\/academiemixte.com\\\/\"},{\"@type\":\"ListItem\",\"position\":2,\"name\":\"Julien Pellegrini, percussions\"}]},{\"@type\":\"WebSite\",\"@id\":\"http:\\\/\\\/academiemixte.com\\\/#website\",\"url\":\"http:\\\/\\\/academiemixte.com\\\/\",\"name\":\"Acad\u00e9mie MIXTE\",\"description\":\"Acad\u00e9mie internationale de cr\u00e9ation musicale\",\"publisher\":{\"@id\":\"http:\\\/\\\/academiemixte.com\\\/#organization\"},\"potentialAction\":[{\"@type\":\"SearchAction\",\"target\":{\"@type\":\"EntryPoint\",\"urlTemplate\":\"http:\\\/\\\/academiemixte.com\\\/?s={search_term_string}\"},\"query-input\":{\"@type\":\"PropertyValueSpecification\",\"valueRequired\":true,\"valueName\":\"search_term_string\"}}],\"inLanguage\":\"fr-FR\"},{\"@type\":\"Organization\",\"@id\":\"http:\\\/\\\/academiemixte.com\\\/#organization\",\"name\":\"Acad\u00e9mie MIXTE\",\"url\":\"http:\\\/\\\/academiemixte.com\\\/\",\"logo\":{\"@type\":\"ImageObject\",\"inLanguage\":\"fr-FR\",\"@id\":\"http:\\\/\\\/academiemixte.com\\\/#\\\/schema\\\/logo\\\/image\\\/\",\"url\":\"http:\\\/\\\/academiemixte.com\\\/wp-content\\\/uploads\\\/2022\\\/01\\\/LOGO-test1.jpg\",\"contentUrl\":\"http:\\\/\\\/academiemixte.com\\\/wp-content\\\/uploads\\\/2022\\\/01\\\/LOGO-test1.jpg\",\"width\":270,\"height\":341,\"caption\":\"Acad\u00e9mie MIXTE\"},\"image\":{\"@id\":\"http:\\\/\\\/academiemixte.com\\\/#\\\/schema\\\/logo\\\/image\\\/\"},\"sameAs\":[\"https:\\\/\\\/www.facebook.com\\\/MIXTEacademie\",\"https:\\\/\\\/x.com\\\/PcProxima\",\"https:\\\/\\\/www.instagram.com\\\/proximacentauribdx\\\/\",\"https:\\\/\\\/www.linkedin.com\\\/in\\\/proximacentauri\\\/\",\"https:\\\/\\\/www.youtube.com\\\/c\\\/proximacentaurimusique\"]}]}<\/script>\n<!-- \/ Yoast SEO plugin. -->","yoast_head_json":{"title":"Julien Pellegrini, percussions &#8226; Acad\u00e9mie MIXTE","robots":{"index":"index","follow":"follow","max-snippet":"max-snippet:-1","max-image-preview":"max-image-preview:large","max-video-preview":"max-video-preview:-1"},"canonical":"http:\/\/academiemixte.com\/fr_fr\/julien-pellegrini-percussions\/","og_locale":"fr_FR","og_type":"article","og_title":"Julien Pellegrini, percussions &#8226; Acad\u00e9mie MIXTE","og_description":"\u00a9Fr\u00e9d\u00e9ric Desmesure Passionn\u00e9 par les nombreux aspects que les percussions peuvent prendre, Julien Pellegrini explore bon nombre de leurs facettes : cr\u00e9ation contemporaine, improvisation, musique &hellip;","og_url":"http:\/\/academiemixte.com\/fr_fr\/julien-pellegrini-percussions\/","og_site_name":"Acad\u00e9mie MIXTE","article_publisher":"https:\/\/www.facebook.com\/MIXTEacademie","article_modified_time":"2025-03-03T12:14:48+00:00","twitter_card":"summary_large_image","twitter_site":"@PcProxima","twitter_misc":{"Dur\u00e9e de lecture estim\u00e9e":"2 minutes"},"schema":{"@context":"https:\/\/schema.org","@graph":[{"@type":"WebPage","@id":"http:\/\/academiemixte.com\/fr_fr\/julien-pellegrini-percussions\/","url":"http:\/\/academiemixte.com\/fr_fr\/julien-pellegrini-percussions\/","name":"Julien Pellegrini, percussions &#8226; Acad\u00e9mie MIXTE","isPartOf":{"@id":"http:\/\/academiemixte.com\/#website"},"datePublished":"2025-03-03T11:28:37+00:00","dateModified":"2025-03-03T12:14:48+00:00","breadcrumb":{"@id":"http:\/\/academiemixte.com\/fr_fr\/julien-pellegrini-percussions\/#breadcrumb"},"inLanguage":"fr-FR","potentialAction":[{"@type":"ReadAction","target":["http:\/\/academiemixte.com\/fr_fr\/julien-pellegrini-percussions\/"]}]},{"@type":"BreadcrumbList","@id":"http:\/\/academiemixte.com\/fr_fr\/julien-pellegrini-percussions\/#breadcrumb","itemListElement":[{"@type":"ListItem","position":1,"name":"Accueil","item":"http:\/\/academiemixte.com\/"},{"@type":"ListItem","position":2,"name":"Julien Pellegrini, percussions"}]},{"@type":"WebSite","@id":"http:\/\/academiemixte.com\/#website","url":"http:\/\/academiemixte.com\/","name":"Acad\u00e9mie MIXTE","description":"Acad\u00e9mie internationale de cr\u00e9ation musicale","publisher":{"@id":"http:\/\/academiemixte.com\/#organization"},"potentialAction":[{"@type":"SearchAction","target":{"@type":"EntryPoint","urlTemplate":"http:\/\/academiemixte.com\/?s={search_term_string}"},"query-input":{"@type":"PropertyValueSpecification","valueRequired":true,"valueName":"search_term_string"}}],"inLanguage":"fr-FR"},{"@type":"Organization","@id":"http:\/\/academiemixte.com\/#organization","name":"Acad\u00e9mie MIXTE","url":"http:\/\/academiemixte.com\/","logo":{"@type":"ImageObject","inLanguage":"fr-FR","@id":"http:\/\/academiemixte.com\/#\/schema\/logo\/image\/","url":"http:\/\/academiemixte.com\/wp-content\/uploads\/2022\/01\/LOGO-test1.jpg","contentUrl":"http:\/\/academiemixte.com\/wp-content\/uploads\/2022\/01\/LOGO-test1.jpg","width":270,"height":341,"caption":"Acad\u00e9mie MIXTE"},"image":{"@id":"http:\/\/academiemixte.com\/#\/schema\/logo\/image\/"},"sameAs":["https:\/\/www.facebook.com\/MIXTEacademie","https:\/\/x.com\/PcProxima","https:\/\/www.instagram.com\/proximacentauribdx\/","https:\/\/www.linkedin.com\/in\/proximacentauri\/","https:\/\/www.youtube.com\/c\/proximacentaurimusique"]}]}},"_links":{"self":[{"href":"http:\/\/academiemixte.com\/fr_fr\/wp-json\/wp\/v2\/pages\/2459","targetHints":{"allow":["GET"]}}],"collection":[{"href":"http:\/\/academiemixte.com\/fr_fr\/wp-json\/wp\/v2\/pages"}],"about":[{"href":"http:\/\/academiemixte.com\/fr_fr\/wp-json\/wp\/v2\/types\/page"}],"author":[{"embeddable":true,"href":"http:\/\/academiemixte.com\/fr_fr\/wp-json\/wp\/v2\/users\/1"}],"replies":[{"embeddable":true,"href":"http:\/\/academiemixte.com\/fr_fr\/wp-json\/wp\/v2\/comments?post=2459"}],"version-history":[{"count":13,"href":"http:\/\/academiemixte.com\/fr_fr\/wp-json\/wp\/v2\/pages\/2459\/revisions"}],"predecessor-version":[{"id":2551,"href":"http:\/\/academiemixte.com\/fr_fr\/wp-json\/wp\/v2\/pages\/2459\/revisions\/2551"}],"wp:attachment":[{"href":"http:\/\/academiemixte.com\/fr_fr\/wp-json\/wp\/v2\/media?parent=2459"}],"curies":[{"name":"wp","href":"https:\/\/api.w.org\/{rel}","templated":true}]}}