{"id":2480,"date":"2025-03-03T11:39:47","date_gmt":"2025-03-03T11:39:47","guid":{"rendered":"http:\/\/academiemixte.com\/?page_id=2480"},"modified":"2025-07-30T12:39:43","modified_gmt":"2025-07-30T12:39:43","slug":"marie-bernadettte-charrier-saxophones","status":"publish","type":"page","link":"http:\/\/academiemixte.com\/fr_fr\/marie-bernadettte-charrier-saxophones\/","title":{"rendered":"Marie-Bernadettte Charrier, saxophones"},"content":{"rendered":"\t\t<div data-elementor-type=\"wp-page\" data-elementor-id=\"2480\" class=\"elementor elementor-2480\">\n\t\t\t\t\t\t<section class=\"elementor-section elementor-top-section elementor-element elementor-element-dfc6f19 elementor-section-boxed elementor-section-height-default elementor-section-height-default\" data-id=\"dfc6f19\" data-element_type=\"section\" data-e-type=\"section\">\n\t\t\t\t\t\t<div class=\"elementor-container elementor-column-gap-default\">\n\t\t\t\t\t<div class=\"elementor-column elementor-col-100 elementor-top-column elementor-element elementor-element-aa7586a\" data-id=\"aa7586a\" data-element_type=\"column\" data-e-type=\"column\">\n\t\t\t<div class=\"elementor-widget-wrap elementor-element-populated\">\n\t\t\t\t\t\t<div class=\"elementor-element elementor-element-7e5f0c7 elementor-widget elementor-widget-image\" data-id=\"7e5f0c7\" data-element_type=\"widget\" data-e-type=\"widget\" data-widget_type=\"image.default\">\n\t\t\t\t<div class=\"elementor-widget-container\">\n\t\t\t\t\t\t\t\t\t\t\t\t\t\t\t<img decoding=\"async\" src=\"http:\/\/academiemixte.com\/wp-content\/uploads\/elementor\/thumbs\/MAD-2024-009-scaled-r2bbsnruvzlywrdpmhmm4pp05mxf0bsseg9fh87vb6.jpg\" title=\"MAD 2024\" alt=\"Concerts au T4S\nTh\u00e9atre des Quatre Saisons de Gradignan\nDimanche 24 Novembre 2024\" loading=\"lazy\" \/>\t\t\t\t\t\t\t\t\t\t\t\t\t\t\t<\/div>\n\t\t\t\t<\/div>\n\t\t\t\t<div class=\"elementor-element elementor-element-3da3acf elementor-widget elementor-widget-text-editor\" data-id=\"3da3acf\" data-element_type=\"widget\" data-e-type=\"widget\" data-widget_type=\"text-editor.default\">\n\t\t\t\t<div class=\"elementor-widget-container\">\n\t\t\t\t\t\t\t\t\t<p style=\"text-align: center;\">\u00a9Fr\u00e9d\u00e9ric Desmesure<\/p>\t\t\t\t\t\t\t\t<\/div>\n\t\t\t\t<\/div>\n\t\t\t\t\t<\/div>\n\t\t<\/div>\n\t\t\t\t\t<\/div>\n\t\t<\/section>\n\t\t\t\t<section class=\"elementor-section elementor-top-section elementor-element elementor-element-0762e88 elementor-section-boxed elementor-section-height-default elementor-section-height-default\" data-id=\"0762e88\" data-element_type=\"section\" data-e-type=\"section\">\n\t\t\t\t\t\t<div class=\"elementor-container elementor-column-gap-default\">\n\t\t\t\t\t<div class=\"elementor-column elementor-col-100 elementor-top-column elementor-element elementor-element-44b29b8\" data-id=\"44b29b8\" data-element_type=\"column\" data-e-type=\"column\">\n\t\t\t<div class=\"elementor-widget-wrap elementor-element-populated\">\n\t\t\t\t\t\t<div class=\"elementor-element elementor-element-8a8dfba elementor-widget elementor-widget-text-editor\" data-id=\"8a8dfba\" data-element_type=\"widget\" data-e-type=\"widget\" data-widget_type=\"text-editor.default\">\n\t\t\t\t<div class=\"elementor-widget-container\">\n\t\t\t\t\t\t\t\t\t<p>Curieuse et passionn\u00e9e par tous les courants musicaux d\u2019aujourd\u2019hui, Marie-Bernadette Charrier m\u00e8ne une carri\u00e8re internationale (France, Allemagne, Espagne, Portugal, Italie, Belgique, Slov\u00e9nie, Estonie, Suisse, Irlande, Su\u00e8de, Danemark, Australie, Canada, USA, Japon, Chine, Tha\u00eflande, P\u00e9rou, Mexique, Chili, Venezuela, Br\u00e9sil, Argentine, Croatie\u2026) de soliste et en musique de chambre avec l\u2019ensemble Proxima Centauri dont elle est la directrice artistique.<\/p>\n<p>Elle est r\u00e9guli\u00e8rement invit\u00e9e \u00e0 des festivals renomm\u00e9s tels que : festival Sonorities, Suona Francese, Ars Musica, Sintese, 38\u00e8me Rugissants, festival Latinoamericano de Caracas, Festival Musiques mixtes de Radio France Paris, les jeudis de la Villa M\u00e9dicis, Festival Pr\u00e9sences Paris 2022 et 2025 \u00e0 Paris, B!ME \u00e0 Lyon, Festival Experimenta au P\u00e9rou, Les Propagations \u00e0 Marseille\u2026<\/p>\n<p>Elle a particip\u00e9 \u00e0 diverses \u00e9missions et enregistrements radiophoniques en Allemagne, Irlande, France, Suisse, Canada, Australie et est invit\u00e9e \u00e0 donner des conf\u00e9rences et master-classes \u00e0 travers le monde.<\/p>\n<p>En relation constante avec les compositeurs, elle favorise le d\u00e9veloppement d\u2019un nouveau r\u00e9pertoire original \u2013 qui int\u00e8gre r\u00e9guli\u00e8rement les nouvelles technologies au sein de la tradition du musicien interpr\u00e8te \u2013 en pratiquant une politique de commande active aupr\u00e8s de compositeurs tels que : Alla, Arroyo, Aperghis, Biston, Cano Vali\u00f1o, Cendo, Gimenez Comas, Havel, Jodlowski, Lorusso, Moultaka, Malec, Markeas, Matalon, Movio, Parra, Rotella, Ross\u00e9, Rudel Rey\u2026<\/p>\n<p>Elle a r\u00e9dig\u00e9 de nombreux articles parus dans : revue Circuit Canada, revue Asax, Hello Mr sax, Portraits polychromes G. Racot, INA-GRM, livre T. ALLA \u00ab un musicien \u00e0 la conqu\u00eate du timbre \u00bb de P-A Castanet\u2026<\/p>\n<p>Actuellement professeure de saxophone et de musique de chambre contemporaine au PESMD (P\u00f4le d\u2019Enseignement Sup\u00e9rieur de Musique et de Danse) Bordeaux Nouvelle-Aquitaine et au Conservatoire \u00e0 Rayonnement R\u00e9gional de Bordeaux o\u00f9 elle cr\u00e9e en 1993 une classe d\u2019interpr\u00e9tation de la musique contemporaine pour tous les instruments, elle forme des g\u00e9n\u00e9rations d\u2019interpr\u00e8tes \u00e0 la pratique ouverte des musiques d\u2019aujourd\u2019hui.<\/p>\n<p>Marie-Bernadette Charrier est Artiste Selmer et Vandoren, membre d\u2019Honneur de l\u2019Association des Saxophonistes de France. Marie-Bernadette Charrier est d\u00e9dicataire de plus de cinq cents \u0153uvres et a enregistr\u00e9 douze CDs.<\/p>\t\t\t\t\t\t\t\t<\/div>\n\t\t\t\t<\/div>\n\t\t\t\t\t<\/div>\n\t\t<\/div>\n\t\t\t\t\t<\/div>\n\t\t<\/section>\n\t\t\t\t<\/div>\n\t\t","protected":false},"excerpt":{"rendered":"<p>\u00a9Fr\u00e9d\u00e9ric Desmesure Curieuse et passionn\u00e9e par tous les courants musicaux d\u2019aujourd\u2019hui, Marie-Bernadette Charrier m\u00e8ne une carri\u00e8re internationale (France, Allemagne, Espagne, Portugal, Italie, Belgique, Slov\u00e9nie, Estonie, &hellip;<\/p>\n","protected":false},"author":1,"featured_media":0,"parent":0,"menu_order":0,"comment_status":"closed","ping_status":"closed","template":"","meta":{"footnotes":""},"class_list":["post-2480","page","type-page","status-publish","hentry"],"yoast_head":"<!-- This site is optimized with the Yoast SEO plugin v27.3 - https:\/\/yoast.com\/product\/yoast-seo-wordpress\/ -->\n<title>Marie-Bernadettte Charrier, saxophones &#8226; Acad\u00e9mie MIXTE<\/title>\n<meta name=\"robots\" content=\"index, follow, max-snippet:-1, max-image-preview:large, max-video-preview:-1\" \/>\n<link rel=\"canonical\" href=\"http:\/\/academiemixte.com\/fr_fr\/marie-bernadettte-charrier-saxophones\/\" \/>\n<meta property=\"og:locale\" content=\"fr_FR\" \/>\n<meta property=\"og:type\" content=\"article\" \/>\n<meta property=\"og:title\" content=\"Marie-Bernadettte Charrier, saxophones &#8226; Acad\u00e9mie MIXTE\" \/>\n<meta property=\"og:description\" content=\"\u00a9Fr\u00e9d\u00e9ric Desmesure Curieuse et passionn\u00e9e par tous les courants musicaux d\u2019aujourd\u2019hui, Marie-Bernadette Charrier m\u00e8ne une carri\u00e8re internationale (France, Allemagne, Espagne, Portugal, Italie, Belgique, Slov\u00e9nie, Estonie, &hellip;\" \/>\n<meta property=\"og:url\" content=\"http:\/\/academiemixte.com\/fr_fr\/marie-bernadettte-charrier-saxophones\/\" \/>\n<meta property=\"og:site_name\" content=\"Acad\u00e9mie MIXTE\" \/>\n<meta property=\"article:publisher\" content=\"https:\/\/www.facebook.com\/MIXTEacademie\" \/>\n<meta property=\"article:modified_time\" content=\"2025-07-30T12:39:43+00:00\" \/>\n<meta property=\"og:image\" content=\"http:\/\/academiemixte.com\/wp-content\/uploads\/elementor\/thumbs\/MAD-2024-009-scaled-r2bbsnruvzlywrdpmhmm4pp05mxf0bsseg9fh87vb6.jpg\" \/>\n<meta name=\"twitter:card\" content=\"summary_large_image\" \/>\n<meta name=\"twitter:site\" content=\"@PcProxima\" \/>\n<meta name=\"twitter:label1\" content=\"Dur\u00e9e de lecture estim\u00e9e\" \/>\n\t<meta name=\"twitter:data1\" content=\"2 minutes\" \/>\n<script type=\"application\/ld+json\" class=\"yoast-schema-graph\">{\"@context\":\"https:\\\/\\\/schema.org\",\"@graph\":[{\"@type\":\"WebPage\",\"@id\":\"http:\\\/\\\/academiemixte.com\\\/marie-bernadettte-charrier-saxophones\\\/\",\"url\":\"http:\\\/\\\/academiemixte.com\\\/marie-bernadettte-charrier-saxophones\\\/\",\"name\":\"Marie-Bernadettte Charrier, saxophones &#8226; Acad\u00e9mie MIXTE\",\"isPartOf\":{\"@id\":\"http:\\\/\\\/academiemixte.com\\\/#website\"},\"primaryImageOfPage\":{\"@id\":\"http:\\\/\\\/academiemixte.com\\\/marie-bernadettte-charrier-saxophones\\\/#primaryimage\"},\"image\":{\"@id\":\"http:\\\/\\\/academiemixte.com\\\/marie-bernadettte-charrier-saxophones\\\/#primaryimage\"},\"thumbnailUrl\":\"http:\\\/\\\/academiemixte.com\\\/wp-content\\\/uploads\\\/elementor\\\/thumbs\\\/MAD-2024-009-scaled-r2bbsnruvzlywrdpmhmm4pp05mxf0bsseg9fh87vb6.jpg\",\"datePublished\":\"2025-03-03T11:39:47+00:00\",\"dateModified\":\"2025-07-30T12:39:43+00:00\",\"breadcrumb\":{\"@id\":\"http:\\\/\\\/academiemixte.com\\\/marie-bernadettte-charrier-saxophones\\\/#breadcrumb\"},\"inLanguage\":\"fr-FR\",\"potentialAction\":[{\"@type\":\"ReadAction\",\"target\":[\"http:\\\/\\\/academiemixte.com\\\/marie-bernadettte-charrier-saxophones\\\/\"]}]},{\"@type\":\"ImageObject\",\"inLanguage\":\"fr-FR\",\"@id\":\"http:\\\/\\\/academiemixte.com\\\/marie-bernadettte-charrier-saxophones\\\/#primaryimage\",\"url\":\"http:\\\/\\\/academiemixte.com\\\/wp-content\\\/uploads\\\/elementor\\\/thumbs\\\/MAD-2024-009-scaled-r2bbsnruvzlywrdpmhmm4pp05mxf0bsseg9fh87vb6.jpg\",\"contentUrl\":\"http:\\\/\\\/academiemixte.com\\\/wp-content\\\/uploads\\\/elementor\\\/thumbs\\\/MAD-2024-009-scaled-r2bbsnruvzlywrdpmhmm4pp05mxf0bsseg9fh87vb6.jpg\"},{\"@type\":\"BreadcrumbList\",\"@id\":\"http:\\\/\\\/academiemixte.com\\\/marie-bernadettte-charrier-saxophones\\\/#breadcrumb\",\"itemListElement\":[{\"@type\":\"ListItem\",\"position\":1,\"name\":\"Accueil\",\"item\":\"http:\\\/\\\/academiemixte.com\\\/\"},{\"@type\":\"ListItem\",\"position\":2,\"name\":\"Marie-Bernadettte Charrier, saxophones\"}]},{\"@type\":\"WebSite\",\"@id\":\"http:\\\/\\\/academiemixte.com\\\/#website\",\"url\":\"http:\\\/\\\/academiemixte.com\\\/\",\"name\":\"Acad\u00e9mie MIXTE\",\"description\":\"Acad\u00e9mie internationale de cr\u00e9ation musicale\",\"publisher\":{\"@id\":\"http:\\\/\\\/academiemixte.com\\\/#organization\"},\"potentialAction\":[{\"@type\":\"SearchAction\",\"target\":{\"@type\":\"EntryPoint\",\"urlTemplate\":\"http:\\\/\\\/academiemixte.com\\\/?s={search_term_string}\"},\"query-input\":{\"@type\":\"PropertyValueSpecification\",\"valueRequired\":true,\"valueName\":\"search_term_string\"}}],\"inLanguage\":\"fr-FR\"},{\"@type\":\"Organization\",\"@id\":\"http:\\\/\\\/academiemixte.com\\\/#organization\",\"name\":\"Acad\u00e9mie MIXTE\",\"url\":\"http:\\\/\\\/academiemixte.com\\\/\",\"logo\":{\"@type\":\"ImageObject\",\"inLanguage\":\"fr-FR\",\"@id\":\"http:\\\/\\\/academiemixte.com\\\/#\\\/schema\\\/logo\\\/image\\\/\",\"url\":\"http:\\\/\\\/academiemixte.com\\\/wp-content\\\/uploads\\\/2022\\\/01\\\/LOGO-test1.jpg\",\"contentUrl\":\"http:\\\/\\\/academiemixte.com\\\/wp-content\\\/uploads\\\/2022\\\/01\\\/LOGO-test1.jpg\",\"width\":270,\"height\":341,\"caption\":\"Acad\u00e9mie MIXTE\"},\"image\":{\"@id\":\"http:\\\/\\\/academiemixte.com\\\/#\\\/schema\\\/logo\\\/image\\\/\"},\"sameAs\":[\"https:\\\/\\\/www.facebook.com\\\/MIXTEacademie\",\"https:\\\/\\\/x.com\\\/PcProxima\",\"https:\\\/\\\/www.instagram.com\\\/proximacentauribdx\\\/\",\"https:\\\/\\\/www.linkedin.com\\\/in\\\/proximacentauri\\\/\",\"https:\\\/\\\/www.youtube.com\\\/c\\\/proximacentaurimusique\"]}]}<\/script>\n<!-- \/ Yoast SEO plugin. -->","yoast_head_json":{"title":"Marie-Bernadettte Charrier, saxophones &#8226; Acad\u00e9mie MIXTE","robots":{"index":"index","follow":"follow","max-snippet":"max-snippet:-1","max-image-preview":"max-image-preview:large","max-video-preview":"max-video-preview:-1"},"canonical":"http:\/\/academiemixte.com\/fr_fr\/marie-bernadettte-charrier-saxophones\/","og_locale":"fr_FR","og_type":"article","og_title":"Marie-Bernadettte Charrier, saxophones &#8226; Acad\u00e9mie MIXTE","og_description":"\u00a9Fr\u00e9d\u00e9ric Desmesure Curieuse et passionn\u00e9e par tous les courants musicaux d\u2019aujourd\u2019hui, Marie-Bernadette Charrier m\u00e8ne une carri\u00e8re internationale (France, Allemagne, Espagne, Portugal, Italie, Belgique, Slov\u00e9nie, Estonie, &hellip;","og_url":"http:\/\/academiemixte.com\/fr_fr\/marie-bernadettte-charrier-saxophones\/","og_site_name":"Acad\u00e9mie MIXTE","article_publisher":"https:\/\/www.facebook.com\/MIXTEacademie","article_modified_time":"2025-07-30T12:39:43+00:00","og_image":[{"url":"http:\/\/academiemixte.com\/wp-content\/uploads\/elementor\/thumbs\/MAD-2024-009-scaled-r2bbsnruvzlywrdpmhmm4pp05mxf0bsseg9fh87vb6.jpg","type":"","width":"","height":""}],"twitter_card":"summary_large_image","twitter_site":"@PcProxima","twitter_misc":{"Dur\u00e9e de lecture estim\u00e9e":"2 minutes"},"schema":{"@context":"https:\/\/schema.org","@graph":[{"@type":"WebPage","@id":"http:\/\/academiemixte.com\/marie-bernadettte-charrier-saxophones\/","url":"http:\/\/academiemixte.com\/marie-bernadettte-charrier-saxophones\/","name":"Marie-Bernadettte Charrier, saxophones &#8226; Acad\u00e9mie MIXTE","isPartOf":{"@id":"http:\/\/academiemixte.com\/#website"},"primaryImageOfPage":{"@id":"http:\/\/academiemixte.com\/marie-bernadettte-charrier-saxophones\/#primaryimage"},"image":{"@id":"http:\/\/academiemixte.com\/marie-bernadettte-charrier-saxophones\/#primaryimage"},"thumbnailUrl":"http:\/\/academiemixte.com\/wp-content\/uploads\/elementor\/thumbs\/MAD-2024-009-scaled-r2bbsnruvzlywrdpmhmm4pp05mxf0bsseg9fh87vb6.jpg","datePublished":"2025-03-03T11:39:47+00:00","dateModified":"2025-07-30T12:39:43+00:00","breadcrumb":{"@id":"http:\/\/academiemixte.com\/marie-bernadettte-charrier-saxophones\/#breadcrumb"},"inLanguage":"fr-FR","potentialAction":[{"@type":"ReadAction","target":["http:\/\/academiemixte.com\/marie-bernadettte-charrier-saxophones\/"]}]},{"@type":"ImageObject","inLanguage":"fr-FR","@id":"http:\/\/academiemixte.com\/marie-bernadettte-charrier-saxophones\/#primaryimage","url":"http:\/\/academiemixte.com\/wp-content\/uploads\/elementor\/thumbs\/MAD-2024-009-scaled-r2bbsnruvzlywrdpmhmm4pp05mxf0bsseg9fh87vb6.jpg","contentUrl":"http:\/\/academiemixte.com\/wp-content\/uploads\/elementor\/thumbs\/MAD-2024-009-scaled-r2bbsnruvzlywrdpmhmm4pp05mxf0bsseg9fh87vb6.jpg"},{"@type":"BreadcrumbList","@id":"http:\/\/academiemixte.com\/marie-bernadettte-charrier-saxophones\/#breadcrumb","itemListElement":[{"@type":"ListItem","position":1,"name":"Accueil","item":"http:\/\/academiemixte.com\/"},{"@type":"ListItem","position":2,"name":"Marie-Bernadettte Charrier, saxophones"}]},{"@type":"WebSite","@id":"http:\/\/academiemixte.com\/#website","url":"http:\/\/academiemixte.com\/","name":"Acad\u00e9mie MIXTE","description":"Acad\u00e9mie internationale de cr\u00e9ation musicale","publisher":{"@id":"http:\/\/academiemixte.com\/#organization"},"potentialAction":[{"@type":"SearchAction","target":{"@type":"EntryPoint","urlTemplate":"http:\/\/academiemixte.com\/?s={search_term_string}"},"query-input":{"@type":"PropertyValueSpecification","valueRequired":true,"valueName":"search_term_string"}}],"inLanguage":"fr-FR"},{"@type":"Organization","@id":"http:\/\/academiemixte.com\/#organization","name":"Acad\u00e9mie MIXTE","url":"http:\/\/academiemixte.com\/","logo":{"@type":"ImageObject","inLanguage":"fr-FR","@id":"http:\/\/academiemixte.com\/#\/schema\/logo\/image\/","url":"http:\/\/academiemixte.com\/wp-content\/uploads\/2022\/01\/LOGO-test1.jpg","contentUrl":"http:\/\/academiemixte.com\/wp-content\/uploads\/2022\/01\/LOGO-test1.jpg","width":270,"height":341,"caption":"Acad\u00e9mie MIXTE"},"image":{"@id":"http:\/\/academiemixte.com\/#\/schema\/logo\/image\/"},"sameAs":["https:\/\/www.facebook.com\/MIXTEacademie","https:\/\/x.com\/PcProxima","https:\/\/www.instagram.com\/proximacentauribdx\/","https:\/\/www.linkedin.com\/in\/proximacentauri\/","https:\/\/www.youtube.com\/c\/proximacentaurimusique"]}]}},"_links":{"self":[{"href":"http:\/\/academiemixte.com\/fr_fr\/wp-json\/wp\/v2\/pages\/2480","targetHints":{"allow":["GET"]}}],"collection":[{"href":"http:\/\/academiemixte.com\/fr_fr\/wp-json\/wp\/v2\/pages"}],"about":[{"href":"http:\/\/academiemixte.com\/fr_fr\/wp-json\/wp\/v2\/types\/page"}],"author":[{"embeddable":true,"href":"http:\/\/academiemixte.com\/fr_fr\/wp-json\/wp\/v2\/users\/1"}],"replies":[{"embeddable":true,"href":"http:\/\/academiemixte.com\/fr_fr\/wp-json\/wp\/v2\/comments?post=2480"}],"version-history":[{"count":19,"href":"http:\/\/academiemixte.com\/fr_fr\/wp-json\/wp\/v2\/pages\/2480\/revisions"}],"predecessor-version":[{"id":2858,"href":"http:\/\/academiemixte.com\/fr_fr\/wp-json\/wp\/v2\/pages\/2480\/revisions\/2858"}],"wp:attachment":[{"href":"http:\/\/academiemixte.com\/fr_fr\/wp-json\/wp\/v2\/media?parent=2480"}],"curies":[{"name":"wp","href":"https:\/\/api.w.org\/{rel}","templated":true}]}}