{"id":2489,"date":"2025-03-03T11:50:31","date_gmt":"2025-03-03T11:50:31","guid":{"rendered":"http:\/\/academiemixte.com\/?page_id=2489"},"modified":"2025-12-17T16:56:44","modified_gmt":"2025-12-17T16:56:44","slug":"sylvain-millepied-flutes","status":"publish","type":"page","link":"http:\/\/academiemixte.com\/fr_fr\/sylvain-millepied-flutes\/","title":{"rendered":"Sylvain Millepied, fl\u00fbtes"},"content":{"rendered":"\t\t<div data-elementor-type=\"wp-page\" data-elementor-id=\"2489\" class=\"elementor elementor-2489\">\n\t\t\t\t\t\t<section class=\"elementor-section elementor-top-section elementor-element elementor-element-5d304d9 elementor-section-boxed elementor-section-height-default elementor-section-height-default\" data-id=\"5d304d9\" data-element_type=\"section\" data-e-type=\"section\">\n\t\t\t\t\t\t<div class=\"elementor-container elementor-column-gap-default\">\n\t\t\t\t\t<div class=\"elementor-column elementor-col-100 elementor-top-column elementor-element elementor-element-1627ab8\" data-id=\"1627ab8\" data-element_type=\"column\" data-e-type=\"column\">\n\t\t\t<div class=\"elementor-widget-wrap elementor-element-populated\">\n\t\t\t\t\t\t<div class=\"elementor-element elementor-element-df90aaf elementor-widget elementor-widget-image\" data-id=\"df90aaf\" data-element_type=\"widget\" data-e-type=\"widget\" data-widget_type=\"image.default\">\n\t\t\t\t<div class=\"elementor-widget-container\">\n\t\t\t\t\t\t\t\t\t\t\t\t\t\t\t<img fetchpriority=\"high\" decoding=\"async\" width=\"493\" height=\"300\" src=\"http:\/\/academiemixte.com\/wp-content\/uploads\/2025\/03\/DSC5186-493x300.jpg\" class=\"attachment-bravada-lpbox-2 size-bravada-lpbox-2 wp-image-2494\" alt=\"\" srcset=\"http:\/\/academiemixte.com\/wp-content\/uploads\/2025\/03\/DSC5186-493x300.jpg 493w, http:\/\/academiemixte.com\/wp-content\/uploads\/2025\/03\/DSC5186-18x12.jpg 18w\" sizes=\"(max-width: 493px) 100vw, 493px\" \/>\t\t\t\t\t\t\t\t\t\t\t\t\t\t\t<\/div>\n\t\t\t\t<\/div>\n\t\t\t\t<div class=\"elementor-element elementor-element-8db28b8 elementor-widget elementor-widget-text-editor\" data-id=\"8db28b8\" data-element_type=\"widget\" data-e-type=\"widget\" data-widget_type=\"text-editor.default\">\n\t\t\t\t<div class=\"elementor-widget-container\">\n\t\t\t\t\t\t\t\t\t<p style=\"text-align: center;\">\u00a9Fr\u00e9d\u00e9ric Desmesure<\/p>\t\t\t\t\t\t\t\t<\/div>\n\t\t\t\t<\/div>\n\t\t\t\t\t<\/div>\n\t\t<\/div>\n\t\t\t\t\t<\/div>\n\t\t<\/section>\n\t\t\t\t<section class=\"elementor-section elementor-top-section elementor-element elementor-element-a6be2f2 elementor-section-boxed elementor-section-height-default elementor-section-height-default\" data-id=\"a6be2f2\" data-element_type=\"section\" data-e-type=\"section\">\n\t\t\t\t\t\t<div class=\"elementor-container elementor-column-gap-default\">\n\t\t\t\t\t<div class=\"elementor-column elementor-col-100 elementor-top-column elementor-element elementor-element-a726162\" data-id=\"a726162\" data-element_type=\"column\" data-e-type=\"column\">\n\t\t\t<div class=\"elementor-widget-wrap elementor-element-populated\">\n\t\t\t\t\t\t<div class=\"elementor-element elementor-element-8af33ad elementor-widget elementor-widget-text-editor\" data-id=\"8af33ad\" data-element_type=\"widget\" data-e-type=\"widget\" data-widget_type=\"text-editor.default\">\n\t\t\t\t<div class=\"elementor-widget-container\">\n\t\t\t\t\t\t\t\t\t<div><p>\u00e9 en 1969 \u00e0 Bordeaux, Sylvain Millepied suit ses \u00e9tudes musicales au Conservatoire de R\u00e9gion de Bordeaux o\u00f9 il obtient, en fl\u00fbte traversi\u00e8re et en musique de chambre la M\u00e9daille d\u2019Or (1987) et la M\u00e9daille d\u2019Honneur de la ville de Bordeaux \u00e0 l\u2019unanimit\u00e9 (1988). Cette m\u00eame ann\u00e9e, il est finaliste du concours international Darius Milhaud et effectue ses premiers concerts en tant que soliste en Pologne (Varsovie, Cracovie, Zakopane).<\/p><section><div><div><div><article data-wow-delay=\"0.4s\"><div><div><p>Il poursuit ses \u00e9tudes \u00e0 Paris dans la classe de Maurice Pruvot (1989 et 1990), o\u00f9 il obtient les premiers prix en sup\u00e9rieur et perfectionnement.\u00a0Il se perfectionne aupr\u00e8s de Robert Pichaureau, sp\u00e9cialiste de la technique respiratoire appliqu\u00e9e aux instruments \u00e0 vent, d\u2019Alain Marion, Catherine Cantin Andras Adorjan et Jean-Pierre Rampal lors de Master-Classes ou de stages.<\/p><p>En 1994, Sylvain Millepied est laur\u00e9at du concours International Maria Canals \u00e0 Barcelone, puis de la Fondation Gyorgy Cziffra (1995), et demi-finaliste du concours Young Concert Artist de New York (1996).<\/p><p>Son go\u00fbt pour les rencontres et les exp\u00e9riences artistiques l\u2019am\u00e8ne naturellement \u00e0 se produire le plus souvent possible avec d\u2019autres musiciens. Il joue en soliste avec Alain Marion \u00e0 l\u2019auditorium des Halles (Paris) puis il rejoint l\u2019ensemble Proxima Centauri en 1998.<\/p><p>Il joue en duo avec le guitariste Jean-Luc Rocchietti (CD \u00ab Rencontre concertante \u00bb, 2000). Il participe \u00e0 plusieurs orchestres et ensembles, tel que l\u2019Orchestre Symphonique de Bilbao, Les Symphonistes d\u2019Aquitaine, l\u2019Orchestre National Bordeaux Aquitaine, l\u2019Orchestre de Chambre de Gironde, l\u2019Ensemble Des Concertants et le Trio Debussy. Il collabore \u00e9galement avec la troupe \u00ab danses concertantes \u00bb lors de s\u00e9ries de spectacles \u00e0 Londres et \u00e0 New York.<\/p><p>Il se produit en r\u00e9cital solo avec ses fl\u00fbtes o\u00f9 il montre toute sa virtuosit\u00e9 et sa palette expressive dans un r\u00e9pertoire allant de la musique baroque \u00e0 la musique contemporaine (Festival PACT de Bruxelles au Cirque Royal). Il est fl\u00fbtiste soliste invit\u00e9 \u00e0 France Musique (2000), \u00e0 la BBC de Londres (2002) et enregistre pour la RTBF dans le cadre du Festival Ars Musica (2003).<\/p><p>Parall\u00e8lement \u00e0 ses activit\u00e9s d\u2019instrumentistes, il a \u00e9crit un conte musical pour enfants \u00ab R\u00e9mi, Julie et les secrets de la musique \u00bb\u00a0(un voyage initiatique \u00e0 travers les musiques du monde), a compos\u00e9 la musique d&rsquo;accompagnement du Yang Xing Do (art martial oriental) et compose r\u00e9guli\u00e8rement des musiques pour le cin\u00e9ma.<\/p><\/div><\/div><\/article><\/div><\/div><\/div><\/section><\/div>\t\t\t\t\t\t\t\t<\/div>\n\t\t\t\t<\/div>\n\t\t\t\t\t<\/div>\n\t\t<\/div>\n\t\t\t\t\t<\/div>\n\t\t<\/section>\n\t\t\t\t<\/div>\n\t\t","protected":false},"excerpt":{"rendered":"<p>\u00a9Fr\u00e9d\u00e9ric Desmesure \u00e9 en 1969 \u00e0 Bordeaux, Sylvain Millepied suit ses \u00e9tudes musicales au Conservatoire de R\u00e9gion de Bordeaux o\u00f9 il obtient, en fl\u00fbte traversi\u00e8re &hellip;<\/p>\n","protected":false},"author":1,"featured_media":0,"parent":0,"menu_order":0,"comment_status":"closed","ping_status":"closed","template":"","meta":{"footnotes":""},"class_list":["post-2489","page","type-page","status-publish","hentry"],"yoast_head":"<!-- This site is optimized with the Yoast SEO plugin v27.3 - https:\/\/yoast.com\/product\/yoast-seo-wordpress\/ -->\n<title>Sylvain Millepied, fl\u00fbtes &#8226; Acad\u00e9mie MIXTE<\/title>\n<meta name=\"robots\" content=\"index, follow, max-snippet:-1, max-image-preview:large, max-video-preview:-1\" \/>\n<link rel=\"canonical\" href=\"http:\/\/academiemixte.com\/fr_fr\/sylvain-millepied-flutes\/\" \/>\n<meta property=\"og:locale\" content=\"fr_FR\" \/>\n<meta property=\"og:type\" content=\"article\" \/>\n<meta property=\"og:title\" content=\"Sylvain Millepied, fl\u00fbtes &#8226; Acad\u00e9mie MIXTE\" \/>\n<meta property=\"og:description\" content=\"\u00a9Fr\u00e9d\u00e9ric Desmesure \u00e9 en 1969 \u00e0 Bordeaux, Sylvain Millepied suit ses \u00e9tudes musicales au Conservatoire de R\u00e9gion de Bordeaux o\u00f9 il obtient, en fl\u00fbte traversi\u00e8re &hellip;\" \/>\n<meta property=\"og:url\" content=\"http:\/\/academiemixte.com\/fr_fr\/sylvain-millepied-flutes\/\" \/>\n<meta property=\"og:site_name\" content=\"Acad\u00e9mie MIXTE\" \/>\n<meta property=\"article:publisher\" content=\"https:\/\/www.facebook.com\/MIXTEacademie\" \/>\n<meta property=\"article:modified_time\" content=\"2025-12-17T16:56:44+00:00\" \/>\n<meta property=\"og:image\" content=\"http:\/\/academiemixte.com\/wp-content\/uploads\/2025\/03\/DSC5186-scaled.jpg\" \/>\n\t<meta property=\"og:image:width\" content=\"2560\" \/>\n\t<meta property=\"og:image:height\" content=\"1707\" \/>\n\t<meta property=\"og:image:type\" content=\"image\/jpeg\" \/>\n<meta name=\"twitter:card\" content=\"summary_large_image\" \/>\n<meta name=\"twitter:site\" content=\"@PcProxima\" \/>\n<meta name=\"twitter:label1\" content=\"Dur\u00e9e de lecture estim\u00e9e\" \/>\n\t<meta name=\"twitter:data1\" content=\"3 minutes\" \/>\n<script type=\"application\/ld+json\" class=\"yoast-schema-graph\">{\"@context\":\"https:\\\/\\\/schema.org\",\"@graph\":[{\"@type\":\"WebPage\",\"@id\":\"http:\\\/\\\/academiemixte.com\\\/sylvain-millepied-flutes\\\/\",\"url\":\"http:\\\/\\\/academiemixte.com\\\/sylvain-millepied-flutes\\\/\",\"name\":\"Sylvain Millepied, fl\u00fbtes &#8226; Acad\u00e9mie MIXTE\",\"isPartOf\":{\"@id\":\"http:\\\/\\\/academiemixte.com\\\/#website\"},\"primaryImageOfPage\":{\"@id\":\"http:\\\/\\\/academiemixte.com\\\/sylvain-millepied-flutes\\\/#primaryimage\"},\"image\":{\"@id\":\"http:\\\/\\\/academiemixte.com\\\/sylvain-millepied-flutes\\\/#primaryimage\"},\"thumbnailUrl\":\"http:\\\/\\\/academiemixte.com\\\/wp-content\\\/uploads\\\/2025\\\/03\\\/DSC5186-493x300.jpg\",\"datePublished\":\"2025-03-03T11:50:31+00:00\",\"dateModified\":\"2025-12-17T16:56:44+00:00\",\"breadcrumb\":{\"@id\":\"http:\\\/\\\/academiemixte.com\\\/sylvain-millepied-flutes\\\/#breadcrumb\"},\"inLanguage\":\"fr-FR\",\"potentialAction\":[{\"@type\":\"ReadAction\",\"target\":[\"http:\\\/\\\/academiemixte.com\\\/sylvain-millepied-flutes\\\/\"]}]},{\"@type\":\"ImageObject\",\"inLanguage\":\"fr-FR\",\"@id\":\"http:\\\/\\\/academiemixte.com\\\/sylvain-millepied-flutes\\\/#primaryimage\",\"url\":\"http:\\\/\\\/academiemixte.com\\\/wp-content\\\/uploads\\\/2025\\\/03\\\/DSC5186-493x300.jpg\",\"contentUrl\":\"http:\\\/\\\/academiemixte.com\\\/wp-content\\\/uploads\\\/2025\\\/03\\\/DSC5186-493x300.jpg\"},{\"@type\":\"BreadcrumbList\",\"@id\":\"http:\\\/\\\/academiemixte.com\\\/sylvain-millepied-flutes\\\/#breadcrumb\",\"itemListElement\":[{\"@type\":\"ListItem\",\"position\":1,\"name\":\"Accueil\",\"item\":\"http:\\\/\\\/academiemixte.com\\\/\"},{\"@type\":\"ListItem\",\"position\":2,\"name\":\"Sylvain Millepied, fl\u00fbtes\"}]},{\"@type\":\"WebSite\",\"@id\":\"http:\\\/\\\/academiemixte.com\\\/#website\",\"url\":\"http:\\\/\\\/academiemixte.com\\\/\",\"name\":\"Acad\u00e9mie MIXTE\",\"description\":\"Acad\u00e9mie internationale de cr\u00e9ation musicale\",\"publisher\":{\"@id\":\"http:\\\/\\\/academiemixte.com\\\/#organization\"},\"potentialAction\":[{\"@type\":\"SearchAction\",\"target\":{\"@type\":\"EntryPoint\",\"urlTemplate\":\"http:\\\/\\\/academiemixte.com\\\/?s={search_term_string}\"},\"query-input\":{\"@type\":\"PropertyValueSpecification\",\"valueRequired\":true,\"valueName\":\"search_term_string\"}}],\"inLanguage\":\"fr-FR\"},{\"@type\":\"Organization\",\"@id\":\"http:\\\/\\\/academiemixte.com\\\/#organization\",\"name\":\"Acad\u00e9mie MIXTE\",\"url\":\"http:\\\/\\\/academiemixte.com\\\/\",\"logo\":{\"@type\":\"ImageObject\",\"inLanguage\":\"fr-FR\",\"@id\":\"http:\\\/\\\/academiemixte.com\\\/#\\\/schema\\\/logo\\\/image\\\/\",\"url\":\"http:\\\/\\\/academiemixte.com\\\/wp-content\\\/uploads\\\/2022\\\/01\\\/LOGO-test1.jpg\",\"contentUrl\":\"http:\\\/\\\/academiemixte.com\\\/wp-content\\\/uploads\\\/2022\\\/01\\\/LOGO-test1.jpg\",\"width\":270,\"height\":341,\"caption\":\"Acad\u00e9mie MIXTE\"},\"image\":{\"@id\":\"http:\\\/\\\/academiemixte.com\\\/#\\\/schema\\\/logo\\\/image\\\/\"},\"sameAs\":[\"https:\\\/\\\/www.facebook.com\\\/MIXTEacademie\",\"https:\\\/\\\/x.com\\\/PcProxima\",\"https:\\\/\\\/www.instagram.com\\\/proximacentauribdx\\\/\",\"https:\\\/\\\/www.linkedin.com\\\/in\\\/proximacentauri\\\/\",\"https:\\\/\\\/www.youtube.com\\\/c\\\/proximacentaurimusique\"]}]}<\/script>\n<!-- \/ Yoast SEO plugin. -->","yoast_head_json":{"title":"Sylvain Millepied, fl\u00fbtes &#8226; Acad\u00e9mie MIXTE","robots":{"index":"index","follow":"follow","max-snippet":"max-snippet:-1","max-image-preview":"max-image-preview:large","max-video-preview":"max-video-preview:-1"},"canonical":"http:\/\/academiemixte.com\/fr_fr\/sylvain-millepied-flutes\/","og_locale":"fr_FR","og_type":"article","og_title":"Sylvain Millepied, fl\u00fbtes &#8226; Acad\u00e9mie MIXTE","og_description":"\u00a9Fr\u00e9d\u00e9ric Desmesure \u00e9 en 1969 \u00e0 Bordeaux, Sylvain Millepied suit ses \u00e9tudes musicales au Conservatoire de R\u00e9gion de Bordeaux o\u00f9 il obtient, en fl\u00fbte traversi\u00e8re &hellip;","og_url":"http:\/\/academiemixte.com\/fr_fr\/sylvain-millepied-flutes\/","og_site_name":"Acad\u00e9mie MIXTE","article_publisher":"https:\/\/www.facebook.com\/MIXTEacademie","article_modified_time":"2025-12-17T16:56:44+00:00","og_image":[{"width":2560,"height":1707,"url":"http:\/\/academiemixte.com\/wp-content\/uploads\/2025\/03\/DSC5186-scaled.jpg","type":"image\/jpeg"}],"twitter_card":"summary_large_image","twitter_site":"@PcProxima","twitter_misc":{"Dur\u00e9e de lecture estim\u00e9e":"3 minutes"},"schema":{"@context":"https:\/\/schema.org","@graph":[{"@type":"WebPage","@id":"http:\/\/academiemixte.com\/sylvain-millepied-flutes\/","url":"http:\/\/academiemixte.com\/sylvain-millepied-flutes\/","name":"Sylvain Millepied, fl\u00fbtes &#8226; Acad\u00e9mie MIXTE","isPartOf":{"@id":"http:\/\/academiemixte.com\/#website"},"primaryImageOfPage":{"@id":"http:\/\/academiemixte.com\/sylvain-millepied-flutes\/#primaryimage"},"image":{"@id":"http:\/\/academiemixte.com\/sylvain-millepied-flutes\/#primaryimage"},"thumbnailUrl":"http:\/\/academiemixte.com\/wp-content\/uploads\/2025\/03\/DSC5186-493x300.jpg","datePublished":"2025-03-03T11:50:31+00:00","dateModified":"2025-12-17T16:56:44+00:00","breadcrumb":{"@id":"http:\/\/academiemixte.com\/sylvain-millepied-flutes\/#breadcrumb"},"inLanguage":"fr-FR","potentialAction":[{"@type":"ReadAction","target":["http:\/\/academiemixte.com\/sylvain-millepied-flutes\/"]}]},{"@type":"ImageObject","inLanguage":"fr-FR","@id":"http:\/\/academiemixte.com\/sylvain-millepied-flutes\/#primaryimage","url":"http:\/\/academiemixte.com\/wp-content\/uploads\/2025\/03\/DSC5186-493x300.jpg","contentUrl":"http:\/\/academiemixte.com\/wp-content\/uploads\/2025\/03\/DSC5186-493x300.jpg"},{"@type":"BreadcrumbList","@id":"http:\/\/academiemixte.com\/sylvain-millepied-flutes\/#breadcrumb","itemListElement":[{"@type":"ListItem","position":1,"name":"Accueil","item":"http:\/\/academiemixte.com\/"},{"@type":"ListItem","position":2,"name":"Sylvain Millepied, fl\u00fbtes"}]},{"@type":"WebSite","@id":"http:\/\/academiemixte.com\/#website","url":"http:\/\/academiemixte.com\/","name":"Acad\u00e9mie MIXTE","description":"Acad\u00e9mie internationale de cr\u00e9ation musicale","publisher":{"@id":"http:\/\/academiemixte.com\/#organization"},"potentialAction":[{"@type":"SearchAction","target":{"@type":"EntryPoint","urlTemplate":"http:\/\/academiemixte.com\/?s={search_term_string}"},"query-input":{"@type":"PropertyValueSpecification","valueRequired":true,"valueName":"search_term_string"}}],"inLanguage":"fr-FR"},{"@type":"Organization","@id":"http:\/\/academiemixte.com\/#organization","name":"Acad\u00e9mie MIXTE","url":"http:\/\/academiemixte.com\/","logo":{"@type":"ImageObject","inLanguage":"fr-FR","@id":"http:\/\/academiemixte.com\/#\/schema\/logo\/image\/","url":"http:\/\/academiemixte.com\/wp-content\/uploads\/2022\/01\/LOGO-test1.jpg","contentUrl":"http:\/\/academiemixte.com\/wp-content\/uploads\/2022\/01\/LOGO-test1.jpg","width":270,"height":341,"caption":"Acad\u00e9mie MIXTE"},"image":{"@id":"http:\/\/academiemixte.com\/#\/schema\/logo\/image\/"},"sameAs":["https:\/\/www.facebook.com\/MIXTEacademie","https:\/\/x.com\/PcProxima","https:\/\/www.instagram.com\/proximacentauribdx\/","https:\/\/www.linkedin.com\/in\/proximacentauri\/","https:\/\/www.youtube.com\/c\/proximacentaurimusique"]}]}},"_links":{"self":[{"href":"http:\/\/academiemixte.com\/fr_fr\/wp-json\/wp\/v2\/pages\/2489","targetHints":{"allow":["GET"]}}],"collection":[{"href":"http:\/\/academiemixte.com\/fr_fr\/wp-json\/wp\/v2\/pages"}],"about":[{"href":"http:\/\/academiemixte.com\/fr_fr\/wp-json\/wp\/v2\/types\/page"}],"author":[{"embeddable":true,"href":"http:\/\/academiemixte.com\/fr_fr\/wp-json\/wp\/v2\/users\/1"}],"replies":[{"embeddable":true,"href":"http:\/\/academiemixte.com\/fr_fr\/wp-json\/wp\/v2\/comments?post=2489"}],"version-history":[{"count":16,"href":"http:\/\/academiemixte.com\/fr_fr\/wp-json\/wp\/v2\/pages\/2489\/revisions"}],"predecessor-version":[{"id":2885,"href":"http:\/\/academiemixte.com\/fr_fr\/wp-json\/wp\/v2\/pages\/2489\/revisions\/2885"}],"wp:attachment":[{"href":"http:\/\/academiemixte.com\/fr_fr\/wp-json\/wp\/v2\/media?parent=2489"}],"curies":[{"name":"wp","href":"https:\/\/api.w.org\/{rel}","templated":true}]}}