{"id":2501,"date":"2025-03-03T11:55:45","date_gmt":"2025-03-03T11:55:45","guid":{"rendered":"http:\/\/academiemixte.com\/?page_id=2501"},"modified":"2025-03-04T10:19:02","modified_gmt":"2025-03-04T10:19:02","slug":"hilomi-sakaguchi-piano","status":"publish","type":"page","link":"http:\/\/academiemixte.com\/fr_fr\/hilomi-sakaguchi-piano\/","title":{"rendered":"Hilomi Sakaguchi, piano"},"content":{"rendered":"\t\t<div data-elementor-type=\"wp-page\" data-elementor-id=\"2501\" class=\"elementor elementor-2501\">\n\t\t\t\t\t\t<section class=\"elementor-section elementor-top-section elementor-element elementor-element-07cd2e0 elementor-section-boxed elementor-section-height-default elementor-section-height-default\" data-id=\"07cd2e0\" data-element_type=\"section\" data-e-type=\"section\">\n\t\t\t\t\t\t<div class=\"elementor-container elementor-column-gap-default\">\n\t\t\t\t\t<div class=\"elementor-column elementor-col-100 elementor-top-column elementor-element elementor-element-5894876\" data-id=\"5894876\" data-element_type=\"column\" data-e-type=\"column\">\n\t\t\t<div class=\"elementor-widget-wrap elementor-element-populated\">\n\t\t\t\t\t\t<div class=\"elementor-element elementor-element-b9c7147 elementor-widget elementor-widget-image\" data-id=\"b9c7147\" data-element_type=\"widget\" data-e-type=\"widget\" data-widget_type=\"image.default\">\n\t\t\t\t<div class=\"elementor-widget-container\">\n\t\t\t\t\t\t\t\t\t\t\t\t\t\t\t<img fetchpriority=\"high\" decoding=\"async\" width=\"493\" height=\"300\" src=\"http:\/\/academiemixte.com\/wp-content\/uploads\/2025\/03\/Hilomi_Sakaguchi_OPUS-24.1_053\u00a9Frederic-Desmesure-1-493x300.jpg\" class=\"attachment-bravada-lpbox-2 size-bravada-lpbox-2 wp-image-2678\" alt=\"\" srcset=\"http:\/\/academiemixte.com\/wp-content\/uploads\/2025\/03\/Hilomi_Sakaguchi_OPUS-24.1_053\u00a9Frederic-Desmesure-1-493x300.jpg 493w, http:\/\/academiemixte.com\/wp-content\/uploads\/2025\/03\/Hilomi_Sakaguchi_OPUS-24.1_053\u00a9Frederic-Desmesure-1-18x12.jpg 18w\" sizes=\"(max-width: 493px) 100vw, 493px\" \/>\t\t\t\t\t\t\t\t\t\t\t\t\t\t\t<\/div>\n\t\t\t\t<\/div>\n\t\t\t\t<div class=\"elementor-element elementor-element-48e2ef1 elementor-widget elementor-widget-text-editor\" data-id=\"48e2ef1\" data-element_type=\"widget\" data-e-type=\"widget\" data-widget_type=\"text-editor.default\">\n\t\t\t\t<div class=\"elementor-widget-container\">\n\t\t\t\t\t\t\t\t\t<div class=\"elementor-element elementor-element-8db28b8 elementor-widget elementor-widget-text-editor\" data-id=\"8db28b8\" data-element_type=\"widget\" data-widget_type=\"text-editor.default\"><div class=\"elementor-widget-container\"><p style=\"text-align: center;\">\u00a9Fr\u00e9d\u00e9ric Desmesure<\/p><\/div><\/div>\t\t\t\t\t\t\t\t<\/div>\n\t\t\t\t<\/div>\n\t\t\t\t\t<\/div>\n\t\t<\/div>\n\t\t\t\t\t<\/div>\n\t\t<\/section>\n\t\t\t\t<section class=\"elementor-section elementor-top-section elementor-element elementor-element-2ae1894 elementor-section-boxed elementor-section-height-default elementor-section-height-default\" data-id=\"2ae1894\" data-element_type=\"section\" data-e-type=\"section\">\n\t\t\t\t\t\t<div class=\"elementor-container elementor-column-gap-default\">\n\t\t\t\t\t<div class=\"elementor-column elementor-col-100 elementor-top-column elementor-element elementor-element-772454b\" data-id=\"772454b\" data-element_type=\"column\" data-e-type=\"column\">\n\t\t\t<div class=\"elementor-widget-wrap elementor-element-populated\">\n\t\t\t\t\t\t<div class=\"elementor-element elementor-element-05c4c84 elementor-widget elementor-widget-text-editor\" data-id=\"05c4c84\" data-element_type=\"widget\" data-e-type=\"widget\" data-widget_type=\"text-editor.default\">\n\t\t\t\t<div class=\"elementor-widget-container\">\n\t\t\t\t\t\t\t\t\t<section class=\"elementor-section elementor-top-section elementor-element elementor-element-cda1283 elementor-section-boxed elementor-section-height-default elementor-section-height-default\" data-id=\"cda1283\" data-element_type=\"section\"><div class=\"elementor-container elementor-column-gap-default\"><div class=\"elementor-column elementor-col-100 elementor-top-column elementor-element elementor-element-fcb772c\" data-id=\"fcb772c\" data-element_type=\"column\"><div class=\"elementor-widget-wrap elementor-element-populated\"><div class=\"elementor-element elementor-element-6f79e3e elementor-widget elementor-widget-text-editor\" data-id=\"6f79e3e\" data-element_type=\"widget\" data-widget_type=\"text-editor.default\"><div class=\"elementor-widget-container\"><p dir=\"ltr\">N\u00e9e au Japon, Hilomi Sakaguchi \u00e9tudie le piano \u00e0 l\u2019Universit\u00e9 de SOAI o\u00f9 elle obtient le Premier Prix en 1989. Arriv\u00e9e en France en 1990, elle obtient le Dipl\u00f4me Sup\u00e9rieur d\u2019Ex\u00e9cution de l\u2019Ecole Normale de Musique de Paris avec Annie D\u2019Arco (\u00e9l\u00e8ve de Marguerite Long) ainsi que la M\u00e9daille d\u2019Or et la M\u00e9daille d\u2019Honneur de la ville de Bordeaux \u00e0 l\u2019unanimit\u00e9 du Conservatoire National de R\u00e9gion de Bordeaux dans la classe d\u2019Alain Motard et se perfectionne aupr\u00e8s de Vadim Sakharov, Fran\u00e7ois-Ren\u00e9 Duchable, Jacques Rouvier\u2026<\/p><p dir=\"ltr\">En 1993, elle retourne dans son pays natal afin d\u2019enseigner le piano \u00e0 l\u2019Universit\u00e9 de Musique de SOAI (OSAKA) et accompagne les classes de chant, de chant choral, d\u2019instruments \u00e0 cordes, \u00e0 vent, de musique de chambre et de direction d\u2019orchestre \u00e0 l\u2019Universit\u00e9 d\u2019Arts D\u2019Osaka et \u00e0 l\u2019Acad\u00e9mie Fran\u00e7aise de Kyoto.<\/p><p dir=\"ltr\">De 1991 \u00e0 1993, elle travaille avec le saxophoniste et compositeur Ryo Noda et interpr\u00e8te ses \u0153uvres au japon, en Europe et aux Etats-Unis.<\/p><p dir=\"ltr\">De retour en France en 1995, elle est nomm\u00e9e pianiste- accompagnatrice au Conservatoire \u00e0 Rayonnement R\u00e9gional de Bordeaux et travaille actuellement avec les classes de saxophone, violon et violoncelle.<\/p><p dir=\"ltr\">Parall\u00e8lement, elle est r\u00e9guli\u00e8rement invit\u00e9e en tant que pianiste \u00e0 l\u2019Acad\u00e9mie Internationale de saxophone \u00ab Habanera \u00bb en France, au Conservatoire Sup\u00e9rieur des \u00eeles Bal\u00e9ares, \u00e0 l\u2019Acad\u00e9mie de Santiago en Espagne et participe \u00e0 de nombreuses master-classes de saxophone.<\/p><p dir=\"ltr\">Elle donne de nombreux concerts en France et \u00e0 l\u2019\u00e9tranger (Japon, Etats-Unis, Europe ) en tant que soliste et chambriste dans un r\u00e9pertoire allant de la musique classique \u00e0 la musique contemporaine.<\/p><\/div><\/div><\/div><\/div><\/div><\/section>\t\t\t\t\t\t\t\t<\/div>\n\t\t\t\t<\/div>\n\t\t\t\t\t<\/div>\n\t\t<\/div>\n\t\t\t\t\t<\/div>\n\t\t<\/section>\n\t\t\t\t<\/div>\n\t\t","protected":false},"excerpt":{"rendered":"<p>\u00a9Fr\u00e9d\u00e9ric Desmesure N\u00e9e au Japon, Hilomi Sakaguchi \u00e9tudie le piano \u00e0 l\u2019Universit\u00e9 de SOAI o\u00f9 elle obtient le Premier Prix en 1989. Arriv\u00e9e en France &hellip;<\/p>\n","protected":false},"author":1,"featured_media":0,"parent":0,"menu_order":0,"comment_status":"closed","ping_status":"closed","template":"","meta":{"footnotes":""},"class_list":["post-2501","page","type-page","status-publish","hentry"],"yoast_head":"<!-- This site is optimized with the Yoast SEO plugin v27.3 - https:\/\/yoast.com\/product\/yoast-seo-wordpress\/ -->\n<title>Hilomi Sakaguchi, piano &#8226; Acad\u00e9mie MIXTE<\/title>\n<meta name=\"robots\" content=\"index, follow, max-snippet:-1, max-image-preview:large, max-video-preview:-1\" \/>\n<link rel=\"canonical\" href=\"http:\/\/academiemixte.com\/fr_fr\/hilomi-sakaguchi-piano\/\" \/>\n<meta property=\"og:locale\" content=\"fr_FR\" \/>\n<meta property=\"og:type\" content=\"article\" \/>\n<meta property=\"og:title\" content=\"Hilomi Sakaguchi, piano &#8226; Acad\u00e9mie MIXTE\" \/>\n<meta property=\"og:description\" content=\"\u00a9Fr\u00e9d\u00e9ric Desmesure N\u00e9e au Japon, Hilomi Sakaguchi \u00e9tudie le piano \u00e0 l\u2019Universit\u00e9 de SOAI o\u00f9 elle obtient le Premier Prix en 1989. Arriv\u00e9e en France &hellip;\" \/>\n<meta property=\"og:url\" content=\"http:\/\/academiemixte.com\/fr_fr\/hilomi-sakaguchi-piano\/\" \/>\n<meta property=\"og:site_name\" content=\"Acad\u00e9mie MIXTE\" \/>\n<meta property=\"article:publisher\" content=\"https:\/\/www.facebook.com\/MIXTEacademie\" \/>\n<meta property=\"article:modified_time\" content=\"2025-03-04T10:19:02+00:00\" \/>\n<meta name=\"twitter:card\" content=\"summary_large_image\" \/>\n<meta name=\"twitter:site\" content=\"@PcProxima\" \/>\n<meta name=\"twitter:label1\" content=\"Dur\u00e9e de lecture estim\u00e9e\" \/>\n\t<meta name=\"twitter:data1\" content=\"3 minutes\" \/>\n<script type=\"application\/ld+json\" class=\"yoast-schema-graph\">{\"@context\":\"https:\\\/\\\/schema.org\",\"@graph\":[{\"@type\":\"WebPage\",\"@id\":\"http:\\\/\\\/academiemixte.com\\\/hilomi-sakaguchi-piano\\\/\",\"url\":\"http:\\\/\\\/academiemixte.com\\\/hilomi-sakaguchi-piano\\\/\",\"name\":\"Hilomi Sakaguchi, piano &#8226; Acad\u00e9mie MIXTE\",\"isPartOf\":{\"@id\":\"http:\\\/\\\/academiemixte.com\\\/#website\"},\"datePublished\":\"2025-03-03T11:55:45+00:00\",\"dateModified\":\"2025-03-04T10:19:02+00:00\",\"breadcrumb\":{\"@id\":\"http:\\\/\\\/academiemixte.com\\\/hilomi-sakaguchi-piano\\\/#breadcrumb\"},\"inLanguage\":\"fr-FR\",\"potentialAction\":[{\"@type\":\"ReadAction\",\"target\":[\"http:\\\/\\\/academiemixte.com\\\/hilomi-sakaguchi-piano\\\/\"]}]},{\"@type\":\"BreadcrumbList\",\"@id\":\"http:\\\/\\\/academiemixte.com\\\/hilomi-sakaguchi-piano\\\/#breadcrumb\",\"itemListElement\":[{\"@type\":\"ListItem\",\"position\":1,\"name\":\"Accueil\",\"item\":\"http:\\\/\\\/academiemixte.com\\\/\"},{\"@type\":\"ListItem\",\"position\":2,\"name\":\"Hilomi Sakaguchi, piano\"}]},{\"@type\":\"WebSite\",\"@id\":\"http:\\\/\\\/academiemixte.com\\\/#website\",\"url\":\"http:\\\/\\\/academiemixte.com\\\/\",\"name\":\"Acad\u00e9mie MIXTE\",\"description\":\"Acad\u00e9mie internationale de cr\u00e9ation musicale\",\"publisher\":{\"@id\":\"http:\\\/\\\/academiemixte.com\\\/#organization\"},\"potentialAction\":[{\"@type\":\"SearchAction\",\"target\":{\"@type\":\"EntryPoint\",\"urlTemplate\":\"http:\\\/\\\/academiemixte.com\\\/?s={search_term_string}\"},\"query-input\":{\"@type\":\"PropertyValueSpecification\",\"valueRequired\":true,\"valueName\":\"search_term_string\"}}],\"inLanguage\":\"fr-FR\"},{\"@type\":\"Organization\",\"@id\":\"http:\\\/\\\/academiemixte.com\\\/#organization\",\"name\":\"Acad\u00e9mie MIXTE\",\"url\":\"http:\\\/\\\/academiemixte.com\\\/\",\"logo\":{\"@type\":\"ImageObject\",\"inLanguage\":\"fr-FR\",\"@id\":\"http:\\\/\\\/academiemixte.com\\\/#\\\/schema\\\/logo\\\/image\\\/\",\"url\":\"http:\\\/\\\/academiemixte.com\\\/wp-content\\\/uploads\\\/2022\\\/01\\\/LOGO-test1.jpg\",\"contentUrl\":\"http:\\\/\\\/academiemixte.com\\\/wp-content\\\/uploads\\\/2022\\\/01\\\/LOGO-test1.jpg\",\"width\":270,\"height\":341,\"caption\":\"Acad\u00e9mie MIXTE\"},\"image\":{\"@id\":\"http:\\\/\\\/academiemixte.com\\\/#\\\/schema\\\/logo\\\/image\\\/\"},\"sameAs\":[\"https:\\\/\\\/www.facebook.com\\\/MIXTEacademie\",\"https:\\\/\\\/x.com\\\/PcProxima\",\"https:\\\/\\\/www.instagram.com\\\/proximacentauribdx\\\/\",\"https:\\\/\\\/www.linkedin.com\\\/in\\\/proximacentauri\\\/\",\"https:\\\/\\\/www.youtube.com\\\/c\\\/proximacentaurimusique\"]}]}<\/script>\n<!-- \/ Yoast SEO plugin. -->","yoast_head_json":{"title":"Hilomi Sakaguchi, piano &#8226; Acad\u00e9mie MIXTE","robots":{"index":"index","follow":"follow","max-snippet":"max-snippet:-1","max-image-preview":"max-image-preview:large","max-video-preview":"max-video-preview:-1"},"canonical":"http:\/\/academiemixte.com\/fr_fr\/hilomi-sakaguchi-piano\/","og_locale":"fr_FR","og_type":"article","og_title":"Hilomi Sakaguchi, piano &#8226; Acad\u00e9mie MIXTE","og_description":"\u00a9Fr\u00e9d\u00e9ric Desmesure N\u00e9e au Japon, Hilomi Sakaguchi \u00e9tudie le piano \u00e0 l\u2019Universit\u00e9 de SOAI o\u00f9 elle obtient le Premier Prix en 1989. Arriv\u00e9e en France &hellip;","og_url":"http:\/\/academiemixte.com\/fr_fr\/hilomi-sakaguchi-piano\/","og_site_name":"Acad\u00e9mie MIXTE","article_publisher":"https:\/\/www.facebook.com\/MIXTEacademie","article_modified_time":"2025-03-04T10:19:02+00:00","twitter_card":"summary_large_image","twitter_site":"@PcProxima","twitter_misc":{"Dur\u00e9e de lecture estim\u00e9e":"3 minutes"},"schema":{"@context":"https:\/\/schema.org","@graph":[{"@type":"WebPage","@id":"http:\/\/academiemixte.com\/hilomi-sakaguchi-piano\/","url":"http:\/\/academiemixte.com\/hilomi-sakaguchi-piano\/","name":"Hilomi Sakaguchi, piano &#8226; Acad\u00e9mie MIXTE","isPartOf":{"@id":"http:\/\/academiemixte.com\/#website"},"datePublished":"2025-03-03T11:55:45+00:00","dateModified":"2025-03-04T10:19:02+00:00","breadcrumb":{"@id":"http:\/\/academiemixte.com\/hilomi-sakaguchi-piano\/#breadcrumb"},"inLanguage":"fr-FR","potentialAction":[{"@type":"ReadAction","target":["http:\/\/academiemixte.com\/hilomi-sakaguchi-piano\/"]}]},{"@type":"BreadcrumbList","@id":"http:\/\/academiemixte.com\/hilomi-sakaguchi-piano\/#breadcrumb","itemListElement":[{"@type":"ListItem","position":1,"name":"Accueil","item":"http:\/\/academiemixte.com\/"},{"@type":"ListItem","position":2,"name":"Hilomi Sakaguchi, piano"}]},{"@type":"WebSite","@id":"http:\/\/academiemixte.com\/#website","url":"http:\/\/academiemixte.com\/","name":"Acad\u00e9mie MIXTE","description":"Acad\u00e9mie internationale de cr\u00e9ation musicale","publisher":{"@id":"http:\/\/academiemixte.com\/#organization"},"potentialAction":[{"@type":"SearchAction","target":{"@type":"EntryPoint","urlTemplate":"http:\/\/academiemixte.com\/?s={search_term_string}"},"query-input":{"@type":"PropertyValueSpecification","valueRequired":true,"valueName":"search_term_string"}}],"inLanguage":"fr-FR"},{"@type":"Organization","@id":"http:\/\/academiemixte.com\/#organization","name":"Acad\u00e9mie MIXTE","url":"http:\/\/academiemixte.com\/","logo":{"@type":"ImageObject","inLanguage":"fr-FR","@id":"http:\/\/academiemixte.com\/#\/schema\/logo\/image\/","url":"http:\/\/academiemixte.com\/wp-content\/uploads\/2022\/01\/LOGO-test1.jpg","contentUrl":"http:\/\/academiemixte.com\/wp-content\/uploads\/2022\/01\/LOGO-test1.jpg","width":270,"height":341,"caption":"Acad\u00e9mie MIXTE"},"image":{"@id":"http:\/\/academiemixte.com\/#\/schema\/logo\/image\/"},"sameAs":["https:\/\/www.facebook.com\/MIXTEacademie","https:\/\/x.com\/PcProxima","https:\/\/www.instagram.com\/proximacentauribdx\/","https:\/\/www.linkedin.com\/in\/proximacentauri\/","https:\/\/www.youtube.com\/c\/proximacentaurimusique"]}]}},"_links":{"self":[{"href":"http:\/\/academiemixte.com\/fr_fr\/wp-json\/wp\/v2\/pages\/2501","targetHints":{"allow":["GET"]}}],"collection":[{"href":"http:\/\/academiemixte.com\/fr_fr\/wp-json\/wp\/v2\/pages"}],"about":[{"href":"http:\/\/academiemixte.com\/fr_fr\/wp-json\/wp\/v2\/types\/page"}],"author":[{"embeddable":true,"href":"http:\/\/academiemixte.com\/fr_fr\/wp-json\/wp\/v2\/users\/1"}],"replies":[{"embeddable":true,"href":"http:\/\/academiemixte.com\/fr_fr\/wp-json\/wp\/v2\/comments?post=2501"}],"version-history":[{"count":37,"href":"http:\/\/academiemixte.com\/fr_fr\/wp-json\/wp\/v2\/pages\/2501\/revisions"}],"predecessor-version":[{"id":2694,"href":"http:\/\/academiemixte.com\/fr_fr\/wp-json\/wp\/v2\/pages\/2501\/revisions\/2694"}],"wp:attachment":[{"href":"http:\/\/academiemixte.com\/fr_fr\/wp-json\/wp\/v2\/media?parent=2501"}],"curies":[{"name":"wp","href":"https:\/\/api.w.org\/{rel}","templated":true}]}}