{"id":3053,"date":"2026-04-10T16:55:55","date_gmt":"2026-04-10T16:55:55","guid":{"rendered":"http:\/\/academiemixte.com\/?page_id=3053"},"modified":"2026-04-10T16:59:15","modified_gmt":"2026-04-10T16:59:15","slug":"gwenaelle-pellegrini-piano","status":"publish","type":"page","link":"http:\/\/academiemixte.com\/fr_fr\/gwenaelle-pellegrini-piano\/","title":{"rendered":"Gwena\u00eblle Pellegrini, piano"},"content":{"rendered":"\t\t<div data-elementor-type=\"wp-page\" data-elementor-id=\"3053\" class=\"elementor elementor-3053\">\n\t\t\t\t\t\t<section class=\"elementor-section elementor-top-section elementor-element elementor-element-7c1d113 elementor-section-boxed elementor-section-height-default elementor-section-height-default\" data-id=\"7c1d113\" data-element_type=\"section\" data-e-type=\"section\">\n\t\t\t\t\t\t<div class=\"elementor-container elementor-column-gap-default\">\n\t\t\t\t\t<div class=\"elementor-column elementor-col-100 elementor-top-column elementor-element elementor-element-c514252\" data-id=\"c514252\" data-element_type=\"column\" data-e-type=\"column\">\n\t\t\t<div class=\"elementor-widget-wrap elementor-element-populated\">\n\t\t\t\t\t\t<div class=\"elementor-element elementor-element-1ded958 elementor-widget elementor-widget-image\" data-id=\"1ded958\" data-element_type=\"widget\" data-e-type=\"widget\" data-widget_type=\"image.default\">\n\t\t\t\t<div class=\"elementor-widget-container\">\n\t\t\t\t\t\t\t\t\t\t\t\t\t\t\t<img fetchpriority=\"high\" decoding=\"async\" width=\"200\" height=\"300\" src=\"http:\/\/academiemixte.com\/wp-content\/uploads\/2026\/04\/Gwenaelle-Pellegrini-Festival-Mad-2025-T4S-189-\u00a9Frederic-DesmesureVersionGwen-200x300.jpeg\" class=\"attachment-post-thumbnail size-post-thumbnail wp-image-3056\" alt=\"\" srcset=\"http:\/\/academiemixte.com\/wp-content\/uploads\/2026\/04\/Gwenaelle-Pellegrini-Festival-Mad-2025-T4S-189-\u00a9Frederic-DesmesureVersionGwen-200x300.jpeg 200w, http:\/\/academiemixte.com\/wp-content\/uploads\/2026\/04\/Gwenaelle-Pellegrini-Festival-Mad-2025-T4S-189-\u00a9Frederic-DesmesureVersionGwen-682x1024.jpeg 682w, http:\/\/academiemixte.com\/wp-content\/uploads\/2026\/04\/Gwenaelle-Pellegrini-Festival-Mad-2025-T4S-189-\u00a9Frederic-DesmesureVersionGwen-768x1154.jpeg 768w, http:\/\/academiemixte.com\/wp-content\/uploads\/2026\/04\/Gwenaelle-Pellegrini-Festival-Mad-2025-T4S-189-\u00a9Frederic-DesmesureVersionGwen-8x12.jpeg 8w, http:\/\/academiemixte.com\/wp-content\/uploads\/2026\/04\/Gwenaelle-Pellegrini-Festival-Mad-2025-T4S-189-\u00a9Frederic-DesmesureVersionGwen.jpeg 852w\" sizes=\"(max-width: 200px) 100vw, 200px\" \/>\t\t\t\t\t\t\t\t\t\t\t\t\t\t\t<\/div>\n\t\t\t\t<\/div>\n\t\t\t\t\t<\/div>\n\t\t<\/div>\n\t\t\t\t\t<\/div>\n\t\t<\/section>\n\t\t\t\t<section class=\"elementor-section elementor-top-section elementor-element elementor-element-cfc907a elementor-section-boxed elementor-section-height-default elementor-section-height-default\" data-id=\"cfc907a\" data-element_type=\"section\" data-e-type=\"section\">\n\t\t\t\t\t\t<div class=\"elementor-container elementor-column-gap-default\">\n\t\t\t\t\t<div class=\"elementor-column elementor-col-100 elementor-top-column elementor-element elementor-element-e679c25\" data-id=\"e679c25\" data-element_type=\"column\" data-e-type=\"column\">\n\t\t\t<div class=\"elementor-widget-wrap elementor-element-populated\">\n\t\t\t\t\t\t<div class=\"elementor-element elementor-element-bf8a4ec elementor-widget elementor-widget-text-editor\" data-id=\"bf8a4ec\" data-element_type=\"widget\" data-e-type=\"widget\" data-widget_type=\"text-editor.default\">\n\t\t\t\t<div class=\"elementor-widget-container\">\n\t\t\t\t\t\t\t\t\t<p><span class=\"a_GcMg font-feature-liga-off font-feature-clig-off font-feature-calt-off text-decoration-none text-strikethrough-none\">Pianiste et accompagnatrice form\u00e9e au Conservatoire \u00e0 Rayonnement R\u00e9gional de Nantes et au P\u00f4le Ali\u00e9nor, \u00e9tablissement d&rsquo;enseignement sup\u00e9rieur de Poitiers, Gwena\u00eblle Pellegrini obtient successivement un Dipl\u00f4me d\u2019Etat d\u2019accompagnement puis un Dipl\u00f4me d\u2019\u00c9tat de piano. Elle se forme en parall\u00e8le \u00e0 l\u2019orgue et \u00e0 la harpe celtique, et sa curiosit\u00e9 scientifique la pousse \u00e0 obtenir une licence de math\u00e9matiques.<\/span><\/p><p class=\"cvGsUA direction-ltr align-justify para-style-body\"><span class=\"a_GcMg font-feature-liga-off font-feature-clig-off font-feature-calt-off text-decoration-none text-strikethrough-none\">Depuis 2018, elle d\u00e9veloppe une carri\u00e8re d\u2019enseignante accompagnatrice au sein de conservatoires tels que Poitiers et Bordeaux, o\u00f9 elle travaille aupr\u00e8s de classes instrumentales vari\u00e9es (clarinette, saxophone, violon, fl\u00fbte, hautbois, chant, danse).<\/span><\/p><p class=\"cvGsUA direction-ltr align-justify para-style-body\"><span class=\"a_GcMg font-feature-liga-off font-feature-clig-off font-feature-calt-off text-decoration-none text-strikethrough-none\">Elle enseigne et accompagne actuellement au Conservatoire de Bordeaux Jacques Thibaud (classes de violon, saxophone et percussions) et au PESMD-P\u00f4le d\u2019Enseignement Sup\u00e9rieur de Musique et de Danse de Bordeaux (classes de fl\u00fbte et hautbois). Elle est \u00e9galement coordinatrice du d\u00e9partement d\u2019accompagnement au Conservatoire de Bordeaux et participe \u00e0 d\u00e9velopper la place p\u00e9dagogique des pianistes accompagnateurs au sein des conservatoires. Son exp\u00e9rience l\u2019am\u00e8ne \u00e9galement \u00e0 collaborer lors de concours, stages internationaux et productions artistiques diverses (op\u00e9ras, musique de chambre). Elle se produit \u00e9galement en concert dans la forme sonate piano-violon au sein du duo Chroma.<\/span><\/p>\t\t\t\t\t\t\t\t<\/div>\n\t\t\t\t<\/div>\n\t\t\t\t\t<\/div>\n\t\t<\/div>\n\t\t\t\t\t<\/div>\n\t\t<\/section>\n\t\t\t\t<\/div>\n\t\t","protected":false},"excerpt":{"rendered":"<p>Pianiste et accompagnatrice form\u00e9e au Conservatoire \u00e0 Rayonnement R\u00e9gional de Nantes et au P\u00f4le Ali\u00e9nor, \u00e9tablissement d&rsquo;enseignement sup\u00e9rieur de Poitiers, Gwena\u00eblle Pellegrini obtient successivement un &hellip;<\/p>\n","protected":false},"author":1,"featured_media":0,"parent":0,"menu_order":0,"comment_status":"closed","ping_status":"closed","template":"","meta":{"footnotes":""},"class_list":["post-3053","page","type-page","status-publish","hentry"],"yoast_head":"<!-- This site is optimized with the Yoast SEO plugin v27.3 - https:\/\/yoast.com\/product\/yoast-seo-wordpress\/ -->\n<title>Gwena\u00eblle Pellegrini, piano &#8226; Acad\u00e9mie MIXTE<\/title>\n<meta name=\"robots\" content=\"index, follow, max-snippet:-1, max-image-preview:large, max-video-preview:-1\" \/>\n<link rel=\"canonical\" href=\"http:\/\/academiemixte.com\/fr_fr\/gwenaelle-pellegrini-piano\/\" \/>\n<meta property=\"og:locale\" content=\"fr_FR\" \/>\n<meta property=\"og:type\" content=\"article\" \/>\n<meta property=\"og:title\" content=\"Gwena\u00eblle Pellegrini, piano &#8226; Acad\u00e9mie MIXTE\" \/>\n<meta property=\"og:description\" content=\"Pianiste et accompagnatrice form\u00e9e au Conservatoire \u00e0 Rayonnement R\u00e9gional de Nantes et au P\u00f4le Ali\u00e9nor, \u00e9tablissement d&rsquo;enseignement sup\u00e9rieur de Poitiers, Gwena\u00eblle Pellegrini obtient successivement un &hellip;\" \/>\n<meta property=\"og:url\" content=\"http:\/\/academiemixte.com\/fr_fr\/gwenaelle-pellegrini-piano\/\" \/>\n<meta property=\"og:site_name\" content=\"Acad\u00e9mie MIXTE\" \/>\n<meta property=\"article:publisher\" content=\"https:\/\/www.facebook.com\/MIXTEacademie\" \/>\n<meta property=\"article:modified_time\" content=\"2026-04-10T16:59:15+00:00\" \/>\n<meta name=\"twitter:card\" content=\"summary_large_image\" \/>\n<meta name=\"twitter:site\" content=\"@PcProxima\" \/>\n<meta name=\"twitter:label1\" content=\"Dur\u00e9e de lecture estim\u00e9e\" \/>\n\t<meta name=\"twitter:data1\" content=\"2 minutes\" \/>\n<script type=\"application\/ld+json\" class=\"yoast-schema-graph\">{\"@context\":\"https:\\\/\\\/schema.org\",\"@graph\":[{\"@type\":\"WebPage\",\"@id\":\"http:\\\/\\\/academiemixte.com\\\/fr_fr\\\/gwenaelle-pellegrini-piano\\\/\",\"url\":\"http:\\\/\\\/academiemixte.com\\\/fr_fr\\\/gwenaelle-pellegrini-piano\\\/\",\"name\":\"Gwena\u00eblle Pellegrini, piano &#8226; Acad\u00e9mie MIXTE\",\"isPartOf\":{\"@id\":\"http:\\\/\\\/academiemixte.com\\\/#website\"},\"datePublished\":\"2026-04-10T16:55:55+00:00\",\"dateModified\":\"2026-04-10T16:59:15+00:00\",\"breadcrumb\":{\"@id\":\"http:\\\/\\\/academiemixte.com\\\/fr_fr\\\/gwenaelle-pellegrini-piano\\\/#breadcrumb\"},\"inLanguage\":\"fr-FR\",\"potentialAction\":[{\"@type\":\"ReadAction\",\"target\":[\"http:\\\/\\\/academiemixte.com\\\/fr_fr\\\/gwenaelle-pellegrini-piano\\\/\"]}]},{\"@type\":\"BreadcrumbList\",\"@id\":\"http:\\\/\\\/academiemixte.com\\\/fr_fr\\\/gwenaelle-pellegrini-piano\\\/#breadcrumb\",\"itemListElement\":[{\"@type\":\"ListItem\",\"position\":1,\"name\":\"Accueil\",\"item\":\"http:\\\/\\\/academiemixte.com\\\/\"},{\"@type\":\"ListItem\",\"position\":2,\"name\":\"Gwena\u00eblle Pellegrini, piano\"}]},{\"@type\":\"WebSite\",\"@id\":\"http:\\\/\\\/academiemixte.com\\\/#website\",\"url\":\"http:\\\/\\\/academiemixte.com\\\/\",\"name\":\"Acad\u00e9mie MIXTE\",\"description\":\"Acad\u00e9mie internationale de cr\u00e9ation musicale\",\"publisher\":{\"@id\":\"http:\\\/\\\/academiemixte.com\\\/#organization\"},\"potentialAction\":[{\"@type\":\"SearchAction\",\"target\":{\"@type\":\"EntryPoint\",\"urlTemplate\":\"http:\\\/\\\/academiemixte.com\\\/?s={search_term_string}\"},\"query-input\":{\"@type\":\"PropertyValueSpecification\",\"valueRequired\":true,\"valueName\":\"search_term_string\"}}],\"inLanguage\":\"fr-FR\"},{\"@type\":\"Organization\",\"@id\":\"http:\\\/\\\/academiemixte.com\\\/#organization\",\"name\":\"Acad\u00e9mie MIXTE\",\"url\":\"http:\\\/\\\/academiemixte.com\\\/\",\"logo\":{\"@type\":\"ImageObject\",\"inLanguage\":\"fr-FR\",\"@id\":\"http:\\\/\\\/academiemixte.com\\\/#\\\/schema\\\/logo\\\/image\\\/\",\"url\":\"http:\\\/\\\/academiemixte.com\\\/wp-content\\\/uploads\\\/2022\\\/01\\\/LOGO-test1.jpg\",\"contentUrl\":\"http:\\\/\\\/academiemixte.com\\\/wp-content\\\/uploads\\\/2022\\\/01\\\/LOGO-test1.jpg\",\"width\":270,\"height\":341,\"caption\":\"Acad\u00e9mie MIXTE\"},\"image\":{\"@id\":\"http:\\\/\\\/academiemixte.com\\\/#\\\/schema\\\/logo\\\/image\\\/\"},\"sameAs\":[\"https:\\\/\\\/www.facebook.com\\\/MIXTEacademie\",\"https:\\\/\\\/x.com\\\/PcProxima\",\"https:\\\/\\\/www.instagram.com\\\/proximacentauribdx\\\/\",\"https:\\\/\\\/www.linkedin.com\\\/in\\\/proximacentauri\\\/\",\"https:\\\/\\\/www.youtube.com\\\/c\\\/proximacentaurimusique\"]}]}<\/script>\n<!-- \/ Yoast SEO plugin. -->","yoast_head_json":{"title":"Gwena\u00eblle Pellegrini, piano &#8226; Acad\u00e9mie MIXTE","robots":{"index":"index","follow":"follow","max-snippet":"max-snippet:-1","max-image-preview":"max-image-preview:large","max-video-preview":"max-video-preview:-1"},"canonical":"http:\/\/academiemixte.com\/fr_fr\/gwenaelle-pellegrini-piano\/","og_locale":"fr_FR","og_type":"article","og_title":"Gwena\u00eblle Pellegrini, piano &#8226; Acad\u00e9mie MIXTE","og_description":"Pianiste et accompagnatrice form\u00e9e au Conservatoire \u00e0 Rayonnement R\u00e9gional de Nantes et au P\u00f4le Ali\u00e9nor, \u00e9tablissement d&rsquo;enseignement sup\u00e9rieur de Poitiers, Gwena\u00eblle Pellegrini obtient successivement un &hellip;","og_url":"http:\/\/academiemixte.com\/fr_fr\/gwenaelle-pellegrini-piano\/","og_site_name":"Acad\u00e9mie MIXTE","article_publisher":"https:\/\/www.facebook.com\/MIXTEacademie","article_modified_time":"2026-04-10T16:59:15+00:00","twitter_card":"summary_large_image","twitter_site":"@PcProxima","twitter_misc":{"Dur\u00e9e de lecture estim\u00e9e":"2 minutes"},"schema":{"@context":"https:\/\/schema.org","@graph":[{"@type":"WebPage","@id":"http:\/\/academiemixte.com\/fr_fr\/gwenaelle-pellegrini-piano\/","url":"http:\/\/academiemixte.com\/fr_fr\/gwenaelle-pellegrini-piano\/","name":"Gwena\u00eblle Pellegrini, piano &#8226; Acad\u00e9mie MIXTE","isPartOf":{"@id":"http:\/\/academiemixte.com\/#website"},"datePublished":"2026-04-10T16:55:55+00:00","dateModified":"2026-04-10T16:59:15+00:00","breadcrumb":{"@id":"http:\/\/academiemixte.com\/fr_fr\/gwenaelle-pellegrini-piano\/#breadcrumb"},"inLanguage":"fr-FR","potentialAction":[{"@type":"ReadAction","target":["http:\/\/academiemixte.com\/fr_fr\/gwenaelle-pellegrini-piano\/"]}]},{"@type":"BreadcrumbList","@id":"http:\/\/academiemixte.com\/fr_fr\/gwenaelle-pellegrini-piano\/#breadcrumb","itemListElement":[{"@type":"ListItem","position":1,"name":"Accueil","item":"http:\/\/academiemixte.com\/"},{"@type":"ListItem","position":2,"name":"Gwena\u00eblle Pellegrini, piano"}]},{"@type":"WebSite","@id":"http:\/\/academiemixte.com\/#website","url":"http:\/\/academiemixte.com\/","name":"Acad\u00e9mie MIXTE","description":"Acad\u00e9mie internationale de cr\u00e9ation musicale","publisher":{"@id":"http:\/\/academiemixte.com\/#organization"},"potentialAction":[{"@type":"SearchAction","target":{"@type":"EntryPoint","urlTemplate":"http:\/\/academiemixte.com\/?s={search_term_string}"},"query-input":{"@type":"PropertyValueSpecification","valueRequired":true,"valueName":"search_term_string"}}],"inLanguage":"fr-FR"},{"@type":"Organization","@id":"http:\/\/academiemixte.com\/#organization","name":"Acad\u00e9mie MIXTE","url":"http:\/\/academiemixte.com\/","logo":{"@type":"ImageObject","inLanguage":"fr-FR","@id":"http:\/\/academiemixte.com\/#\/schema\/logo\/image\/","url":"http:\/\/academiemixte.com\/wp-content\/uploads\/2022\/01\/LOGO-test1.jpg","contentUrl":"http:\/\/academiemixte.com\/wp-content\/uploads\/2022\/01\/LOGO-test1.jpg","width":270,"height":341,"caption":"Acad\u00e9mie MIXTE"},"image":{"@id":"http:\/\/academiemixte.com\/#\/schema\/logo\/image\/"},"sameAs":["https:\/\/www.facebook.com\/MIXTEacademie","https:\/\/x.com\/PcProxima","https:\/\/www.instagram.com\/proximacentauribdx\/","https:\/\/www.linkedin.com\/in\/proximacentauri\/","https:\/\/www.youtube.com\/c\/proximacentaurimusique"]}]}},"_links":{"self":[{"href":"http:\/\/academiemixte.com\/fr_fr\/wp-json\/wp\/v2\/pages\/3053","targetHints":{"allow":["GET"]}}],"collection":[{"href":"http:\/\/academiemixte.com\/fr_fr\/wp-json\/wp\/v2\/pages"}],"about":[{"href":"http:\/\/academiemixte.com\/fr_fr\/wp-json\/wp\/v2\/types\/page"}],"author":[{"embeddable":true,"href":"http:\/\/academiemixte.com\/fr_fr\/wp-json\/wp\/v2\/users\/1"}],"replies":[{"embeddable":true,"href":"http:\/\/academiemixte.com\/fr_fr\/wp-json\/wp\/v2\/comments?post=3053"}],"version-history":[{"count":5,"href":"http:\/\/academiemixte.com\/fr_fr\/wp-json\/wp\/v2\/pages\/3053\/revisions"}],"predecessor-version":[{"id":3062,"href":"http:\/\/academiemixte.com\/fr_fr\/wp-json\/wp\/v2\/pages\/3053\/revisions\/3062"}],"wp:attachment":[{"href":"http:\/\/academiemixte.com\/fr_fr\/wp-json\/wp\/v2\/media?parent=3053"}],"curies":[{"name":"wp","href":"https:\/\/api.w.org\/{rel}","templated":true}]}}