{"id":562,"date":"2022-01-06T08:41:38","date_gmt":"2022-01-06T08:41:38","guid":{"rendered":"http:\/\/academiemixte.com\/?page_id=562"},"modified":"2022-01-06T08:45:53","modified_gmt":"2022-01-06T08:45:53","slug":"marie-bernadette-charrier","status":"publish","type":"page","link":"http:\/\/academiemixte.com\/fr_fr\/marie-bernadette-charrier\/","title":{"rendered":"Marie-Bernadette Charrier"},"content":{"rendered":"\t\t<div data-elementor-type=\"wp-page\" data-elementor-id=\"562\" class=\"elementor elementor-562\">\n\t\t\t\t\t\t<section class=\"elementor-section elementor-top-section elementor-element elementor-element-25a9057 elementor-section-boxed elementor-section-height-default elementor-section-height-default\" data-id=\"25a9057\" data-element_type=\"section\" data-e-type=\"section\">\n\t\t\t\t\t\t<div class=\"elementor-container elementor-column-gap-default\">\n\t\t\t\t\t<div class=\"elementor-column elementor-col-100 elementor-top-column elementor-element elementor-element-1100ec5\" data-id=\"1100ec5\" data-element_type=\"column\" data-e-type=\"column\">\n\t\t\t<div class=\"elementor-widget-wrap elementor-element-populated\">\n\t\t\t\t\t\t<div class=\"elementor-element elementor-element-1ed6786 elementor-position-top elementor-widget elementor-widget-image-box\" data-id=\"1ed6786\" data-element_type=\"widget\" data-e-type=\"widget\" data-widget_type=\"image-box.default\">\n\t\t\t\t<div class=\"elementor-widget-container\">\n\t\t\t\t\t<div class=\"elementor-image-box-wrapper\"><figure class=\"elementor-image-box-img\"><img fetchpriority=\"high\" decoding=\"async\" width=\"1703\" height=\"2560\" src=\"http:\/\/academiemixte.com\/wp-content\/uploads\/2021\/06\/Maribe2-scaled.jpg\" class=\"attachment-full size-full wp-image-451\" alt=\"\" srcset=\"http:\/\/academiemixte.com\/wp-content\/uploads\/2021\/06\/Maribe2-scaled.jpg 1703w, http:\/\/academiemixte.com\/wp-content\/uploads\/2021\/06\/Maribe2-200x300.jpg 200w, http:\/\/academiemixte.com\/wp-content\/uploads\/2021\/06\/Maribe2-681x1024.jpg 681w, http:\/\/academiemixte.com\/wp-content\/uploads\/2021\/06\/Maribe2-768x1154.jpg 768w, http:\/\/academiemixte.com\/wp-content\/uploads\/2021\/06\/Maribe2-1022x1536.jpg 1022w, http:\/\/academiemixte.com\/wp-content\/uploads\/2021\/06\/Maribe2-1363x2048.jpg 1363w\" sizes=\"(max-width: 1703px) 100vw, 1703px\" \/><\/figure><div class=\"elementor-image-box-content\"><h3 class=\"elementor-image-box-title\">Saxophone<\/h3><\/div><\/div>\t\t\t\t<\/div>\n\t\t\t\t<\/div>\n\t\t\t\t<div class=\"elementor-element elementor-element-2b246f9 elementor-widget elementor-widget-text-editor\" data-id=\"2b246f9\" data-element_type=\"widget\" data-e-type=\"widget\" data-widget_type=\"text-editor.default\">\n\t\t\t\t<div class=\"elementor-widget-container\">\n\t\t\t\t\t\t\t\t\t<p style=\"text-align: left;\">Curieuse et passionn\u00e9e par tous les courants musicaux d\u2019aujourd\u2019hui, Marie-Bernadette Charrier m\u00e8ne une carri\u00e8re internationale (France, Allemagne, Espagne, Italie, Belgique, Slov\u00e9nie, Estonie, Suisse, Irlande, Australie, Canada, USA, Japon, Chine, Tha\u00eflande, P\u00e9rou, Mexique, Chili\u2026) de soliste et en musique de chambre avec l\u2019ensemble Proxima Centauri dont elle est la directrice artistique. Elle a particip\u00e9 \u00e0 diverses \u00e9missions et enregistrements radiophoniques en Allemagne, en Irlande, en France, en Suisse, au Canada et en Australie.<\/p><p style=\"text-align: left;\">Elle a jou\u00e9 avec l\u2019Orchestre du Th\u00e9\u00e2tre de Nantes, l\u2019Orchestre Philharmonique des Pays de Loire, l\u2019Ensemble International de Saxophones, l\u2019Ensemble Musique Nouvelle, l\u2019Ensemble Orchestral International d\u2019Italie, l\u2019Orchestre du Grand Th\u00e9\u00e2tre de Bordeaux, l\u2019Orchestre National Bordeaux Aquitaine, l\u2019ensemble ARCEMA, le Nouvel Ensemble Moderne de Montr\u00e9al, l\u2019Ensemble Contemporain de Montr\u00e9al\u2026 Marie-Bernadette Charrier est invit\u00e9e r\u00e9guli\u00e8rement \u00e0 donner des master-classes et des conf\u00e9rences dans divers Conservatoires Sup\u00e9rieurs de Musique ou Universit\u00e9s en Europe, en Am\u00e9rique, en Australie, en Asie.<\/p><p style=\"text-align: left;\">Actuellement professeur de saxophone au PESMD Bordeaux Aquitaine et au Conservatoire \u00e0 Rayonnement R\u00e9gional de Bordeaux o\u00f9 elle cr\u00e9e en 1993 une classe d\u2019interpr\u00e9tation de la musique contemporaine pour tous les instruments, elle forme des g\u00e9n\u00e9rations d\u2019interpr\u00e8tes \u00e0 la pratique ouverte des musiques d\u2019aujourd\u2019hui.<\/p><p>Marie-Bernadette Charrier est membre d\u2019Honneur de l\u2019Association des Saxophonistes de France et membre du\u00a0Comit\u00e9 Mondial de Saxophone. Elle est d\u00e9dicataire d\u2019une centaine d\u2019oeuvres originales pour saxophone et a enregistr\u00e9 plus de dix CDs.<\/p>\t\t\t\t\t\t\t\t<\/div>\n\t\t\t\t<\/div>\n\t\t\t\t\t<\/div>\n\t\t<\/div>\n\t\t\t\t\t<\/div>\n\t\t<\/section>\n\t\t\t\t<\/div>\n\t\t","protected":false},"excerpt":{"rendered":"<p>Saxophone Curieuse et passionn\u00e9e par tous les courants musicaux d\u2019aujourd\u2019hui, Marie-Bernadette Charrier m\u00e8ne une carri\u00e8re internationale (France, Allemagne, Espagne, Italie, Belgique, Slov\u00e9nie, Estonie, Suisse, Irlande, &hellip;<\/p>\n","protected":false},"author":1,"featured_media":0,"parent":0,"menu_order":0,"comment_status":"closed","ping_status":"closed","template":"","meta":{"footnotes":""},"class_list":["post-562","page","type-page","status-publish","hentry"],"yoast_head":"<!-- This site is optimized with the Yoast SEO plugin v27.3 - https:\/\/yoast.com\/product\/yoast-seo-wordpress\/ -->\n<title>Marie-Bernadette Charrier &#8226; Acad\u00e9mie MIXTE<\/title>\n<meta name=\"robots\" content=\"index, follow, max-snippet:-1, max-image-preview:large, max-video-preview:-1\" \/>\n<link rel=\"canonical\" href=\"http:\/\/academiemixte.com\/fr_fr\/marie-bernadette-charrier\/\" \/>\n<meta property=\"og:locale\" content=\"fr_FR\" \/>\n<meta property=\"og:type\" content=\"article\" \/>\n<meta property=\"og:title\" content=\"Marie-Bernadette Charrier &#8226; Acad\u00e9mie MIXTE\" \/>\n<meta property=\"og:description\" content=\"Saxophone Curieuse et passionn\u00e9e par tous les courants musicaux d\u2019aujourd\u2019hui, Marie-Bernadette Charrier m\u00e8ne une carri\u00e8re internationale (France, Allemagne, Espagne, Italie, Belgique, Slov\u00e9nie, Estonie, Suisse, Irlande, &hellip;\" \/>\n<meta property=\"og:url\" content=\"http:\/\/academiemixte.com\/fr_fr\/marie-bernadette-charrier\/\" \/>\n<meta property=\"og:site_name\" content=\"Acad\u00e9mie MIXTE\" \/>\n<meta property=\"article:publisher\" content=\"https:\/\/www.facebook.com\/MIXTEacademie\" \/>\n<meta property=\"article:modified_time\" content=\"2022-01-06T08:45:53+00:00\" \/>\n<meta property=\"og:image\" content=\"http:\/\/academiemixte.com\/wp-content\/uploads\/2021\/06\/Maribe2-scaled.jpg\" \/>\n<meta name=\"twitter:card\" content=\"summary_large_image\" \/>\n<meta name=\"twitter:site\" content=\"@PcProxima\" \/>\n<meta name=\"twitter:label1\" content=\"Dur\u00e9e de lecture estim\u00e9e\" \/>\n\t<meta name=\"twitter:data1\" content=\"2 minutes\" \/>\n<script type=\"application\/ld+json\" class=\"yoast-schema-graph\">{\"@context\":\"https:\\\/\\\/schema.org\",\"@graph\":[{\"@type\":\"WebPage\",\"@id\":\"http:\\\/\\\/academiemixte.com\\\/fr_fr\\\/marie-bernadette-charrier\\\/\",\"url\":\"http:\\\/\\\/academiemixte.com\\\/fr_fr\\\/marie-bernadette-charrier\\\/\",\"name\":\"Marie-Bernadette Charrier &#8226; Acad\u00e9mie MIXTE\",\"isPartOf\":{\"@id\":\"http:\\\/\\\/academiemixte.com\\\/#website\"},\"primaryImageOfPage\":{\"@id\":\"http:\\\/\\\/academiemixte.com\\\/fr_fr\\\/marie-bernadette-charrier\\\/#primaryimage\"},\"image\":{\"@id\":\"http:\\\/\\\/academiemixte.com\\\/fr_fr\\\/marie-bernadette-charrier\\\/#primaryimage\"},\"thumbnailUrl\":\"http:\\\/\\\/academiemixte.com\\\/wp-content\\\/uploads\\\/2021\\\/06\\\/Maribe2-scaled.jpg\",\"datePublished\":\"2022-01-06T08:41:38+00:00\",\"dateModified\":\"2022-01-06T08:45:53+00:00\",\"breadcrumb\":{\"@id\":\"http:\\\/\\\/academiemixte.com\\\/fr_fr\\\/marie-bernadette-charrier\\\/#breadcrumb\"},\"inLanguage\":\"fr-FR\",\"potentialAction\":[{\"@type\":\"ReadAction\",\"target\":[\"http:\\\/\\\/academiemixte.com\\\/fr_fr\\\/marie-bernadette-charrier\\\/\"]}]},{\"@type\":\"ImageObject\",\"inLanguage\":\"fr-FR\",\"@id\":\"http:\\\/\\\/academiemixte.com\\\/fr_fr\\\/marie-bernadette-charrier\\\/#primaryimage\",\"url\":\"http:\\\/\\\/academiemixte.com\\\/wp-content\\\/uploads\\\/2021\\\/06\\\/Maribe2-scaled.jpg\",\"contentUrl\":\"http:\\\/\\\/academiemixte.com\\\/wp-content\\\/uploads\\\/2021\\\/06\\\/Maribe2-scaled.jpg\"},{\"@type\":\"BreadcrumbList\",\"@id\":\"http:\\\/\\\/academiemixte.com\\\/fr_fr\\\/marie-bernadette-charrier\\\/#breadcrumb\",\"itemListElement\":[{\"@type\":\"ListItem\",\"position\":1,\"name\":\"Accueil\",\"item\":\"http:\\\/\\\/academiemixte.com\\\/\"},{\"@type\":\"ListItem\",\"position\":2,\"name\":\"Marie-Bernadette Charrier\"}]},{\"@type\":\"WebSite\",\"@id\":\"http:\\\/\\\/academiemixte.com\\\/#website\",\"url\":\"http:\\\/\\\/academiemixte.com\\\/\",\"name\":\"Acad\u00e9mie MIXTE\",\"description\":\"Acad\u00e9mie internationale de cr\u00e9ation musicale\",\"publisher\":{\"@id\":\"http:\\\/\\\/academiemixte.com\\\/#organization\"},\"potentialAction\":[{\"@type\":\"SearchAction\",\"target\":{\"@type\":\"EntryPoint\",\"urlTemplate\":\"http:\\\/\\\/academiemixte.com\\\/?s={search_term_string}\"},\"query-input\":{\"@type\":\"PropertyValueSpecification\",\"valueRequired\":true,\"valueName\":\"search_term_string\"}}],\"inLanguage\":\"fr-FR\"},{\"@type\":\"Organization\",\"@id\":\"http:\\\/\\\/academiemixte.com\\\/#organization\",\"name\":\"Acad\u00e9mie MIXTE\",\"url\":\"http:\\\/\\\/academiemixte.com\\\/\",\"logo\":{\"@type\":\"ImageObject\",\"inLanguage\":\"fr-FR\",\"@id\":\"http:\\\/\\\/academiemixte.com\\\/#\\\/schema\\\/logo\\\/image\\\/\",\"url\":\"http:\\\/\\\/academiemixte.com\\\/wp-content\\\/uploads\\\/2022\\\/01\\\/LOGO-test1.jpg\",\"contentUrl\":\"http:\\\/\\\/academiemixte.com\\\/wp-content\\\/uploads\\\/2022\\\/01\\\/LOGO-test1.jpg\",\"width\":270,\"height\":341,\"caption\":\"Acad\u00e9mie MIXTE\"},\"image\":{\"@id\":\"http:\\\/\\\/academiemixte.com\\\/#\\\/schema\\\/logo\\\/image\\\/\"},\"sameAs\":[\"https:\\\/\\\/www.facebook.com\\\/MIXTEacademie\",\"https:\\\/\\\/x.com\\\/PcProxima\",\"https:\\\/\\\/www.instagram.com\\\/proximacentauribdx\\\/\",\"https:\\\/\\\/www.linkedin.com\\\/in\\\/proximacentauri\\\/\",\"https:\\\/\\\/www.youtube.com\\\/c\\\/proximacentaurimusique\"]}]}<\/script>\n<!-- \/ Yoast SEO plugin. -->","yoast_head_json":{"title":"Marie-Bernadette Charrier &#8226; Acad\u00e9mie MIXTE","robots":{"index":"index","follow":"follow","max-snippet":"max-snippet:-1","max-image-preview":"max-image-preview:large","max-video-preview":"max-video-preview:-1"},"canonical":"http:\/\/academiemixte.com\/fr_fr\/marie-bernadette-charrier\/","og_locale":"fr_FR","og_type":"article","og_title":"Marie-Bernadette Charrier &#8226; Acad\u00e9mie MIXTE","og_description":"Saxophone Curieuse et passionn\u00e9e par tous les courants musicaux d\u2019aujourd\u2019hui, Marie-Bernadette Charrier m\u00e8ne une carri\u00e8re internationale (France, Allemagne, Espagne, Italie, Belgique, Slov\u00e9nie, Estonie, Suisse, Irlande, &hellip;","og_url":"http:\/\/academiemixte.com\/fr_fr\/marie-bernadette-charrier\/","og_site_name":"Acad\u00e9mie MIXTE","article_publisher":"https:\/\/www.facebook.com\/MIXTEacademie","article_modified_time":"2022-01-06T08:45:53+00:00","og_image":[{"url":"http:\/\/academiemixte.com\/wp-content\/uploads\/2021\/06\/Maribe2-scaled.jpg","type":"","width":"","height":""}],"twitter_card":"summary_large_image","twitter_site":"@PcProxima","twitter_misc":{"Dur\u00e9e de lecture estim\u00e9e":"2 minutes"},"schema":{"@context":"https:\/\/schema.org","@graph":[{"@type":"WebPage","@id":"http:\/\/academiemixte.com\/fr_fr\/marie-bernadette-charrier\/","url":"http:\/\/academiemixte.com\/fr_fr\/marie-bernadette-charrier\/","name":"Marie-Bernadette Charrier &#8226; Acad\u00e9mie MIXTE","isPartOf":{"@id":"http:\/\/academiemixte.com\/#website"},"primaryImageOfPage":{"@id":"http:\/\/academiemixte.com\/fr_fr\/marie-bernadette-charrier\/#primaryimage"},"image":{"@id":"http:\/\/academiemixte.com\/fr_fr\/marie-bernadette-charrier\/#primaryimage"},"thumbnailUrl":"http:\/\/academiemixte.com\/wp-content\/uploads\/2021\/06\/Maribe2-scaled.jpg","datePublished":"2022-01-06T08:41:38+00:00","dateModified":"2022-01-06T08:45:53+00:00","breadcrumb":{"@id":"http:\/\/academiemixte.com\/fr_fr\/marie-bernadette-charrier\/#breadcrumb"},"inLanguage":"fr-FR","potentialAction":[{"@type":"ReadAction","target":["http:\/\/academiemixte.com\/fr_fr\/marie-bernadette-charrier\/"]}]},{"@type":"ImageObject","inLanguage":"fr-FR","@id":"http:\/\/academiemixte.com\/fr_fr\/marie-bernadette-charrier\/#primaryimage","url":"http:\/\/academiemixte.com\/wp-content\/uploads\/2021\/06\/Maribe2-scaled.jpg","contentUrl":"http:\/\/academiemixte.com\/wp-content\/uploads\/2021\/06\/Maribe2-scaled.jpg"},{"@type":"BreadcrumbList","@id":"http:\/\/academiemixte.com\/fr_fr\/marie-bernadette-charrier\/#breadcrumb","itemListElement":[{"@type":"ListItem","position":1,"name":"Accueil","item":"http:\/\/academiemixte.com\/"},{"@type":"ListItem","position":2,"name":"Marie-Bernadette Charrier"}]},{"@type":"WebSite","@id":"http:\/\/academiemixte.com\/#website","url":"http:\/\/academiemixte.com\/","name":"Acad\u00e9mie MIXTE","description":"Acad\u00e9mie internationale de cr\u00e9ation musicale","publisher":{"@id":"http:\/\/academiemixte.com\/#organization"},"potentialAction":[{"@type":"SearchAction","target":{"@type":"EntryPoint","urlTemplate":"http:\/\/academiemixte.com\/?s={search_term_string}"},"query-input":{"@type":"PropertyValueSpecification","valueRequired":true,"valueName":"search_term_string"}}],"inLanguage":"fr-FR"},{"@type":"Organization","@id":"http:\/\/academiemixte.com\/#organization","name":"Acad\u00e9mie MIXTE","url":"http:\/\/academiemixte.com\/","logo":{"@type":"ImageObject","inLanguage":"fr-FR","@id":"http:\/\/academiemixte.com\/#\/schema\/logo\/image\/","url":"http:\/\/academiemixte.com\/wp-content\/uploads\/2022\/01\/LOGO-test1.jpg","contentUrl":"http:\/\/academiemixte.com\/wp-content\/uploads\/2022\/01\/LOGO-test1.jpg","width":270,"height":341,"caption":"Acad\u00e9mie MIXTE"},"image":{"@id":"http:\/\/academiemixte.com\/#\/schema\/logo\/image\/"},"sameAs":["https:\/\/www.facebook.com\/MIXTEacademie","https:\/\/x.com\/PcProxima","https:\/\/www.instagram.com\/proximacentauribdx\/","https:\/\/www.linkedin.com\/in\/proximacentauri\/","https:\/\/www.youtube.com\/c\/proximacentaurimusique"]}]}},"_links":{"self":[{"href":"http:\/\/academiemixte.com\/fr_fr\/wp-json\/wp\/v2\/pages\/562","targetHints":{"allow":["GET"]}}],"collection":[{"href":"http:\/\/academiemixte.com\/fr_fr\/wp-json\/wp\/v2\/pages"}],"about":[{"href":"http:\/\/academiemixte.com\/fr_fr\/wp-json\/wp\/v2\/types\/page"}],"author":[{"embeddable":true,"href":"http:\/\/academiemixte.com\/fr_fr\/wp-json\/wp\/v2\/users\/1"}],"replies":[{"embeddable":true,"href":"http:\/\/academiemixte.com\/fr_fr\/wp-json\/wp\/v2\/comments?post=562"}],"version-history":[{"count":4,"href":"http:\/\/academiemixte.com\/fr_fr\/wp-json\/wp\/v2\/pages\/562\/revisions"}],"predecessor-version":[{"id":566,"href":"http:\/\/academiemixte.com\/fr_fr\/wp-json\/wp\/v2\/pages\/562\/revisions\/566"}],"wp:attachment":[{"href":"http:\/\/academiemixte.com\/fr_fr\/wp-json\/wp\/v2\/media?parent=562"}],"curies":[{"name":"wp","href":"https:\/\/api.w.org\/{rel}","templated":true}]}}