{"id":567,"date":"2022-01-06T08:46:12","date_gmt":"2022-01-06T08:46:12","guid":{"rendered":"http:\/\/academiemixte.com\/?page_id=567"},"modified":"2022-01-06T08:49:11","modified_gmt":"2022-01-06T08:49:11","slug":"elementor-567","status":"publish","type":"page","link":"http:\/\/academiemixte.com\/fr_fr\/elementor-567\/","title":{"rendered":"Sylvain Millepied"},"content":{"rendered":"\t\t<div data-elementor-type=\"wp-page\" data-elementor-id=\"567\" class=\"elementor elementor-567\">\n\t\t\t\t\t\t<section class=\"elementor-section elementor-top-section elementor-element elementor-element-71e80ac elementor-section-boxed elementor-section-height-default elementor-section-height-default\" data-id=\"71e80ac\" data-element_type=\"section\" data-e-type=\"section\">\n\t\t\t\t\t\t<div class=\"elementor-container elementor-column-gap-default\">\n\t\t\t\t\t<div class=\"elementor-column elementor-col-100 elementor-top-column elementor-element elementor-element-db64492\" data-id=\"db64492\" data-element_type=\"column\" data-e-type=\"column\">\n\t\t\t<div class=\"elementor-widget-wrap elementor-element-populated\">\n\t\t\t\t\t\t<div class=\"elementor-element elementor-element-c9fff4e elementor-position-top elementor-widget elementor-widget-image-box\" data-id=\"c9fff4e\" data-element_type=\"widget\" data-e-type=\"widget\" data-widget_type=\"image-box.default\">\n\t\t\t\t<div class=\"elementor-widget-container\">\n\t\t\t\t\t<div class=\"elementor-image-box-wrapper\"><figure class=\"elementor-image-box-img\"><img fetchpriority=\"high\" decoding=\"async\" width=\"1704\" height=\"2560\" src=\"http:\/\/academiemixte.com\/wp-content\/uploads\/2021\/06\/Sylvain2-scaled.jpg\" class=\"attachment-full size-full wp-image-449\" alt=\"\" srcset=\"http:\/\/academiemixte.com\/wp-content\/uploads\/2021\/06\/Sylvain2-scaled.jpg 1704w, http:\/\/academiemixte.com\/wp-content\/uploads\/2021\/06\/Sylvain2-200x300.jpg 200w, http:\/\/academiemixte.com\/wp-content\/uploads\/2021\/06\/Sylvain2-682x1024.jpg 682w, http:\/\/academiemixte.com\/wp-content\/uploads\/2021\/06\/Sylvain2-768x1154.jpg 768w, http:\/\/academiemixte.com\/wp-content\/uploads\/2021\/06\/Sylvain2-1022x1536.jpg 1022w, http:\/\/academiemixte.com\/wp-content\/uploads\/2021\/06\/Sylvain2-1363x2048.jpg 1363w\" sizes=\"(max-width: 1704px) 100vw, 1704px\" \/><\/figure><div class=\"elementor-image-box-content\"><h3 class=\"elementor-image-box-title\">Fl\u00fbte<\/h3><p class=\"elementor-image-box-description\"><div><section><div><div><div><article data-wow-delay=\"0.4s\"><div><div><p style=\"text-align: justify\">N\u00e9 en 1969 \u00e0 Bordeaux, Sylvain Millepied\n suit ses \u00e9tudes musicales au Conservatoire de R\u00e9gion de Bordeaux o\u00f9 il \nobtient, en fl\u00fbte traversi\u00e8re et en musique de chambre la M\u00e9daille d\u2019Or \n(1987) et la M\u00e9daille d\u2019Honneur de la ville de Bordeaux \u00e0 l\u2019unanimit\u00e9 \n(1988). Cette m\u00eame ann\u00e9e, il est finaliste du concours international \nDarius Milhaud et effectue ses premiers concerts en tant que soliste en \nPologne (Varsovie, Cracovie, Zakopane).<\/p><p style=\"text-align: justify\">Il poursuit ses \u00e9tudes \u00e0 Paris dans la \nclasse de Maurice Pruvot (1989 et 1990), o\u00f9 il obtient les premiers prix\n en sup\u00e9rieur et perfectionnement.<\/p><p style=\"text-align: justify\">Il se perfectionne aupr\u00e8s de Robert \nPichaureau, sp\u00e9cialiste de la technique respiratoire appliqu\u00e9e aux \ninstruments \u00e0 vent, d\u2019Alain Marion, Catherine Cantin Andras Adorjan et \nJean-Pierre Rampal lors de Master-Classes ou de stages.<\/p><p style=\"text-align: justify\">En 1994, Sylvain Millepied est laur\u00e9at \ndu concours International Maria Canals \u00e0 Barcelone, puis de la Fondation\n Gyorgy Cziffra (1995), et demi-finaliste du concours Young Concert \nArtist de New York (1996).<\/p><p style=\"text-align: justify\">Son go\u00fbt pour les rencontres et les \nexp\u00e9riences artistiques l\u2019am\u00e8ne naturellement \u00e0 se produire le plus \nsouvent possible avec d\u2019autres musiciens. Il joue en soliste avec Alain \nMarion \u00e0 l\u2019auditorium des Halles (Paris) puis il rejoint l\u2019ensemble \nProxima Centauri en 1998.<\/p><p style=\"text-align: justify\">Il\n joue en duo avec le guitariste Jean-Luc Rocchietti (CD \u00ab Rencontre \nconcertante \u00bb, 2000). Il participe \u00e0 plusieurs orchestres et ensembles, \ntel que l\u2019Orchestre Symphonique de Bilbao, Les Symphonistes d\u2019Aquitaine,\n l\u2019Orchestre National Bordeaux Aquitaine, l\u2019Orchestre de Chambre de \nGironde, l\u2019Ensemble Des Concertants et le Trio Debussy. Il collabore \n\u00e9galement avec la troupe \u00ab danses concertantes \u00bb lors de s\u00e9ries de \nspectacles \u00e0 Londres et \u00e0 New York.<\/p><p style=\"text-align: justify\">Il se produit en r\u00e9cital solo avec ses \nfl\u00fbtes o\u00f9 il montre toute sa virtuosit\u00e9 et sa palette expressive dans un\n r\u00e9pertoire allant de la musique baroque \u00e0 la musique contemporaine \n(Festival PACT de Bruxelles au Cirque Royal). Il est fl\u00fbtiste soliste \ninvit\u00e9 \u00e0 France Musique (2000), \u00e0 la BBC de Londres (2002) et enregistre\n pour la RTBF dans le cadre du Festival Ars Musica (2003).<\/p><p style=\"text-align: justify\">Parall\u00e8lement \u00e0 ses activit\u00e9s \nd\u2019instrumentistes, il a \u00e9crit un conte musical pour enfants \u00ab R\u00e9mi, \nJulie et les secrets de la musique \u00bb (un voyage initiatique \u00e0 travers \nles musiques du monde) et compos\u00e9 la musique d\u2019accompagnement du Yang \nXing Do (art martial oriental).<\/p><\/div><\/div><\/article><\/div><\/div><\/div><\/section><\/div>\n\n\n\n\n\n\n<\/p><\/div><\/div>\t\t\t\t<\/div>\n\t\t\t\t<\/div>\n\t\t\t\t\t<\/div>\n\t\t<\/div>\n\t\t\t\t\t<\/div>\n\t\t<\/section>\n\t\t\t\t<\/div>\n\t\t","protected":false},"excerpt":{"rendered":"<p>Fl\u00fbte N\u00e9 en 1969 \u00e0 Bordeaux, Sylvain Millepied suit ses \u00e9tudes musicales au Conservatoire de R\u00e9gion de Bordeaux o\u00f9 il obtient, en fl\u00fbte traversi\u00e8re et &hellip;<\/p>\n","protected":false},"author":1,"featured_media":0,"parent":0,"menu_order":0,"comment_status":"closed","ping_status":"closed","template":"","meta":{"footnotes":""},"class_list":["post-567","page","type-page","status-publish","hentry"],"yoast_head":"<!-- This site is optimized with the Yoast SEO plugin v27.3 - https:\/\/yoast.com\/product\/yoast-seo-wordpress\/ -->\n<title>Sylvain Millepied &#8226; Acad\u00e9mie MIXTE<\/title>\n<meta name=\"robots\" content=\"index, follow, max-snippet:-1, max-image-preview:large, max-video-preview:-1\" \/>\n<link rel=\"canonical\" href=\"http:\/\/academiemixte.com\/fr_fr\/elementor-567\/\" \/>\n<meta property=\"og:locale\" content=\"fr_FR\" \/>\n<meta property=\"og:type\" content=\"article\" \/>\n<meta property=\"og:title\" content=\"Sylvain Millepied &#8226; Acad\u00e9mie MIXTE\" \/>\n<meta property=\"og:description\" content=\"Fl\u00fbte N\u00e9 en 1969 \u00e0 Bordeaux, Sylvain Millepied suit ses \u00e9tudes musicales au Conservatoire de R\u00e9gion de Bordeaux o\u00f9 il obtient, en fl\u00fbte traversi\u00e8re et &hellip;\" \/>\n<meta property=\"og:url\" content=\"http:\/\/academiemixte.com\/fr_fr\/elementor-567\/\" \/>\n<meta property=\"og:site_name\" content=\"Acad\u00e9mie MIXTE\" \/>\n<meta property=\"article:publisher\" content=\"https:\/\/www.facebook.com\/MIXTEacademie\" \/>\n<meta property=\"article:modified_time\" content=\"2022-01-06T08:49:11+00:00\" \/>\n<meta property=\"og:image\" content=\"http:\/\/academiemixte.com\/wp-content\/uploads\/2021\/06\/Sylvain2-scaled.jpg\" \/>\n<meta name=\"twitter:card\" content=\"summary_large_image\" \/>\n<meta name=\"twitter:site\" content=\"@PcProxima\" \/>\n<meta name=\"twitter:label1\" content=\"Dur\u00e9e de lecture estim\u00e9e\" \/>\n\t<meta name=\"twitter:data1\" content=\"3 minutes\" \/>\n<script type=\"application\/ld+json\" class=\"yoast-schema-graph\">{\"@context\":\"https:\\\/\\\/schema.org\",\"@graph\":[{\"@type\":\"WebPage\",\"@id\":\"http:\\\/\\\/academiemixte.com\\\/elementor-567\\\/\",\"url\":\"http:\\\/\\\/academiemixte.com\\\/elementor-567\\\/\",\"name\":\"Sylvain Millepied &#8226; Acad\u00e9mie MIXTE\",\"isPartOf\":{\"@id\":\"http:\\\/\\\/academiemixte.com\\\/#website\"},\"primaryImageOfPage\":{\"@id\":\"http:\\\/\\\/academiemixte.com\\\/elementor-567\\\/#primaryimage\"},\"image\":{\"@id\":\"http:\\\/\\\/academiemixte.com\\\/elementor-567\\\/#primaryimage\"},\"thumbnailUrl\":\"http:\\\/\\\/academiemixte.com\\\/wp-content\\\/uploads\\\/2021\\\/06\\\/Sylvain2-scaled.jpg\",\"datePublished\":\"2022-01-06T08:46:12+00:00\",\"dateModified\":\"2022-01-06T08:49:11+00:00\",\"breadcrumb\":{\"@id\":\"http:\\\/\\\/academiemixte.com\\\/elementor-567\\\/#breadcrumb\"},\"inLanguage\":\"fr-FR\",\"potentialAction\":[{\"@type\":\"ReadAction\",\"target\":[\"http:\\\/\\\/academiemixte.com\\\/elementor-567\\\/\"]}]},{\"@type\":\"ImageObject\",\"inLanguage\":\"fr-FR\",\"@id\":\"http:\\\/\\\/academiemixte.com\\\/elementor-567\\\/#primaryimage\",\"url\":\"http:\\\/\\\/academiemixte.com\\\/wp-content\\\/uploads\\\/2021\\\/06\\\/Sylvain2-scaled.jpg\",\"contentUrl\":\"http:\\\/\\\/academiemixte.com\\\/wp-content\\\/uploads\\\/2021\\\/06\\\/Sylvain2-scaled.jpg\"},{\"@type\":\"BreadcrumbList\",\"@id\":\"http:\\\/\\\/academiemixte.com\\\/elementor-567\\\/#breadcrumb\",\"itemListElement\":[{\"@type\":\"ListItem\",\"position\":1,\"name\":\"Accueil\",\"item\":\"http:\\\/\\\/academiemixte.com\\\/\"},{\"@type\":\"ListItem\",\"position\":2,\"name\":\"Sylvain Millepied\"}]},{\"@type\":\"WebSite\",\"@id\":\"http:\\\/\\\/academiemixte.com\\\/#website\",\"url\":\"http:\\\/\\\/academiemixte.com\\\/\",\"name\":\"Acad\u00e9mie MIXTE\",\"description\":\"Acad\u00e9mie internationale de cr\u00e9ation musicale\",\"publisher\":{\"@id\":\"http:\\\/\\\/academiemixte.com\\\/#organization\"},\"potentialAction\":[{\"@type\":\"SearchAction\",\"target\":{\"@type\":\"EntryPoint\",\"urlTemplate\":\"http:\\\/\\\/academiemixte.com\\\/?s={search_term_string}\"},\"query-input\":{\"@type\":\"PropertyValueSpecification\",\"valueRequired\":true,\"valueName\":\"search_term_string\"}}],\"inLanguage\":\"fr-FR\"},{\"@type\":\"Organization\",\"@id\":\"http:\\\/\\\/academiemixte.com\\\/#organization\",\"name\":\"Acad\u00e9mie MIXTE\",\"url\":\"http:\\\/\\\/academiemixte.com\\\/\",\"logo\":{\"@type\":\"ImageObject\",\"inLanguage\":\"fr-FR\",\"@id\":\"http:\\\/\\\/academiemixte.com\\\/#\\\/schema\\\/logo\\\/image\\\/\",\"url\":\"http:\\\/\\\/academiemixte.com\\\/wp-content\\\/uploads\\\/2022\\\/01\\\/LOGO-test1.jpg\",\"contentUrl\":\"http:\\\/\\\/academiemixte.com\\\/wp-content\\\/uploads\\\/2022\\\/01\\\/LOGO-test1.jpg\",\"width\":270,\"height\":341,\"caption\":\"Acad\u00e9mie MIXTE\"},\"image\":{\"@id\":\"http:\\\/\\\/academiemixte.com\\\/#\\\/schema\\\/logo\\\/image\\\/\"},\"sameAs\":[\"https:\\\/\\\/www.facebook.com\\\/MIXTEacademie\",\"https:\\\/\\\/x.com\\\/PcProxima\",\"https:\\\/\\\/www.instagram.com\\\/proximacentauribdx\\\/\",\"https:\\\/\\\/www.linkedin.com\\\/in\\\/proximacentauri\\\/\",\"https:\\\/\\\/www.youtube.com\\\/c\\\/proximacentaurimusique\"]}]}<\/script>\n<!-- \/ Yoast SEO plugin. -->","yoast_head_json":{"title":"Sylvain Millepied &#8226; Acad\u00e9mie MIXTE","robots":{"index":"index","follow":"follow","max-snippet":"max-snippet:-1","max-image-preview":"max-image-preview:large","max-video-preview":"max-video-preview:-1"},"canonical":"http:\/\/academiemixte.com\/fr_fr\/elementor-567\/","og_locale":"fr_FR","og_type":"article","og_title":"Sylvain Millepied &#8226; Acad\u00e9mie MIXTE","og_description":"Fl\u00fbte N\u00e9 en 1969 \u00e0 Bordeaux, Sylvain Millepied suit ses \u00e9tudes musicales au Conservatoire de R\u00e9gion de Bordeaux o\u00f9 il obtient, en fl\u00fbte traversi\u00e8re et &hellip;","og_url":"http:\/\/academiemixte.com\/fr_fr\/elementor-567\/","og_site_name":"Acad\u00e9mie MIXTE","article_publisher":"https:\/\/www.facebook.com\/MIXTEacademie","article_modified_time":"2022-01-06T08:49:11+00:00","og_image":[{"url":"http:\/\/academiemixte.com\/wp-content\/uploads\/2021\/06\/Sylvain2-scaled.jpg","type":"","width":"","height":""}],"twitter_card":"summary_large_image","twitter_site":"@PcProxima","twitter_misc":{"Dur\u00e9e de lecture estim\u00e9e":"3 minutes"},"schema":{"@context":"https:\/\/schema.org","@graph":[{"@type":"WebPage","@id":"http:\/\/academiemixte.com\/elementor-567\/","url":"http:\/\/academiemixte.com\/elementor-567\/","name":"Sylvain Millepied &#8226; Acad\u00e9mie MIXTE","isPartOf":{"@id":"http:\/\/academiemixte.com\/#website"},"primaryImageOfPage":{"@id":"http:\/\/academiemixte.com\/elementor-567\/#primaryimage"},"image":{"@id":"http:\/\/academiemixte.com\/elementor-567\/#primaryimage"},"thumbnailUrl":"http:\/\/academiemixte.com\/wp-content\/uploads\/2021\/06\/Sylvain2-scaled.jpg","datePublished":"2022-01-06T08:46:12+00:00","dateModified":"2022-01-06T08:49:11+00:00","breadcrumb":{"@id":"http:\/\/academiemixte.com\/elementor-567\/#breadcrumb"},"inLanguage":"fr-FR","potentialAction":[{"@type":"ReadAction","target":["http:\/\/academiemixte.com\/elementor-567\/"]}]},{"@type":"ImageObject","inLanguage":"fr-FR","@id":"http:\/\/academiemixte.com\/elementor-567\/#primaryimage","url":"http:\/\/academiemixte.com\/wp-content\/uploads\/2021\/06\/Sylvain2-scaled.jpg","contentUrl":"http:\/\/academiemixte.com\/wp-content\/uploads\/2021\/06\/Sylvain2-scaled.jpg"},{"@type":"BreadcrumbList","@id":"http:\/\/academiemixte.com\/elementor-567\/#breadcrumb","itemListElement":[{"@type":"ListItem","position":1,"name":"Accueil","item":"http:\/\/academiemixte.com\/"},{"@type":"ListItem","position":2,"name":"Sylvain Millepied"}]},{"@type":"WebSite","@id":"http:\/\/academiemixte.com\/#website","url":"http:\/\/academiemixte.com\/","name":"Acad\u00e9mie MIXTE","description":"Acad\u00e9mie internationale de cr\u00e9ation musicale","publisher":{"@id":"http:\/\/academiemixte.com\/#organization"},"potentialAction":[{"@type":"SearchAction","target":{"@type":"EntryPoint","urlTemplate":"http:\/\/academiemixte.com\/?s={search_term_string}"},"query-input":{"@type":"PropertyValueSpecification","valueRequired":true,"valueName":"search_term_string"}}],"inLanguage":"fr-FR"},{"@type":"Organization","@id":"http:\/\/academiemixte.com\/#organization","name":"Acad\u00e9mie MIXTE","url":"http:\/\/academiemixte.com\/","logo":{"@type":"ImageObject","inLanguage":"fr-FR","@id":"http:\/\/academiemixte.com\/#\/schema\/logo\/image\/","url":"http:\/\/academiemixte.com\/wp-content\/uploads\/2022\/01\/LOGO-test1.jpg","contentUrl":"http:\/\/academiemixte.com\/wp-content\/uploads\/2022\/01\/LOGO-test1.jpg","width":270,"height":341,"caption":"Acad\u00e9mie MIXTE"},"image":{"@id":"http:\/\/academiemixte.com\/#\/schema\/logo\/image\/"},"sameAs":["https:\/\/www.facebook.com\/MIXTEacademie","https:\/\/x.com\/PcProxima","https:\/\/www.instagram.com\/proximacentauribdx\/","https:\/\/www.linkedin.com\/in\/proximacentauri\/","https:\/\/www.youtube.com\/c\/proximacentaurimusique"]}]}},"_links":{"self":[{"href":"http:\/\/academiemixte.com\/fr_fr\/wp-json\/wp\/v2\/pages\/567","targetHints":{"allow":["GET"]}}],"collection":[{"href":"http:\/\/academiemixte.com\/fr_fr\/wp-json\/wp\/v2\/pages"}],"about":[{"href":"http:\/\/academiemixte.com\/fr_fr\/wp-json\/wp\/v2\/types\/page"}],"author":[{"embeddable":true,"href":"http:\/\/academiemixte.com\/fr_fr\/wp-json\/wp\/v2\/users\/1"}],"replies":[{"embeddable":true,"href":"http:\/\/academiemixte.com\/fr_fr\/wp-json\/wp\/v2\/comments?post=567"}],"version-history":[{"count":17,"href":"http:\/\/academiemixte.com\/fr_fr\/wp-json\/wp\/v2\/pages\/567\/revisions"}],"predecessor-version":[{"id":699,"href":"http:\/\/academiemixte.com\/fr_fr\/wp-json\/wp\/v2\/pages\/567\/revisions\/699"}],"wp:attachment":[{"href":"http:\/\/academiemixte.com\/fr_fr\/wp-json\/wp\/v2\/media?parent=567"}],"curies":[{"name":"wp","href":"https:\/\/api.w.org\/{rel}","templated":true}]}}