{"id":610,"date":"2022-01-06T10:31:35","date_gmt":"2022-01-06T10:31:35","guid":{"rendered":"http:\/\/academiemixte.com\/?page_id=610"},"modified":"2024-05-28T14:10:11","modified_gmt":"2024-05-28T14:10:11","slug":"martin-matalon","status":"publish","type":"page","link":"http:\/\/academiemixte.com\/fr_fr\/martin-matalon\/","title":{"rendered":"Martin Matalon"},"content":{"rendered":"\t\t<div data-elementor-type=\"wp-page\" data-elementor-id=\"610\" class=\"elementor elementor-610\">\n\t\t\t\t\t\t<section class=\"elementor-section elementor-top-section elementor-element elementor-element-f6fd3d5 elementor-section-boxed elementor-section-height-default elementor-section-height-default\" data-id=\"f6fd3d5\" data-element_type=\"section\" data-e-type=\"section\">\n\t\t\t\t\t\t<div class=\"elementor-container elementor-column-gap-default\">\n\t\t\t\t\t<div class=\"elementor-column elementor-col-100 elementor-top-column elementor-element elementor-element-8374365\" data-id=\"8374365\" data-element_type=\"column\" data-e-type=\"column\">\n\t\t\t<div class=\"elementor-widget-wrap elementor-element-populated\">\n\t\t\t\t\t\t<div class=\"elementor-element elementor-element-6d89783 elementor-widget elementor-widget-image\" data-id=\"6d89783\" data-element_type=\"widget\" data-e-type=\"widget\" data-widget_type=\"image.default\">\n\t\t\t\t<div class=\"elementor-widget-container\">\n\t\t\t\t\t\t\t\t\t\t\t\t\t\t\t<img fetchpriority=\"high\" decoding=\"async\" width=\"512\" height=\"300\" src=\"http:\/\/academiemixte.com\/wp-content\/uploads\/2022\/01\/martin_MATALON-512x300.gif\" class=\"attachment-bravada-featured-third size-bravada-featured-third wp-image-631\" alt=\"\" srcset=\"http:\/\/academiemixte.com\/wp-content\/uploads\/2022\/01\/martin_MATALON-512x300.gif 512w, http:\/\/academiemixte.com\/wp-content\/uploads\/2022\/01\/martin_MATALON-18x12.gif 18w\" sizes=\"(max-width: 512px) 100vw, 512px\" \/>\t\t\t\t\t\t\t\t\t\t\t\t\t\t\t<\/div>\n\t\t\t\t<\/div>\n\t\t\t\t<div class=\"elementor-element elementor-element-1005cb8 elementor-widget elementor-widget-heading\" data-id=\"1005cb8\" data-element_type=\"widget\" data-e-type=\"widget\" data-widget_type=\"heading.default\">\n\t\t\t\t<div class=\"elementor-widget-container\">\n\t\t\t\t\t<h2 class=\"elementor-heading-title elementor-size-default\">Compositeur<\/h2>\t\t\t\t<\/div>\n\t\t\t\t<\/div>\n\t\t\t\t\t<\/div>\n\t\t<\/div>\n\t\t\t\t\t<\/div>\n\t\t<\/section>\n\t\t\t\t<section class=\"elementor-section elementor-top-section elementor-element elementor-element-3888eb7 elementor-section-boxed elementor-section-height-default elementor-section-height-default\" data-id=\"3888eb7\" data-element_type=\"section\" data-e-type=\"section\">\n\t\t\t\t\t\t<div class=\"elementor-container elementor-column-gap-default\">\n\t\t\t\t\t<div class=\"elementor-column elementor-col-100 elementor-top-column elementor-element elementor-element-8759f4d\" data-id=\"8759f4d\" data-element_type=\"column\" data-e-type=\"column\">\n\t\t\t<div class=\"elementor-widget-wrap elementor-element-populated\">\n\t\t\t\t\t\t<div class=\"elementor-element elementor-element-06e3ef7 elementor-widget elementor-widget-text-editor\" data-id=\"06e3ef7\" data-element_type=\"widget\" data-e-type=\"widget\" data-widget_type=\"text-editor.default\">\n\t\t\t\t<div class=\"elementor-widget-container\">\n\t\t\t\t\t\t\t\t\t<p>N\u00e9 \u00e0 Buenos Aires en 1958, Martin Matalon \u00e9tudie \u00e0 la Juilliard School de New York o\u00f9 il obtient son Master de composition. En 1989, il fonde Music Mobile, ensemble bas\u00e9 \u00e0 New York et consacr\u00e9 au r\u00e9pertoire contemporain et devient son directeur jusqu\u2019\u00e0 1996.<\/p><p>Il re\u00e7oit le prix de la J.S. Guggenheim Foundation de New York, le prix F. Schmitt de l\u2019Institut de France Acad\u00e9mie des Beaux-Arts, le prix de la Ville de Barcelone, le Charles Ives Scholarship de la American Academy and Institute of Arts and Letters, le Grand Prix des Lyc\u00e9ens\u2026<\/p><p>En 1993, d\u00e9finitivement install\u00e9 \u00e0 Paris, L\u2019IRCAM lui commande une nouvelle partition pour la version restaur\u00e9e du film de Fritz Lang, Metropolis. Apr\u00e8s ce travail consid\u00e9rable, Martin Matalon se plonge dans l\u2019univers de Luis Bu\u00f1uel en \u00e9crivant cons\u00e9cutivement trois nouvelles\u00a0partitions pour les trois films surr\u00e9alistes du cin\u00e9aste espagnol Un Chien andalou\u00a0(1927),\u00a0L\u2019\u00c2ge d\u2019or (1931)\u00a0et Las Hurdes &#8211; Terre sans pain (1932).<\/p><p>Son catalogue comprend un nombre important d\u2019\u0153uvres de musique de chambre et orchestre et couvre un large spectre de genres diff\u00e9rents : th\u00e9\u00e2tre musical, musique mixte, contes musicaux, cin\u00e9-concerts, musique vocale, installations, musique et po\u00e9sie, \u0153uvres chor\u00e9graphiques, op\u00e9ra\u2026<\/p><p>Initi\u00e9e en 1997, la s\u00e9rie des Trames, \u0153uvres \u00e0 la lisi\u00e8re de l\u2019\u00e9criture soliste du concerto et de la musique de chambre, et le cycle des Traces qui constitue pour le compositeur une sorte de journal intime et destin\u00e9e \u00e0 des instruments solistes avec \u00e9lectronique en temps r\u00e9el, forment un pan important de son catalogue.<\/p><p>Parall\u00e8lement il m\u00e8ne une activit\u00e9 de chef d\u2019orchestre. Il a dirig\u00e9 l\u2019Ensemble Modern, MusikFabrik, Barcelona 216, l\u2019Orchestre Philharmonique de Monte-Carlo, l\u2019Orchestre d\u2019Auvergne, Court-Circuit, l\u2019Ensemble Intercontemporain, l\u2019Orchestre National de Montpellier, l\u2019ensemble orchestral de Reims, l\u2019Orchestre de la Fondation Gulbenkian\u2026<\/p><p>Martin Matalon a enseign\u00e9 la composition au CRR d\u2019Aubervilliers, Il a \u00e9t\u00e9 professeur invit\u00e9 \u00e0 McGill University, UC Berkeley, \u00e0 l\u2019Ircam, au Centre Acanthes, dans des nombreuses acad\u00e9mies d\u2019\u00e9t\u00e9 : CompoLab, Injuve, Institut Fran\u00e7ais-Barcelona Modern Project\u2026 Depuis 2017 il est professeur au CNSM de Lyon.<\/p><p>Il a \u00e9t\u00e9 compositeur en r\u00e9sidence \u00e0 l\u2019Arsenal de Metz et l\u2019Orchestre National de Lorraine (2003-2004), \u00e0 La Muse en Circuit (2005-2010), au Festival de Stavanger en Norv\u00e8ge en 2011, compositeur invit\u00e9 du Festival les Arcs pour l\u2019\u00e9dition 2014\u2026<\/p><p>Son Op\u00e9ra \u00ab\u00a0l\u2019Ombre de Venceslao\u00a0\u00bb sur un livret et une mise en sc\u00e8ne de Jorge Lavelli d\u2019apr\u00e8s la pi\u00e8ce de Copi, a \u00e9t\u00e9 cr\u00e9\u00e9 \u00e0 l\u2019Op\u00e9ra de Rennes en Octobre 2016 et fait l\u2019objet d\u2019une tourn\u00e9e en France et Am\u00e9rique du Sud dans 11 maisons d\u2019Op\u00e9ra. L\u2019Ombre de Venceslao a \u00e9t\u00e9 nomin\u00e9 aux Victoires de la musique 2017.<\/p><p>Site internet : <a href=\"https:\/\/martinmatalon.com\/\">https:\/\/martinmatalon.com\/<\/a><\/p>\t\t\t\t\t\t\t\t<\/div>\n\t\t\t\t<\/div>\n\t\t\t\t\t<\/div>\n\t\t<\/div>\n\t\t\t\t\t<\/div>\n\t\t<\/section>\n\t\t\t\t<\/div>\n\t\t","protected":false},"excerpt":{"rendered":"<p>Compositeur N\u00e9 \u00e0 Buenos Aires en 1958, Martin Matalon \u00e9tudie \u00e0 la Juilliard School de New York o\u00f9 il obtient son Master de composition. En &hellip;<\/p>\n","protected":false},"author":1,"featured_media":0,"parent":0,"menu_order":0,"comment_status":"closed","ping_status":"closed","template":"","meta":{"footnotes":""},"class_list":["post-610","page","type-page","status-publish","hentry"],"yoast_head":"<!-- This site is optimized with the Yoast SEO plugin v27.3 - https:\/\/yoast.com\/product\/yoast-seo-wordpress\/ -->\n<title>Martin Matalon &#8226; Acad\u00e9mie MIXTE<\/title>\n<meta name=\"robots\" content=\"index, follow, max-snippet:-1, max-image-preview:large, max-video-preview:-1\" \/>\n<link rel=\"canonical\" href=\"http:\/\/academiemixte.com\/fr_fr\/martin-matalon\/\" \/>\n<meta property=\"og:locale\" content=\"fr_FR\" \/>\n<meta property=\"og:type\" content=\"article\" \/>\n<meta property=\"og:title\" content=\"Martin Matalon &#8226; Acad\u00e9mie MIXTE\" \/>\n<meta property=\"og:description\" content=\"Compositeur N\u00e9 \u00e0 Buenos Aires en 1958, Martin Matalon \u00e9tudie \u00e0 la Juilliard School de New York o\u00f9 il obtient son Master de composition. En &hellip;\" \/>\n<meta property=\"og:url\" content=\"http:\/\/academiemixte.com\/fr_fr\/martin-matalon\/\" \/>\n<meta property=\"og:site_name\" content=\"Acad\u00e9mie MIXTE\" \/>\n<meta property=\"article:publisher\" content=\"https:\/\/www.facebook.com\/MIXTEacademie\" \/>\n<meta property=\"article:modified_time\" content=\"2024-05-28T14:10:11+00:00\" \/>\n<meta property=\"og:image\" content=\"http:\/\/academiemixte.com\/wp-content\/uploads\/2022\/01\/martin_MATALON-512x300.gif\" \/>\n<meta name=\"twitter:card\" content=\"summary_large_image\" \/>\n<meta name=\"twitter:site\" content=\"@PcProxima\" \/>\n<meta name=\"twitter:label1\" content=\"Dur\u00e9e de lecture estim\u00e9e\" \/>\n\t<meta name=\"twitter:data1\" content=\"3 minutes\" \/>\n<script type=\"application\/ld+json\" class=\"yoast-schema-graph\">{\"@context\":\"https:\\\/\\\/schema.org\",\"@graph\":[{\"@type\":\"WebPage\",\"@id\":\"http:\\\/\\\/academiemixte.com\\\/martin-matalon\\\/\",\"url\":\"http:\\\/\\\/academiemixte.com\\\/martin-matalon\\\/\",\"name\":\"Martin Matalon &#8226; Acad\u00e9mie MIXTE\",\"isPartOf\":{\"@id\":\"http:\\\/\\\/academiemixte.com\\\/#website\"},\"primaryImageOfPage\":{\"@id\":\"http:\\\/\\\/academiemixte.com\\\/martin-matalon\\\/#primaryimage\"},\"image\":{\"@id\":\"http:\\\/\\\/academiemixte.com\\\/martin-matalon\\\/#primaryimage\"},\"thumbnailUrl\":\"http:\\\/\\\/academiemixte.com\\\/wp-content\\\/uploads\\\/2022\\\/01\\\/martin_MATALON-512x300.gif\",\"datePublished\":\"2022-01-06T10:31:35+00:00\",\"dateModified\":\"2024-05-28T14:10:11+00:00\",\"breadcrumb\":{\"@id\":\"http:\\\/\\\/academiemixte.com\\\/martin-matalon\\\/#breadcrumb\"},\"inLanguage\":\"fr-FR\",\"potentialAction\":[{\"@type\":\"ReadAction\",\"target\":[\"http:\\\/\\\/academiemixte.com\\\/martin-matalon\\\/\"]}]},{\"@type\":\"ImageObject\",\"inLanguage\":\"fr-FR\",\"@id\":\"http:\\\/\\\/academiemixte.com\\\/martin-matalon\\\/#primaryimage\",\"url\":\"http:\\\/\\\/academiemixte.com\\\/wp-content\\\/uploads\\\/2022\\\/01\\\/martin_MATALON-512x300.gif\",\"contentUrl\":\"http:\\\/\\\/academiemixte.com\\\/wp-content\\\/uploads\\\/2022\\\/01\\\/martin_MATALON-512x300.gif\"},{\"@type\":\"BreadcrumbList\",\"@id\":\"http:\\\/\\\/academiemixte.com\\\/martin-matalon\\\/#breadcrumb\",\"itemListElement\":[{\"@type\":\"ListItem\",\"position\":1,\"name\":\"Accueil\",\"item\":\"http:\\\/\\\/academiemixte.com\\\/\"},{\"@type\":\"ListItem\",\"position\":2,\"name\":\"Martin Matalon\"}]},{\"@type\":\"WebSite\",\"@id\":\"http:\\\/\\\/academiemixte.com\\\/#website\",\"url\":\"http:\\\/\\\/academiemixte.com\\\/\",\"name\":\"Acad\u00e9mie MIXTE\",\"description\":\"Acad\u00e9mie internationale de cr\u00e9ation musicale\",\"publisher\":{\"@id\":\"http:\\\/\\\/academiemixte.com\\\/#organization\"},\"potentialAction\":[{\"@type\":\"SearchAction\",\"target\":{\"@type\":\"EntryPoint\",\"urlTemplate\":\"http:\\\/\\\/academiemixte.com\\\/?s={search_term_string}\"},\"query-input\":{\"@type\":\"PropertyValueSpecification\",\"valueRequired\":true,\"valueName\":\"search_term_string\"}}],\"inLanguage\":\"fr-FR\"},{\"@type\":\"Organization\",\"@id\":\"http:\\\/\\\/academiemixte.com\\\/#organization\",\"name\":\"Acad\u00e9mie MIXTE\",\"url\":\"http:\\\/\\\/academiemixte.com\\\/\",\"logo\":{\"@type\":\"ImageObject\",\"inLanguage\":\"fr-FR\",\"@id\":\"http:\\\/\\\/academiemixte.com\\\/#\\\/schema\\\/logo\\\/image\\\/\",\"url\":\"http:\\\/\\\/academiemixte.com\\\/wp-content\\\/uploads\\\/2022\\\/01\\\/LOGO-test1.jpg\",\"contentUrl\":\"http:\\\/\\\/academiemixte.com\\\/wp-content\\\/uploads\\\/2022\\\/01\\\/LOGO-test1.jpg\",\"width\":270,\"height\":341,\"caption\":\"Acad\u00e9mie MIXTE\"},\"image\":{\"@id\":\"http:\\\/\\\/academiemixte.com\\\/#\\\/schema\\\/logo\\\/image\\\/\"},\"sameAs\":[\"https:\\\/\\\/www.facebook.com\\\/MIXTEacademie\",\"https:\\\/\\\/x.com\\\/PcProxima\",\"https:\\\/\\\/www.instagram.com\\\/proximacentauribdx\\\/\",\"https:\\\/\\\/www.linkedin.com\\\/in\\\/proximacentauri\\\/\",\"https:\\\/\\\/www.youtube.com\\\/c\\\/proximacentaurimusique\"]}]}<\/script>\n<!-- \/ Yoast SEO plugin. -->","yoast_head_json":{"title":"Martin Matalon &#8226; Acad\u00e9mie MIXTE","robots":{"index":"index","follow":"follow","max-snippet":"max-snippet:-1","max-image-preview":"max-image-preview:large","max-video-preview":"max-video-preview:-1"},"canonical":"http:\/\/academiemixte.com\/fr_fr\/martin-matalon\/","og_locale":"fr_FR","og_type":"article","og_title":"Martin Matalon &#8226; Acad\u00e9mie MIXTE","og_description":"Compositeur N\u00e9 \u00e0 Buenos Aires en 1958, Martin Matalon \u00e9tudie \u00e0 la Juilliard School de New York o\u00f9 il obtient son Master de composition. En &hellip;","og_url":"http:\/\/academiemixte.com\/fr_fr\/martin-matalon\/","og_site_name":"Acad\u00e9mie MIXTE","article_publisher":"https:\/\/www.facebook.com\/MIXTEacademie","article_modified_time":"2024-05-28T14:10:11+00:00","og_image":[{"url":"http:\/\/academiemixte.com\/wp-content\/uploads\/2022\/01\/martin_MATALON-512x300.gif","type":"","width":"","height":""}],"twitter_card":"summary_large_image","twitter_site":"@PcProxima","twitter_misc":{"Dur\u00e9e de lecture estim\u00e9e":"3 minutes"},"schema":{"@context":"https:\/\/schema.org","@graph":[{"@type":"WebPage","@id":"http:\/\/academiemixte.com\/martin-matalon\/","url":"http:\/\/academiemixte.com\/martin-matalon\/","name":"Martin Matalon &#8226; Acad\u00e9mie MIXTE","isPartOf":{"@id":"http:\/\/academiemixte.com\/#website"},"primaryImageOfPage":{"@id":"http:\/\/academiemixte.com\/martin-matalon\/#primaryimage"},"image":{"@id":"http:\/\/academiemixte.com\/martin-matalon\/#primaryimage"},"thumbnailUrl":"http:\/\/academiemixte.com\/wp-content\/uploads\/2022\/01\/martin_MATALON-512x300.gif","datePublished":"2022-01-06T10:31:35+00:00","dateModified":"2024-05-28T14:10:11+00:00","breadcrumb":{"@id":"http:\/\/academiemixte.com\/martin-matalon\/#breadcrumb"},"inLanguage":"fr-FR","potentialAction":[{"@type":"ReadAction","target":["http:\/\/academiemixte.com\/martin-matalon\/"]}]},{"@type":"ImageObject","inLanguage":"fr-FR","@id":"http:\/\/academiemixte.com\/martin-matalon\/#primaryimage","url":"http:\/\/academiemixte.com\/wp-content\/uploads\/2022\/01\/martin_MATALON-512x300.gif","contentUrl":"http:\/\/academiemixte.com\/wp-content\/uploads\/2022\/01\/martin_MATALON-512x300.gif"},{"@type":"BreadcrumbList","@id":"http:\/\/academiemixte.com\/martin-matalon\/#breadcrumb","itemListElement":[{"@type":"ListItem","position":1,"name":"Accueil","item":"http:\/\/academiemixte.com\/"},{"@type":"ListItem","position":2,"name":"Martin Matalon"}]},{"@type":"WebSite","@id":"http:\/\/academiemixte.com\/#website","url":"http:\/\/academiemixte.com\/","name":"Acad\u00e9mie MIXTE","description":"Acad\u00e9mie internationale de cr\u00e9ation musicale","publisher":{"@id":"http:\/\/academiemixte.com\/#organization"},"potentialAction":[{"@type":"SearchAction","target":{"@type":"EntryPoint","urlTemplate":"http:\/\/academiemixte.com\/?s={search_term_string}"},"query-input":{"@type":"PropertyValueSpecification","valueRequired":true,"valueName":"search_term_string"}}],"inLanguage":"fr-FR"},{"@type":"Organization","@id":"http:\/\/academiemixte.com\/#organization","name":"Acad\u00e9mie MIXTE","url":"http:\/\/academiemixte.com\/","logo":{"@type":"ImageObject","inLanguage":"fr-FR","@id":"http:\/\/academiemixte.com\/#\/schema\/logo\/image\/","url":"http:\/\/academiemixte.com\/wp-content\/uploads\/2022\/01\/LOGO-test1.jpg","contentUrl":"http:\/\/academiemixte.com\/wp-content\/uploads\/2022\/01\/LOGO-test1.jpg","width":270,"height":341,"caption":"Acad\u00e9mie MIXTE"},"image":{"@id":"http:\/\/academiemixte.com\/#\/schema\/logo\/image\/"},"sameAs":["https:\/\/www.facebook.com\/MIXTEacademie","https:\/\/x.com\/PcProxima","https:\/\/www.instagram.com\/proximacentauribdx\/","https:\/\/www.linkedin.com\/in\/proximacentauri\/","https:\/\/www.youtube.com\/c\/proximacentaurimusique"]}]}},"_links":{"self":[{"href":"http:\/\/academiemixte.com\/fr_fr\/wp-json\/wp\/v2\/pages\/610","targetHints":{"allow":["GET"]}}],"collection":[{"href":"http:\/\/academiemixte.com\/fr_fr\/wp-json\/wp\/v2\/pages"}],"about":[{"href":"http:\/\/academiemixte.com\/fr_fr\/wp-json\/wp\/v2\/types\/page"}],"author":[{"embeddable":true,"href":"http:\/\/academiemixte.com\/fr_fr\/wp-json\/wp\/v2\/users\/1"}],"replies":[{"embeddable":true,"href":"http:\/\/academiemixte.com\/fr_fr\/wp-json\/wp\/v2\/comments?post=610"}],"version-history":[{"count":24,"href":"http:\/\/academiemixte.com\/fr_fr\/wp-json\/wp\/v2\/pages\/610\/revisions"}],"predecessor-version":[{"id":1752,"href":"http:\/\/academiemixte.com\/fr_fr\/wp-json\/wp\/v2\/pages\/610\/revisions\/1752"}],"wp:attachment":[{"href":"http:\/\/academiemixte.com\/fr_fr\/wp-json\/wp\/v2\/media?parent=610"}],"curies":[{"name":"wp","href":"https:\/\/api.w.org\/{rel}","templated":true}]}}