{"id":688,"date":"2022-01-06T14:47:38","date_gmt":"2022-01-06T14:47:38","guid":{"rendered":"http:\/\/academiemixte.com\/?page_id=688"},"modified":"2024-05-28T14:07:49","modified_gmt":"2024-05-28T14:07:49","slug":"juan-arroyo","status":"publish","type":"page","link":"http:\/\/academiemixte.com\/fr_fr\/juan-arroyo\/","title":{"rendered":"Juan Arroyo"},"content":{"rendered":"\t\t<div data-elementor-type=\"wp-page\" data-elementor-id=\"688\" class=\"elementor elementor-688\">\n\t\t\t\t\t\t<section class=\"elementor-section elementor-top-section elementor-element elementor-element-2c92bc3 elementor-section-boxed elementor-section-height-default elementor-section-height-default\" data-id=\"2c92bc3\" data-element_type=\"section\" data-e-type=\"section\">\n\t\t\t\t\t\t<div class=\"elementor-container elementor-column-gap-default\">\n\t\t\t\t\t<div class=\"elementor-column elementor-col-100 elementor-top-column elementor-element elementor-element-5dc7ce3\" data-id=\"5dc7ce3\" data-element_type=\"column\" data-e-type=\"column\">\n\t\t\t<div class=\"elementor-widget-wrap elementor-element-populated\">\n\t\t\t\t\t\t<div class=\"elementor-element elementor-element-fada551 elementor-widget elementor-widget-image\" data-id=\"fada551\" data-element_type=\"widget\" data-e-type=\"widget\" data-widget_type=\"image.default\">\n\t\t\t\t<div class=\"elementor-widget-container\">\n\t\t\t\t\t\t\t\t\t\t\t\t\t\t\t<img fetchpriority=\"high\" decoding=\"async\" width=\"413\" height=\"300\" src=\"http:\/\/academiemixte.com\/wp-content\/uploads\/2021\/05\/juan-ARROYO_Photo-by-Renzo-Fuentes-Haro-413x300.jpg\" class=\"attachment-bravada-lpbox-2 size-bravada-lpbox-2 wp-image-261\" alt=\"\" \/>\t\t\t\t\t\t\t\t\t\t\t\t\t\t\t<\/div>\n\t\t\t\t<\/div>\n\t\t\t\t\t<\/div>\n\t\t<\/div>\n\t\t\t\t\t<\/div>\n\t\t<\/section>\n\t\t\t\t<section class=\"elementor-section elementor-top-section elementor-element elementor-element-7381806 elementor-section-boxed elementor-section-height-default elementor-section-height-default\" data-id=\"7381806\" data-element_type=\"section\" data-e-type=\"section\">\n\t\t\t\t\t\t<div class=\"elementor-container elementor-column-gap-default\">\n\t\t\t\t\t<div class=\"elementor-column elementor-col-100 elementor-top-column elementor-element elementor-element-db7e867\" data-id=\"db7e867\" data-element_type=\"column\" data-e-type=\"column\">\n\t\t\t<div class=\"elementor-widget-wrap elementor-element-populated\">\n\t\t\t\t\t\t<div class=\"elementor-element elementor-element-fd5f115 elementor-widget elementor-widget-heading\" data-id=\"fd5f115\" data-element_type=\"widget\" data-e-type=\"widget\" data-widget_type=\"heading.default\">\n\t\t\t\t<div class=\"elementor-widget-container\">\n\t\t\t\t\t<h2 class=\"elementor-heading-title elementor-size-default\">Compositeur<\/h2>\t\t\t\t<\/div>\n\t\t\t\t<\/div>\n\t\t\t\t\t<\/div>\n\t\t<\/div>\n\t\t\t\t\t<\/div>\n\t\t<\/section>\n\t\t\t\t<section class=\"elementor-section elementor-top-section elementor-element elementor-element-27cfdce elementor-section-boxed elementor-section-height-default elementor-section-height-default\" data-id=\"27cfdce\" data-element_type=\"section\" data-e-type=\"section\">\n\t\t\t\t\t\t<div class=\"elementor-container elementor-column-gap-default\">\n\t\t\t\t\t<div class=\"elementor-column elementor-col-100 elementor-top-column elementor-element elementor-element-3c67f18\" data-id=\"3c67f18\" data-element_type=\"column\" data-e-type=\"column\">\n\t\t\t<div class=\"elementor-widget-wrap elementor-element-populated\">\n\t\t\t\t\t\t<div class=\"elementor-element elementor-element-a71697f elementor-widget elementor-widget-text-editor\" data-id=\"a71697f\" data-element_type=\"widget\" data-e-type=\"widget\" data-widget_type=\"text-editor.default\">\n\t\t\t\t<div class=\"elementor-widget-container\">\n\t\t\t\t\t\t\t\t\t<p dir=\"ltr\">Compositeur en r\u00e9sidence au Centre Henri Pousseur (2014), IRCAM (2015), membre de l\u2019Acad\u00e9mie de France \u00e0 Madrid-Casa de Velazquez (2016\/17), compositeur en r\u00e9sidence au Centre de cr\u00e9ation musicale Art Zoyd, membre de l\u2019Acad\u00e9mie de France \u00e0 Rome-Villa M\u00e9dicis pour l\u2019ann\u00e9e 2017\/18, il est actuellement compositeur en r\u00e9sidence \u00e0 l\u2019Orchestre National du P\u00e9rou, co-directeur et chef de l\u2019ensemble Regards, co-directeur artistique du Festival Sonomundo, commissaire du festival Exp\u00e9rimenta du Grand Th\u00e9\u00e2tre National du P\u00e9rou, professeur au Conservatoire d\u2019Argenteuil et membre du Conseil Artistique de la Casa de Velasquez.<\/p><p dir=\"ltr\">Juan Arroyo est n\u00e9 \u00e0 Lima, au P\u00e9rou. Il a \u00e9tudi\u00e9 la composition aux Conservatoires de Lima, Bordeaux et au Conservatoire National de Musique et de Danse de Paris. Il approfondit ses connaissances musicales dans des formations comme Voix Nouvelles et l\u2019IRCAM. Il a \u00e9t\u00e9 guid\u00e9 par d\u2019\u00e9minents compositeurs tels qu\u2019Allain Gaussin, Jean-Yves Bosseur, Brian Ferneyhough, Heinz Holliger, Henri Pousseur, Mauricio Kagel, Michael Levinas, Luis Na\u00f3n et Stefano Gervasoni.<\/p><p>Sa musique a \u00e9t\u00e9 r\u00e9compens\u00e9e par de nombreux prix tels que le prix de la Fondation Salabert (2013), le prix de l\u2019Acad\u00e9mie des Beaux-Arts de France (2015) et le Prix de composition Ibermusicas (2022). Il re\u00e7oit des commandes prestigieuses du Minist\u00e8re de la Culture, de Radio France, du Centre Henri Pousseur, de la SACEM, et du Donaueschinguen Musiktage. Ses \u0153uvres sont interpr\u00e9t\u00e9es par d\u2019\u00e9minents musiciens tels que l\u2019Ensemble Intercontemporain, L\u2019Itin\u00e9raire, Linea, LAPS, L\u2019Arsenale, Proxima Centauri, Sonido Extremo, Orquesta Nacional de Per\u00fa, Vertixe Sonora et le Quatuor Tana. Sa musique est jou\u00e9e dans de grands festivals tels que Ars Musica, Pr\u00e9sences, Cervantino, La Chaise-Dieu, Ensems et \u00a1Viva Villa!<\/p><p>Son travail de composition s\u2019articule autour de l\u2019hybridation sonore. En effet, en 2014, il entame une \u00e9tape fondamentale de son travail artistique avec la construction de nouveaux instruments capables de transmuter leur son, les TanaInstruments. Cela lui a permis d\u2019hybrider les indices perceptifs des sons afin de r\u00e9v\u00e9ler la nature \u00e9vocatrice et irrationnelle de leur substance, les rendant parfois \u00e9nigmatiques.<\/p><p>Site internet : <a href=\"https:\/\/juan-arroyo.com\/fr\/\">https:\/\/juan-arroyo.com\/fr\/<\/a><\/p>\t\t\t\t\t\t\t\t<\/div>\n\t\t\t\t<\/div>\n\t\t\t\t\t<\/div>\n\t\t<\/div>\n\t\t\t\t\t<\/div>\n\t\t<\/section>\n\t\t\t\t<\/div>\n\t\t","protected":false},"excerpt":{"rendered":"<p>Compositeur Compositeur en r\u00e9sidence au Centre Henri Pousseur (2014), IRCAM (2015), membre de l\u2019Acad\u00e9mie de France \u00e0 Madrid-Casa de Velazquez (2016\/17), compositeur en r\u00e9sidence au &hellip;<\/p>\n","protected":false},"author":1,"featured_media":0,"parent":0,"menu_order":0,"comment_status":"closed","ping_status":"closed","template":"","meta":{"footnotes":""},"class_list":["post-688","page","type-page","status-publish","hentry"],"yoast_head":"<!-- This site is optimized with the Yoast SEO plugin v27.3 - https:\/\/yoast.com\/product\/yoast-seo-wordpress\/ -->\n<title>Juan Arroyo &#8226; Acad\u00e9mie MIXTE<\/title>\n<meta name=\"robots\" content=\"index, follow, max-snippet:-1, max-image-preview:large, max-video-preview:-1\" \/>\n<link rel=\"canonical\" href=\"http:\/\/academiemixte.com\/fr_fr\/juan-arroyo\/\" \/>\n<meta property=\"og:locale\" content=\"fr_FR\" \/>\n<meta property=\"og:type\" content=\"article\" \/>\n<meta property=\"og:title\" content=\"Juan Arroyo &#8226; Acad\u00e9mie MIXTE\" \/>\n<meta property=\"og:description\" content=\"Compositeur Compositeur en r\u00e9sidence au Centre Henri Pousseur (2014), IRCAM (2015), membre de l\u2019Acad\u00e9mie de France \u00e0 Madrid-Casa de Velazquez (2016\/17), compositeur en r\u00e9sidence au &hellip;\" \/>\n<meta property=\"og:url\" content=\"http:\/\/academiemixte.com\/fr_fr\/juan-arroyo\/\" \/>\n<meta property=\"og:site_name\" content=\"Acad\u00e9mie MIXTE\" \/>\n<meta property=\"article:publisher\" content=\"https:\/\/www.facebook.com\/MIXTEacademie\" \/>\n<meta property=\"article:modified_time\" content=\"2024-05-28T14:07:49+00:00\" \/>\n<meta property=\"og:image\" content=\"http:\/\/academiemixte.com\/wp-content\/uploads\/2021\/05\/juan-ARROYO_Photo-by-Renzo-Fuentes-Haro-413x300.jpg\" \/>\n<meta name=\"twitter:card\" content=\"summary_large_image\" \/>\n<meta name=\"twitter:site\" content=\"@PcProxima\" \/>\n<meta name=\"twitter:label1\" content=\"Dur\u00e9e de lecture estim\u00e9e\" \/>\n\t<meta name=\"twitter:data1\" content=\"2 minutes\" \/>\n<script type=\"application\/ld+json\" class=\"yoast-schema-graph\">{\"@context\":\"https:\\\/\\\/schema.org\",\"@graph\":[{\"@type\":\"WebPage\",\"@id\":\"http:\\\/\\\/academiemixte.com\\\/juan-arroyo\\\/\",\"url\":\"http:\\\/\\\/academiemixte.com\\\/juan-arroyo\\\/\",\"name\":\"Juan Arroyo &#8226; Acad\u00e9mie MIXTE\",\"isPartOf\":{\"@id\":\"http:\\\/\\\/academiemixte.com\\\/#website\"},\"primaryImageOfPage\":{\"@id\":\"http:\\\/\\\/academiemixte.com\\\/juan-arroyo\\\/#primaryimage\"},\"image\":{\"@id\":\"http:\\\/\\\/academiemixte.com\\\/juan-arroyo\\\/#primaryimage\"},\"thumbnailUrl\":\"http:\\\/\\\/academiemixte.com\\\/wp-content\\\/uploads\\\/2021\\\/05\\\/juan-ARROYO_Photo-by-Renzo-Fuentes-Haro-413x300.jpg\",\"datePublished\":\"2022-01-06T14:47:38+00:00\",\"dateModified\":\"2024-05-28T14:07:49+00:00\",\"breadcrumb\":{\"@id\":\"http:\\\/\\\/academiemixte.com\\\/juan-arroyo\\\/#breadcrumb\"},\"inLanguage\":\"fr-FR\",\"potentialAction\":[{\"@type\":\"ReadAction\",\"target\":[\"http:\\\/\\\/academiemixte.com\\\/juan-arroyo\\\/\"]}]},{\"@type\":\"ImageObject\",\"inLanguage\":\"fr-FR\",\"@id\":\"http:\\\/\\\/academiemixte.com\\\/juan-arroyo\\\/#primaryimage\",\"url\":\"http:\\\/\\\/academiemixte.com\\\/wp-content\\\/uploads\\\/2021\\\/05\\\/juan-ARROYO_Photo-by-Renzo-Fuentes-Haro-413x300.jpg\",\"contentUrl\":\"http:\\\/\\\/academiemixte.com\\\/wp-content\\\/uploads\\\/2021\\\/05\\\/juan-ARROYO_Photo-by-Renzo-Fuentes-Haro-413x300.jpg\"},{\"@type\":\"BreadcrumbList\",\"@id\":\"http:\\\/\\\/academiemixte.com\\\/juan-arroyo\\\/#breadcrumb\",\"itemListElement\":[{\"@type\":\"ListItem\",\"position\":1,\"name\":\"Accueil\",\"item\":\"http:\\\/\\\/academiemixte.com\\\/\"},{\"@type\":\"ListItem\",\"position\":2,\"name\":\"Juan Arroyo\"}]},{\"@type\":\"WebSite\",\"@id\":\"http:\\\/\\\/academiemixte.com\\\/#website\",\"url\":\"http:\\\/\\\/academiemixte.com\\\/\",\"name\":\"Acad\u00e9mie MIXTE\",\"description\":\"Acad\u00e9mie internationale de cr\u00e9ation musicale\",\"publisher\":{\"@id\":\"http:\\\/\\\/academiemixte.com\\\/#organization\"},\"potentialAction\":[{\"@type\":\"SearchAction\",\"target\":{\"@type\":\"EntryPoint\",\"urlTemplate\":\"http:\\\/\\\/academiemixte.com\\\/?s={search_term_string}\"},\"query-input\":{\"@type\":\"PropertyValueSpecification\",\"valueRequired\":true,\"valueName\":\"search_term_string\"}}],\"inLanguage\":\"fr-FR\"},{\"@type\":\"Organization\",\"@id\":\"http:\\\/\\\/academiemixte.com\\\/#organization\",\"name\":\"Acad\u00e9mie MIXTE\",\"url\":\"http:\\\/\\\/academiemixte.com\\\/\",\"logo\":{\"@type\":\"ImageObject\",\"inLanguage\":\"fr-FR\",\"@id\":\"http:\\\/\\\/academiemixte.com\\\/#\\\/schema\\\/logo\\\/image\\\/\",\"url\":\"http:\\\/\\\/academiemixte.com\\\/wp-content\\\/uploads\\\/2022\\\/01\\\/LOGO-test1.jpg\",\"contentUrl\":\"http:\\\/\\\/academiemixte.com\\\/wp-content\\\/uploads\\\/2022\\\/01\\\/LOGO-test1.jpg\",\"width\":270,\"height\":341,\"caption\":\"Acad\u00e9mie MIXTE\"},\"image\":{\"@id\":\"http:\\\/\\\/academiemixte.com\\\/#\\\/schema\\\/logo\\\/image\\\/\"},\"sameAs\":[\"https:\\\/\\\/www.facebook.com\\\/MIXTEacademie\",\"https:\\\/\\\/x.com\\\/PcProxima\",\"https:\\\/\\\/www.instagram.com\\\/proximacentauribdx\\\/\",\"https:\\\/\\\/www.linkedin.com\\\/in\\\/proximacentauri\\\/\",\"https:\\\/\\\/www.youtube.com\\\/c\\\/proximacentaurimusique\"]}]}<\/script>\n<!-- \/ Yoast SEO plugin. -->","yoast_head_json":{"title":"Juan Arroyo &#8226; Acad\u00e9mie MIXTE","robots":{"index":"index","follow":"follow","max-snippet":"max-snippet:-1","max-image-preview":"max-image-preview:large","max-video-preview":"max-video-preview:-1"},"canonical":"http:\/\/academiemixte.com\/fr_fr\/juan-arroyo\/","og_locale":"fr_FR","og_type":"article","og_title":"Juan Arroyo &#8226; Acad\u00e9mie MIXTE","og_description":"Compositeur Compositeur en r\u00e9sidence au Centre Henri Pousseur (2014), IRCAM (2015), membre de l\u2019Acad\u00e9mie de France \u00e0 Madrid-Casa de Velazquez (2016\/17), compositeur en r\u00e9sidence au &hellip;","og_url":"http:\/\/academiemixte.com\/fr_fr\/juan-arroyo\/","og_site_name":"Acad\u00e9mie MIXTE","article_publisher":"https:\/\/www.facebook.com\/MIXTEacademie","article_modified_time":"2024-05-28T14:07:49+00:00","og_image":[{"url":"http:\/\/academiemixte.com\/wp-content\/uploads\/2021\/05\/juan-ARROYO_Photo-by-Renzo-Fuentes-Haro-413x300.jpg","type":"","width":"","height":""}],"twitter_card":"summary_large_image","twitter_site":"@PcProxima","twitter_misc":{"Dur\u00e9e de lecture estim\u00e9e":"2 minutes"},"schema":{"@context":"https:\/\/schema.org","@graph":[{"@type":"WebPage","@id":"http:\/\/academiemixte.com\/juan-arroyo\/","url":"http:\/\/academiemixte.com\/juan-arroyo\/","name":"Juan Arroyo &#8226; Acad\u00e9mie MIXTE","isPartOf":{"@id":"http:\/\/academiemixte.com\/#website"},"primaryImageOfPage":{"@id":"http:\/\/academiemixte.com\/juan-arroyo\/#primaryimage"},"image":{"@id":"http:\/\/academiemixte.com\/juan-arroyo\/#primaryimage"},"thumbnailUrl":"http:\/\/academiemixte.com\/wp-content\/uploads\/2021\/05\/juan-ARROYO_Photo-by-Renzo-Fuentes-Haro-413x300.jpg","datePublished":"2022-01-06T14:47:38+00:00","dateModified":"2024-05-28T14:07:49+00:00","breadcrumb":{"@id":"http:\/\/academiemixte.com\/juan-arroyo\/#breadcrumb"},"inLanguage":"fr-FR","potentialAction":[{"@type":"ReadAction","target":["http:\/\/academiemixte.com\/juan-arroyo\/"]}]},{"@type":"ImageObject","inLanguage":"fr-FR","@id":"http:\/\/academiemixte.com\/juan-arroyo\/#primaryimage","url":"http:\/\/academiemixte.com\/wp-content\/uploads\/2021\/05\/juan-ARROYO_Photo-by-Renzo-Fuentes-Haro-413x300.jpg","contentUrl":"http:\/\/academiemixte.com\/wp-content\/uploads\/2021\/05\/juan-ARROYO_Photo-by-Renzo-Fuentes-Haro-413x300.jpg"},{"@type":"BreadcrumbList","@id":"http:\/\/academiemixte.com\/juan-arroyo\/#breadcrumb","itemListElement":[{"@type":"ListItem","position":1,"name":"Accueil","item":"http:\/\/academiemixte.com\/"},{"@type":"ListItem","position":2,"name":"Juan Arroyo"}]},{"@type":"WebSite","@id":"http:\/\/academiemixte.com\/#website","url":"http:\/\/academiemixte.com\/","name":"Acad\u00e9mie MIXTE","description":"Acad\u00e9mie internationale de cr\u00e9ation musicale","publisher":{"@id":"http:\/\/academiemixte.com\/#organization"},"potentialAction":[{"@type":"SearchAction","target":{"@type":"EntryPoint","urlTemplate":"http:\/\/academiemixte.com\/?s={search_term_string}"},"query-input":{"@type":"PropertyValueSpecification","valueRequired":true,"valueName":"search_term_string"}}],"inLanguage":"fr-FR"},{"@type":"Organization","@id":"http:\/\/academiemixte.com\/#organization","name":"Acad\u00e9mie MIXTE","url":"http:\/\/academiemixte.com\/","logo":{"@type":"ImageObject","inLanguage":"fr-FR","@id":"http:\/\/academiemixte.com\/#\/schema\/logo\/image\/","url":"http:\/\/academiemixte.com\/wp-content\/uploads\/2022\/01\/LOGO-test1.jpg","contentUrl":"http:\/\/academiemixte.com\/wp-content\/uploads\/2022\/01\/LOGO-test1.jpg","width":270,"height":341,"caption":"Acad\u00e9mie MIXTE"},"image":{"@id":"http:\/\/academiemixte.com\/#\/schema\/logo\/image\/"},"sameAs":["https:\/\/www.facebook.com\/MIXTEacademie","https:\/\/x.com\/PcProxima","https:\/\/www.instagram.com\/proximacentauribdx\/","https:\/\/www.linkedin.com\/in\/proximacentauri\/","https:\/\/www.youtube.com\/c\/proximacentaurimusique"]}]}},"_links":{"self":[{"href":"http:\/\/academiemixte.com\/fr_fr\/wp-json\/wp\/v2\/pages\/688","targetHints":{"allow":["GET"]}}],"collection":[{"href":"http:\/\/academiemixte.com\/fr_fr\/wp-json\/wp\/v2\/pages"}],"about":[{"href":"http:\/\/academiemixte.com\/fr_fr\/wp-json\/wp\/v2\/types\/page"}],"author":[{"embeddable":true,"href":"http:\/\/academiemixte.com\/fr_fr\/wp-json\/wp\/v2\/users\/1"}],"replies":[{"embeddable":true,"href":"http:\/\/academiemixte.com\/fr_fr\/wp-json\/wp\/v2\/comments?post=688"}],"version-history":[{"count":13,"href":"http:\/\/academiemixte.com\/fr_fr\/wp-json\/wp\/v2\/pages\/688\/revisions"}],"predecessor-version":[{"id":1746,"href":"http:\/\/academiemixte.com\/fr_fr\/wp-json\/wp\/v2\/pages\/688\/revisions\/1746"}],"wp:attachment":[{"href":"http:\/\/academiemixte.com\/fr_fr\/wp-json\/wp\/v2\/media?parent=688"}],"curies":[{"name":"wp","href":"https:\/\/api.w.org\/{rel}","templated":true}]}}