{"id":728,"date":"2022-01-07T09:08:21","date_gmt":"2022-01-07T09:08:21","guid":{"rendered":"http:\/\/academiemixte.com\/?page_id=728"},"modified":"2024-02-16T10:41:34","modified_gmt":"2024-02-16T10:41:34","slug":"christophe-havel-2","status":"publish","type":"page","link":"http:\/\/academiemixte.com\/fr_fr\/christophe-havel-2\/","title":{"rendered":"Christophe Havel"},"content":{"rendered":"\t\t<div data-elementor-type=\"wp-page\" data-elementor-id=\"728\" class=\"elementor elementor-728\">\n\t\t\t\t\t\t<section class=\"elementor-section elementor-top-section elementor-element elementor-element-cc6906c elementor-section-boxed elementor-section-height-default elementor-section-height-default\" data-id=\"cc6906c\" data-element_type=\"section\" data-e-type=\"section\">\n\t\t\t\t\t\t<div class=\"elementor-container elementor-column-gap-default\">\n\t\t\t\t\t<div class=\"elementor-column elementor-col-100 elementor-top-column elementor-element elementor-element-e4c1776\" data-id=\"e4c1776\" data-element_type=\"column\" data-e-type=\"column\">\n\t\t\t<div class=\"elementor-widget-wrap elementor-element-populated\">\n\t\t\t\t\t\t<div class=\"elementor-element elementor-element-26b159f elementor-widget elementor-widget-image\" data-id=\"26b159f\" data-element_type=\"widget\" data-e-type=\"widget\" data-widget_type=\"image.default\">\n\t\t\t\t<div class=\"elementor-widget-container\">\n\t\t\t\t\t\t\t\t\t\t\t\t\t\t\t<img fetchpriority=\"high\" decoding=\"async\" width=\"413\" height=\"300\" src=\"http:\/\/academiemixte.com\/wp-content\/uploads\/2021\/05\/Christophe-HAVEL-413x300.jpg\" class=\"attachment-bravada-lpbox-2 size-bravada-lpbox-2 wp-image-107\" alt=\"\" \/>\t\t\t\t\t\t\t\t\t\t\t\t\t\t\t<\/div>\n\t\t\t\t<\/div>\n\t\t\t\t\t<\/div>\n\t\t<\/div>\n\t\t\t\t\t<\/div>\n\t\t<\/section>\n\t\t\t\t<section class=\"elementor-section elementor-top-section elementor-element elementor-element-48f0a69 elementor-section-boxed elementor-section-height-default elementor-section-height-default\" data-id=\"48f0a69\" data-element_type=\"section\" data-e-type=\"section\">\n\t\t\t\t\t\t<div class=\"elementor-container elementor-column-gap-default\">\n\t\t\t\t\t<div class=\"elementor-column elementor-col-100 elementor-top-column elementor-element elementor-element-c96cd88\" data-id=\"c96cd88\" data-element_type=\"column\" data-e-type=\"column\">\n\t\t\t<div class=\"elementor-widget-wrap elementor-element-populated\">\n\t\t\t\t\t\t<div class=\"elementor-element elementor-element-f049e52 elementor-widget elementor-widget-heading\" data-id=\"f049e52\" data-element_type=\"widget\" data-e-type=\"widget\" data-widget_type=\"heading.default\">\n\t\t\t\t<div class=\"elementor-widget-container\">\n\t\t\t\t\t<h2 class=\"elementor-heading-title elementor-size-default\">Compositeur, r\u00e9alisation \u00e9lectroacoustique<\/h2>\t\t\t\t<\/div>\n\t\t\t\t<\/div>\n\t\t\t\t\t<\/div>\n\t\t<\/div>\n\t\t\t\t\t<\/div>\n\t\t<\/section>\n\t\t\t\t<section class=\"elementor-section elementor-top-section elementor-element elementor-element-c67ff18 elementor-section-boxed elementor-section-height-default elementor-section-height-default\" data-id=\"c67ff18\" data-element_type=\"section\" data-e-type=\"section\">\n\t\t\t\t\t\t<div class=\"elementor-container elementor-column-gap-default\">\n\t\t\t\t\t<div class=\"elementor-column elementor-col-100 elementor-top-column elementor-element elementor-element-e28545a\" data-id=\"e28545a\" data-element_type=\"column\" data-e-type=\"column\">\n\t\t\t<div class=\"elementor-widget-wrap elementor-element-populated\">\n\t\t\t\t\t\t<div class=\"elementor-element elementor-element-a19916b elementor-widget elementor-widget-text-editor\" data-id=\"a19916b\" data-element_type=\"widget\" data-e-type=\"widget\" data-widget_type=\"text-editor.default\">\n\t\t\t\t<div class=\"elementor-widget-container\">\n\t\t\t\t\t\t\t\t\t<p>Apr\u00e8s des \u00e9tudes scientifiques et musicales \u00e0 Paris et \u00e0 Bordeaux, Christophe Havel choisit de s&rsquo;installer \u00e0 Bordeaux o\u00f9 il participe activement \u00e0 la vie musicale, en particulier avec l\u2019association Proxima Centauri dont il est membre fondateur et co-directeur artistique, et avec le Scrime (Studio de Cr\u00e9ation et de Recherche en Informatique et en Musique Electroacoustique) dont il fut directeur artistique de 2011 \u00e0 2013. De 1991 \u00e0 2021 il y enseigne la composition \u00e9lectroacoustique au Conservatoire \u00e0 Rayonnement R\u00e9gional.<\/p><p>Dans ses premi\u00e8res \u0153uvres instrumentales : Oxyton (1991), Omotesis (1991), RamDam (1992), son \u00e9criture tr\u00e8s expressive refl\u00e8te la marque de l\u2019exp\u00e9rience \u00e9lectroacoustique aussi bien dans le travail de la mati\u00e8re sonore &#8211; en particulier dans le d\u00e9tail de l\u2019\u00e9criture morphologique &#8211; que par l\u2019utilisation des technologies nouvelles aux diff\u00e9rents stades de l\u2019\u00e9laboration de l\u2019\u0153uvre. Son \u0153uvre associe alors tr\u00e8s souvent un dispositif instrumental \u00e0 un dispositif \u00e9lectroacoustique agissant en direct, comme dans S (1994) qui obtint le 1er prix au 6\u00e8me concours de composition \u00e9lectroacoustique de Braunschweig en 1995.<\/p><p>En r\u00e9action au caract\u00e8re tr\u00e8s expressif de ses premi\u00e8res \u0153uvres, il oriente son travail vers la composition de structures dynamiques o\u00f9 les mat\u00e9riaux harmonique et rythmique jouent un r\u00f4le pr\u00e9pond\u00e9rant et participent activement \u00e0 la dynamique formelle, ce qui conf\u00e8re aux \u0153uvres de cette p\u00e9riode : IT ! (1998), \u00c6R [la danse] (1994), cinetic (2000), un caract\u00e8re tr\u00e8s plastique. Plus r\u00e9cemment sa d\u00e9marche s\u2019est focalis\u00e9e sur l\u2019utilisation d\u2019une grammaire gestuelle permettant d\u2019appr\u00e9hender le ph\u00e9nom\u00e8ne sonore dans sa globalit\u00e9 : Dissidences (2008-13), Eden (2009), XX (2010), XY (2010), que ce soit dans une situation instrumentale ou \u00e9lectronique.<\/p><p>Dans sa s\u00e9rie des m\u00e9tamorphoses, amorc\u00e9e en 2000, il d\u00e9veloppe une \u00e9criture mettant en relation l\u2019instrumentiste et l\u2019ordinateur dans des structures ouvertes utilisant essentiellement des sonorit\u00e9s synth\u00e9tiques. Dans cette perspective, il est l\u2019initiateur d\u2019une recherche au Scrime sur la captation du geste du percussionniste. En 2004 il est nomm\u00e9 chercheur associ\u00e9 au LaBRI (Laboratoire Bordelais de Recherche en Informatique).<\/p><p>Sa carri\u00e8re de compositeur et de musicien \u00e9lectroacousticien s\u2019accompagne de diverses exp\u00e9riences p\u00e9dagogiques. Ainsi, de 1994 \u00e0 1998 il enseigne les esth\u00e9tiques musicales contemporaines au Cefedem et de 1999 \u00e0 2004 il est charg\u00e9 de cours en acoustique musicale \u00e0 l\u2019Universit\u00e9 de Musicologie de Bordeaux III puis, de 2004 \u00e0 2011, il rejoint l\u2019\u00e9quipe professorale de Musikene, l\u2019Ecole Sup\u00e9rieure de Musique du Pays Basque \u00e0 San Sebastian. En 2003 il est nomm\u00e9 professeur de composition \u00e0 l\u2019Ecole Sup\u00e9rieure de Musique de Catalogne \u00e0 Barcelone (esmuc) o\u00f9 il enseigna jusqu\u2019en 2023.<\/p>\t\t\t\t\t\t\t\t<\/div>\n\t\t\t\t<\/div>\n\t\t\t\t\t<\/div>\n\t\t<\/div>\n\t\t\t\t\t<\/div>\n\t\t<\/section>\n\t\t\t\t<\/div>\n\t\t","protected":false},"excerpt":{"rendered":"<p>Compositeur, r\u00e9alisation \u00e9lectroacoustique Apr\u00e8s des \u00e9tudes scientifiques et musicales \u00e0 Paris et \u00e0 Bordeaux, Christophe Havel choisit de s&rsquo;installer \u00e0 Bordeaux o\u00f9 il participe activement &hellip;<\/p>\n","protected":false},"author":1,"featured_media":0,"parent":0,"menu_order":0,"comment_status":"closed","ping_status":"closed","template":"","meta":{"footnotes":""},"class_list":["post-728","page","type-page","status-publish","hentry"],"yoast_head":"<!-- This site is optimized with the Yoast SEO plugin v27.3 - https:\/\/yoast.com\/product\/yoast-seo-wordpress\/ -->\n<title>Christophe Havel &#8226; Acad\u00e9mie MIXTE<\/title>\n<meta name=\"robots\" content=\"index, follow, max-snippet:-1, max-image-preview:large, max-video-preview:-1\" \/>\n<link rel=\"canonical\" href=\"http:\/\/academiemixte.com\/fr_fr\/christophe-havel-2\/\" \/>\n<meta property=\"og:locale\" content=\"fr_FR\" \/>\n<meta property=\"og:type\" content=\"article\" \/>\n<meta property=\"og:title\" content=\"Christophe Havel &#8226; Acad\u00e9mie MIXTE\" \/>\n<meta property=\"og:description\" content=\"Compositeur, r\u00e9alisation \u00e9lectroacoustique Apr\u00e8s des \u00e9tudes scientifiques et musicales \u00e0 Paris et \u00e0 Bordeaux, Christophe Havel choisit de s&rsquo;installer \u00e0 Bordeaux o\u00f9 il participe activement &hellip;\" \/>\n<meta property=\"og:url\" content=\"http:\/\/academiemixte.com\/fr_fr\/christophe-havel-2\/\" \/>\n<meta property=\"og:site_name\" content=\"Acad\u00e9mie MIXTE\" \/>\n<meta property=\"article:publisher\" content=\"https:\/\/www.facebook.com\/MIXTEacademie\" \/>\n<meta property=\"article:modified_time\" content=\"2024-02-16T10:41:34+00:00\" \/>\n<meta property=\"og:image\" content=\"http:\/\/academiemixte.com\/wp-content\/uploads\/2021\/05\/Christophe-HAVEL-413x300.jpg\" \/>\n<meta name=\"twitter:card\" content=\"summary_large_image\" \/>\n<meta name=\"twitter:site\" content=\"@PcProxima\" \/>\n<meta name=\"twitter:label1\" content=\"Dur\u00e9e de lecture estim\u00e9e\" \/>\n\t<meta name=\"twitter:data1\" content=\"3 minutes\" \/>\n<script type=\"application\/ld+json\" class=\"yoast-schema-graph\">{\"@context\":\"https:\\\/\\\/schema.org\",\"@graph\":[{\"@type\":\"WebPage\",\"@id\":\"http:\\\/\\\/academiemixte.com\\\/christophe-havel-2\\\/\",\"url\":\"http:\\\/\\\/academiemixte.com\\\/christophe-havel-2\\\/\",\"name\":\"Christophe Havel &#8226; Acad\u00e9mie MIXTE\",\"isPartOf\":{\"@id\":\"http:\\\/\\\/academiemixte.com\\\/#website\"},\"primaryImageOfPage\":{\"@id\":\"http:\\\/\\\/academiemixte.com\\\/christophe-havel-2\\\/#primaryimage\"},\"image\":{\"@id\":\"http:\\\/\\\/academiemixte.com\\\/christophe-havel-2\\\/#primaryimage\"},\"thumbnailUrl\":\"http:\\\/\\\/academiemixte.com\\\/wp-content\\\/uploads\\\/2021\\\/05\\\/Christophe-HAVEL-413x300.jpg\",\"datePublished\":\"2022-01-07T09:08:21+00:00\",\"dateModified\":\"2024-02-16T10:41:34+00:00\",\"breadcrumb\":{\"@id\":\"http:\\\/\\\/academiemixte.com\\\/christophe-havel-2\\\/#breadcrumb\"},\"inLanguage\":\"fr-FR\",\"potentialAction\":[{\"@type\":\"ReadAction\",\"target\":[\"http:\\\/\\\/academiemixte.com\\\/christophe-havel-2\\\/\"]}]},{\"@type\":\"ImageObject\",\"inLanguage\":\"fr-FR\",\"@id\":\"http:\\\/\\\/academiemixte.com\\\/christophe-havel-2\\\/#primaryimage\",\"url\":\"http:\\\/\\\/academiemixte.com\\\/wp-content\\\/uploads\\\/2021\\\/05\\\/Christophe-HAVEL-413x300.jpg\",\"contentUrl\":\"http:\\\/\\\/academiemixte.com\\\/wp-content\\\/uploads\\\/2021\\\/05\\\/Christophe-HAVEL-413x300.jpg\"},{\"@type\":\"BreadcrumbList\",\"@id\":\"http:\\\/\\\/academiemixte.com\\\/christophe-havel-2\\\/#breadcrumb\",\"itemListElement\":[{\"@type\":\"ListItem\",\"position\":1,\"name\":\"Accueil\",\"item\":\"http:\\\/\\\/academiemixte.com\\\/\"},{\"@type\":\"ListItem\",\"position\":2,\"name\":\"Christophe Havel\"}]},{\"@type\":\"WebSite\",\"@id\":\"http:\\\/\\\/academiemixte.com\\\/#website\",\"url\":\"http:\\\/\\\/academiemixte.com\\\/\",\"name\":\"Acad\u00e9mie MIXTE\",\"description\":\"Acad\u00e9mie internationale de cr\u00e9ation musicale\",\"publisher\":{\"@id\":\"http:\\\/\\\/academiemixte.com\\\/#organization\"},\"potentialAction\":[{\"@type\":\"SearchAction\",\"target\":{\"@type\":\"EntryPoint\",\"urlTemplate\":\"http:\\\/\\\/academiemixte.com\\\/?s={search_term_string}\"},\"query-input\":{\"@type\":\"PropertyValueSpecification\",\"valueRequired\":true,\"valueName\":\"search_term_string\"}}],\"inLanguage\":\"fr-FR\"},{\"@type\":\"Organization\",\"@id\":\"http:\\\/\\\/academiemixte.com\\\/#organization\",\"name\":\"Acad\u00e9mie MIXTE\",\"url\":\"http:\\\/\\\/academiemixte.com\\\/\",\"logo\":{\"@type\":\"ImageObject\",\"inLanguage\":\"fr-FR\",\"@id\":\"http:\\\/\\\/academiemixte.com\\\/#\\\/schema\\\/logo\\\/image\\\/\",\"url\":\"http:\\\/\\\/academiemixte.com\\\/wp-content\\\/uploads\\\/2022\\\/01\\\/LOGO-test1.jpg\",\"contentUrl\":\"http:\\\/\\\/academiemixte.com\\\/wp-content\\\/uploads\\\/2022\\\/01\\\/LOGO-test1.jpg\",\"width\":270,\"height\":341,\"caption\":\"Acad\u00e9mie MIXTE\"},\"image\":{\"@id\":\"http:\\\/\\\/academiemixte.com\\\/#\\\/schema\\\/logo\\\/image\\\/\"},\"sameAs\":[\"https:\\\/\\\/www.facebook.com\\\/MIXTEacademie\",\"https:\\\/\\\/x.com\\\/PcProxima\",\"https:\\\/\\\/www.instagram.com\\\/proximacentauribdx\\\/\",\"https:\\\/\\\/www.linkedin.com\\\/in\\\/proximacentauri\\\/\",\"https:\\\/\\\/www.youtube.com\\\/c\\\/proximacentaurimusique\"]}]}<\/script>\n<!-- \/ Yoast SEO plugin. -->","yoast_head_json":{"title":"Christophe Havel &#8226; Acad\u00e9mie MIXTE","robots":{"index":"index","follow":"follow","max-snippet":"max-snippet:-1","max-image-preview":"max-image-preview:large","max-video-preview":"max-video-preview:-1"},"canonical":"http:\/\/academiemixte.com\/fr_fr\/christophe-havel-2\/","og_locale":"fr_FR","og_type":"article","og_title":"Christophe Havel &#8226; Acad\u00e9mie MIXTE","og_description":"Compositeur, r\u00e9alisation \u00e9lectroacoustique Apr\u00e8s des \u00e9tudes scientifiques et musicales \u00e0 Paris et \u00e0 Bordeaux, Christophe Havel choisit de s&rsquo;installer \u00e0 Bordeaux o\u00f9 il participe activement &hellip;","og_url":"http:\/\/academiemixte.com\/fr_fr\/christophe-havel-2\/","og_site_name":"Acad\u00e9mie MIXTE","article_publisher":"https:\/\/www.facebook.com\/MIXTEacademie","article_modified_time":"2024-02-16T10:41:34+00:00","og_image":[{"url":"http:\/\/academiemixte.com\/wp-content\/uploads\/2021\/05\/Christophe-HAVEL-413x300.jpg","type":"","width":"","height":""}],"twitter_card":"summary_large_image","twitter_site":"@PcProxima","twitter_misc":{"Dur\u00e9e de lecture estim\u00e9e":"3 minutes"},"schema":{"@context":"https:\/\/schema.org","@graph":[{"@type":"WebPage","@id":"http:\/\/academiemixte.com\/christophe-havel-2\/","url":"http:\/\/academiemixte.com\/christophe-havel-2\/","name":"Christophe Havel &#8226; Acad\u00e9mie MIXTE","isPartOf":{"@id":"http:\/\/academiemixte.com\/#website"},"primaryImageOfPage":{"@id":"http:\/\/academiemixte.com\/christophe-havel-2\/#primaryimage"},"image":{"@id":"http:\/\/academiemixte.com\/christophe-havel-2\/#primaryimage"},"thumbnailUrl":"http:\/\/academiemixte.com\/wp-content\/uploads\/2021\/05\/Christophe-HAVEL-413x300.jpg","datePublished":"2022-01-07T09:08:21+00:00","dateModified":"2024-02-16T10:41:34+00:00","breadcrumb":{"@id":"http:\/\/academiemixte.com\/christophe-havel-2\/#breadcrumb"},"inLanguage":"fr-FR","potentialAction":[{"@type":"ReadAction","target":["http:\/\/academiemixte.com\/christophe-havel-2\/"]}]},{"@type":"ImageObject","inLanguage":"fr-FR","@id":"http:\/\/academiemixte.com\/christophe-havel-2\/#primaryimage","url":"http:\/\/academiemixte.com\/wp-content\/uploads\/2021\/05\/Christophe-HAVEL-413x300.jpg","contentUrl":"http:\/\/academiemixte.com\/wp-content\/uploads\/2021\/05\/Christophe-HAVEL-413x300.jpg"},{"@type":"BreadcrumbList","@id":"http:\/\/academiemixte.com\/christophe-havel-2\/#breadcrumb","itemListElement":[{"@type":"ListItem","position":1,"name":"Accueil","item":"http:\/\/academiemixte.com\/"},{"@type":"ListItem","position":2,"name":"Christophe Havel"}]},{"@type":"WebSite","@id":"http:\/\/academiemixte.com\/#website","url":"http:\/\/academiemixte.com\/","name":"Acad\u00e9mie MIXTE","description":"Acad\u00e9mie internationale de cr\u00e9ation musicale","publisher":{"@id":"http:\/\/academiemixte.com\/#organization"},"potentialAction":[{"@type":"SearchAction","target":{"@type":"EntryPoint","urlTemplate":"http:\/\/academiemixte.com\/?s={search_term_string}"},"query-input":{"@type":"PropertyValueSpecification","valueRequired":true,"valueName":"search_term_string"}}],"inLanguage":"fr-FR"},{"@type":"Organization","@id":"http:\/\/academiemixte.com\/#organization","name":"Acad\u00e9mie MIXTE","url":"http:\/\/academiemixte.com\/","logo":{"@type":"ImageObject","inLanguage":"fr-FR","@id":"http:\/\/academiemixte.com\/#\/schema\/logo\/image\/","url":"http:\/\/academiemixte.com\/wp-content\/uploads\/2022\/01\/LOGO-test1.jpg","contentUrl":"http:\/\/academiemixte.com\/wp-content\/uploads\/2022\/01\/LOGO-test1.jpg","width":270,"height":341,"caption":"Acad\u00e9mie MIXTE"},"image":{"@id":"http:\/\/academiemixte.com\/#\/schema\/logo\/image\/"},"sameAs":["https:\/\/www.facebook.com\/MIXTEacademie","https:\/\/x.com\/PcProxima","https:\/\/www.instagram.com\/proximacentauribdx\/","https:\/\/www.linkedin.com\/in\/proximacentauri\/","https:\/\/www.youtube.com\/c\/proximacentaurimusique"]}]}},"_links":{"self":[{"href":"http:\/\/academiemixte.com\/fr_fr\/wp-json\/wp\/v2\/pages\/728","targetHints":{"allow":["GET"]}}],"collection":[{"href":"http:\/\/academiemixte.com\/fr_fr\/wp-json\/wp\/v2\/pages"}],"about":[{"href":"http:\/\/academiemixte.com\/fr_fr\/wp-json\/wp\/v2\/types\/page"}],"author":[{"embeddable":true,"href":"http:\/\/academiemixte.com\/fr_fr\/wp-json\/wp\/v2\/users\/1"}],"replies":[{"embeddable":true,"href":"http:\/\/academiemixte.com\/fr_fr\/wp-json\/wp\/v2\/comments?post=728"}],"version-history":[{"count":19,"href":"http:\/\/academiemixte.com\/fr_fr\/wp-json\/wp\/v2\/pages\/728\/revisions"}],"predecessor-version":[{"id":1502,"href":"http:\/\/academiemixte.com\/fr_fr\/wp-json\/wp\/v2\/pages\/728\/revisions\/1502"}],"wp:attachment":[{"href":"http:\/\/academiemixte.com\/fr_fr\/wp-json\/wp\/v2\/media?parent=728"}],"curies":[{"name":"wp","href":"https:\/\/api.w.org\/{rel}","templated":true}]}}